{"id":40,"date":"2021-05-27T22:58:20","date_gmt":"2021-05-28T01:58:20","guid":{"rendered":"https:\/\/wp.ufpel.edu.br\/sigwebherval\/?page_id=40"},"modified":"2022-11-29T16:17:26","modified_gmt":"2022-11-29T19:17:26","slug":"sobrevoo","status":"publish","type":"page","link":"https:\/\/wp.ufpel.edu.br\/sigwebherval\/sobrevoo\/","title":{"rendered":"Apresenta\u00e7\u00e3o"},"content":{"rendered":"<p style=\"text-align: justify;\"><span style=\"font-family: 'times new roman', times, serif;\">O SIG Herval disponibiliza dados espaciais sobre a Sede Urbana de Herval e sobre a Vila Bas\u00edlio, no interior do Munic\u00edpio. Os mapas prov\u00eam de dados indiretos dispon\u00edveis gratuitamente na internet, da arquivos da Prefeitura e de levantamentos diretos realizados pelos alunos da disciplina de Planejamento Urbano, na gradua\u00e7\u00e3o em Arquitetura e Urbanismo da UFPel. Neste site aparecem layouts em PDF e visualiza\u00e7\u00f5es em HTML, geradas dentro do software de geoprocesamento (QGis). Arquivos edit\u00e1veis em SHP pode ser solicitados ao professor\u00a0Maur\u00edcio Polidori, atrav\u00e9s de mauricio.polidori@gmail.com.<\/span><\/p>\n<p><img loading=\"lazy\" decoding=\"async\" class=\"aligncenter size-full wp-image-75\" src=\"https:\/\/wp.ufpel.edu.br\/sigwebherval\/files\/2021\/05\/imgHerval-scaled.jpg\" alt=\"\" width=\"2030\" height=\"2560\" srcset=\"https:\/\/wp.ufpel.edu.br\/sigwebherval\/files\/2021\/05\/imgHerval-scaled.jpg 2030w, https:\/\/wp.ufpel.edu.br\/sigwebherval\/files\/2021\/05\/imgHerval-317x400.jpg 317w, https:\/\/wp.ufpel.edu.br\/sigwebherval\/files\/2021\/05\/imgHerval-812x1024.jpg 812w, https:\/\/wp.ufpel.edu.br\/sigwebherval\/files\/2021\/05\/imgHerval-768x969.jpg 768w, https:\/\/wp.ufpel.edu.br\/sigwebherval\/files\/2021\/05\/imgHerval-1218x1536.jpg 1218w, https:\/\/wp.ufpel.edu.br\/sigwebherval\/files\/2021\/05\/imgHerval-1624x2048.jpg 1624w, https:\/\/wp.ufpel.edu.br\/sigwebherval\/files\/2021\/05\/imgHerval-600x757.jpg 600w, https:\/\/wp.ufpel.edu.br\/sigwebherval\/files\/2021\/05\/imgHerval-945x1192.jpg 945w\" sizes=\"auto, (max-width: 2030px) 100vw, 2030px\" \/><\/p>\n","protected":false},"excerpt":{"rendered":"<p>O SIG Herval disponibiliza dados espaciais sobre a Sede Urbana de Herval e sobre a Vila Bas\u00edlio, no interior do Munic\u00edpio. Os mapas prov\u00eam de dados indiretos dispon\u00edveis gratuitamente na internet, da arquivos da Prefeitura e de levantamentos diretos realizados pelos alunos da disciplina de Planejamento Urbano, na gradua\u00e7\u00e3o em Arquitetura e Urbanismo da UFPel&#8230;. <\/p>\n<div class=\"link-more\"><a href=\"https:\/\/wp.ufpel.edu.br\/sigwebherval\/sobrevoo\/\">Leia mais<\/a><\/div>\n","protected":false},"author":420,"featured_media":0,"parent":0,"menu_order":0,"comment_status":"closed","ping_status":"closed","template":"","meta":{"footnotes":""},"class_list":["post-40","page","type-page","status-publish","hentry"],"_links":{"self":[{"href":"https:\/\/wp.ufpel.edu.br\/sigwebherval\/wp-json\/wp\/v2\/pages\/40","targetHints":{"allow":["GET"]}}],"collection":[{"href":"https:\/\/wp.ufpel.edu.br\/sigwebherval\/wp-json\/wp\/v2\/pages"}],"about":[{"href":"https:\/\/wp.ufpel.edu.br\/sigwebherval\/wp-json\/wp\/v2\/types\/page"}],"author":[{"embeddable":true,"href":"https:\/\/wp.ufpel.edu.br\/sigwebherval\/wp-json\/wp\/v2\/users\/420"}],"replies":[{"embeddable":true,"href":"https:\/\/wp.ufpel.edu.br\/sigwebherval\/wp-json\/wp\/v2\/comments?post=40"}],"version-history":[{"count":6,"href":"https:\/\/wp.ufpel.edu.br\/sigwebherval\/wp-json\/wp\/v2\/pages\/40\/revisions"}],"predecessor-version":[{"id":276,"href":"https:\/\/wp.ufpel.edu.br\/sigwebherval\/wp-json\/wp\/v2\/pages\/40\/revisions\/276"}],"wp:attachment":[{"href":"https:\/\/wp.ufpel.edu.br\/sigwebherval\/wp-json\/wp\/v2\/media?parent=40"}],"curies":[{"name":"wp","href":"https:\/\/api.w.org\/{rel}","templated":true}]}}