{"id":251,"date":"2022-11-07T23:14:02","date_gmt":"2022-11-08T02:14:02","guid":{"rendered":"https:\/\/wp.ufpel.edu.br\/sigwebherval\/?page_id=251"},"modified":"2022-12-15T16:24:55","modified_gmt":"2022-12-15T19:24:55","slug":"arquivos-pdf","status":"publish","type":"page","link":"https:\/\/wp.ufpel.edu.br\/sigwebherval\/sig-basilio\/arquivos-pdf\/","title":{"rendered":"Arquivos PDF"},"content":{"rendered":"<p><a href=\"https:\/\/wp.ufpel.edu.br\/sigwebherval\/files\/2022\/11\/HIDROGRAFIA_25HA.pdf\">Hidrografia 25ha<\/a><\/p>\n<p><a href=\"https:\/\/wp.ufpel.edu.br\/sigwebherval\/files\/2022\/11\/HIDROGRAFIA_100HA.pdf\">Hidrografia 100ha<\/a><\/p>\n<p><a href=\"https:\/\/wp.ufpel.edu.br\/sigwebherval\/files\/2022\/11\/MOSAICO_AMBIENTAL.pdf\">Mosaico Ambiental<\/a><\/p>\n<p><a href=\"https:\/\/wp.ufpel.edu.br\/sigwebherval\/files\/2022\/11\/TOPOGRAFIA_ALTITUDES.pdf\">Topografia Altitudes<\/a><\/p>\n<p><a href=\"https:\/\/wp.ufpel.edu.br\/sigwebherval\/files\/2022\/11\/TOPOGRAFIA_DECLIVIDADES.pdf\">Topografia Declividades<\/a><\/p>\n<p><a href=\"https:\/\/wp.ufpel.edu.br\/sigwebherval\/files\/2022\/11\/ZONEAMENTO.pdf\">Zoneamento<\/a><\/p>\n<p><a href=\"https:\/\/wp.ufpel.edu.br\/sigwebherval\/files\/2022\/11\/ZONEAMENTO_URBANO.pdf\">Zoneamento Urbano<\/a><\/p>\n<p><a href=\"https:\/\/wp.ufpel.edu.br\/sigwebherval\/files\/2022\/11\/EVOLUCAO_URBANA.pdf\">Evolu\u00e7\u00e3o Urbana<\/a><\/p>\n<p><a href=\"https:\/\/wp.ufpel.edu.br\/sigwebherval\/files\/2022\/12\/ARBORIZACAO_URBANA.pdf\">Arboriza\u00e7\u00e3o Urbana<\/a><\/p>\n","protected":false},"excerpt":{"rendered":"<p>Hidrografia 25ha Hidrografia 100ha Mosaico Ambiental Topografia Altitudes Topografia Declividades Zoneamento Zoneamento Urbano Evolu\u00e7\u00e3o Urbana Arboriza\u00e7\u00e3o Urbana<\/p>\n","protected":false},"author":420,"featured_media":0,"parent":236,"menu_order":0,"comment_status":"closed","ping_status":"closed","template":"","meta":{"footnotes":""},"class_list":["post-251","page","type-page","status-publish","hentry"],"_links":{"self":[{"href":"https:\/\/wp.ufpel.edu.br\/sigwebherval\/wp-json\/wp\/v2\/pages\/251","targetHints":{"allow":["GET"]}}],"collection":[{"href":"https:\/\/wp.ufpel.edu.br\/sigwebherval\/wp-json\/wp\/v2\/pages"}],"about":[{"href":"https:\/\/wp.ufpel.edu.br\/sigwebherval\/wp-json\/wp\/v2\/types\/page"}],"author":[{"embeddable":true,"href":"https:\/\/wp.ufpel.edu.br\/sigwebherval\/wp-json\/wp\/v2\/users\/420"}],"replies":[{"embeddable":true,"href":"https:\/\/wp.ufpel.edu.br\/sigwebherval\/wp-json\/wp\/v2\/comments?post=251"}],"version-history":[{"count":6,"href":"https:\/\/wp.ufpel.edu.br\/sigwebherval\/wp-json\/wp\/v2\/pages\/251\/revisions"}],"predecessor-version":[{"id":282,"href":"https:\/\/wp.ufpel.edu.br\/sigwebherval\/wp-json\/wp\/v2\/pages\/251\/revisions\/282"}],"up":[{"embeddable":true,"href":"https:\/\/wp.ufpel.edu.br\/sigwebherval\/wp-json\/wp\/v2\/pages\/236"}],"wp:attachment":[{"href":"https:\/\/wp.ufpel.edu.br\/sigwebherval\/wp-json\/wp\/v2\/media?parent=251"}],"curies":[{"name":"wp","href":"https:\/\/api.w.org\/{rel}","templated":true}]}}