{"id":22,"date":"2021-07-10T10:55:42","date_gmt":"2021-07-10T13:55:42","guid":{"rendered":"https:\/\/wp.ufpel.edu.br\/sigwebherval\/?page_id=22"},"modified":"2021-07-12T22:35:41","modified_gmt":"2021-07-13T01:35:41","slug":"visualizacao-3d","status":"publish","type":"page","link":"https:\/\/wp.ufpel.edu.br\/sigwebherval\/visualizacao-3d\/","title":{"rendered":"Visualiza\u00e7\u00e3o 3D"},"content":{"rendered":"<p style=\"text-align: justify\"><span style=\"font-family: arial, helvetica, sans-serif\">Atrav\u00e9s dos dados fornecidos e da imagem \u00e1rea de 2014 da cidade de Herval foi desenvolvido, no QGIS, a \u00e1rea das edifica\u00e7\u00f5es e foram adicionadas as alturas das mesmas pelos alunos da disciplina de Planejamento Urbano. Em seguida surge a necessidade de criar um modelo em 3D que mostrasse n\u00e3o somente as edifica\u00e7\u00f5es tridimensionais, mas tamb\u00e9m o relevo do terreno e de toda a cidade. Logo, inicia-se o processo na plataforma ARCGIS.\u00a0<\/span><\/p>\n<p>Imagem a\u00e9rea (2014) e a rela\u00e7\u00e3o das edifica\u00e7\u00f5es no lote em 2D pelo QGIS:<\/p>\n<figure id=\"attachment_145\" aria-describedby=\"caption-attachment-145\" style=\"width: 674px\" class=\"wp-caption aligncenter\"><img loading=\"lazy\" decoding=\"async\" class=\"wp-image-145\" src=\"https:\/\/wp.ufpel.edu.br\/sigwebherval\/files\/2021\/07\/Imagem-Aerea-e-Edificacoes.png\" alt=\"\" width=\"674\" height=\"953\" srcset=\"https:\/\/wp.ufpel.edu.br\/sigwebherval\/files\/2021\/07\/Imagem-Aerea-e-Edificacoes.png 2480w, https:\/\/wp.ufpel.edu.br\/sigwebherval\/files\/2021\/07\/Imagem-Aerea-e-Edificacoes-283x400.png 283w, https:\/\/wp.ufpel.edu.br\/sigwebherval\/files\/2021\/07\/Imagem-Aerea-e-Edificacoes-724x1024.png 724w, https:\/\/wp.ufpel.edu.br\/sigwebherval\/files\/2021\/07\/Imagem-Aerea-e-Edificacoes-768x1086.png 768w, https:\/\/wp.ufpel.edu.br\/sigwebherval\/files\/2021\/07\/Imagem-Aerea-e-Edificacoes-1086x1536.png 1086w, https:\/\/wp.ufpel.edu.br\/sigwebherval\/files\/2021\/07\/Imagem-Aerea-e-Edificacoes-1448x2048.png 1448w, https:\/\/wp.ufpel.edu.br\/sigwebherval\/files\/2021\/07\/Imagem-Aerea-e-Edificacoes-212x300.png 212w\" sizes=\"auto, (max-width: 674px) 100vw, 674px\" \/><figcaption id=\"caption-attachment-145\" class=\"wp-caption-text\">Fonte: Imagem gerada no QGIS<\/figcaption><\/figure>\n<p>Imagem a\u00e9rea em 3D com pontos de refer\u00eancias:<\/p>\n<figure id=\"attachment_138\" aria-describedby=\"caption-attachment-138\" style=\"width: 670px\" class=\"wp-caption aligncenter\"><img loading=\"lazy\" decoding=\"async\" class=\"wp-image-138\" src=\"https:\/\/wp.ufpel.edu.br\/sigwebherval\/files\/2021\/07\/Layout2-scaled.jpg\" alt=\"\" width=\"670\" height=\"474\" srcset=\"https:\/\/wp.ufpel.edu.br\/sigwebherval\/files\/2021\/07\/Layout2-scaled.jpg 2560w, https:\/\/wp.ufpel.edu.br\/sigwebherval\/files\/2021\/07\/Layout2-400x283.jpg 400w, https:\/\/wp.ufpel.edu.br\/sigwebherval\/files\/2021\/07\/Layout2-1024x724.jpg 1024w, https:\/\/wp.ufpel.edu.br\/sigwebherval\/files\/2021\/07\/Layout2-768x543.jpg 768w, https:\/\/wp.ufpel.edu.br\/sigwebherval\/files\/2021\/07\/Layout2-1536x1086.jpg 1536w, https:\/\/wp.ufpel.edu.br\/sigwebherval\/files\/2021\/07\/Layout2-2048x1448.jpg 2048w, https:\/\/wp.ufpel.edu.br\/sigwebherval\/files\/2021\/07\/Layout2-600x424.jpg 600w, https:\/\/wp.ufpel.edu.br\/sigwebherval\/files\/2021\/07\/Layout2-945x668.jpg 945w\" sizes=\"auto, (max-width: 670px) 100vw, 670px\" \/><figcaption id=\"caption-attachment-138\" class=\"wp-caption-text\">Fonte: Imagem gerada no ArcGIS<\/figcaption><\/figure>\n<p>Imagem em 3D gerada no ArcGIS a partir da vista Leste:<\/p>\n<figure id=\"attachment_106\" aria-describedby=\"caption-attachment-106\" style=\"width: 676px\" class=\"wp-caption aligncenter\"><img loading=\"lazy\" decoding=\"async\" class=\"wp-image-106 size-large\" src=\"https:\/\/wp.ufpel.edu.br\/sigwebherval\/files\/2021\/05\/Imagem-3D-936x1024.jpg\" alt=\"\" width=\"676\" height=\"740\" srcset=\"https:\/\/wp.ufpel.edu.br\/sigwebherval\/files\/2021\/05\/Imagem-3D-936x1024.jpg 936w, https:\/\/wp.ufpel.edu.br\/sigwebherval\/files\/2021\/05\/Imagem-3D-366x400.jpg 366w, https:\/\/wp.ufpel.edu.br\/sigwebherval\/files\/2021\/05\/Imagem-3D-768x840.jpg 768w, https:\/\/wp.ufpel.edu.br\/sigwebherval\/files\/2021\/05\/Imagem-3D-1405x1536.jpg 1405w, https:\/\/wp.ufpel.edu.br\/sigwebherval\/files\/2021\/05\/Imagem-3D-1873x2048.jpg 1873w, https:\/\/wp.ufpel.edu.br\/sigwebherval\/files\/2021\/05\/Imagem-3D-600x656.jpg 600w, https:\/\/wp.ufpel.edu.br\/sigwebherval\/files\/2021\/05\/Imagem-3D-945x1033.jpg 945w\" sizes=\"auto, (max-width: 676px) 100vw, 676px\" \/><figcaption id=\"caption-attachment-106\" class=\"wp-caption-text\">Fonte: Imagem gerada no ArcGIS<\/figcaption><\/figure>\n<p>Imagem em 3D gerada no ArcGIS a partir da vista nordeste:<\/p>\n<figure id=\"attachment_107\" aria-describedby=\"caption-attachment-107\" style=\"width: 676px\" class=\"wp-caption aligncenter\"><img loading=\"lazy\" decoding=\"async\" class=\"wp-image-107 size-large\" src=\"https:\/\/wp.ufpel.edu.br\/sigwebherval\/files\/2021\/05\/Imagem-3D_2-1024x834.jpg\" alt=\"\" width=\"676\" height=\"551\" srcset=\"https:\/\/wp.ufpel.edu.br\/sigwebherval\/files\/2021\/05\/Imagem-3D_2-1024x834.jpg 1024w, https:\/\/wp.ufpel.edu.br\/sigwebherval\/files\/2021\/05\/Imagem-3D_2-400x326.jpg 400w, https:\/\/wp.ufpel.edu.br\/sigwebherval\/files\/2021\/05\/Imagem-3D_2-768x626.jpg 768w, https:\/\/wp.ufpel.edu.br\/sigwebherval\/files\/2021\/05\/Imagem-3D_2-1536x1251.jpg 1536w, https:\/\/wp.ufpel.edu.br\/sigwebherval\/files\/2021\/05\/Imagem-3D_2-2048x1669.jpg 2048w, https:\/\/wp.ufpel.edu.br\/sigwebherval\/files\/2021\/05\/Imagem-3D_2-600x489.jpg 600w, https:\/\/wp.ufpel.edu.br\/sigwebherval\/files\/2021\/05\/Imagem-3D_2-945x770.jpg 945w\" sizes=\"auto, (max-width: 676px) 100vw, 676px\" \/><figcaption id=\"caption-attachment-107\" class=\"wp-caption-text\">Fonte: Imagem gerada no ArcGIS<\/figcaption><\/figure>\n<p>&nbsp;<\/p>\n<p>Vamos conhecer um pouco de Herval e ter uma vis\u00e3o a partir de sobrevoos feito no ArcGIS.<\/p>\n<div style=\"width: 1000px;\" class=\"wp-video\"><video class=\"wp-video-shortcode\" id=\"video-22-1\" width=\"1000\" height=\"563\" preload=\"metadata\" controls=\"controls\"><source type=\"video\/mp4\" src=\"https:\/\/wp.ufpel.edu.br\/sigwebherval\/files\/2021\/07\/Cena-4.mp4?_=1\" \/><a href=\"https:\/\/wp.ufpel.edu.br\/sigwebherval\/files\/2021\/07\/Cena-4.mp4\">https:\/\/wp.ufpel.edu.br\/sigwebherval\/files\/2021\/07\/Cena-4.mp4<\/a><\/video><\/div>\n<div style=\"width: 1000px;\" class=\"wp-video\"><video class=\"wp-video-shortcode\" id=\"video-22-2\" width=\"1000\" height=\"563\" preload=\"metadata\" controls=\"controls\"><source type=\"video\/mp4\" src=\"https:\/\/wp.ufpel.edu.br\/sigwebherval\/files\/2021\/07\/Cena-2.mp4?_=2\" \/><a href=\"https:\/\/wp.ufpel.edu.br\/sigwebherval\/files\/2021\/07\/Cena-2.mp4\">https:\/\/wp.ufpel.edu.br\/sigwebherval\/files\/2021\/07\/Cena-2.mp4<\/a><\/video><\/div>\n<p>&nbsp;<\/p>\n<div style=\"width: 1000px;\" class=\"wp-video\"><video class=\"wp-video-shortcode\" id=\"video-22-3\" width=\"1000\" height=\"563\" preload=\"metadata\" controls=\"controls\"><source type=\"video\/mp4\" src=\"https:\/\/wp.ufpel.edu.br\/sigwebherval\/files\/2021\/07\/Cena-1.mp4?_=3\" \/><a href=\"https:\/\/wp.ufpel.edu.br\/sigwebherval\/files\/2021\/07\/Cena-1.mp4\">https:\/\/wp.ufpel.edu.br\/sigwebherval\/files\/2021\/07\/Cena-1.mp4<\/a><\/video><\/div>\n<div style=\"width: 1000px;\" class=\"wp-video\"><video class=\"wp-video-shortcode\" id=\"video-22-4\" width=\"1000\" height=\"563\" preload=\"metadata\" controls=\"controls\"><source type=\"video\/mp4\" src=\"https:\/\/wp.ufpel.edu.br\/sigwebherval\/files\/2021\/05\/Sobrevoando-Herval.mp4?_=4\" \/><a href=\"https:\/\/wp.ufpel.edu.br\/sigwebherval\/files\/2021\/05\/Sobrevoando-Herval.mp4\">https:\/\/wp.ufpel.edu.br\/sigwebherval\/files\/2021\/05\/Sobrevoando-Herval.mp4<\/a><\/video><\/div>\n","protected":false},"excerpt":{"rendered":"<p>Atrav\u00e9s dos dados fornecidos e da imagem \u00e1rea de 2014 da cidade de Herval foi desenvolvido, no QGIS, a \u00e1rea das edifica\u00e7\u00f5es e foram adicionadas as alturas das mesmas pelos alunos da disciplina de Planejamento Urbano. Em seguida surge a necessidade de criar um modelo em 3D que mostrasse n\u00e3o somente as edifica\u00e7\u00f5es tridimensionais, mas&#8230; <\/p>\n<div class=\"link-more\"><a href=\"https:\/\/wp.ufpel.edu.br\/sigwebherval\/visualizacao-3d\/\">Leia mais<\/a><\/div>\n","protected":false},"author":420,"featured_media":0,"parent":0,"menu_order":0,"comment_status":"closed","ping_status":"closed","template":"","meta":{"footnotes":""},"class_list":["post-22","page","type-page","status-publish","hentry"],"_links":{"self":[{"href":"https:\/\/wp.ufpel.edu.br\/sigwebherval\/wp-json\/wp\/v2\/pages\/22","targetHints":{"allow":["GET"]}}],"collection":[{"href":"https:\/\/wp.ufpel.edu.br\/sigwebherval\/wp-json\/wp\/v2\/pages"}],"about":[{"href":"https:\/\/wp.ufpel.edu.br\/sigwebherval\/wp-json\/wp\/v2\/types\/page"}],"author":[{"embeddable":true,"href":"https:\/\/wp.ufpel.edu.br\/sigwebherval\/wp-json\/wp\/v2\/users\/420"}],"replies":[{"embeddable":true,"href":"https:\/\/wp.ufpel.edu.br\/sigwebherval\/wp-json\/wp\/v2\/comments?post=22"}],"version-history":[{"count":10,"href":"https:\/\/wp.ufpel.edu.br\/sigwebherval\/wp-json\/wp\/v2\/pages\/22\/revisions"}],"predecessor-version":[{"id":146,"href":"https:\/\/wp.ufpel.edu.br\/sigwebherval\/wp-json\/wp\/v2\/pages\/22\/revisions\/146"}],"wp:attachment":[{"href":"https:\/\/wp.ufpel.edu.br\/sigwebherval\/wp-json\/wp\/v2\/media?parent=22"}],"curies":[{"name":"wp","href":"https:\/\/api.w.org\/{rel}","templated":true}]}}