{"id":2,"date":"2017-07-06T13:54:33","date_gmt":"2017-07-06T16:54:33","guid":{"rendered":"https:\/\/wp.ufpel.edu.br\/sicir\/?page_id=2"},"modified":"2017-07-18T21:53:38","modified_gmt":"2017-07-19T00:53:38","slug":"seminario","status":"publish","type":"page","link":"https:\/\/wp.ufpel.edu.br\/sicir\/seminario\/","title":{"rendered":"Apresenta\u00e7\u00e3o"},"content":{"rendered":"<p>I Semin\u00e1rio Internacional do CIM sobre Integra\u00e7\u00e3o Regional: as Fronteiras e o Mercosul tem como objetivo proporcionar um debate amplo e cr\u00edtico sobre o atual est\u00e1gio do processo integracionista do Mercosul nos \u00faltimos vinte e cinco anos.<br \/>\nNo momento em que as conjunturas nacional e internacional apresentam-se desfavor\u00e1veis ao avan\u00e7o da integra\u00e7\u00e3o regional, o debate de tais efeitos e a procura de novas formas de seu aprofundamento assumem grande relev\u00e2ncia.<br \/>\nSendo assim, ser\u00e3o discutidos temas importantes deste processo, tais como: as din\u00e2micas das rela\u00e7\u00f5es internacionais, a integra\u00e7\u00e3o f\u00edsica, ambiental e fronteiri\u00e7a. O evento ocorrer\u00e1 no Audit\u00f3rio Simon Bol\u00edvar do Centro de Integra\u00e7\u00e3o do Mercosul (CIM): Rua Andrade Neves, 1529 &#8211; Centro de Pelotas (RS).<\/p>\n","protected":false},"excerpt":{"rendered":"<p>I Semin\u00e1rio Internacional do CIM sobre Integra\u00e7\u00e3o Regional: as Fronteiras e o Mercosul tem como objetivo proporcionar um debate amplo e cr\u00edtico sobre o atual est\u00e1gio do&hellip; <span class=\"read-more\"><a class=\"more-link\" href=\"https:\/\/wp.ufpel.edu.br\/sicir\/seminario\/\" rel=\"bookmark\">Leia Mais <span class=\"screen-reader-text\">&#8220;Apresenta\u00e7\u00e3o&#8221;<\/span><\/a><\/span><\/p>\n","protected":false},"author":636,"featured_media":0,"parent":0,"menu_order":1,"comment_status":"closed","ping_status":"closed","template":"","meta":{"footnotes":""},"class_list":["post-2","page","type-page","status-publish","hentry"],"_links":{"self":[{"href":"https:\/\/wp.ufpel.edu.br\/sicir\/wp-json\/wp\/v2\/pages\/2","targetHints":{"allow":["GET"]}}],"collection":[{"href":"https:\/\/wp.ufpel.edu.br\/sicir\/wp-json\/wp\/v2\/pages"}],"about":[{"href":"https:\/\/wp.ufpel.edu.br\/sicir\/wp-json\/wp\/v2\/types\/page"}],"author":[{"embeddable":true,"href":"https:\/\/wp.ufpel.edu.br\/sicir\/wp-json\/wp\/v2\/users\/636"}],"replies":[{"embeddable":true,"href":"https:\/\/wp.ufpel.edu.br\/sicir\/wp-json\/wp\/v2\/comments?post=2"}],"version-history":[{"count":9,"href":"https:\/\/wp.ufpel.edu.br\/sicir\/wp-json\/wp\/v2\/pages\/2\/revisions"}],"predecessor-version":[{"id":132,"href":"https:\/\/wp.ufpel.edu.br\/sicir\/wp-json\/wp\/v2\/pages\/2\/revisions\/132"}],"wp:attachment":[{"href":"https:\/\/wp.ufpel.edu.br\/sicir\/wp-json\/wp\/v2\/media?parent=2"}],"curies":[{"name":"wp","href":"https:\/\/api.w.org\/{rel}","templated":true}]}}