{"id":34,"date":"2017-04-25T16:27:38","date_gmt":"2017-04-25T19:27:38","guid":{"rendered":"https:\/\/wp.ufpel.edu.br\/sice\/?page_id=34"},"modified":"2017-11-22T17:32:15","modified_gmt":"2017-11-22T19:32:15","slug":"manual","status":"publish","type":"page","link":"https:\/\/wp.ufpel.edu.br\/sice\/manual\/","title":{"rendered":"Manual de Utiliza\u00e7\u00e3o"},"content":{"rendered":"<p>Clique <span style=\"color: #0000ff\"><a href=\"https:\/\/wp.ufpel.edu.br\/sice\/files\/2017\/11\/Manual-de-Utiliza\u00e7\u00e3o-SiCE-WEB.pdf\" target=\"_blank\" rel=\"noopener\"><span style=\"color: #0000ff\">aqui<\/span><\/a><\/span>\u00a0para abrir o manual de utiliza\u00e7\u00e3o do Simulador de Contrata\u00e7\u00e3o de Energia (SiCE).<\/p>\n<p>&nbsp;<\/p>\n","protected":false},"excerpt":{"rendered":"<p>Clique aqui\u00a0para abrir o manual de utiliza\u00e7\u00e3o do Simulador de Contrata\u00e7\u00e3o de Energia (SiCE). &nbsp;<\/p>\n","protected":false},"author":303,"featured_media":0,"parent":0,"menu_order":0,"comment_status":"closed","ping_status":"closed","template":"","meta":{"footnotes":""},"class_list":["post-34","page","type-page","status-publish","hentry"],"_links":{"self":[{"href":"https:\/\/wp.ufpel.edu.br\/sice\/wp-json\/wp\/v2\/pages\/34","targetHints":{"allow":["GET"]}}],"collection":[{"href":"https:\/\/wp.ufpel.edu.br\/sice\/wp-json\/wp\/v2\/pages"}],"about":[{"href":"https:\/\/wp.ufpel.edu.br\/sice\/wp-json\/wp\/v2\/types\/page"}],"author":[{"embeddable":true,"href":"https:\/\/wp.ufpel.edu.br\/sice\/wp-json\/wp\/v2\/users\/303"}],"replies":[{"embeddable":true,"href":"https:\/\/wp.ufpel.edu.br\/sice\/wp-json\/wp\/v2\/comments?post=34"}],"version-history":[{"count":10,"href":"https:\/\/wp.ufpel.edu.br\/sice\/wp-json\/wp\/v2\/pages\/34\/revisions"}],"predecessor-version":[{"id":239,"href":"https:\/\/wp.ufpel.edu.br\/sice\/wp-json\/wp\/v2\/pages\/34\/revisions\/239"}],"wp:attachment":[{"href":"https:\/\/wp.ufpel.edu.br\/sice\/wp-json\/wp\/v2\/media?parent=34"}],"curies":[{"name":"wp","href":"https:\/\/api.w.org\/{rel}","templated":true}]}}