{"id":70,"date":"2020-09-02T00:12:22","date_gmt":"2020-09-02T03:12:22","guid":{"rendered":"https:\/\/wp.ufpel.edu.br\/shirleyedeise\/?page_id=70"},"modified":"2020-11-09T23:42:29","modified_gmt":"2020-11-10T02:42:29","slug":"repercussao-na-midia","status":"publish","type":"page","link":"https:\/\/wp.ufpel.edu.br\/shirleyedeise\/o-projeto\/repercussao-na-midia\/","title":{"rendered":"Repercuss\u00e3o na imprensa"},"content":{"rendered":"<p>Aqui reunimos algumas mat\u00e9rias e reportagens sobre a webs\u00e9rie Shirley &amp; Deis\u00ea.<\/p>\n<p><img class=\" wp-image-6 aligncenter\" src=\"https:\/\/wp.ufpel.edu.br\/shirleyedeise\/files\/2020\/09\/Shirley-Deise-2-e1599068739777-400x67.png\" alt=\"\" width=\"955\" height=\"160\" srcset=\"https:\/\/wp.ufpel.edu.br\/shirleyedeise\/files\/2020\/09\/Shirley-Deise-2-e1599068739777-400x67.png 400w, https:\/\/wp.ufpel.edu.br\/shirleyedeise\/files\/2020\/09\/Shirley-Deise-2-e1599068739777-1024x171.png 1024w, https:\/\/wp.ufpel.edu.br\/shirleyedeise\/files\/2020\/09\/Shirley-Deise-2-e1599068739777-768x129.png 768w, https:\/\/wp.ufpel.edu.br\/shirleyedeise\/files\/2020\/09\/Shirley-Deise-2-e1599068739777-1536x257.png 1536w, https:\/\/wp.ufpel.edu.br\/shirleyedeise\/files\/2020\/09\/Shirley-Deise-2-e1599068739777-2048x343.png 2048w\" sizes=\"(max-width: 955px) 100vw, 955px\" \/><\/p>\n","protected":false},"excerpt":{"rendered":"<p>Aqui reunimos algumas mat\u00e9rias e reportagens sobre a webs\u00e9rie Shirley &amp; Deis\u00ea.<\/p>\n","protected":false},"author":949,"featured_media":0,"parent":4,"menu_order":3,"comment_status":"closed","ping_status":"closed","template":"","meta":{"footnotes":""},"class_list":["post-70","page","type-page","status-publish","hentry"],"_links":{"self":[{"href":"https:\/\/wp.ufpel.edu.br\/shirleyedeise\/wp-json\/wp\/v2\/pages\/70","targetHints":{"allow":["GET"]}}],"collection":[{"href":"https:\/\/wp.ufpel.edu.br\/shirleyedeise\/wp-json\/wp\/v2\/pages"}],"about":[{"href":"https:\/\/wp.ufpel.edu.br\/shirleyedeise\/wp-json\/wp\/v2\/types\/page"}],"author":[{"embeddable":true,"href":"https:\/\/wp.ufpel.edu.br\/shirleyedeise\/wp-json\/wp\/v2\/users\/949"}],"replies":[{"embeddable":true,"href":"https:\/\/wp.ufpel.edu.br\/shirleyedeise\/wp-json\/wp\/v2\/comments?post=70"}],"version-history":[{"count":6,"href":"https:\/\/wp.ufpel.edu.br\/shirleyedeise\/wp-json\/wp\/v2\/pages\/70\/revisions"}],"predecessor-version":[{"id":124,"href":"https:\/\/wp.ufpel.edu.br\/shirleyedeise\/wp-json\/wp\/v2\/pages\/70\/revisions\/124"}],"up":[{"embeddable":true,"href":"https:\/\/wp.ufpel.edu.br\/shirleyedeise\/wp-json\/wp\/v2\/pages\/4"}],"wp:attachment":[{"href":"https:\/\/wp.ufpel.edu.br\/shirleyedeise\/wp-json\/wp\/v2\/media?parent=70"}],"curies":[{"name":"wp","href":"https:\/\/api.w.org\/{rel}","templated":true}]}}