{"id":28,"date":"2020-09-01T23:12:11","date_gmt":"2020-09-02T02:12:11","guid":{"rendered":"https:\/\/wp.ufpel.edu.br\/shirleyedeise\/?page_id=28"},"modified":"2020-09-01T23:36:30","modified_gmt":"2020-09-02T02:36:30","slug":"episodio-2","status":"publish","type":"page","link":"https:\/\/wp.ufpel.edu.br\/shirleyedeise\/a-paixao-de-deise-por-wanderson\/episodio-2\/","title":{"rendered":"Epis\u00f3dio 2"},"content":{"rendered":"<p>A paix\u00e3o de Deis\u00ea por Wanderson<\/p>\n<p><iframe title=\"Shirley e Deis\u00ea: Segunda Temporada - A paix\u00e3o de Deis\u00ea por Wanderson \/ Epis\u00f3dio 2\" width=\"500\" height=\"281\" src=\"https:\/\/www.youtube.com\/embed\/01gPDN88iGI?feature=oembed\" frameborder=\"0\" allow=\"accelerometer; autoplay; clipboard-write; encrypted-media; gyroscope; picture-in-picture; web-share\" referrerpolicy=\"strict-origin-when-cross-origin\" allowfullscreen><\/iframe><\/p>\n","protected":false},"excerpt":{"rendered":"<p>A paix\u00e3o de Deis\u00ea por Wanderson<\/p>\n","protected":false},"author":949,"featured_media":0,"parent":22,"menu_order":2,"comment_status":"closed","ping_status":"closed","template":"","meta":{"footnotes":""},"class_list":["post-28","page","type-page","status-publish","hentry"],"_links":{"self":[{"href":"https:\/\/wp.ufpel.edu.br\/shirleyedeise\/wp-json\/wp\/v2\/pages\/28","targetHints":{"allow":["GET"]}}],"collection":[{"href":"https:\/\/wp.ufpel.edu.br\/shirleyedeise\/wp-json\/wp\/v2\/pages"}],"about":[{"href":"https:\/\/wp.ufpel.edu.br\/shirleyedeise\/wp-json\/wp\/v2\/types\/page"}],"author":[{"embeddable":true,"href":"https:\/\/wp.ufpel.edu.br\/shirleyedeise\/wp-json\/wp\/v2\/users\/949"}],"replies":[{"embeddable":true,"href":"https:\/\/wp.ufpel.edu.br\/shirleyedeise\/wp-json\/wp\/v2\/comments?post=28"}],"version-history":[{"count":2,"href":"https:\/\/wp.ufpel.edu.br\/shirleyedeise\/wp-json\/wp\/v2\/pages\/28\/revisions"}],"predecessor-version":[{"id":48,"href":"https:\/\/wp.ufpel.edu.br\/shirleyedeise\/wp-json\/wp\/v2\/pages\/28\/revisions\/48"}],"up":[{"embeddable":true,"href":"https:\/\/wp.ufpel.edu.br\/shirleyedeise\/wp-json\/wp\/v2\/pages\/22"}],"wp:attachment":[{"href":"https:\/\/wp.ufpel.edu.br\/shirleyedeise\/wp-json\/wp\/v2\/media?parent=28"}],"curies":[{"name":"wp","href":"https:\/\/api.w.org\/{rel}","templated":true}]}}