{"id":229,"date":"2026-04-28T21:00:36","date_gmt":"2026-04-29T00:00:36","guid":{"rendered":"https:\/\/wp.ufpel.edu.br\/sgto\/?page_id=229"},"modified":"2026-04-29T06:53:28","modified_gmt":"2026-04-29T09:53:28","slug":"resultados","status":"publish","type":"page","link":"https:\/\/wp.ufpel.edu.br\/sgto\/chamadas-e-submissoes\/resultados\/","title":{"rendered":"Resultados"},"content":{"rendered":"\r\n<p><em>Esta p\u00e1gina est\u00e1 em constru\u00e7\u00e3o. O conte\u00fado ser\u00e1 publicado em breve.<\/em><\/p>\r\n","protected":false},"excerpt":{"rendered":"<p>Esta p\u00e1gina est\u00e1 em constru\u00e7\u00e3o. O conte\u00fado ser\u00e1 publicado em breve.<\/p>\n","protected":false},"author":189,"featured_media":0,"parent":95,"menu_order":6,"comment_status":"closed","ping_status":"closed","template":"","meta":{"footnotes":""},"class_list":["post-229","page","type-page","status-publish","hentry"],"_links":{"self":[{"href":"https:\/\/wp.ufpel.edu.br\/sgto\/wp-json\/wp\/v2\/pages\/229","targetHints":{"allow":["GET"]}}],"collection":[{"href":"https:\/\/wp.ufpel.edu.br\/sgto\/wp-json\/wp\/v2\/pages"}],"about":[{"href":"https:\/\/wp.ufpel.edu.br\/sgto\/wp-json\/wp\/v2\/types\/page"}],"author":[{"embeddable":true,"href":"https:\/\/wp.ufpel.edu.br\/sgto\/wp-json\/wp\/v2\/users\/189"}],"replies":[{"embeddable":true,"href":"https:\/\/wp.ufpel.edu.br\/sgto\/wp-json\/wp\/v2\/comments?post=229"}],"version-history":[{"count":1,"href":"https:\/\/wp.ufpel.edu.br\/sgto\/wp-json\/wp\/v2\/pages\/229\/revisions"}],"predecessor-version":[{"id":274,"href":"https:\/\/wp.ufpel.edu.br\/sgto\/wp-json\/wp\/v2\/pages\/229\/revisions\/274"}],"up":[{"embeddable":true,"href":"https:\/\/wp.ufpel.edu.br\/sgto\/wp-json\/wp\/v2\/pages\/95"}],"wp:attachment":[{"href":"https:\/\/wp.ufpel.edu.br\/sgto\/wp-json\/wp\/v2\/media?parent=229"}],"curies":[{"name":"wp","href":"https:\/\/api.w.org\/{rel}","templated":true}]}}