{"id":224,"date":"2026-04-28T21:00:25","date_gmt":"2026-04-29T00:00:25","guid":{"rendered":"https:\/\/wp.ufpel.edu.br\/sgto\/?page_id=224"},"modified":"2026-04-28T21:00:25","modified_gmt":"2026-04-29T00:00:25","slug":"mesas-e-palestras","status":"publish","type":"page","link":"https:\/\/wp.ufpel.edu.br\/sgto\/programacao\/mesas-e-palestras\/","title":{"rendered":"Mesas e palestras"},"content":{"rendered":"\n<p><em>Esta p\u00e1gina est\u00e1 em constru\u00e7\u00e3o. O conte\u00fado ser\u00e1 publicado em breve.<\/em><\/p>\n","protected":false},"excerpt":{"rendered":"<p>Esta p\u00e1gina est\u00e1 em constru\u00e7\u00e3o. O conte\u00fado ser\u00e1 publicado em breve.<\/p>\n","protected":false},"author":189,"featured_media":0,"parent":93,"menu_order":2,"comment_status":"closed","ping_status":"closed","template":"","meta":{"footnotes":""},"class_list":["post-224","page","type-page","status-publish","hentry"],"_links":{"self":[{"href":"https:\/\/wp.ufpel.edu.br\/sgto\/wp-json\/wp\/v2\/pages\/224","targetHints":{"allow":["GET"]}}],"collection":[{"href":"https:\/\/wp.ufpel.edu.br\/sgto\/wp-json\/wp\/v2\/pages"}],"about":[{"href":"https:\/\/wp.ufpel.edu.br\/sgto\/wp-json\/wp\/v2\/types\/page"}],"author":[{"embeddable":true,"href":"https:\/\/wp.ufpel.edu.br\/sgto\/wp-json\/wp\/v2\/users\/189"}],"replies":[{"embeddable":true,"href":"https:\/\/wp.ufpel.edu.br\/sgto\/wp-json\/wp\/v2\/comments?post=224"}],"version-history":[{"count":1,"href":"https:\/\/wp.ufpel.edu.br\/sgto\/wp-json\/wp\/v2\/pages\/224\/revisions"}],"predecessor-version":[{"id":269,"href":"https:\/\/wp.ufpel.edu.br\/sgto\/wp-json\/wp\/v2\/pages\/224\/revisions\/269"}],"up":[{"embeddable":true,"href":"https:\/\/wp.ufpel.edu.br\/sgto\/wp-json\/wp\/v2\/pages\/93"}],"wp:attachment":[{"href":"https:\/\/wp.ufpel.edu.br\/sgto\/wp-json\/wp\/v2\/media?parent=224"}],"curies":[{"name":"wp","href":"https:\/\/api.w.org\/{rel}","templated":true}]}}