{"id":830,"date":"2023-05-18T10:40:46","date_gmt":"2023-05-18T13:40:46","guid":{"rendered":"https:\/\/wp.ufpel.edu.br\/sgtic\/?page_id=830"},"modified":"2025-01-24T09:05:40","modified_gmt":"2025-01-24T12:05:40","slug":"galeria-de-gestores","status":"publish","type":"page","link":"https:\/\/wp.ufpel.edu.br\/sgtic\/galeria-de-gestores\/","title":{"rendered":"Galeria de gestores"},"content":{"rendered":"\n<figure class=\"wp-block-table\"><table><tbody><tr><td><mark style=\"background-color:rgba(0, 0, 0, 0)\" class=\"has-inline-color has-black-color\"><strong>GESTORES DA UNIDADE DE TIC<\/strong><\/mark><\/td><td><strong>DATA<\/strong><\/td><td><strong>PORTARIA<\/strong><\/td><td><strong>DENOMINA\u00c7\u00c3O DA UNIDADE<\/strong><\/td><\/tr><tr><td>Christiano Martino Otero \u00c1vila<\/td><td>09\/01\/2025<\/td><td><a href=\"https:\/\/sippag.ufpel.edu.br\/portarias\/visualizar\/?pk=11451&amp;ano=2025&amp;numero=210&amp;hash=4ff9d675b14a8d5456457808833d5a6e\">0210\/2025<\/a><\/td><td>Superintend\u00eancia de Gest\u00e3o de TIC<\/td><\/tr><tr><td>J\u00falio Carlos Balzano de Mattos<\/td><td>30\/06\/2021<\/td><td><a href=\"https:\/\/sei.ufpel.edu.br\/sei\/publicacoes\/controlador_publicacoes.php?acao=publicacao_visualizar&amp;id_documento=1528728&amp;id_orgao_publicacao=0\">1110\/2021<\/a><\/td><td>Superintend\u00eancia de Gest\u00e3o de TIC<\/td><\/tr><tr><td>J\u00falio Carlos Balzano de Mattos<\/td><td>13\/07\/2017<\/td><td><a href=\"http:\/\/reitoria.ufpel.edu.br\/portarias\/arquivos\/1432_2017.pdf\">1432\/2017<\/a><\/td><td>Pr\u00f3-Reitoria de Gest\u00e3o de TIC<\/td><\/tr><tr><td>J\u00falio Carlos Balzano de Mattos<\/td><td>12\/01\/2017<\/td><td><a href=\"http:\/\/reitoria.ufpel.edu.br\/portarias\/arquivos\/0144_2017.pdf\">0144\/2017<\/a><\/td><td>Coordena\u00e7\u00e3o de TI<\/td><\/tr><tr><td>Amanda Argou Cardozo<\/td><td>26\/07\/2013<\/td><td><a href=\"http:\/\/reitoria.ufpel.edu.br\/portarias\/arquivos\/1640_2013.pdf\">1640\/2013<\/a><\/td><td>Coordena\u00e7\u00e3o de TI<\/td><\/tr><tr><td>Amanda Argou Cardozo<\/td><td>18\/01\/2013<\/td><td><a href=\"http:\/\/reitoria.ufpel.edu.br\/portarias\/arquivos\/0182_2013.pdf\">0182\/2013<\/a><\/td><td>Centro de Ger. Informa\u00e7\u00f5es e Concursos<\/td><\/tr><tr><td>Francisco P. Marques Rodrigues<\/td><td>10\/10\/2012<\/td><td><a href=\"http:\/\/reitoria.ufpel.edu.br\/portarias\/arquivos\/1546_2012.pdf\">1546\/2012<\/a><\/td><td>Centro de Ger. Informa\u00e7\u00f5es e Concursos<\/td><\/tr><tr><td>Christiano Martino Otero \u00c1vila<\/td><td>23\/02\/2012<\/td><td><a href=\"http:\/\/reitoria.ufpel.edu.br\/portarias\/arquivos\/0216_2012.pdf\">0216\/2012<\/a><\/td><td>Centro de Ger. Informa\u00e7\u00f5es e Concursos<\/td><\/tr><tr><td>Cl\u00e1udio Manoel da Cunha Duarte<\/td><td>25\/02\/2011<\/td><td><a href=\"http:\/\/reitoria.ufpel.edu.br\/portarias\/arquivos\/0281_2011.pdf\">0281\/2011<\/a><\/td><td>Centro de Ger. Informa\u00e7\u00f5es e Concursos<\/td><\/tr><tr><td>Bayard Silva Centeno<\/td><td>08\/04\/2010<\/td><td><a href=\"http:\/\/reitoria.ufpel.edu.br\/portarias\/arquivos\/0355_2010.pdf\">0355\/2010<\/a><\/td><td>Centro de Inform\u00e1tica<\/td><\/tr><tr><td>Jo\u00e3o Ladislau Barbar\u00e1 Lopes<\/td><td>02\/07\/2001<\/td><td><a href=\"https:\/\/wp.ufpel.edu.br\/sgtic\/files\/2023\/05\/Port.533.2001.pdf\">0533\/2001<\/a><\/td><td>Centro de Inform\u00e1tica<\/td><\/tr><tr><td>Paulo Ricardo Prestes Porto<\/td><td>09\/03\/1999<\/td><td><a href=\"https:\/\/wp.ufpel.edu.br\/sgtic\/files\/2023\/05\/Port.138.1999.pdf\">0138\/1999<\/a><\/td><td>Centro de Inform\u00e1tica<\/td><\/tr><tr><td>Adenauer Corr\u00eaa Yamin<\/td><td>13\/01\/1997<\/td><td><a href=\"http:\/\/reitoria.ufpel.edu.br\/portarias\/arquivos\/1997\/0096_1997.pdf\">0096\/1997<\/a><\/td><td>Centro de Inform\u00e1tica<\/td><\/tr><tr><td>Bayard Silva Centeno<\/td><td>12\/12\/1991<\/td><td><a href=\"http:\/\/reitoria.ufpel.edu.br\/portarias\/arquivos\/1991\/0810_1991.pdf\">0810\/1991<\/a><\/td><td>Centro de Inform\u00e1tica<\/td><\/tr><tr><td>Bayard Silva Centeno<\/td><td>09\/01\/1990<\/td><td><a href=\"http:\/\/reitoria.ufpel.edu.br\/portarias\/arquivos\/0013_1990.pdf\">0013\/1990<\/a><\/td><td>Centro de Processamento de Dados<\/td><\/tr><tr><td>Jorge Walter da Rocha Espiga<\/td><td>12\/10\/1988<\/td><td><a href=\"http:\/\/reitoria.ufpel.edu.br\/portarias\/arquivos\/0968_1988.pdf\">0968\/1988<\/a><\/td><td>Centro de Processamento de Dados<\/td><\/tr><tr><td>Adenauer Corr\u00eaa Yamin<\/td><td>07\/03\/1985<\/td><td><a href=\"http:\/\/reitoria.ufpel.edu.br\/portarias\/arquivos\/1985\/0142_1985.pdf\">0142\/1985<\/a><\/td><td>Centro de Processamento de Dados<\/td><\/tr><tr><td>Jo\u00e3o Baptista da Silva<\/td><td>13\/06\/1982<\/td><td><a href=\"http:\/\/reitoria.ufpel.edu.br\/portarias\/arquivos\/1982\/0332_1982.pdf\">0332\/1982<\/a><\/td><td>Centro de Processamento de Dados<\/td><\/tr><tr><td>Luiz Ant\u00f4nio Moro Palazzo<\/td><td>06\/10\/1978<\/td><td><a href=\"http:\/\/reitoria.ufpel.edu.br\/portarias\/arquivos\/1978\/0597_1978.pdf\">0597\/1978<\/a><\/td><td>N\u00facleo de Processamento de Dados<\/td><\/tr><tr><td>Jo\u00e3o Baptista da Silva<\/td><td>20\/01\/1976<\/td><td><a href=\"http:\/\/reitoria.ufpel.edu.br\/portarias\/arquivos\/1976\/0030_1976.pdf\">0030\/1976<\/a><\/td><td>N\u00facleo de Processamento de Dados<\/td><\/tr><\/tbody><\/table><\/figure>\n","protected":false},"excerpt":{"rendered":"<p>GESTORES DA UNIDADE DE TIC DATA PORTARIA DENOMINA\u00c7\u00c3O DA UNIDADE Christiano Martino Otero \u00c1vila 09\/01\/2025 0210\/2025 Superintend\u00eancia de Gest\u00e3o de TIC J\u00falio Carlos Balzano de Mattos 30\/06\/2021 1110\/2021 Superintend\u00eancia de Gest\u00e3o de TIC J\u00falio Carlos Balzano de Mattos 13\/07\/2017 1432\/2017 Pr\u00f3-Reitoria de Gest\u00e3o de TIC J\u00falio Carlos Balzano de Mattos 12\/01\/2017 0144\/2017 Coordena\u00e7\u00e3o de TI [&hellip;]<\/p>\n","protected":false},"author":723,"featured_media":0,"parent":0,"menu_order":0,"comment_status":"closed","ping_status":"closed","template":"","meta":{"footnotes":""},"class_list":["post-830","page","type-page","status-publish","hentry"],"jetpack_sharing_enabled":true,"_links":{"self":[{"href":"https:\/\/wp.ufpel.edu.br\/sgtic\/wp-json\/wp\/v2\/pages\/830","targetHints":{"allow":["GET"]}}],"collection":[{"href":"https:\/\/wp.ufpel.edu.br\/sgtic\/wp-json\/wp\/v2\/pages"}],"about":[{"href":"https:\/\/wp.ufpel.edu.br\/sgtic\/wp-json\/wp\/v2\/types\/page"}],"author":[{"embeddable":true,"href":"https:\/\/wp.ufpel.edu.br\/sgtic\/wp-json\/wp\/v2\/users\/723"}],"replies":[{"embeddable":true,"href":"https:\/\/wp.ufpel.edu.br\/sgtic\/wp-json\/wp\/v2\/comments?post=830"}],"version-history":[{"count":20,"href":"https:\/\/wp.ufpel.edu.br\/sgtic\/wp-json\/wp\/v2\/pages\/830\/revisions"}],"predecessor-version":[{"id":1180,"href":"https:\/\/wp.ufpel.edu.br\/sgtic\/wp-json\/wp\/v2\/pages\/830\/revisions\/1180"}],"wp:attachment":[{"href":"https:\/\/wp.ufpel.edu.br\/sgtic\/wp-json\/wp\/v2\/media?parent=830"}],"curies":[{"name":"wp","href":"https:\/\/api.w.org\/{rel}","templated":true}]}}