{"id":68,"date":"2017-07-14T13:50:00","date_gmt":"2017-07-14T16:50:00","guid":{"rendered":"https:\/\/wp.ufpel.edu.br\/progic\/?page_id=68"},"modified":"2025-07-03T08:00:52","modified_gmt":"2025-07-03T11:00:52","slug":"sobre","status":"publish","type":"page","link":"https:\/\/wp.ufpel.edu.br\/sgtic\/","title":{"rendered":"Sobre a SGTIC"},"content":{"rendered":"\n<p>A Superintend\u00eancia de Gest\u00e3o de Tecnologia da Informa\u00e7\u00e3o e Comunica\u00e7\u00e3o (SGTIC) \u00e9 uma unidade vinculada ao Gabinete da Reitoria (GR) e respons\u00e1vel pela gest\u00e3o (planejamento, execu\u00e7\u00e3o e controle) e governan\u00e7a (avalia\u00e7\u00e3o, dire\u00e7\u00e3o e monitoramento) das tecnologias de informa\u00e7\u00e3o e comunica\u00e7\u00e3o da Universidade Federal de Pelotas (UFPel).<\/p>\n\n\n\n<p>Al\u00e9m de respons\u00e1vel pela efici\u00eancia, efic\u00e1cia, efetividade e economicidade dos segmentos administrativos espec\u00edficos da \u00e1rea de TIC: <a href=\"https:\/\/institucional.ufpel.edu.br\/unidades\/id\/944\">Redes e Infraestrutura<\/a>, e <a href=\"https:\/\/institucional.ufpel.edu.br\/unidades\/id\/947\">Sistemas de Informa\u00e7\u00e3o<\/a>; tamb\u00e9m abriga em seu organograma o <a href=\"https:\/\/wp.ufpel.edu.br\/escritoriodeprocessos\/\">Escrit\u00f3rio de Processos<\/a> e a <a href=\"https:\/\/institucional.ufpel.edu.br\/unidades\/id\/1134\">Se\u00e7\u00e3o de Seguran\u00e7a da Informa\u00e7\u00e3o<\/a>.<\/p>\n\n\n\n<p>Em rela\u00e7\u00e3o as suas <a href=\"https:\/\/wp.ufpel.edu.br\/sgtic\/atribuicoes\/\" data-type=\"page\" data-id=\"541\">atribui\u00e7\u00f5es<\/a> mais espec\u00edficas de direcionamento, destacam-se as 10 (dez) pr\u00e1ticas de <a href=\"https:\/\/wikigovernanca.ufpel.edu.br\/doku.php?id=start\">Governan\u00e7a<\/a>, cujas etapas objetivam organizar a opera\u00e7\u00e3o, o controle, a supervis\u00e3o e a coordena\u00e7\u00e3o dos recursos de TIC da UFPel.<\/p>\n\n\n\n<p>Quanto a seu quadro de pessoal, a SGTIC possui um superintendente e os demais <a href=\"https:\/\/institucional.ufpel.edu.br\/unidades\/id\/938#servidores\">servidores<\/a>, que podem ser identificados no <a href=\"https:\/\/institucional.ufpel.edu.br\/unidades\/id\/938\">Portal Institucional<\/a>.<\/p>\n\n\n<ul class=\"dados-cobalto cobalto-chefias-unidade\"><li><span class=\"cobalto-label\">Superintendente<\/span><a href=\"https:\/\/institucional.ufpel.edu.br\/servidores\/id\/29773\" target=\"_blank\">CHRISTIANO MARTINO OTERO AVILA<\/a><\/li><\/ul>\n","protected":false},"excerpt":{"rendered":"<p>A Superintend\u00eancia de Gest\u00e3o de Tecnologia da Informa\u00e7\u00e3o e Comunica\u00e7\u00e3o (SGTIC) \u00e9 uma unidade vinculada ao Gabinete da Reitoria (GR) e respons\u00e1vel pela gest\u00e3o (planejamento, execu\u00e7\u00e3o e controle) e governan\u00e7a (avalia\u00e7\u00e3o, dire\u00e7\u00e3o e monitoramento) das tecnologias de informa\u00e7\u00e3o e comunica\u00e7\u00e3o da Universidade Federal de Pelotas (UFPel). Al\u00e9m de respons\u00e1vel pela efici\u00eancia, efic\u00e1cia, efetividade e economicidade [&hellip;]<\/p>\n","protected":false},"author":774,"featured_media":0,"parent":0,"menu_order":0,"comment_status":"closed","ping_status":"closed","template":"page-sem-sidebar.php","meta":{"footnotes":""},"class_list":["post-68","page","type-page","status-publish","hentry"],"jetpack_sharing_enabled":true,"_links":{"self":[{"href":"https:\/\/wp.ufpel.edu.br\/sgtic\/wp-json\/wp\/v2\/pages\/68","targetHints":{"allow":["GET"]}}],"collection":[{"href":"https:\/\/wp.ufpel.edu.br\/sgtic\/wp-json\/wp\/v2\/pages"}],"about":[{"href":"https:\/\/wp.ufpel.edu.br\/sgtic\/wp-json\/wp\/v2\/types\/page"}],"author":[{"embeddable":true,"href":"https:\/\/wp.ufpel.edu.br\/sgtic\/wp-json\/wp\/v2\/users\/774"}],"replies":[{"embeddable":true,"href":"https:\/\/wp.ufpel.edu.br\/sgtic\/wp-json\/wp\/v2\/comments?post=68"}],"version-history":[{"count":14,"href":"https:\/\/wp.ufpel.edu.br\/sgtic\/wp-json\/wp\/v2\/pages\/68\/revisions"}],"predecessor-version":[{"id":1210,"href":"https:\/\/wp.ufpel.edu.br\/sgtic\/wp-json\/wp\/v2\/pages\/68\/revisions\/1210"}],"wp:attachment":[{"href":"https:\/\/wp.ufpel.edu.br\/sgtic\/wp-json\/wp\/v2\/media?parent=68"}],"curies":[{"name":"wp","href":"https:\/\/api.w.org\/{rel}","templated":true}]}}