{"id":375,"date":"2019-04-08T14:53:00","date_gmt":"2019-04-08T17:53:00","guid":{"rendered":"https:\/\/wp.ufpel.edu.br\/progic\/?page_id=375"},"modified":"2019-04-08T14:54:26","modified_gmt":"2019-04-08T17:54:26","slug":"politica-de-privacidade-do-aplicativo","status":"publish","type":"page","link":"https:\/\/wp.ufpel.edu.br\/sgtic\/politica-de-privacidade-do-aplicativo\/","title":{"rendered":"Pol\u00edtica de Privacidade do Aplicativo"},"content":{"rendered":"<p><strong>Informa\u00e7\u00f5es Coletadas<\/strong><br \/>\nA coleta de informa\u00e7\u00f5es no aplicativo tem como objetivo \u00fanico e exclusivo a manuten\u00e7\u00e3o e o aprimoramento dos servi\u00e7os disponibilizados, buscando a evolu\u00e7\u00e3o cont\u00ednua do aplicativo para oferecer uma melhor experi\u00eancia para os usu\u00e1rios.<br \/>\nDentre as informa\u00e7\u00f5es coletadas est\u00e3o:<br \/>\nHist\u00f3rico\/Registro de Navega\u00e7\u00e3o<br \/>\nContas no dispositivo e dados de perfil<br \/>\nVers\u00e3o do sistema operacional e modelo do dispositivo<br \/>\nLocaliza\u00e7\u00e3o geogr\u00e1fica do usu\u00e1rio<br \/>\nVolume de dados transferidos<br \/>\nEndere\u00e7o IP (Protocolo de Internet)<br \/>\nData e hora de acesso<br \/>\nO aplicativo n\u00e3o envia e-mail solicitando informa\u00e7\u00f5es, tais como senhas e outros dados pessoais.<\/p>\n<p><strong>Utiliza\u00e7\u00e3o da informa\u00e7\u00e3o coletada<\/strong><br \/>\nAs informa\u00e7\u00f5es coletadas s\u00e3o utilizadas para os seguintes prop\u00f3sitos:<br \/>\nAvaliar as funcionalidades mais utilizadas, permitindo que sejam oferecidos servi\u00e7os customizados para cada perfil<br \/>\nIdentifica\u00e7\u00e3o para corre\u00e7\u00e3o de erros<br \/>\nMelhoria de interface e design<br \/>\nAn\u00e1lise de estat\u00edsticas dos usu\u00e1rios que utilizam os servi\u00e7os<br \/>\nApoio na defini\u00e7\u00e3o do roadmap de evolu\u00e7\u00e3o do aplicativo<\/p>\n<p><strong>Compartilhamento das Informa\u00e7\u00f5es Pessoais<\/strong><br \/>\nAs informa\u00e7\u00f5es coletadas pelo aplicativo s\u00e3o de propriedade exclusiva da UFPel, n\u00e3o sendo compartilhadas com nenhuma outra institui\u00e7\u00e3o, exceto para cumprimento de exig\u00eancia legal, regulamenta\u00e7\u00e3o ou ordem judicial.<\/p>\n<p><strong>Prote\u00e7\u00e3o das Informa\u00e7\u00f5es Pessoais<\/strong><br \/>\nAs informa\u00e7\u00f5es coletadas pelo aplicativo s\u00e3o sigilosas e sujeitas a medidas de seguran\u00e7a e confidencialidade adequadas para impedir o acesso ou divulga\u00e7\u00e3o n\u00e3o autorizados, bem como altera\u00e7\u00e3o ou destrui\u00e7\u00e3o dos dados indevidamente.<\/p>\n<p><strong>Disposi\u00e7\u00f5es Gerais<\/strong><br \/>\nA utiliza\u00e7\u00e3o do aplicativo implica no aceite, por parte dos usu\u00e1rios, das condi\u00e7\u00f5es e termos desta pol\u00edtica.<br \/>\nA UFPel reserva-se o direito de alterar os termos desta Pol\u00edtica de Privacidade a qualquer momento, sem aviso pr\u00e9vio, ficando de responsabilidade do usu\u00e1rio se manter atualizado em rela\u00e7\u00e3o a esta pol\u00edtica.<\/p>\n","protected":false},"excerpt":{"rendered":"<p>Informa\u00e7\u00f5es Coletadas A coleta de informa\u00e7\u00f5es no aplicativo tem como objetivo \u00fanico e exclusivo a manuten\u00e7\u00e3o e o aprimoramento dos servi\u00e7os disponibilizados, buscando a evolu\u00e7\u00e3o cont\u00ednua do aplicativo para oferecer uma melhor experi\u00eancia para os usu\u00e1rios. Dentre as informa\u00e7\u00f5es coletadas est\u00e3o: Hist\u00f3rico\/Registro de Navega\u00e7\u00e3o Contas no dispositivo e dados de perfil Vers\u00e3o do sistema operacional [&hellip;]<\/p>\n","protected":false},"author":293,"featured_media":0,"parent":0,"menu_order":0,"comment_status":"closed","ping_status":"closed","template":"","meta":{"footnotes":""},"class_list":["post-375","page","type-page","status-publish","hentry"],"jetpack_sharing_enabled":true,"_links":{"self":[{"href":"https:\/\/wp.ufpel.edu.br\/sgtic\/wp-json\/wp\/v2\/pages\/375","targetHints":{"allow":["GET"]}}],"collection":[{"href":"https:\/\/wp.ufpel.edu.br\/sgtic\/wp-json\/wp\/v2\/pages"}],"about":[{"href":"https:\/\/wp.ufpel.edu.br\/sgtic\/wp-json\/wp\/v2\/types\/page"}],"author":[{"embeddable":true,"href":"https:\/\/wp.ufpel.edu.br\/sgtic\/wp-json\/wp\/v2\/users\/293"}],"replies":[{"embeddable":true,"href":"https:\/\/wp.ufpel.edu.br\/sgtic\/wp-json\/wp\/v2\/comments?post=375"}],"version-history":[{"count":4,"href":"https:\/\/wp.ufpel.edu.br\/sgtic\/wp-json\/wp\/v2\/pages\/375\/revisions"}],"predecessor-version":[{"id":380,"href":"https:\/\/wp.ufpel.edu.br\/sgtic\/wp-json\/wp\/v2\/pages\/375\/revisions\/380"}],"wp:attachment":[{"href":"https:\/\/wp.ufpel.edu.br\/sgtic\/wp-json\/wp\/v2\/media?parent=375"}],"curies":[{"name":"wp","href":"https:\/\/api.w.org\/{rel}","templated":true}]}}