{"id":268,"date":"2018-01-22T13:32:46","date_gmt":"2018-01-22T15:32:46","guid":{"rendered":"https:\/\/wp.ufpel.edu.br\/progic\/?page_id=268"},"modified":"2022-05-26T10:30:10","modified_gmt":"2022-05-26T13:30:10","slug":"equipe","status":"publish","type":"page","link":"https:\/\/wp.ufpel.edu.br\/sgtic\/sobre\/equipe\/","title":{"rendered":"Equipe e Hor\u00e1rios"},"content":{"rendered":"<p><strong><a href=\"https:\/\/institucional.ufpel.edu.br\/unidades\/id\/938\" target=\"_blank\" rel=\"noopener\">Superintend\u00eancia de Gest\u00e3o de Tecnologia da Informa\u00e7\u00e3o e Comunica\u00e7\u00e3o<\/a> &#8211; SGTIC<\/strong><\/p>\n<p><strong>Secretaria SGTIC<\/strong>:<\/p>\n<p>das 08h \u00e0s 12h &#8211; das 14h \u00e0s 18h<\/p>\n<p><strong>Servidores:<\/strong><\/p>\n<p>Fernanda Egues Sim\u00f5es<\/p>\n<p>Aline Elias Lamas (afastamento para Doutorado)<\/p>\n<p>Paula Lem\u00f5es Haertel (em exerc\u00edcio na PROGEP\/CDP)<\/p>\n<p style=\"text-align: left;\"><a style=\"padding-left: 60px;\">\u00a0 \u00a0 \u00a0 \u00a0\u00a0<\/a><\/p>\n<p><strong>Escrit\u00f3rio de Processos (EP):<\/strong><\/p>\n<p>das 08h \u00e0s 12h &#8211; das 14h \u00e0s 18h<\/p>\n<p><strong>Servidores:<\/strong><\/p>\n<p>Clara Denise Kegles Porto<\/p>\n<p>Eduardo Barros da Cunha (Licen\u00e7a Interesse Particular)<\/p>\n<p>Milton Luis Rodrigues Bresque (Chefe do Escrit\u00f3rio de\u00a0 Processos)<\/p>\n<p>&nbsp;<\/p>\n<p><strong>N\u00facleo de Regula\u00e7\u00e3o de Cursos (NRC):<\/strong><\/p>\n<p>das 08h \u00e0s 12h &#8211;\u00a0das 14h \u00e0s 18h<\/p>\n<p><strong>Servidores:<\/strong><\/p>\n<p>Maria Luiza Koglin<\/p>\n<p>Paula de Oliveira Moitinho Rippel (Chefe do NRC e Procuradora Educacional Institucional)<\/p>\n<p>&nbsp;<\/p>\n<p><strong>Coordena\u00e7\u00e3o de Sistemas de Informa\u00e7\u00e3o (CSI):<\/strong><\/p>\n<p>das 08h \u00e0s 12h &#8211;\u00a0das 14h \u00e0s 18h<\/p>\n<p><strong>Servidores:<\/strong><\/p>\n<p>Alexandre Gomes da Costa<\/p>\n<p style=\"text-align: left;\">Alfredo Luiz da Costa Tilmann<\/p>\n<p style=\"text-align: left;\">Amanda Argou Cardoso<\/p>\n<p style=\"text-align: left;\">Cassio Soares Carvalho (afastamento para Doutorado)<\/p>\n<p style=\"text-align: left;\">Diego Saraiva de Oliveira<\/p>\n<p>Fabricio Gonzales Scaglioni<\/p>\n<p>Felipe Lem\u00f5es Haerte<\/p>\n<p>Francisco de Paula Marques Rodrigues<\/p>\n<p>Gustavo Lima de Magalh\u00e3es<\/p>\n<p>Henrique Avila Vianna<\/p>\n<p>Jeronimo da Cunha Ramos<\/p>\n<p>Jos\u00e9 Hiram Salengue Noguez<\/p>\n<p>Leandro Stachovski Garcia<\/p>\n<p>Leandro Weige Dias<\/p>\n<p>Marcelo Alcantara Borges<\/p>\n<p>Rafael Teixeira dos Santos (Licen\u00e7a Interesse Particular)<\/p>\n<p>Thomas de Aguiar de Oliveira<\/p>\n<p>Vinicius Vieira dos Santos<\/p>\n<p>Virg\u00ednia Ortiz Andersson Vianna<\/p>\n<p>&nbsp;<\/p>\n<p><strong>Coordena\u00e7\u00e3o de Redes e Infraestrutura (CREI):<\/strong> Eduardo Maro\u00f1as Monks (coordenador)<\/p>\n<p>das 08h \u00e0s 12h &#8211;\u00a0das 14h \u00e0s 18h<\/p>\n<p><strong>N\u00facleo de Suporte, Manuten\u00e7\u00e3o e Infraestrutura (NSMI):<\/strong> Diorgenes Yuri Leal da Rosa (chefe)<\/p>\n<p>Augusto da Rosa Muniz<\/p>\n<p>Cau\u00ea Duarte<\/p>\n<p>Gustavo Mata Zechlinski<\/p>\n<p>Thiago Barneiro Cardoso<\/p>\n<p>Vanderson Oliveira da Silva<\/p>\n<p><strong>N\u00facleo de Gerencia de Redes (NGR):<\/strong> Henrique de Vasconcellos Rippel (chefe)<\/p>\n<p>Jeronimo Feijo Noble da Rosa<\/p>\n<p>Pablo de Chiaro Rosa<\/p>\n<p>Rafael Padilha da Silva<\/p>\n<p>Ricardo Borges Almeida (em exerc\u00edcio no Minist\u00e9rio da Economia)<\/p>\n<p>Tiago Camargo Al Alam<\/p>\n<p>&nbsp;<\/p>\n<p>&nbsp;<\/p>\n<p>&nbsp;<\/p>\n","protected":false},"excerpt":{"rendered":"<p>Superintend\u00eancia de Gest\u00e3o de Tecnologia da Informa\u00e7\u00e3o e Comunica\u00e7\u00e3o &#8211; SGTIC Secretaria SGTIC: das 08h \u00e0s 12h &#8211; das 14h \u00e0s 18h Servidores: Fernanda Egues Sim\u00f5es Aline Elias Lamas (afastamento para Doutorado) Paula Lem\u00f5es Haertel (em exerc\u00edcio na PROGEP\/CDP) \u00a0 \u00a0 \u00a0 \u00a0\u00a0 Escrit\u00f3rio de Processos (EP): das 08h \u00e0s 12h &#8211; das 14h \u00e0s [&hellip;]<\/p>\n","protected":false},"author":774,"featured_media":0,"parent":68,"menu_order":0,"comment_status":"closed","ping_status":"closed","template":"page-sem-sidebar.php","meta":{"footnotes":""},"class_list":["post-268","page","type-page","status-publish","hentry"],"jetpack_sharing_enabled":true,"_links":{"self":[{"href":"https:\/\/wp.ufpel.edu.br\/sgtic\/wp-json\/wp\/v2\/pages\/268","targetHints":{"allow":["GET"]}}],"collection":[{"href":"https:\/\/wp.ufpel.edu.br\/sgtic\/wp-json\/wp\/v2\/pages"}],"about":[{"href":"https:\/\/wp.ufpel.edu.br\/sgtic\/wp-json\/wp\/v2\/types\/page"}],"author":[{"embeddable":true,"href":"https:\/\/wp.ufpel.edu.br\/sgtic\/wp-json\/wp\/v2\/users\/774"}],"replies":[{"embeddable":true,"href":"https:\/\/wp.ufpel.edu.br\/sgtic\/wp-json\/wp\/v2\/comments?post=268"}],"version-history":[{"count":21,"href":"https:\/\/wp.ufpel.edu.br\/sgtic\/wp-json\/wp\/v2\/pages\/268\/revisions"}],"predecessor-version":[{"id":455,"href":"https:\/\/wp.ufpel.edu.br\/sgtic\/wp-json\/wp\/v2\/pages\/268\/revisions\/455"}],"up":[{"embeddable":true,"href":"https:\/\/wp.ufpel.edu.br\/sgtic\/wp-json\/wp\/v2\/pages\/68"}],"wp:attachment":[{"href":"https:\/\/wp.ufpel.edu.br\/sgtic\/wp-json\/wp\/v2\/media?parent=268"}],"curies":[{"name":"wp","href":"https:\/\/api.w.org\/{rel}","templated":true}]}}