{"id":2,"date":"2017-06-27T15:51:27","date_gmt":"2017-06-27T18:51:27","guid":{"rendered":"https:\/\/wp.ufpel.edu.br\/progic\/?page_id=2"},"modified":"2023-04-19T08:32:43","modified_gmt":"2023-04-19T11:32:43","slug":"home","status":"publish","type":"page","link":"https:\/\/wp.ufpel.edu.br\/sgtic\/home\/","title":{"rendered":"Home"},"content":{"rendered":"<div class=\"bloco-home clearfix\">\n<p><!--\n\n\n<div class=\"quadro-home quadro-cpi\">\n\n\n<h2><a href=\"https:\/\/wp.ufpel.edu.br\/cpi\"><i class=\"dashicons dashicons-id-alt\"> <\/i>\nInforma\u00e7\u00f5es Institucionais<\/a><\/h2>\n\n\n\n\n<ul>\n \t\n\n<li><a href=\"https:\/\/wp.ufpel.edu.br\/cpi\">Escrit\u00f3rio de Processos<\/a><\/li>\n\n\n \t\n\n<li><a href=\"https:\/\/wp.ufpel.edu.br\/cpi\">Regula\u00e7\u00e3o de Cursos<\/a><\/li>\n\n\n \t\n\n<li><a href=\"https:\/\/wp.ufpel.edu.br\/cpi\">Identifica\u00e7\u00e3o e Atendimento<\/a><\/li>\n\n\n \t\n\n<li><a href=\"https:\/\/wp.ufpel.edu.br\/cpi\">Ouvidoria<\/a><\/li>\n\n\n<\/ul>\n\n\n<\/div>\n\n\n--><\/p>\n<div class=\"quadro-home quadro-cti\">\n<h2><a href=\"https:\/\/wp.ufpel.edu.br\/cti\"><i class=\"dashicons dashicons-laptop\"> <\/i><br \/>\nCat\u00e1logo de Servi\u00e7os<\/a><\/h2>\n<ul>\n<li><a href=\"https:\/\/wp.ufpel.edu.br\/cti\">Escrit\u00f3rio de Processos<\/a><\/li>\n<li><a href=\"https:\/\/wp.ufpel.edu.br\/cti\">Governan\u00e7a de TIC<\/a><\/li>\n<li><a href=\"https:\/\/wp.ufpel.edu.br\/cti\">Redes e Infraestrutura de TIC<\/a><\/li>\n<li><a href=\"https:\/\/wp.ufpel.edu.br\/cti\">Sistemas de Informa\u00e7\u00e3o<\/a><\/li>\n<\/ul>\n<\/div>\n<p><!--\n\n\n<div class=\"quadro-home quadro-ccs\">\n\n\n<h2><a href=\"http:\/\/ccs.ufpel.edu.br\"><i class=\"dashicons dashicons-megaphone\"> <\/i>\nComunica\u00e7\u00e3o Social<\/a><\/h2>\n\n\n\n\n<ul>\n \t\n\n<li><a href=\"http:\/\/ccs.ufpel.edu.br\">Comunica\u00e7\u00e3o Institucional<\/a><\/li>\n\n\n \t\n\n<li><a href=\"http:\/\/ccs.ufpel.edu.br\">Relacionamento Acad\u00eamico<\/a><\/li>\n\n\n \t\n\n<li><a href=\"http:\/\/ccs.ufpel.edu.br\">Radiodifus\u00e3o P\u00fablica<\/a><\/li>\n\n\n \t\n\n<li><a href=\"http:\/\/ccs.ufpel.edu.br\">Gr\u00e1fica<\/a><\/li>\n\n\n<\/ul>\n\n\n<\/div>\n\n\n--><\/p>\n<\/div>\n","protected":false},"excerpt":{"rendered":"<p>Cat\u00e1logo de Servi\u00e7os Escrit\u00f3rio de Processos Governan\u00e7a de TIC Redes e Infraestrutura de TIC Sistemas de Informa\u00e7\u00e3o<\/p>\n","protected":false},"author":774,"featured_media":0,"parent":0,"menu_order":0,"comment_status":"closed","ping_status":"closed","template":"page-sem-sidebar.php","meta":{"footnotes":""},"class_list":["post-2","page","type-page","status-publish","hentry"],"jetpack_sharing_enabled":true,"_links":{"self":[{"href":"https:\/\/wp.ufpel.edu.br\/sgtic\/wp-json\/wp\/v2\/pages\/2","targetHints":{"allow":["GET"]}}],"collection":[{"href":"https:\/\/wp.ufpel.edu.br\/sgtic\/wp-json\/wp\/v2\/pages"}],"about":[{"href":"https:\/\/wp.ufpel.edu.br\/sgtic\/wp-json\/wp\/v2\/types\/page"}],"author":[{"embeddable":true,"href":"https:\/\/wp.ufpel.edu.br\/sgtic\/wp-json\/wp\/v2\/users\/774"}],"replies":[{"embeddable":true,"href":"https:\/\/wp.ufpel.edu.br\/sgtic\/wp-json\/wp\/v2\/comments?post=2"}],"version-history":[{"count":42,"href":"https:\/\/wp.ufpel.edu.br\/sgtic\/wp-json\/wp\/v2\/pages\/2\/revisions"}],"predecessor-version":[{"id":515,"href":"https:\/\/wp.ufpel.edu.br\/sgtic\/wp-json\/wp\/v2\/pages\/2\/revisions\/515"}],"wp:attachment":[{"href":"https:\/\/wp.ufpel.edu.br\/sgtic\/wp-json\/wp\/v2\/media?parent=2"}],"curies":[{"name":"wp","href":"https:\/\/api.w.org\/{rel}","templated":true}]}}