{"id":72,"date":"2012-03-16T11:09:26","date_gmt":"2012-03-16T14:09:26","guid":{"rendered":"https:\/\/wp.ufpel.edu.br\/pra\/"},"modified":"2026-03-31T15:37:07","modified_gmt":"2026-03-31T18:37:07","slug":"apresentacao","status":"publish","type":"page","link":"https:\/\/wp.ufpel.edu.br\/sga\/apresentacao\/","title":{"rendered":"Apresenta\u00e7\u00e3o"},"content":{"rendered":"<p>A <strong>PR\u00d3-REITORIA ADMINISTRATIVA<\/strong>, est\u00e1 estruturada em uma Superintend\u00eancia e quatro Coordena\u00e7\u00f5es:<\/p>\n<p style=\"padding-left: 40px;\">Superintend\u00eancia de Infraestrutura;<br \/>\nCoordena\u00e7\u00e3o Geral de Servi\u00e7os;<br \/>\nCoordena\u00e7\u00e3o Geral de Manuten\u00e7\u00e3o;<br \/>\nCoordena\u00e7\u00e3o de Material e Patrim\u00f4nio (CMP); e<br \/>\nCoordena\u00e7\u00e3o de Finan\u00e7as e Contabilidade (CFC).<\/p>\n<p>A PRA tem como principal finalidade garantir o pleno funcionamento das atividades administrativas, incluindo a gest\u00e3o financeira, material, patrimonial, contratual e de infraestrutura, de forma a buscar constantemente a excel\u00eancia no desempenho das tarefas, bem como produzir alternativas para otimizar a utiliza\u00e7\u00e3o dos recursos p\u00fablicos.<\/p>\n<p>As principais atribui\u00e7\u00f5es da Pr\u00f3-Reitoria Administrativa s\u00e3o:<\/p>\n<ul>\n<li>Planejar, organizar, coordenar, acompanhar e avaliar as atividades de administra\u00e7\u00e3o, envolvendo a gest\u00e3o financeira, patrimonial e contratual;<\/li>\n<li>Estabelecer e supervisionar a implementa\u00e7\u00e3o de pol\u00edticas e diretrizes voltadas \u00e0 economicidade e \u00e0 efic\u00e1cia administrativa;<\/li>\n<li>Produzir alternativas para otimizar a utiliza\u00e7\u00e3o dos recursos p\u00fablicos e assegurar o bom funcionamento log\u00edstico da Institui\u00e7\u00e3o;<\/li>\n<li>Promover o cont\u00ednuo abastecimento de materiais de uso comum e servi\u00e7os necess\u00e1rios ao desenvolvimento das atividades institucionais;<\/li>\n<li>Planejar, coordenar e supervisionar as a\u00e7\u00f5es relacionadas \u00e0 infraestrutura institucional, assegurando a adequada manuten\u00e7\u00e3o, conserva\u00e7\u00e3o e melhoria dos espa\u00e7os f\u00edsicos da Universidade;<\/li>\n<li>Gerir, acompanhar e fiscalizar os contratos de servi\u00e7os terceirizados vinculados \u00e0 \u00e1rea administrativa, garantindo a continuidade, a qualidade e a efici\u00eancia na presta\u00e7\u00e3o dos servi\u00e7os;<\/li>\n<li>Promover e renovar os procedimentos administrativos inerentes \u00e0 \u00e1rea de atua\u00e7\u00e3o.<\/li>\n<\/ul>\n","protected":false},"excerpt":{"rendered":"<p>A PR\u00d3-REITORIA ADMINISTRATIVA, est\u00e1 estruturada em uma Superintend\u00eancia e quatro Coordena\u00e7\u00f5es: Superintend\u00eancia de Infraestrutura; Coordena\u00e7\u00e3o Geral de Servi\u00e7os; Coordena\u00e7\u00e3o Geral de Manuten\u00e7\u00e3o; Coordena\u00e7\u00e3o de Material e Patrim\u00f4nio (CMP); e Coordena\u00e7\u00e3o de Finan\u00e7as e Contabilidade (CFC). A PRA tem como principal finalidade garantir o pleno funcionamento das atividades administrativas, incluindo a gest\u00e3o financeira, material, patrimonial, contratual [&hellip;]<\/p>\n","protected":false},"author":1459,"featured_media":0,"parent":0,"menu_order":0,"comment_status":"closed","ping_status":"closed","template":"","meta":{"jetpack_post_was_ever_published":false,"footnotes":""},"class_list":["post-72","page","type-page","status-publish","hentry"],"yoast_head":"<!-- This site is optimized with the Yoast SEO plugin v26.7 - https:\/\/yoast.com\/wordpress\/plugins\/seo\/ -->\n<title>Apresenta\u00e7\u00e3o - Pr\u00f3-Reitoria Administrativa<\/title>\n<meta name=\"robots\" content=\"index, follow, max-snippet:-1, max-image-preview:large, max-video-preview:-1\" \/>\n<link rel=\"canonical\" href=\"https:\/\/wp.ufpel.edu.br\/sga\/apresentacao\/\" \/>\n<meta property=\"og:locale\" content=\"pt_BR\" \/>\n<meta property=\"og:type\" content=\"article\" \/>\n<meta property=\"og:title\" content=\"Apresenta\u00e7\u00e3o - Pr\u00f3-Reitoria Administrativa\" \/>\n<meta property=\"og:description\" content=\"A PR\u00d3-REITORIA ADMINISTRATIVA, est\u00e1 estruturada em uma Superintend\u00eancia e quatro Coordena\u00e7\u00f5es: Superintend\u00eancia de Infraestrutura; Coordena\u00e7\u00e3o Geral de Servi\u00e7os; Coordena\u00e7\u00e3o Geral de Manuten\u00e7\u00e3o; Coordena\u00e7\u00e3o de Material e Patrim\u00f4nio (CMP); e Coordena\u00e7\u00e3o de Finan\u00e7as e Contabilidade (CFC). A PRA tem como principal finalidade garantir o pleno funcionamento das atividades administrativas, incluindo a gest\u00e3o financeira, material, patrimonial, contratual [&hellip;]\" \/>\n<meta property=\"og:url\" content=\"https:\/\/wp.ufpel.edu.br\/sga\/apresentacao\/\" \/>\n<meta property=\"og:site_name\" content=\"Pr\u00f3-Reitoria Administrativa\" \/>\n<meta property=\"article:modified_time\" content=\"2026-03-31T18:37:07+00:00\" \/>\n<meta name=\"twitter:card\" content=\"summary_large_image\" \/>\n<meta name=\"twitter:label1\" content=\"Est. tempo de leitura\" \/>\n\t<meta name=\"twitter:data1\" content=\"2 minutos\" \/>\n<script type=\"application\/ld+json\" class=\"yoast-schema-graph\">{\"@context\":\"https:\/\/schema.org\",\"@graph\":[{\"@type\":\"WebPage\",\"@id\":\"https:\/\/wp.ufpel.edu.br\/sga\/apresentacao\/\",\"url\":\"https:\/\/wp.ufpel.edu.br\/sga\/apresentacao\/\",\"name\":\"Apresenta\u00e7\u00e3o - Pr\u00f3-Reitoria Administrativa\",\"isPartOf\":{\"@id\":\"https:\/\/wp.ufpel.edu.br\/sga\/#website\"},\"datePublished\":\"2012-03-16T14:09:26+00:00\",\"dateModified\":\"2026-03-31T18:37:07+00:00\",\"breadcrumb\":{\"@id\":\"https:\/\/wp.ufpel.edu.br\/sga\/apresentacao\/#breadcrumb\"},\"inLanguage\":\"pt-BR\",\"potentialAction\":[{\"@type\":\"ReadAction\",\"target\":[\"https:\/\/wp.ufpel.edu.br\/sga\/apresentacao\/\"]}]},{\"@type\":\"BreadcrumbList\",\"@id\":\"https:\/\/wp.ufpel.edu.br\/sga\/apresentacao\/#breadcrumb\",\"itemListElement\":[{\"@type\":\"ListItem\",\"position\":1,\"name\":\"In\u00edcio\",\"item\":\"https:\/\/wp.ufpel.edu.br\/sga\/\"},{\"@type\":\"ListItem\",\"position\":2,\"name\":\"Apresenta\u00e7\u00e3o\"}]},{\"@type\":\"WebSite\",\"@id\":\"https:\/\/wp.ufpel.edu.br\/sga\/#website\",\"url\":\"https:\/\/wp.ufpel.edu.br\/sga\/\",\"name\":\"Pr\u00f3-Reitoria Administrativa\",\"description\":\"Universidade Federal de Pelotas\",\"potentialAction\":[{\"@type\":\"SearchAction\",\"target\":{\"@type\":\"EntryPoint\",\"urlTemplate\":\"https:\/\/wp.ufpel.edu.br\/sga\/?s={search_term_string}\"},\"query-input\":{\"@type\":\"PropertyValueSpecification\",\"valueRequired\":true,\"valueName\":\"search_term_string\"}}],\"inLanguage\":\"pt-BR\"}]}<\/script>\n<!-- \/ Yoast SEO plugin. -->","yoast_head_json":{"title":"Apresenta\u00e7\u00e3o - Pr\u00f3-Reitoria Administrativa","robots":{"index":"index","follow":"follow","max-snippet":"max-snippet:-1","max-image-preview":"max-image-preview:large","max-video-preview":"max-video-preview:-1"},"canonical":"https:\/\/wp.ufpel.edu.br\/sga\/apresentacao\/","og_locale":"pt_BR","og_type":"article","og_title":"Apresenta\u00e7\u00e3o - Pr\u00f3-Reitoria Administrativa","og_description":"A PR\u00d3-REITORIA ADMINISTRATIVA, est\u00e1 estruturada em uma Superintend\u00eancia e quatro Coordena\u00e7\u00f5es: Superintend\u00eancia de Infraestrutura; Coordena\u00e7\u00e3o Geral de Servi\u00e7os; Coordena\u00e7\u00e3o Geral de Manuten\u00e7\u00e3o; Coordena\u00e7\u00e3o de Material e Patrim\u00f4nio (CMP); e Coordena\u00e7\u00e3o de Finan\u00e7as e Contabilidade (CFC). A PRA tem como principal finalidade garantir o pleno funcionamento das atividades administrativas, incluindo a gest\u00e3o financeira, material, patrimonial, contratual [&hellip;]","og_url":"https:\/\/wp.ufpel.edu.br\/sga\/apresentacao\/","og_site_name":"Pr\u00f3-Reitoria Administrativa","article_modified_time":"2026-03-31T18:37:07+00:00","twitter_card":"summary_large_image","twitter_misc":{"Est. tempo de leitura":"2 minutos"},"schema":{"@context":"https:\/\/schema.org","@graph":[{"@type":"WebPage","@id":"https:\/\/wp.ufpel.edu.br\/sga\/apresentacao\/","url":"https:\/\/wp.ufpel.edu.br\/sga\/apresentacao\/","name":"Apresenta\u00e7\u00e3o - Pr\u00f3-Reitoria Administrativa","isPartOf":{"@id":"https:\/\/wp.ufpel.edu.br\/sga\/#website"},"datePublished":"2012-03-16T14:09:26+00:00","dateModified":"2026-03-31T18:37:07+00:00","breadcrumb":{"@id":"https:\/\/wp.ufpel.edu.br\/sga\/apresentacao\/#breadcrumb"},"inLanguage":"pt-BR","potentialAction":[{"@type":"ReadAction","target":["https:\/\/wp.ufpel.edu.br\/sga\/apresentacao\/"]}]},{"@type":"BreadcrumbList","@id":"https:\/\/wp.ufpel.edu.br\/sga\/apresentacao\/#breadcrumb","itemListElement":[{"@type":"ListItem","position":1,"name":"In\u00edcio","item":"https:\/\/wp.ufpel.edu.br\/sga\/"},{"@type":"ListItem","position":2,"name":"Apresenta\u00e7\u00e3o"}]},{"@type":"WebSite","@id":"https:\/\/wp.ufpel.edu.br\/sga\/#website","url":"https:\/\/wp.ufpel.edu.br\/sga\/","name":"Pr\u00f3-Reitoria Administrativa","description":"Universidade Federal de Pelotas","potentialAction":[{"@type":"SearchAction","target":{"@type":"EntryPoint","urlTemplate":"https:\/\/wp.ufpel.edu.br\/sga\/?s={search_term_string}"},"query-input":{"@type":"PropertyValueSpecification","valueRequired":true,"valueName":"search_term_string"}}],"inLanguage":"pt-BR"}]}},"jetpack_sharing_enabled":true,"_links":{"self":[{"href":"https:\/\/wp.ufpel.edu.br\/sga\/wp-json\/wp\/v2\/pages\/72","targetHints":{"allow":["GET"]}}],"collection":[{"href":"https:\/\/wp.ufpel.edu.br\/sga\/wp-json\/wp\/v2\/pages"}],"about":[{"href":"https:\/\/wp.ufpel.edu.br\/sga\/wp-json\/wp\/v2\/types\/page"}],"author":[{"embeddable":true,"href":"https:\/\/wp.ufpel.edu.br\/sga\/wp-json\/wp\/v2\/users\/1459"}],"replies":[{"embeddable":true,"href":"https:\/\/wp.ufpel.edu.br\/sga\/wp-json\/wp\/v2\/comments?post=72"}],"version-history":[{"count":2,"href":"https:\/\/wp.ufpel.edu.br\/sga\/wp-json\/wp\/v2\/pages\/72\/revisions"}],"predecessor-version":[{"id":5080,"href":"https:\/\/wp.ufpel.edu.br\/sga\/wp-json\/wp\/v2\/pages\/72\/revisions\/5080"}],"wp:attachment":[{"href":"https:\/\/wp.ufpel.edu.br\/sga\/wp-json\/wp\/v2\/media?parent=72"}],"curies":[{"name":"wp","href":"https:\/\/api.w.org\/{rel}","templated":true}]}}