{"id":4456,"date":"2021-12-15T09:47:56","date_gmt":"2021-12-15T12:47:56","guid":{"rendered":"https:\/\/wp.ufpel.edu.br\/pra\/?page_id=4456"},"modified":"2021-12-15T09:47:56","modified_gmt":"2021-12-15T12:47:56","slug":"manuais","status":"publish","type":"page","link":"https:\/\/wp.ufpel.edu.br\/sga\/manuais\/","title":{"rendered":"Manuais"},"content":{"rendered":"\n<p class=\"has-large-font-size\"><strong>Gest\u00e3o Patrimonial<\/strong><\/p>\n\n\n\n<p><a href=\"https:\/\/wp.ufpel.edu.br\/nupat\/manual\/\" target=\"_blank\" rel=\"noreferrer noopener\">Manual de Gest\u00e3o Patrimonial da UFPel<\/a><\/p>\n\n\n\n<p><a href=\"https:\/\/wp.ufpel.edu.br\/nupat\/manual\/\" target=\"_blank\" rel=\"noreferrer noopener\">Manual de Gest\u00e3o de Bens Im\u00f3veis da UFPel<\/a><\/p>\n\n\n\n<p><\/p>\n\n\n\n<p class=\"has-large-font-size\"><strong>Gest\u00e3o de Contratos:<\/strong><\/p>\n\n\n\n<p><a href=\"https:\/\/wp.ufpel.edu.br\/nucon\/manual\/\" target=\"_blank\" rel=\"noreferrer noopener\">Manual de Fiscaliza\u00e7\u00e3o de Contratos da UFPel<\/a><\/p>\n\n\n\n<p><\/p>\n\n\n\n<p class=\"has-large-font-size\"><strong>Gest\u00e3o Cont\u00e1bil e Financeira:<\/strong><\/p>\n\n\n\n<p><a href=\"https:\/\/wp.ufpel.edu.br\/cfc\/manuais-e-legislacao\/\" target=\"_blank\" rel=\"noreferrer noopener\">Manual Cadastramento de Conta Banc\u00e1ria SIAFI<\/a><\/p>\n\n\n\n<p><a href=\"https:\/\/wp.ufpel.edu.br\/cfc\/manuais-e-legislacao\/\" target=\"_blank\" rel=\"noreferrer noopener\">Manual de Lista de Fatura no SIAFI<\/a><\/p>\n\n\n\n<p><a href=\"https:\/\/wp.ufpel.edu.br\/cfc\/manuais-e-legislacao\/\" target=\"_blank\" rel=\"noreferrer noopener\">Manual de Lista de Credores no SIAFI<\/a><\/p>\n\n\n\n<p><a href=\"https:\/\/wp.ufpel.edu.br\/cfc\/manuais-e-legislacao\/\" target=\"_blank\" rel=\"noreferrer noopener\">Manual de Bolsas no SIAFI<\/a><\/p>\n\n\n\n<p><a href=\"https:\/\/wp.ufpel.edu.br\/cfc\/manuais-e-legislacao\/\" target=\"_blank\" rel=\"noreferrer noopener\">Manual de Emiss\u00e3o de GRU<\/a><\/p>\n\n\n\n<p><a href=\"https:\/\/wp.ufpel.edu.br\/cfc\/manuais-e-legislacao\/\" target=\"_blank\" rel=\"noreferrer noopener\">Tutorial de Assinatura de Empenho<\/a><\/p>\n\n\n\n<p><a href=\"https:\/\/wp.ufpel.edu.br\/cfc\/manuais-e-legislacao\/\" target=\"_blank\" rel=\"noreferrer noopener\">Manual de Emiss\u00e3o de Empenho no SIAFI Web<\/a><\/p>\n\n\n\n<p><\/p>\n\n\n\n<p><\/p>\n\n\n\n<p><\/p>\n\n\n\n<p><\/p>\n\n\n\n<p><\/p>\n\n\n\n<p>Al\u00e9m dos manuais indicados acima dispomos de diversos tutoriais relacionados a procedimentos de Aquisi\u00e7\u00f5es\/Contrata\u00e7\u00f5es <a href=\"https:\/\/wp.ufpel.edu.br\/numat\/tutoriais\/\">nesta p\u00e1gina.<\/a><\/p>\n\n\n\n<p><\/p>\n\n\n\n<p><\/p>\n\n\n\n<p><\/p>\n","protected":false},"excerpt":{"rendered":"<p>Gest\u00e3o Patrimonial Manual de Gest\u00e3o Patrimonial da UFPel Manual de Gest\u00e3o de Bens Im\u00f3veis da UFPel Gest\u00e3o de Contratos: Manual de Fiscaliza\u00e7\u00e3o de Contratos da UFPel Gest\u00e3o Cont\u00e1bil e Financeira: Manual Cadastramento de Conta Banc\u00e1ria SIAFI Manual de Lista de Fatura no SIAFI Manual de Lista de Credores no SIAFI Manual de Bolsas no SIAFI [&hellip;]<\/p>\n","protected":false},"author":1459,"featured_media":0,"parent":0,"menu_order":0,"comment_status":"closed","ping_status":"closed","template":"","meta":{"jetpack_post_was_ever_published":false,"footnotes":""},"class_list":["post-4456","page","type-page","status-publish","hentry"],"yoast_head":"<!-- This site is optimized with the Yoast SEO plugin v26.7 - https:\/\/yoast.com\/wordpress\/plugins\/seo\/ -->\n<title>Manuais - Pr\u00f3-Reitoria Administrativa<\/title>\n<meta name=\"robots\" content=\"index, follow, max-snippet:-1, max-image-preview:large, max-video-preview:-1\" \/>\n<link rel=\"canonical\" href=\"https:\/\/wp.ufpel.edu.br\/sga\/manuais\/\" \/>\n<meta property=\"og:locale\" content=\"pt_BR\" \/>\n<meta property=\"og:type\" content=\"article\" \/>\n<meta property=\"og:title\" content=\"Manuais - Pr\u00f3-Reitoria Administrativa\" \/>\n<meta property=\"og:description\" content=\"Gest\u00e3o Patrimonial Manual de Gest\u00e3o Patrimonial da UFPel Manual de Gest\u00e3o de Bens Im\u00f3veis da UFPel Gest\u00e3o de Contratos: Manual de Fiscaliza\u00e7\u00e3o de Contratos da UFPel Gest\u00e3o Cont\u00e1bil e Financeira: Manual Cadastramento de Conta Banc\u00e1ria SIAFI Manual de Lista de Fatura no SIAFI Manual de Lista de Credores no SIAFI Manual de Bolsas no SIAFI [&hellip;]\" \/>\n<meta property=\"og:url\" content=\"https:\/\/wp.ufpel.edu.br\/sga\/manuais\/\" \/>\n<meta property=\"og:site_name\" content=\"Pr\u00f3-Reitoria Administrativa\" \/>\n<meta name=\"twitter:card\" content=\"summary_large_image\" \/>\n<meta name=\"twitter:label1\" content=\"Est. tempo de leitura\" \/>\n\t<meta name=\"twitter:data1\" content=\"1 minuto\" \/>\n<script type=\"application\/ld+json\" class=\"yoast-schema-graph\">{\"@context\":\"https:\/\/schema.org\",\"@graph\":[{\"@type\":\"WebPage\",\"@id\":\"https:\/\/wp.ufpel.edu.br\/sga\/manuais\/\",\"url\":\"https:\/\/wp.ufpel.edu.br\/sga\/manuais\/\",\"name\":\"Manuais - Pr\u00f3-Reitoria Administrativa\",\"isPartOf\":{\"@id\":\"https:\/\/wp.ufpel.edu.br\/sga\/#website\"},\"datePublished\":\"2021-12-15T12:47:56+00:00\",\"breadcrumb\":{\"@id\":\"https:\/\/wp.ufpel.edu.br\/sga\/manuais\/#breadcrumb\"},\"inLanguage\":\"pt-BR\",\"potentialAction\":[{\"@type\":\"ReadAction\",\"target\":[\"https:\/\/wp.ufpel.edu.br\/sga\/manuais\/\"]}]},{\"@type\":\"BreadcrumbList\",\"@id\":\"https:\/\/wp.ufpel.edu.br\/sga\/manuais\/#breadcrumb\",\"itemListElement\":[{\"@type\":\"ListItem\",\"position\":1,\"name\":\"In\u00edcio\",\"item\":\"https:\/\/wp.ufpel.edu.br\/sga\/\"},{\"@type\":\"ListItem\",\"position\":2,\"name\":\"Manuais\"}]},{\"@type\":\"WebSite\",\"@id\":\"https:\/\/wp.ufpel.edu.br\/sga\/#website\",\"url\":\"https:\/\/wp.ufpel.edu.br\/sga\/\",\"name\":\"Pr\u00f3-Reitoria Administrativa\",\"description\":\"Universidade Federal de Pelotas\",\"potentialAction\":[{\"@type\":\"SearchAction\",\"target\":{\"@type\":\"EntryPoint\",\"urlTemplate\":\"https:\/\/wp.ufpel.edu.br\/sga\/?s={search_term_string}\"},\"query-input\":{\"@type\":\"PropertyValueSpecification\",\"valueRequired\":true,\"valueName\":\"search_term_string\"}}],\"inLanguage\":\"pt-BR\"}]}<\/script>\n<!-- \/ Yoast SEO plugin. -->","yoast_head_json":{"title":"Manuais - Pr\u00f3-Reitoria Administrativa","robots":{"index":"index","follow":"follow","max-snippet":"max-snippet:-1","max-image-preview":"max-image-preview:large","max-video-preview":"max-video-preview:-1"},"canonical":"https:\/\/wp.ufpel.edu.br\/sga\/manuais\/","og_locale":"pt_BR","og_type":"article","og_title":"Manuais - Pr\u00f3-Reitoria Administrativa","og_description":"Gest\u00e3o Patrimonial Manual de Gest\u00e3o Patrimonial da UFPel Manual de Gest\u00e3o de Bens Im\u00f3veis da UFPel Gest\u00e3o de Contratos: Manual de Fiscaliza\u00e7\u00e3o de Contratos da UFPel Gest\u00e3o Cont\u00e1bil e Financeira: Manual Cadastramento de Conta Banc\u00e1ria SIAFI Manual de Lista de Fatura no SIAFI Manual de Lista de Credores no SIAFI Manual de Bolsas no SIAFI [&hellip;]","og_url":"https:\/\/wp.ufpel.edu.br\/sga\/manuais\/","og_site_name":"Pr\u00f3-Reitoria Administrativa","twitter_card":"summary_large_image","twitter_misc":{"Est. tempo de leitura":"1 minuto"},"schema":{"@context":"https:\/\/schema.org","@graph":[{"@type":"WebPage","@id":"https:\/\/wp.ufpel.edu.br\/sga\/manuais\/","url":"https:\/\/wp.ufpel.edu.br\/sga\/manuais\/","name":"Manuais - Pr\u00f3-Reitoria Administrativa","isPartOf":{"@id":"https:\/\/wp.ufpel.edu.br\/sga\/#website"},"datePublished":"2021-12-15T12:47:56+00:00","breadcrumb":{"@id":"https:\/\/wp.ufpel.edu.br\/sga\/manuais\/#breadcrumb"},"inLanguage":"pt-BR","potentialAction":[{"@type":"ReadAction","target":["https:\/\/wp.ufpel.edu.br\/sga\/manuais\/"]}]},{"@type":"BreadcrumbList","@id":"https:\/\/wp.ufpel.edu.br\/sga\/manuais\/#breadcrumb","itemListElement":[{"@type":"ListItem","position":1,"name":"In\u00edcio","item":"https:\/\/wp.ufpel.edu.br\/sga\/"},{"@type":"ListItem","position":2,"name":"Manuais"}]},{"@type":"WebSite","@id":"https:\/\/wp.ufpel.edu.br\/sga\/#website","url":"https:\/\/wp.ufpel.edu.br\/sga\/","name":"Pr\u00f3-Reitoria Administrativa","description":"Universidade Federal de Pelotas","potentialAction":[{"@type":"SearchAction","target":{"@type":"EntryPoint","urlTemplate":"https:\/\/wp.ufpel.edu.br\/sga\/?s={search_term_string}"},"query-input":{"@type":"PropertyValueSpecification","valueRequired":true,"valueName":"search_term_string"}}],"inLanguage":"pt-BR"}]}},"jetpack_sharing_enabled":true,"_links":{"self":[{"href":"https:\/\/wp.ufpel.edu.br\/sga\/wp-json\/wp\/v2\/pages\/4456","targetHints":{"allow":["GET"]}}],"collection":[{"href":"https:\/\/wp.ufpel.edu.br\/sga\/wp-json\/wp\/v2\/pages"}],"about":[{"href":"https:\/\/wp.ufpel.edu.br\/sga\/wp-json\/wp\/v2\/types\/page"}],"author":[{"embeddable":true,"href":"https:\/\/wp.ufpel.edu.br\/sga\/wp-json\/wp\/v2\/users\/1459"}],"replies":[{"embeddable":true,"href":"https:\/\/wp.ufpel.edu.br\/sga\/wp-json\/wp\/v2\/comments?post=4456"}],"version-history":[{"count":0,"href":"https:\/\/wp.ufpel.edu.br\/sga\/wp-json\/wp\/v2\/pages\/4456\/revisions"}],"wp:attachment":[{"href":"https:\/\/wp.ufpel.edu.br\/sga\/wp-json\/wp\/v2\/media?parent=4456"}],"curies":[{"name":"wp","href":"https:\/\/api.w.org\/{rel}","templated":true}]}}