{"id":3734,"date":"2020-01-30T16:56:22","date_gmt":"2020-01-30T19:56:22","guid":{"rendered":"https:\/\/wp.ufpel.edu.br\/pra\/?page_id=3734"},"modified":"2026-03-16T09:44:53","modified_gmt":"2026-03-16T12:44:53","slug":"pgc","status":"publish","type":"page","link":"https:\/\/wp.ufpel.edu.br\/sga\/pgc\/","title":{"rendered":"PCA\/PGC"},"content":{"rendered":"<p><strong><strong class=\"collapseomatic \" id=\"id69d5d1dd77b7f\" rel=\"-highlander\" tabindex=\"0\" title=\"Senha de Acesso\"    >Senha de Acesso<\/strong><div id=\"target-id69d5d1dd77b7f\" class=\"collapseomatic_content \"><\/strong><\/p>\n<p><a href=\"https:\/\/wp.ufpel.edu.br\/sga\/files\/2025\/04\/Solicitacao-da-senha-rede-PGC.pdf\" target=\"_blank\" rel=\"noopener\">Orienta\u00e7\u00e3o para solicita\u00e7\u00e3o da senha de acesso ao PGC<\/a> <\/div>\n<p><strong><strong class=\"collapseomatic \" id=\"id69d5d1dd77c16\" rel=\"-highlander\" tabindex=\"0\" title=\"Manual do Sistema PGC\"    >Manual do Sistema PGC<\/strong><div id=\"target-id69d5d1dd77c16\" class=\"collapseomatic_content \"><\/strong><\/p>\n<p><a href=\"https:\/\/www.gov.br\/compras\/pt-br\/sistemas\/arquivos-doc-e-pdf\/manualpgc.pdf\" target=\"_blank\" rel=\"noopener\">Manual do Usu\u00e1rio Sistema PGC 2022<\/a><\/p>\n<p><a href=\"https:\/\/www.gov.br\/compras\/pt-br\/acesso-a-informacao\/manuais\/manual-fase-interna\/manuais-pgc\/PassoapassoPGC.pdf\" target=\"_blank\" rel=\"noopener\">Manual do Usu\u00e1rio Sistema PGC\u00a0 a partir de 2023<\/a>\u00a0<\/div>\n<p><strong><strong class=\"collapseomatic \" id=\"id69d5d1dd77c42\" rel=\"-highlander\" tabindex=\"0\" title=\"Acesso ao Sistema PGC\"    >Acesso ao Sistema PGC<\/strong><div id=\"target-id69d5d1dd77c42\" class=\"collapseomatic_content \"><\/strong><\/p>\n<p><a href=\"https:\/\/www.comprasnet.gov.br\/seguro\/loginPortal.asp\" target=\"_blank\" rel=\"noopener\">Sistema PGC<\/div><\/a><\/p>\n<p><strong><strong class=\"collapseomatic \" id=\"id69d5d1dd77c69\" rel=\"-highlander\" tabindex=\"0\" title=\"Cronograma de cadastramento do PCA no sistema PGC\"    >Cronograma de cadastramento do PCA no sistema PGC<\/strong><div id=\"target-id69d5d1dd77c69\" class=\"collapseomatic_content \"><\/strong><\/p>\n<table style=\"width: 619px;\">\n<tbody>\n<tr>\n<td style=\"width: 464px; text-align: center;\" width=\"283\"><strong>Atividade<\/strong><\/td>\n<td style=\"width: 155px; text-align: center;\" width=\"283\"><strong>Prazo<\/strong><\/td>\n<\/tr>\n<tr>\n<td style=\"width: 464px;\" width=\"283\">\n<p style=\"text-align: justify;\">Os usu\u00e1rios requisitantes dever\u00e3o criar seus documentos de formaliza\u00e7\u00e3o das demandas,\u00a0submet\u00ea-los aos setores t\u00e9cnicos, quando couber\u00a0e envi\u00e1-los ao setor de contrata\u00e7\u00f5es.<\/p>\n<\/td>\n<td style=\"width: 155px; text-align: right;\" width=\"283\">At\u00e9 15\/03<\/td>\n<\/tr>\n<tr>\n<td style=\"width: 464px;\" width=\"283\">\n<p style=\"text-align: justify;\">O setor de contrata\u00e7\u00f5es,\u00a0realizar\u00e1\u00a0o agrupamento dos itens dos\u00a0DFDs\u00a0em processos de contrata\u00e7\u00e3o, gerando o cronograma de execu\u00e7\u00e3o do PCA, e submet\u00ea-lo a aprova\u00e7\u00e3o da autoridade competente.<\/p>\n<\/td>\n<td style=\"width: 155px; text-align: right;\" width=\"283\">De 16\/03 a 15\/04<\/td>\n<\/tr>\n<tr>\n<td style=\"width: 464px;\" width=\"283\">\n<p style=\"text-align: justify;\">A autoridade competente\u00a0dever\u00e1 analisar\u00a0o plano anual elaborado\u00a0pelo setor de contrata\u00e7\u00f5es,\u00a0proceder com\u00a0sua aprova\u00e7\u00e3o. Ap\u00f3s a\u00a0aprova\u00e7\u00e3o, o plano ser\u00e1 enviado\u00a0automaticamente\u00a0ao PNPC.<\/p>\n<\/td>\n<td style=\"width: 155px; text-align: right;\" width=\"283\">At\u00e9 30\/04<\/td>\n<\/tr>\n<tr>\n<td style=\"width: 464px;\">\n<p style=\"text-align: justify;\">Revis\u00e3o e altera\u00e7\u00e3o do PCA do exerc\u00edcio subsequente pelos usu\u00e1rios requisitantes.<\/p>\n<\/td>\n<td style=\"width: 155px; text-align: right;\">De 15\/09 at\u00e9 31\/10<\/td>\n<\/tr>\n<tr>\n<td style=\"width: 464px;\">\n<p style=\"text-align: justify;\">O setor de contrata\u00e7\u00f5es, realizar\u00e1 o agrupamento dos itens dos DFDs em processos de contrata\u00e7\u00e3o inclu\u00eddos, gerando o cronograma de execu\u00e7\u00e3o do PCA, e submet\u00ea-lo a aprova\u00e7\u00e3o da autoridade competente.<\/p>\n<\/td>\n<td style=\"width: 155px; text-align: right;\">De 01 a 04\/11<\/td>\n<\/tr>\n<tr>\n<td style=\"width: 464px;\">\n<p style=\"text-align: justify;\">A autoridade competente\u00a0dever\u00e1 analisar\u00a0o plano anual elaborado\u00a0pelo setor de contrata\u00e7\u00f5es,\u00a0proceder com\u00a0sua aprova\u00e7\u00e3o. Ap\u00f3s a\u00a0aprova\u00e7\u00e3o, o plano ser\u00e1 enviado\u00a0automaticamente\u00a0ao PNPC.<\/p>\n<\/td>\n<td style=\"width: 155px; text-align: right;\">At\u00e9 15\/11<\/td>\n<\/tr>\n<\/tbody>\n<\/table>\n<p><strong>OBS.: Os prazos acima estabelecidos s\u00e3o fixos, aplicando-se independentemente do exerc\u00edcio financeiro de refer\u00eancia.<\/strong><\/p>\n<p><a href=\"https:\/\/www.gov.br\/compras\/pt-br\/centrais-de-conteudo\/cursos-e-capacitacoes\/planejamento-e-gerenciamento-de-contratacoes\" target=\"_blank\" rel=\"noopener\"><\/div><\/a><\/p>\n<p><strong><strong class=\"collapseomatic \" id=\"id69d5d1dd77c8d\" rel=\"-highlander\" tabindex=\"0\" title=\"Material de Apoio \"    >Material de Apoio <\/strong><div id=\"target-id69d5d1dd77c8d\" class=\"collapseomatic_content \"><\/strong><\/p>\n<p><strong>PGC\/PAC 2020-2022<\/strong><\/p>\n<p><a href=\"https:\/\/wp.ufpel.edu.br\/sga\/files\/2021\/05\/apresenta-PGC-PRA-11.03.2020.pdf\" target=\"_blank\" rel=\"noopener\">Apresenta\u00e7\u00e3o PGC &#8211; PRA &#8211; 11.03.2020<\/a><\/p>\n<p><a href=\"https:\/\/www.gov.br\/compras\/pt-br\/acesso-a-informacao\/noticias\/governo-federal-simplifica-regras-do-planejamento-das-compras-governamentais\" target=\"_blank\" rel=\"noopener\">Informa\u00e7\u00f5es Gerais<\/a><\/p>\n<p><a href=\"https:\/\/www.gov.br\/compras\/pt-br\/assuntos\/plano-anual-de-contratacoes\/plano-anual-de-contratacoes-pac\" target=\"_blank\" rel=\"noopener\">Plano Anual de Contrata\u00e7\u00f5es<\/a><\/p>\n<p><a href=\"https:\/\/www.gov.br\/compras\/pt-br\/centrais-de-conteudo\/cursos-e-capacitacoes\/planejamento-e-gerenciamento-de-contratacoes\" target=\"_blank\" rel=\"noopener\">V\u00eddeos Tutoriais<\/a><\/p>\n<p><strong>PGC\/PCA a partir de 2023<\/strong><\/p>\n<p><a href=\"https:\/\/www.gov.br\/economia\/pt-br\/assuntos\/noticias\/2022\/janeiro\/governo-federal-define-novas-regras-para-o-planejamento-de-licitacoes-publicas\" target=\"_blank\" rel=\"noopener\">Informa\u00e7\u00f5es Gerais<\/a><\/p>\n<p>Webinar SEGES &#8211; Nova Funcionalidade do Sistema PGC:<\/p>\n<ul>\n<li>\u00a0Assistir na \u00edntegra: <a href=\"https:\/\/www.youtube.com\/watch?v=459El_qXsNo\" target=\"_blank\" rel=\"noopener\">https:\/\/www.youtube.com\/watch?v=459El_qXsNo<\/a><\/li>\n<li>Parte do webinar que trata espec\u00edfico da cria\u00e7\u00e3o do Documento de Formaliza\u00e7\u00e3o de Demanda (DFD): <a class=\"yt-simple-endpoint style-scope yt-formatted-string\" href=\"https:\/\/www.youtube.com\/watch?v=459El_qXsNo&amp;t=2505s\" target=\"_blank\" rel=\"noopener\">00:41:45<\/a><span class=\"style-scope yt-formatted-string\" dir=\"auto\">\u00a0<\/span><\/li>\n<\/ul>\n<p>Live: Mudan\u00e7as e novidades do Sistema PGC, ministrada pela Vanessa Ventura (Coordenadora de projetos no Minist\u00e9rio da Economia)<\/p>\n<ul>\n<li>Assistir na \u00edntegra:\u00a0<a href=\"https:\/\/www.youtube.com\/watch?v=5542q1O26Kk\" target=\"_blank\" rel=\"noopener\">https:\/\/www.youtube.com\/watch?v=5542q1O26Kk<\/a><\/li>\n<\/ul>\n<p><a href=\"https:\/\/www.gov.br\/compras\/pt-br\/centrais-de-conteudo\/cursos-e-capacitacoes\/planejamento-e-gerenciamento-de-contratacoes\" target=\"_blank\" rel=\"noopener\"><\/div><\/a><\/p>\n<p><strong><strong class=\"collapseomatic \" id=\"id69d5d1dd77cae\" rel=\"-highlander\" tabindex=\"0\" title=\"Planos Anuais de Contrata\u00e7\u00f5es\"    >Planos Anuais de Contrata\u00e7\u00f5es<\/strong><div id=\"target-id69d5d1dd77cae\" class=\"collapseomatic_content \"><\/strong><\/p>\n<p style=\"text-align: justify;\">Em aten\u00e7\u00e3o a Instru\u00e7\u00e3o Normativa n\u00ba01, de 10 de janeiro de 2019, do Minist\u00e9rio da Economia, estar\u00e3o dispon\u00edveis os Planos Anuais de Contrata\u00e7\u00f5es da UFPel, que ser\u00e3o extra\u00eddos a partir do preenchimento das informa\u00e7\u00f5es no Sistema de Planejamento e Gerenciamento de Contrata\u00e7\u00f5es &#8211; PGC .<\/p>\n<p><a href=\"https:\/\/wp.ufpel.edu.br\/sga\/files\/2020\/01\/Relatorio_Itens-Totalizando.pdf\" target=\"_blank\" rel=\"noopener\">Plano Anual de Contrata\u00e7\u00f5es 2020<\/a><\/p>\n<p><a href=\"https:\/\/wp.ufpel.edu.br\/sga\/files\/2021\/04\/Relatorio_Itens.pdf\" target=\"_blank\" rel=\"noopener\">Plano Anual de Contrata\u00e7\u00f5es 2021<\/a><\/p>\n<p><a href=\"https:\/\/wp.ufpel.edu.br\/sga\/files\/2021\/11\/Relatorio-do-Plano-Anual-PGC-2022-2.pdf\" target=\"_blank\" rel=\"noopener\">Plano Anual de Contrata\u00e7\u00f5es 2022<\/a><\/p>\n<p>Com as atualiza\u00e7\u00f5es trazidas pelo Decreto 10.947\/2022, o plano de contrata\u00e7\u00f5es anual aprovado pela autoridade competente ser\u00e1 disponibilizado automaticamente no Portal Nacional de Contrata\u00e7\u00f5es P\u00fablicas.<\/p>\n<p><em><strong>OBS<\/strong>.<\/em>: as inclus\u00f5es realizadas durante a execu\u00e7\u00e3o do plano correspondente ao exerc\u00edcio de 2022 tamb\u00e9m estar\u00e3o dispon\u00edveis no portal.<\/p>\n<p>Link para acesso:\u00a0<a href=\"https:\/\/pncp.gov.br\/app\/pca?pagina=1\" target=\"_blank\" rel=\"noopener\">https:\/\/pncp.gov.br\/app\/pca?pagina=1<\/a><strong><\/div><\/strong><\/p>\n<p><strong><strong class=\"collapseomatic \" id=\"id69d5d1dd77cce\" rel=\"-highlander\" tabindex=\"0\" title=\"Legisla\u00e7\u00e3o\"    >Legisla\u00e7\u00e3o<\/strong><div id=\"target-id69d5d1dd77cce\" class=\"collapseomatic_content \"><\/strong><\/p>\n<p><a href=\"https:\/\/www.gov.br\/compras\/pt-br\/acesso-a-informacao\/legislacao\/instrucoes-normativas\/instrucao-normativa-no-1-de-10-de-janeiro-de-2019-atualizada\" target=\"_blank\" rel=\"noreferrer noopener\">INSTRU\u00c7\u00c3O NORMATIVA N\u00ba 1, DE 10 DE JANEIRO DE 2019<\/a>\u00a0\u2013 Disp\u00f5e sobre o Plano Anual de Contrata\u00e7\u00f5es<\/p>\n<p><a href=\"https:\/\/www.gov.br\/compras\/pt-br\/acesso-a-informacao\/legislacao\/instrucoes-normativas-revogadas\/instrucao-normativa-no-4-de-8-de-agosto-de-2019\" target=\"_blank\" rel=\"noreferrer noopener\">INSTRU\u00c7\u00c3O NORMATIVA N\u00ba 4, DE 08 DE AGOSTO DE 2019<\/a> \u2013 Altera a Instru\u00e7\u00e3o Normativa n\u00ba01\/2019, que disp\u00f5e sobre o Plano Anual de Contrata\u00e7\u00f5es<\/p>\n<p><a href=\"https:\/\/www.gov.br\/compras\/pt-br\/acesso-a-informacao\/legislacao\/instrucoes-normativas\/instrucao-normativa-seges-me-no-20-de-04-de-abril-de-2022\" target=\"_blank\" rel=\"noreferrer noopener\">INSTRU\u00c7\u00c3O NORMATIVA N\u00ba 20, DE 04 DE ABRIL DE 2022<\/a> \u2013 Declara a revoga\u00e7\u00e3o das Instru\u00e7\u00f5es Normativas n\u00ba01 e n\u00ba04 de 2019 .<\/p>\n<p><a href=\"https:\/\/in.gov.br\/en\/web\/dou\/-\/decreto-n-10.947-de-25-de-janeiro-de-2022-376059032\" target=\"_blank\" rel=\"noreferrer noopener\">DECRETO N\u00ba 10.947, DE 25 DE JANEIRO DE 2022<\/a>\u00a0\u2013 Disp\u00f5e sobre o Plano Anual de Contrata\u00e7\u00f5es<\/p>\n<p><a href=\"https:\/\/pgc.planejamento.gov.br\/login\" target=\"_blank\" rel=\"noopener\"><\/div><\/a><\/p>\n","protected":false},"excerpt":{"rendered":"","protected":false},"author":1459,"featured_media":0,"parent":0,"menu_order":0,"comment_status":"closed","ping_status":"closed","template":"","meta":{"jetpack_post_was_ever_published":false,"footnotes":""},"class_list":["post-3734","page","type-page","status-publish","hentry"],"yoast_head":"<!-- This site is optimized with the Yoast SEO plugin v26.7 - https:\/\/yoast.com\/wordpress\/plugins\/seo\/ -->\n<title>PCA\/PGC - Pr\u00f3-Reitoria Administrativa<\/title>\n<meta name=\"robots\" content=\"index, follow, max-snippet:-1, max-image-preview:large, max-video-preview:-1\" \/>\n<link rel=\"canonical\" href=\"https:\/\/wp.ufpel.edu.br\/sga\/pgc\/\" \/>\n<meta property=\"og:locale\" content=\"pt_BR\" \/>\n<meta property=\"og:type\" content=\"article\" \/>\n<meta property=\"og:title\" content=\"PCA\/PGC - Pr\u00f3-Reitoria Administrativa\" \/>\n<meta property=\"og:url\" content=\"https:\/\/wp.ufpel.edu.br\/sga\/pgc\/\" \/>\n<meta property=\"og:site_name\" content=\"Pr\u00f3-Reitoria Administrativa\" \/>\n<meta property=\"article:modified_time\" content=\"2026-03-16T12:44:53+00:00\" \/>\n<meta name=\"twitter:card\" content=\"summary_large_image\" \/>\n<meta name=\"twitter:label1\" content=\"Est. tempo de leitura\" \/>\n\t<meta name=\"twitter:data1\" content=\"3 minutos\" \/>\n<script type=\"application\/ld+json\" class=\"yoast-schema-graph\">{\"@context\":\"https:\/\/schema.org\",\"@graph\":[{\"@type\":\"WebPage\",\"@id\":\"https:\/\/wp.ufpel.edu.br\/sga\/pgc\/\",\"url\":\"https:\/\/wp.ufpel.edu.br\/sga\/pgc\/\",\"name\":\"PCA\/PGC - Pr\u00f3-Reitoria Administrativa\",\"isPartOf\":{\"@id\":\"https:\/\/wp.ufpel.edu.br\/sga\/#website\"},\"datePublished\":\"2020-01-30T19:56:22+00:00\",\"dateModified\":\"2026-03-16T12:44:53+00:00\",\"breadcrumb\":{\"@id\":\"https:\/\/wp.ufpel.edu.br\/sga\/pgc\/#breadcrumb\"},\"inLanguage\":\"pt-BR\",\"potentialAction\":[{\"@type\":\"ReadAction\",\"target\":[\"https:\/\/wp.ufpel.edu.br\/sga\/pgc\/\"]}]},{\"@type\":\"BreadcrumbList\",\"@id\":\"https:\/\/wp.ufpel.edu.br\/sga\/pgc\/#breadcrumb\",\"itemListElement\":[{\"@type\":\"ListItem\",\"position\":1,\"name\":\"In\u00edcio\",\"item\":\"https:\/\/wp.ufpel.edu.br\/sga\/\"},{\"@type\":\"ListItem\",\"position\":2,\"name\":\"PCA\/PGC\"}]},{\"@type\":\"WebSite\",\"@id\":\"https:\/\/wp.ufpel.edu.br\/sga\/#website\",\"url\":\"https:\/\/wp.ufpel.edu.br\/sga\/\",\"name\":\"Pr\u00f3-Reitoria Administrativa\",\"description\":\"Universidade Federal de Pelotas\",\"potentialAction\":[{\"@type\":\"SearchAction\",\"target\":{\"@type\":\"EntryPoint\",\"urlTemplate\":\"https:\/\/wp.ufpel.edu.br\/sga\/?s={search_term_string}\"},\"query-input\":{\"@type\":\"PropertyValueSpecification\",\"valueRequired\":true,\"valueName\":\"search_term_string\"}}],\"inLanguage\":\"pt-BR\"}]}<\/script>\n<!-- \/ Yoast SEO plugin. -->","yoast_head_json":{"title":"PCA\/PGC - Pr\u00f3-Reitoria Administrativa","robots":{"index":"index","follow":"follow","max-snippet":"max-snippet:-1","max-image-preview":"max-image-preview:large","max-video-preview":"max-video-preview:-1"},"canonical":"https:\/\/wp.ufpel.edu.br\/sga\/pgc\/","og_locale":"pt_BR","og_type":"article","og_title":"PCA\/PGC - Pr\u00f3-Reitoria Administrativa","og_url":"https:\/\/wp.ufpel.edu.br\/sga\/pgc\/","og_site_name":"Pr\u00f3-Reitoria Administrativa","article_modified_time":"2026-03-16T12:44:53+00:00","twitter_card":"summary_large_image","twitter_misc":{"Est. tempo de leitura":"3 minutos"},"schema":{"@context":"https:\/\/schema.org","@graph":[{"@type":"WebPage","@id":"https:\/\/wp.ufpel.edu.br\/sga\/pgc\/","url":"https:\/\/wp.ufpel.edu.br\/sga\/pgc\/","name":"PCA\/PGC - Pr\u00f3-Reitoria Administrativa","isPartOf":{"@id":"https:\/\/wp.ufpel.edu.br\/sga\/#website"},"datePublished":"2020-01-30T19:56:22+00:00","dateModified":"2026-03-16T12:44:53+00:00","breadcrumb":{"@id":"https:\/\/wp.ufpel.edu.br\/sga\/pgc\/#breadcrumb"},"inLanguage":"pt-BR","potentialAction":[{"@type":"ReadAction","target":["https:\/\/wp.ufpel.edu.br\/sga\/pgc\/"]}]},{"@type":"BreadcrumbList","@id":"https:\/\/wp.ufpel.edu.br\/sga\/pgc\/#breadcrumb","itemListElement":[{"@type":"ListItem","position":1,"name":"In\u00edcio","item":"https:\/\/wp.ufpel.edu.br\/sga\/"},{"@type":"ListItem","position":2,"name":"PCA\/PGC"}]},{"@type":"WebSite","@id":"https:\/\/wp.ufpel.edu.br\/sga\/#website","url":"https:\/\/wp.ufpel.edu.br\/sga\/","name":"Pr\u00f3-Reitoria Administrativa","description":"Universidade Federal de Pelotas","potentialAction":[{"@type":"SearchAction","target":{"@type":"EntryPoint","urlTemplate":"https:\/\/wp.ufpel.edu.br\/sga\/?s={search_term_string}"},"query-input":{"@type":"PropertyValueSpecification","valueRequired":true,"valueName":"search_term_string"}}],"inLanguage":"pt-BR"}]}},"jetpack_sharing_enabled":true,"_links":{"self":[{"href":"https:\/\/wp.ufpel.edu.br\/sga\/wp-json\/wp\/v2\/pages\/3734","targetHints":{"allow":["GET"]}}],"collection":[{"href":"https:\/\/wp.ufpel.edu.br\/sga\/wp-json\/wp\/v2\/pages"}],"about":[{"href":"https:\/\/wp.ufpel.edu.br\/sga\/wp-json\/wp\/v2\/types\/page"}],"author":[{"embeddable":true,"href":"https:\/\/wp.ufpel.edu.br\/sga\/wp-json\/wp\/v2\/users\/1459"}],"replies":[{"embeddable":true,"href":"https:\/\/wp.ufpel.edu.br\/sga\/wp-json\/wp\/v2\/comments?post=3734"}],"version-history":[{"count":3,"href":"https:\/\/wp.ufpel.edu.br\/sga\/wp-json\/wp\/v2\/pages\/3734\/revisions"}],"predecessor-version":[{"id":5044,"href":"https:\/\/wp.ufpel.edu.br\/sga\/wp-json\/wp\/v2\/pages\/3734\/revisions\/5044"}],"wp:attachment":[{"href":"https:\/\/wp.ufpel.edu.br\/sga\/wp-json\/wp\/v2\/media?parent=3734"}],"curies":[{"name":"wp","href":"https:\/\/api.w.org\/{rel}","templated":true}]}}