{"id":896,"date":"2020-12-01T14:08:51","date_gmt":"2020-12-01T17:08:51","guid":{"rendered":"https:\/\/wp.ufpel.edu.br\/seur\/?page_id=896"},"modified":"2020-12-01T15:00:15","modified_gmt":"2020-12-01T18:00:15","slug":"exposicao-conflitos","status":"publish","type":"page","link":"https:\/\/wp.ufpel.edu.br\/seur\/exposicao-conflitos\/","title":{"rendered":"Conflitos: Cidades que constroem a Cidade"},"content":{"rendered":"<p><a href=\"https:\/\/wp.ufpel.edu.br\/seur\/files\/2020\/12\/WhatsApp-Image-2020-11-30-at-14.42.20.jpeg\"><img class=\"aligncenter wp-image-910 size-full\" src=\"https:\/\/wp.ufpel.edu.br\/seur\/files\/2020\/12\/WhatsApp-Image-2020-11-30-at-14.42.20.jpeg\" alt=\"\" width=\"768\" height=\"139\" srcset=\"https:\/\/wp.ufpel.edu.br\/seur\/files\/2020\/12\/WhatsApp-Image-2020-11-30-at-14.42.20.jpeg 768w, https:\/\/wp.ufpel.edu.br\/seur\/files\/2020\/12\/WhatsApp-Image-2020-11-30-at-14.42.20-400x72.jpeg 400w, https:\/\/wp.ufpel.edu.br\/seur\/files\/2020\/12\/WhatsApp-Image-2020-11-30-at-14.42.20-500x90.jpeg 500w\" sizes=\"(max-width: 768px) 100vw, 768px\" \/><\/a><\/p>\n<p style=\"text-align: justify\">\u00c9 com imenso prazer que apresentamos a exposi\u00e7\u00e3o <strong>\u201cConflitos: cidades que constroem a cidade\u201d<\/strong>, uma parceria entre o Laborat\u00f3rio de Estudos Urbanos e Regionais (LEUR) e o Projeto de Pesquisa Margens: Grupos em processos de exclus\u00e3o e suas formas de habitar Pelotas, vinculado ao Grupo de Estudos Etnogr\u00e1ficos Urbanos (GEEUR), para a 16\u00aa edi\u00e7\u00e3o do Semin\u00e1rio de Estudos Urbanos e Regionais (SEUR).<\/p>\n<p style=\"text-align: justify\"><strong>Voc\u00ea sabe o que \u00e9 conflito? Voc\u00ea sabe como os conflitos est\u00e3o presentes nos nossos cotidianos?<\/strong><\/p>\n<p style=\"text-align: justify\">Os conflitos est\u00e3o presentes todos os dias em nossas vidas, nas rela\u00e7\u00f5es entre humanos e n\u00e3o-humanos, na \u00e1gua que escoa pelo esgoto, na Parada LGBTQ+, na cerveja no Mercado P\u00fablico num fim de tarde, ao pedir comida, ao chamar Uber, nos caminhos que tra\u00e7amos na cidade, no novo pixo do pr\u00e9dio da faculdade e assim por diante. Os conflitos est\u00e3o por toda parte.<\/p>\n<p style=\"text-align: justify\">A exposi\u00e7\u00e3o \u201cConflitos: cidades que constroem a cidade\u201d tem como objetivo apresentar algumas destas territorialidades que permeiam as rela\u00e7\u00f5es nos processos de fazer cidade.<br \/>\nEssa exposi\u00e7\u00e3o, completamente em formato virtual, \u00e9 lan\u00e7ada hoje (01) e voc\u00ea consegue acess\u00e1-la clicando na imagem a baixo. <a href=\"https:\/\/wp.ufpel.edu.br\/margens\/conflitos\/\" target=\"_blank\" rel=\"noopener noreferrer\"><img class=\"aligncenter wp-image-905 size-medium\" src=\"https:\/\/wp.ufpel.edu.br\/seur\/files\/2020\/12\/WhatsApp-Image-2020-12-01-at-10.52.52-400x335.jpeg\" alt=\"\" width=\"400\" height=\"335\" srcset=\"https:\/\/wp.ufpel.edu.br\/seur\/files\/2020\/12\/WhatsApp-Image-2020-12-01-at-10.52.52-400x335.jpeg 400w, https:\/\/wp.ufpel.edu.br\/seur\/files\/2020\/12\/WhatsApp-Image-2020-12-01-at-10.52.52-768x644.jpeg 768w, https:\/\/wp.ufpel.edu.br\/seur\/files\/2020\/12\/WhatsApp-Image-2020-12-01-at-10.52.52-358x300.jpeg 358w, https:\/\/wp.ufpel.edu.br\/seur\/files\/2020\/12\/WhatsApp-Image-2020-12-01-at-10.52.52.jpeg 940w\" sizes=\"(max-width: 400px) 100vw, 400px\" \/><\/a>Desde j\u00e1, a Equipe Organizadora do XVI SEUR agradece imensamente a parceria e o excepcional trabalho criado, lapidado, elaborado e agora trazido a p\u00fablico por colegas e grandes parceiras\/os do Margens. Com certeza a ci\u00eancia e nossos conhecimentos se fortalecem a partir das trocas realizadas. Ganhamos n\u00f3s e ganham tamb\u00e9m nossas comunidades.<\/p>\n<p style=\"text-align: justify\">Agora confere a exposi\u00e7\u00e3o l\u00e1 no site do Margens e depois nos conta o que achou, basta fazer uma publica\u00e7\u00e3o e marcar o <strong>@Geeurbano<\/strong> e o <strong>@Seur.leur.ufpel<\/strong> via <strong>Instagram.<\/strong><\/p>\n","protected":false},"excerpt":{"rendered":"<p>\u00c9 com imenso prazer que apresentamos a exposi\u00e7\u00e3o \u201cConflitos: cidades que constroem a cidade\u201d, uma parceria entre o Laborat\u00f3rio de Estudos Urbanos e Regionais (LEUR) e o Projeto de Pesquisa Margens: Grupos em processos de exclus\u00e3o e suas formas de habitar Pelotas, vinculado ao Grupo de Estudos Etnogr\u00e1ficos Urbanos (GEEUR), para a 16\u00aa edi\u00e7\u00e3o do [&hellip;]<\/p>\n","protected":false},"author":486,"featured_media":0,"parent":0,"menu_order":0,"comment_status":"closed","ping_status":"closed","template":"","meta":{"jetpack_post_was_ever_published":false,"footnotes":""},"class_list":["post-896","page","type-page","status-publish","hentry"],"jetpack_sharing_enabled":true,"jetpack_shortlink":"https:\/\/wp.me\/P6DF1D-es","_links":{"self":[{"href":"https:\/\/wp.ufpel.edu.br\/seur\/wp-json\/wp\/v2\/pages\/896","targetHints":{"allow":["GET"]}}],"collection":[{"href":"https:\/\/wp.ufpel.edu.br\/seur\/wp-json\/wp\/v2\/pages"}],"about":[{"href":"https:\/\/wp.ufpel.edu.br\/seur\/wp-json\/wp\/v2\/types\/page"}],"author":[{"embeddable":true,"href":"https:\/\/wp.ufpel.edu.br\/seur\/wp-json\/wp\/v2\/users\/486"}],"replies":[{"embeddable":true,"href":"https:\/\/wp.ufpel.edu.br\/seur\/wp-json\/wp\/v2\/comments?post=896"}],"version-history":[{"count":5,"href":"https:\/\/wp.ufpel.edu.br\/seur\/wp-json\/wp\/v2\/pages\/896\/revisions"}],"predecessor-version":[{"id":913,"href":"https:\/\/wp.ufpel.edu.br\/seur\/wp-json\/wp\/v2\/pages\/896\/revisions\/913"}],"wp:attachment":[{"href":"https:\/\/wp.ufpel.edu.br\/seur\/wp-json\/wp\/v2\/media?parent=896"}],"curies":[{"name":"wp","href":"https:\/\/api.w.org\/{rel}","templated":true}]}}