{"id":809,"date":"2019-10-31T10:26:53","date_gmt":"2019-10-31T13:26:53","guid":{"rendered":"https:\/\/wp.ufpel.edu.br\/seur\/?page_id=809"},"modified":"2025-08-01T00:27:22","modified_gmt":"2025-08-01T03:27:22","slug":"historico-do-evento","status":"publish","type":"page","link":"https:\/\/wp.ufpel.edu.br\/seur\/historico-do-evento\/","title":{"rendered":"Hist\u00f3rico do evento"},"content":{"rendered":"<p>O<a href=\"https:\/\/www.even3.com.br\/xix_seur-535078\/\" target=\"_blank\" rel=\"noopener\"><strong> XIX SEUR<\/strong><\/a>, com realiza\u00e7\u00e3o em 2025, apresenta as tem\u00e1ticas da Geografia da Fome e das Paisagens Alimentares. <span style=\"color: #ff0000;\"><a style=\"color: #ff0000;\" href=\"https:\/\/www.even3.com.br\/xix_seur-535078\/\" target=\"_blank\" rel=\"noopener\"><strong>CLIQUE AQUI PARA VISITAR O SITE DO EVENTO<\/strong><\/a><\/span><\/p>\n<p>Para a <strong>Geografia,<\/strong> compreender a fome implica analisar as <strong>desigualdades socioespaciais<\/strong> que a estruturam e os modos como ela se manifesta nos territ\u00f3rios. A leitura geogr\u00e1fica das <strong>paisagens alimentares<\/strong> \u2013 que inclui desertos, o\u00e1sis e p\u00e2ntanos alimentares \u2013 \u00e9 fundamental para revelar injusti\u00e7as, disputas e estrat\u00e9gias de resist\u00eancia, contribuindo para o avan\u00e7o de pr\u00e1ticas e pol\u00edticas de supera\u00e7\u00e3o da fome e constru\u00e7\u00e3o da soberania alimentar.<\/p>\n<p>Apesar das muitas rupturas nas pol\u00edticas p\u00fablicas e das oscila\u00e7\u00f5es conjunturais, a fome <strong>permanece<\/strong> como uma trag\u00e9dia social e moral em nossa sociedade. A pandemia da COVID-19 evidenciou e aprofundou esse cen\u00e1rio. O <strong>II Inqu\u00e9rito Nacional sobre Inseguran\u00e7a Alimentar no Contexto da Pandemia da COVID-19 no Brasil (Rede PENSSAN, 2022) <\/strong>revelou que mais de <strong>33 milh\u00f5es de pessoas estavam em situa\u00e7\u00e3o de fome em 2022<\/strong>, praticamente o dobro em rela\u00e7\u00e3o aos n\u00fameros de 2020. Ainda segundo o levantamento, <strong>58,7% da popula\u00e7\u00e3o brasileira<\/strong> vivia com algum grau de inseguran\u00e7a alimentar naquele momento. Mesmo com eventuais atualiza\u00e7\u00f5es, trata-se de um quadro alarmante, cuja <strong>urg\u00eancia e relev\u00e2ncia<\/strong> n\u00e3o podem ser ignoradas.<\/p>\n<p>A fome, nesse contexto, n\u00e3o pode ser tratada como mera anomalia no sistema econ\u00f4mico ou como falha moment\u00e2nea na gest\u00e3o social. Ao contr\u00e1rio, ela deve ser compreendida como express\u00e3o estrutural das formas de reprodu\u00e7\u00e3o da sociedade capitalista, marcada por desigualdades hist\u00f3ricas e permanentes.<\/p>\n<p>Partimos da cr\u00edtica \u00e0 concep\u00e7\u00e3o tradicional que reduz a alimenta\u00e7\u00e3o a uma simples necessidade biol\u00f3gica, desconsiderando seu car\u00e1ter profundamente <strong>social, cultural e pol\u00edtico<\/strong>. Neste sentido, as pr\u00e1ticas alimentares s\u00e3o abordadas como express\u00f5es da vida humana em sociedade, e n\u00e3o como instintos naturais isolados. Assim, o pr\u00f3prio conceito de seguran\u00e7a alimentar \u00e9 revisitado, com aten\u00e7\u00e3o aos seus limites enquanto pol\u00edtica p\u00fablica frente \u00e0 complexidade do problema da fome.<\/p>\n<p>Em sua <strong>19\u00aa edi\u00e7\u00e3o<\/strong>, o evento traz como tema <strong>&#8220;Geografia da Fome: Paisagens Alimentares, Seguran\u00e7a e Soberania Alimentar e Nutricional&#8221;<\/strong>, com o objetivo de analisar as dimens\u00f5es espaciais da produ\u00e7\u00e3o, circula\u00e7\u00e3o e consumo de alimentos, bem como as desigualdades socioecon\u00f4micas que estruturam e perpetuam a fome em diferentes escalas.<\/p>\n<p>&nbsp;<\/p>\n<p style=\"text-align: justify;\">O\u00a0<strong>I SEUR<\/strong>, realizado em\u00a0<strong>2005<\/strong>, tratou do espa\u00e7o eminentemente local, com \u00eanfase para os estudos da cidade de Pelotas, com o tema do com\u00e9rcio e do consumo, foi tamb\u00e9m o\u00a0<strong>I Col\u00f3quio Internacional sobre Com\u00e9rcio e Consumo Urbano<\/strong>\u00a0(I CISCCUrb).<\/p>\n<p style=\"text-align: justify;\">O\u00a0<strong>II SEUR,\u00a0<\/strong>em<strong>\u00a02006,<\/strong>\u00a0foi mais amplo e manteve o foro internacional com a realiza\u00e7\u00e3o conjunta do\u00a0<strong>I Col\u00f3quio Internacional Sobre as Cidades do Prata<\/strong>, com a amplia\u00e7\u00e3o das atividades do laborat\u00f3rio e o estabelecimento de variados conv\u00eanios e parcerias.<\/p>\n<p style=\"text-align: justify;\">Novamente no\u00a0<strong>III SEUR<\/strong>, em\u00a0<strong>2007<\/strong>, com o\u00a0<strong>II CISCCUrb<\/strong>, a tem\u00e1tica retomou o com\u00e9rcio e o consumo, discutindo amplamente as potencialidades urbanas na \u00e1rea de estudo.<\/p>\n<p style=\"text-align: justify;\">O\u00a0<strong>IV SEUR,\u00a0<\/strong>em<strong>\u00a02008,<\/strong>\u00a0e o\u00a0<strong>II Cidades do Prata<\/strong>\u00a0retomaram a discuss\u00e3o hist\u00f3rica com um amplo relat\u00f3rio dos estudos promovidos no extremo sul do Rio Grande do Sul e uma discuss\u00e3o te\u00f3rica e metodol\u00f3gica internacional sobre a Geografia Hist\u00f3rica.<\/p>\n<p style=\"text-align: justify;\">O\u00a0<strong>V SEUR<\/strong>, em 2009, organizado com o apoio da FAPERGS (Funda\u00e7\u00e3o de Apoio \u00e0 Pesquisa do Estado do Rio Grande do Sul), manteve a perspectiva internacional com a realiza\u00e7\u00e3o do\u00a0<strong>III CISCCUrb<\/strong>\u00a0e contou com a presen\u00e7a de convidados de destacada atua\u00e7\u00e3o nacional e internacional, foram organizados com a realiza\u00e7\u00e3o de confer\u00eancias, apresenta\u00e7\u00e3o de pain\u00e9is, sess\u00e3o de apresenta\u00e7\u00e3o de comunica\u00e7\u00f5es livres e de p\u00f4steres e oficinas pr\u00e1ticas. O objetivo dessa din\u00e2mica foi o de proporcionar a amplia\u00e7\u00e3o do debate sobre os temas abordados e o estabelecimento de um f\u00f3rum privilegiado de discuss\u00e3o entre pesquisadores e demais interessados.<\/p>\n<p style=\"text-align: justify;\">Novamente no\u00a0<strong>VI SEUR,<\/strong>\u00a0em\u00a0<strong>2010<\/strong>, retornou a discuss\u00e3o sobre as\u00a0<strong>Cidades do Prata<\/strong>\u00a0no evento organizado com a participa\u00e7\u00e3o da Universidade Federal do Pampa (UNIPAMPA) Campus de Jaguar\u00e3o, quando a tem\u00e1tica discutida se centrou sobre o universo da \u201cFronteira\u201d. O\u00a0<strong>III COL\u00d3QUIO INTERNACIONAL SOBRE AS CIDADES DO PRATA<\/strong>\u00a0\u2013 \u201cRela\u00e7\u00f5es de Fronteiras\u201d, abordou a fundamenta\u00e7\u00e3o hist\u00f3rica, te\u00f3rica e metodol\u00f3gica, com estudos relacionados ao contexto hist\u00f3rico dos s\u00e9culos XVII a XIX; an\u00e1lise das rela\u00e7\u00f5es entre Portugal e Espanha, o Antigo Regime e o processo de explora\u00e7\u00e3o colonial; an\u00e1lises dos estudos da Geografia Urbana e Geografia Hist\u00f3rica, com \u00eanfase para os aspectos te\u00f3ricos e metodol\u00f3gicos.<\/p>\n<p style=\"text-align: justify;\">No\u00a0<strong>VII SEUR<\/strong>\u00a0e\u00a0<strong>I Col\u00f3quio Internacional de Educa\u00e7\u00e3o do Campo e Ensino de<\/strong><strong><br \/>\nGeografia, a Educa\u00e7\u00e3o do Campo, em 2011, foi o tema central permitindo ampliar a discuss\u00e3o na \u00e1rea do ensino de Geografia, um dos focos da exist\u00eancia do laborat\u00f3rio.<\/strong><\/p>\n<p style=\"text-align: justify;\">Excepcionalmente em\u00a0<strong>2012<\/strong>\u00a0foi organizado isoladamente o\u00a0<strong>IV Col\u00f3quio Internacional Sobre As Cidades do Prata<\/strong>, em colabora\u00e7\u00e3o com a Licenciatura em Gesti\u00f3n Ambiental y Urbana da Universidad Nacional de Lan\u00fas, Argentina, cuja tem\u00e1tica foi: \u201cBacias Hidrogr\u00e1ficas: Natureza e Sociedade. O\u00a0<strong>VIII SEUR<\/strong>, em 2012, retoma a tem\u00e1tica platina com a organiza\u00e7\u00e3o do\u00a0<strong>V Col\u00f3quio Sobre As Cidades do Prata<\/strong>, se prop\u00f4s discutir o tema da \u201cIntegra\u00e7\u00e3o Regional\u201d. Foi organizado com a realiza\u00e7\u00e3o de confer\u00eancias, apresenta\u00e7\u00e3o de pain\u00e9is, sess\u00e3o de apresenta\u00e7\u00e3o de comunica\u00e7\u00f5es livres e de p\u00f4steres e oficinas pr\u00e1ticas. O V Col\u00f3quio Internacional Sobre as Cidades do Prata: \u201cIntegra\u00e7\u00e3o Regional\u201d foi organizado conjuntamente com o Centro de Documenta\u00e7\u00e3o Hist\u00f3rica do Rio da Prata e do Brasil, de Rivera, no Uruguai, como um evento dedicado a discutir as rela\u00e7\u00f5es existentes no processo de integra\u00e7\u00e3o regional nas faixas de fronteira entre Brasil, Argentina e Uruguai. Trata-se de uma dedica\u00e7\u00e3o regional com a \u201cmetade\u201d sul do Rio Grande do Sul na qual se inserem as institui\u00e7\u00f5es envolvidas. A parceria entre as institui\u00e7\u00f5es foi uma afirma\u00e7\u00e3o da atua\u00e7\u00e3o destas institui\u00e7\u00f5es brasileiras com o apoio dos parceiros uruguaios e argentinos.<\/p>\n<p style=\"text-align: justify;\">Em\u00a0<strong>2013<\/strong>, retornou a tem\u00e1tica com a realiza\u00e7\u00e3o do\u00a0<strong>IV Col\u00f3quio Internacional Sobre<\/strong><strong><br \/>\nCom\u00e9rcio e Consumo Urbano, juntamente com o IX SEUR. Assim, se retornou, tamb\u00e9m, a ideia de manter intercalada a tem\u00e1tica do SEUR, dedicando um ano para os estudos das Cidades do Prata e outro para o com\u00e9rcio e consumo urbano.<\/strong><\/p>\n<p style=\"text-align: justify;\">O\u00a0<strong>X SEUR,<\/strong>\u00a0em 2014, retoma a tem\u00e1tica platina com a organiza\u00e7\u00e3o do\u00a0<strong>VI Col\u00f3quio Sobre As Cidades do Prata<\/strong>, e se prop\u00f5e a discutir o tema da \u201cGeografia, Cultura e outros recortes Tem\u00e1ticos Regionais\u201d. Com a participa\u00e7\u00e3o prevista de conferencistas parceiros do Uruguai e da Argentina, foi organizado com uma programa\u00e7\u00e3o que prev\u00ea a realiza\u00e7\u00e3o de confer\u00eancias, apresenta\u00e7\u00e3o de pain\u00e9is, sess\u00e3o de apresenta\u00e7\u00e3o de comunica\u00e7\u00f5es livres e de p\u00f4steres. O objetivo dessa din\u00e2mica \u00e9 o de proporcionar a amplia\u00e7\u00e3o do debate sobre os temas abordados e o estabelecimento de um f\u00f3rum privilegiado de discuss\u00e3o entre pesquisadores e demais interessados. O VI COL\u00d3QUIO INTERNACIONAL AS CIDADES DO PRATA: GEOGRAFIA, CULTURA E OUTROS RECORTES TEM\u00c1TICOS REGIONAIS conta com a organiza\u00e7\u00e3o conjunta do Centro de Documenta\u00e7\u00e3o Hist\u00f3rica do Rio da Prata e do Brasil, de Rivera, no Uruguai, como um evento dedicado \u00e0 discutir as rela\u00e7\u00f5es existentes no processo de integra\u00e7\u00e3o regional nas faixas de fronteira entre Brasil,<\/p>\n<p style=\"text-align: justify;\">Em\u00a0<strong>2015<\/strong>, foi realizado o\u00a0<strong>XI SEMIN\u00c1RIO INTERNACIONAL DE ESTUDOS URBANOS E REGIONAIS<\/strong>, juntamente com o\u00a0<strong>V Col\u00f3quio Internacional sobre Com\u00e9rcio e Consumo Urbano<\/strong>\u00a0e o\u00a0<strong>I Col\u00f3quio sobre Cidade e Cidadania.<\/strong>\u00a0Com isso o laborat\u00f3rio inaugurou uma nova frente de atua\u00e7\u00e3o na extens\u00e3o, voltada para o planejamento urbano em \u00e1reas de especial interesse social.<\/p>\n<p style=\"text-align: justify;\">J\u00e1 em\u00a0<strong>2016<\/strong>, foi realizado o\u00a0<strong>XII SEMIN\u00c1RIO INTERNACIONAL DE ESTUDOS URBANOS E REGIONAIS<\/strong>, juntamente com o\u00a0<strong>II Col\u00f3quio sobre Cidade e Cidadania.<\/strong><\/p>\n<p style=\"text-align: justify;\">No ano de\u00a0<strong>2017<\/strong>\u00a0o\u00a0<strong>XIII SEUR,\u00a0<\/strong>manteve a tem\u00e1tica dos Movimentos Sociais Urbanos e discutiu a produ\u00e7\u00e3o da casa e da moradia nas cidades brasileiras.<\/p>\n<p style=\"text-align: justify;\">Em\u00a0<strong>2018<\/strong>\u00a0o\u00a0<strong>XIV SEUR<\/strong>, manteve a tem\u00e1tica dos estudos urbanos.<\/p>\n<p style=\"text-align: justify;\">E, <strong>2019<\/strong>, comemorando as 15 edi\u00e7\u00f5es do\u00a0<strong>SEUR <\/strong>e contendo em sua base a tem\u00e1tica &#8220;15 anos de estudos urbanos e regionais&#8221;, nos dias 26, 27 e 28 de junho, os debates em foco permearam as discuss\u00f5es de g\u00eanero no espa\u00e7o urbano com as palestrantes Dra. Mariana Barbosa de Souza (UEPG) e Me. Tuize Rovere (UNISC). Ainda em celebra\u00e7\u00e3o dos 15 anos do SEUR, a tem\u00e1tica do evento tamb\u00e9m voltou-se para pr\u00f3pria produ\u00e7\u00e3o sobre o espa\u00e7o urbano e regional produzida no Laborat\u00f3rio de Estudos Urbanos e Regionais, tendo como foco as pesquisas, projetos e perspectivas dos professores vinculados ao LEUR, Dr. Sidney Gon\u00e7alves Vieira, Dra. Giovana Mendes de Oliveira, Me. Dione Dutra Lithnov, Dr. Robinson Santos Pinheiro, Dr. Tiaraju Salini Duarte e Dr. Rog\u00e9rio Amaral Pereira. As discuss\u00f5es permearam as Geografias do Com\u00e9rcio e do Consumo, da Nova Economia e a rela\u00e7\u00e3o com a sustentabilidade,\u00a0 os estudos de Geografia e Literatura, as discuss\u00f5es que envolveram a Geografia Pol\u00edtica e as Territorialidades e, chegamos at\u00e9 \u00e0s reflex\u00f5es sobre Geografia das Religi\u00f5es e a rela\u00e7\u00e3o com o espa\u00e7o urbano.<\/p>\n<p style=\"text-align: justify;\">No ano de <strong>2020<\/strong>, <strong>no XVI SEUR<\/strong>, o evento comemorou os seus 16 anos. A proposta para a edi\u00e7\u00e3o foi discutir a Geografia relacionando a an\u00e1lise urbana \u00e0s tem\u00e1ticas regionais, ambientas, culturais, econ\u00f4micas, pol\u00edticas e de ensino. Neste sentido, foi poss\u00edvel contar com a presen\u00e7a de todas e todos que se interessam pelas tem\u00e1ticas, independentemente da \u00e1rea cient\u00edfica que estudam. Acreditamos que a diversidade de linguagens nessas discuss\u00f5es enriqueceram os debates.<\/p>\n<p>Em <strong>2021<\/strong> o <strong>XVII SEUR<\/strong> se dedicou a analisar &#8220;os estudos urbanos e regionais: desafios contempor\u00e2neos&#8221;. A tem\u00e1tica tem por finalidade analisar as perspectivas atuais diante do panorama de incertezas no qual nos encontramos. Por certo que a tend\u00eancia geral da sociedade aponta para muitas perman\u00eancias, em termos sociais, pol\u00edticos e culturais. Entretanto, a grave crise sanit\u00e1ria imposta pelo COVID-19 inaugurou um quadro de rupturas, capazes de promover altera\u00e7\u00f5es profundas nos pensamentos e nas a\u00e7\u00f5es da sociedade que, via de consequ\u00eancia, introduziram mudan\u00e7as tamb\u00e9m na organiza\u00e7\u00e3o do espa\u00e7o.<\/p>\n<p>As discuss\u00f5es propostas para o evento pretendem debater as perman\u00eancias e as rupturas existentes na contemporaneidade, como forma de melhor compreender o papel da Geografia na organiza\u00e7\u00e3o socioespacial do mundo contempor\u00e2neo, entendendo as novas l\u00f3gicas, formas, fun\u00e7\u00f5es, estruturas e processos que comp\u00f5em nossa realidade.<\/p>\n","protected":false},"excerpt":{"rendered":"<p>O XIX SEUR, com realiza\u00e7\u00e3o em 2025, apresenta as tem\u00e1ticas da Geografia da Fome e das Paisagens Alimentares. CLIQUE AQUI PARA VISITAR O SITE DO EVENTO Para a Geografia, compreender a fome implica analisar as desigualdades socioespaciais que a estruturam e os modos como ela se manifesta nos territ\u00f3rios. A leitura geogr\u00e1fica das paisagens alimentares [&hellip;]<\/p>\n","protected":false},"author":486,"featured_media":0,"parent":0,"menu_order":0,"comment_status":"closed","ping_status":"closed","template":"","meta":{"jetpack_post_was_ever_published":false,"footnotes":""},"class_list":["post-809","page","type-page","status-publish","hentry"],"jetpack_sharing_enabled":true,"jetpack_shortlink":"https:\/\/wp.me\/P6DF1D-d3","_links":{"self":[{"href":"https:\/\/wp.ufpel.edu.br\/seur\/wp-json\/wp\/v2\/pages\/809","targetHints":{"allow":["GET"]}}],"collection":[{"href":"https:\/\/wp.ufpel.edu.br\/seur\/wp-json\/wp\/v2\/pages"}],"about":[{"href":"https:\/\/wp.ufpel.edu.br\/seur\/wp-json\/wp\/v2\/types\/page"}],"author":[{"embeddable":true,"href":"https:\/\/wp.ufpel.edu.br\/seur\/wp-json\/wp\/v2\/users\/486"}],"replies":[{"embeddable":true,"href":"https:\/\/wp.ufpel.edu.br\/seur\/wp-json\/wp\/v2\/comments?post=809"}],"version-history":[{"count":7,"href":"https:\/\/wp.ufpel.edu.br\/seur\/wp-json\/wp\/v2\/pages\/809\/revisions"}],"predecessor-version":[{"id":1001,"href":"https:\/\/wp.ufpel.edu.br\/seur\/wp-json\/wp\/v2\/pages\/809\/revisions\/1001"}],"wp:attachment":[{"href":"https:\/\/wp.ufpel.edu.br\/seur\/wp-json\/wp\/v2\/media?parent=809"}],"curies":[{"name":"wp","href":"https:\/\/api.w.org\/{rel}","templated":true}]}}