{"id":804,"date":"2019-10-31T10:21:35","date_gmt":"2019-10-31T13:21:35","guid":{"rendered":"https:\/\/wp.ufpel.edu.br\/seur\/?page_id=804"},"modified":"2020-09-08T17:57:50","modified_gmt":"2020-09-08T20:57:50","slug":"circular","status":"publish","type":"page","link":"https:\/\/wp.ufpel.edu.br\/seur\/circular\/","title":{"rendered":"Circular"},"content":{"rendered":"<p><a href=\"https:\/\/drive.google.com\/file\/d\/1K0oIHuVwTMyCAV3YkNRtrpjzH6s7eg6G\/view\">Acesse aqui<\/a> a III Circular do XVI Semin\u00e1rio de Estudos Urbanos e Regionais (reestrutura\u00e7\u00e3o do evento em formato virtual)<\/p>\n<p><a href=\"https:\/\/drive.google.com\/file\/d\/1iFuuRMjADiHObg1Refns-yEYpKh1bRIX\/view?usp=sharing\" target=\"_blank\" rel=\"noopener noreferrer\">Acesse aqui<\/a> a II Circular do XVI Semin\u00e1rio de Estudos Urbanos e Regionais.<\/p>\n<p><a href=\"https:\/\/drive.google.com\/file\/d\/10WNo3R_WWudONJMHTa_pYELRJlb3QmCm\/view?usp=sharing\" target=\"_blank\" rel=\"noopener noreferrer\">Acesse aqui<\/a> a I Circular do XVI Semin\u00e1rio de Estudos Urbanos e Regionais.<\/p>\n","protected":false},"excerpt":{"rendered":"<p>Acesse aqui a III Circular do XVI Semin\u00e1rio de Estudos Urbanos e Regionais (reestrutura\u00e7\u00e3o do evento em formato virtual) Acesse aqui a II Circular do XVI Semin\u00e1rio de Estudos Urbanos e Regionais. Acesse aqui a I Circular do XVI Semin\u00e1rio de Estudos Urbanos e Regionais.<\/p>\n","protected":false},"author":486,"featured_media":0,"parent":0,"menu_order":0,"comment_status":"closed","ping_status":"closed","template":"","meta":{"jetpack_post_was_ever_published":false,"footnotes":""},"class_list":["post-804","page","type-page","status-publish","hentry"],"jetpack_sharing_enabled":true,"jetpack_shortlink":"https:\/\/wp.me\/P6DF1D-cY","_links":{"self":[{"href":"https:\/\/wp.ufpel.edu.br\/seur\/wp-json\/wp\/v2\/pages\/804","targetHints":{"allow":["GET"]}}],"collection":[{"href":"https:\/\/wp.ufpel.edu.br\/seur\/wp-json\/wp\/v2\/pages"}],"about":[{"href":"https:\/\/wp.ufpel.edu.br\/seur\/wp-json\/wp\/v2\/types\/page"}],"author":[{"embeddable":true,"href":"https:\/\/wp.ufpel.edu.br\/seur\/wp-json\/wp\/v2\/users\/486"}],"replies":[{"embeddable":true,"href":"https:\/\/wp.ufpel.edu.br\/seur\/wp-json\/wp\/v2\/comments?post=804"}],"version-history":[{"count":7,"href":"https:\/\/wp.ufpel.edu.br\/seur\/wp-json\/wp\/v2\/pages\/804\/revisions"}],"predecessor-version":[{"id":862,"href":"https:\/\/wp.ufpel.edu.br\/seur\/wp-json\/wp\/v2\/pages\/804\/revisions\/862"}],"wp:attachment":[{"href":"https:\/\/wp.ufpel.edu.br\/seur\/wp-json\/wp\/v2\/media?parent=804"}],"curies":[{"name":"wp","href":"https:\/\/api.w.org\/{rel}","templated":true}]}}