{"id":785,"date":"2019-10-31T02:19:15","date_gmt":"2019-10-31T05:19:15","guid":{"rendered":"https:\/\/wp.ufpel.edu.br\/seur\/?page_id=785"},"modified":"2019-10-31T12:42:44","modified_gmt":"2019-10-31T15:42:44","slug":"certificacao","status":"publish","type":"page","link":"https:\/\/wp.ufpel.edu.br\/seur\/certificacao\/","title":{"rendered":"Certifica\u00e7\u00e3o"},"content":{"rendered":"<p style=\"text-align: justify\">[2019] Acesso \u00e0s certifica\u00e7\u00f5es do <a href=\"https:\/\/drive.google.com\/drive\/u\/0\/folders\/11LnOC-CQiVT2sS-GuO5H2XLlDLgFDXEv\" target=\"_blank\" rel=\"noopener noreferrer\">XV Semin\u00e1rio de Estudos Urbanos e Regionais<\/a>.<\/p>\n<p style=\"text-align: justify\">[Edi\u00e7\u00f5es anteriores] Para obter seu(s) certificado(s) ou ter outras informa\u00e7\u00f5es entre em contato com o Laborat\u00f3rio de Estudos Urbanos e Regionais pelo endere\u00e7o f\u00edsico do <a href=\"https:\/\/wp.ufpel.edu.br\/seur\/leur\/\" target=\"_blank\" rel=\"noopener noreferrer\">LEUR<\/a> (ICH II, Rua Almirante Barroso, 1202, Centro, Sala 212, Pelotas\/RS), ou pelo e-mail de contato do SEUR (seur.leur.ufpel@gmail.com).<\/p>\n","protected":false},"excerpt":{"rendered":"<p>[2019] Acesso \u00e0s certifica\u00e7\u00f5es do XV Semin\u00e1rio de Estudos Urbanos e Regionais. [Edi\u00e7\u00f5es anteriores] Para obter seu(s) certificado(s) ou ter outras informa\u00e7\u00f5es entre em contato com o Laborat\u00f3rio de Estudos Urbanos e Regionais pelo endere\u00e7o f\u00edsico do LEUR (ICH II, Rua Almirante Barroso, 1202, Centro, Sala 212, Pelotas\/RS), ou pelo e-mail de contato do SEUR [&hellip;]<\/p>\n","protected":false},"author":486,"featured_media":0,"parent":0,"menu_order":0,"comment_status":"closed","ping_status":"closed","template":"","meta":{"jetpack_post_was_ever_published":false,"footnotes":""},"class_list":["post-785","page","type-page","status-publish","hentry"],"jetpack_sharing_enabled":true,"jetpack_shortlink":"https:\/\/wp.me\/P6DF1D-cF","_links":{"self":[{"href":"https:\/\/wp.ufpel.edu.br\/seur\/wp-json\/wp\/v2\/pages\/785","targetHints":{"allow":["GET"]}}],"collection":[{"href":"https:\/\/wp.ufpel.edu.br\/seur\/wp-json\/wp\/v2\/pages"}],"about":[{"href":"https:\/\/wp.ufpel.edu.br\/seur\/wp-json\/wp\/v2\/types\/page"}],"author":[{"embeddable":true,"href":"https:\/\/wp.ufpel.edu.br\/seur\/wp-json\/wp\/v2\/users\/486"}],"replies":[{"embeddable":true,"href":"https:\/\/wp.ufpel.edu.br\/seur\/wp-json\/wp\/v2\/comments?post=785"}],"version-history":[{"count":4,"href":"https:\/\/wp.ufpel.edu.br\/seur\/wp-json\/wp\/v2\/pages\/785\/revisions"}],"predecessor-version":[{"id":816,"href":"https:\/\/wp.ufpel.edu.br\/seur\/wp-json\/wp\/v2\/pages\/785\/revisions\/816"}],"wp:attachment":[{"href":"https:\/\/wp.ufpel.edu.br\/seur\/wp-json\/wp\/v2\/media?parent=785"}],"curies":[{"name":"wp","href":"https:\/\/api.w.org\/{rel}","templated":true}]}}