{"id":774,"date":"2019-10-31T01:28:19","date_gmt":"2019-10-31T04:28:19","guid":{"rendered":"https:\/\/wp.ufpel.edu.br\/seur\/?page_id=774"},"modified":"2022-11-05T03:42:54","modified_gmt":"2022-11-05T06:42:54","slug":"anais-seur","status":"publish","type":"page","link":"https:\/\/wp.ufpel.edu.br\/seur\/anais-seur\/","title":{"rendered":"Anais SEUR"},"content":{"rendered":"<p style=\"text-align: justify;\">Quer saber mais sobre os Anais do SEUR? Ent\u00e3o fica por dentro da p\u00e1gina em que anualmente s\u00e3o divulgadas as informa\u00e7\u00f5es sobre o evento. As comunica\u00e7\u00f5es submetidas ano ap\u00f3s ano tem grande varia\u00e7\u00e3o e contemplam as atualidades e os cl\u00e1ssicos das discuss\u00f5es geogr\u00e1ficas.<\/p>\n<p style=\"text-align: justify;\">Pra acessar os Anais do evento,<a href=\"https:\/\/periodicos.ufpel.edu.br\/ojs2\/index.php\/seur\/index\" target=\"_blank\" rel=\"noopener noreferrer\"> clique aqui<\/a>.<\/p>\n<p>Para acessar os Anais do XVIII SEUR\/2022, clique em: <a href=\"https:\/\/wp.ufpel.edu.br\/seur\/files\/2022\/11\/Anais_XVIII_SEUR-FINAL.pdf\">ANAIS DO XVIII SEUR 2022: HORTAS URBANAS<\/a><\/p>\n<p>Os documentos das comunica\u00e7\u00f5es de edi\u00e7\u00f5es anteriores j\u00e1 est\u00e3o dispon\u00edveis para download.<\/p>\n","protected":false},"excerpt":{"rendered":"<p>Quer saber mais sobre os Anais do SEUR? Ent\u00e3o fica por dentro da p\u00e1gina em que anualmente s\u00e3o divulgadas as informa\u00e7\u00f5es sobre o evento. As comunica\u00e7\u00f5es submetidas ano ap\u00f3s ano tem grande varia\u00e7\u00e3o e contemplam as atualidades e os cl\u00e1ssicos das discuss\u00f5es geogr\u00e1ficas. Pra acessar os Anais do evento, clique aqui. Para acessar os Anais [&hellip;]<\/p>\n","protected":false},"author":486,"featured_media":0,"parent":0,"menu_order":0,"comment_status":"closed","ping_status":"closed","template":"","meta":{"jetpack_post_was_ever_published":false,"footnotes":""},"class_list":["post-774","page","type-page","status-publish","hentry"],"jetpack_sharing_enabled":true,"jetpack_shortlink":"https:\/\/wp.me\/P6DF1D-cu","_links":{"self":[{"href":"https:\/\/wp.ufpel.edu.br\/seur\/wp-json\/wp\/v2\/pages\/774","targetHints":{"allow":["GET"]}}],"collection":[{"href":"https:\/\/wp.ufpel.edu.br\/seur\/wp-json\/wp\/v2\/pages"}],"about":[{"href":"https:\/\/wp.ufpel.edu.br\/seur\/wp-json\/wp\/v2\/types\/page"}],"author":[{"embeddable":true,"href":"https:\/\/wp.ufpel.edu.br\/seur\/wp-json\/wp\/v2\/users\/486"}],"replies":[{"embeddable":true,"href":"https:\/\/wp.ufpel.edu.br\/seur\/wp-json\/wp\/v2\/comments?post=774"}],"version-history":[{"count":8,"href":"https:\/\/wp.ufpel.edu.br\/seur\/wp-json\/wp\/v2\/pages\/774\/revisions"}],"predecessor-version":[{"id":988,"href":"https:\/\/wp.ufpel.edu.br\/seur\/wp-json\/wp\/v2\/pages\/774\/revisions\/988"}],"wp:attachment":[{"href":"https:\/\/wp.ufpel.edu.br\/seur\/wp-json\/wp\/v2\/media?parent=774"}],"curies":[{"name":"wp","href":"https:\/\/api.w.org\/{rel}","templated":true}]}}