{"id":202,"date":"2015-07-08T17:44:10","date_gmt":"2015-07-08T20:44:10","guid":{"rendered":"https:\/\/wp.ufpel.edu.br\/seur\/?page_id=202"},"modified":"2017-11-13T18:54:51","modified_gmt":"2017-11-13T20:54:51","slug":"informacoes-uteis","status":"publish","type":"page","link":"https:\/\/wp.ufpel.edu.br\/seur\/informacoes-uteis\/","title":{"rendered":"Informa\u00e7\u00f5es Uteis"},"content":{"rendered":"<p><span style=\"font-size: 10pt\"><strong>H\u00d3TEIS<br \/>\nCuri Palace Hotel<\/strong><\/span><br \/>\n<span style=\"font-size: 10pt\"> R. Gen. Neto, 1279 &#8211; Centro, Pelotas &#8211; RS, 96015-280<\/span><br \/>\n<span style=\"font-size: 10pt\"> (53) 3227-7377<\/span><br \/>\n<span style=\"font-size: 10pt\"> <a href=\"http:\/\/www.curipalacehotel.com.br\/\" target=\"_blank\" rel=\"noopener\">www.curipalacehotel.com.br<\/a><\/span><\/p>\n<p><span style=\"font-size: 10pt\"><strong>Jacques Georges Hotel<\/strong><\/span><br \/>\n<span style=\"font-size: 10pt\"> R. Gon\u00e7alves Chaves, 512 &#8211; Centro, Pelotas &#8211; RS, 96015-560<\/span><br \/>\n<span style=\"font-size: 10pt\"> (53) 3284-9000<\/span><br \/>\n<span style=\"font-size: 10pt\"><a href=\"http:\/\/www.jghotel.com.br\"> www.jghotel.com.br<\/a><\/span><\/p>\n<p><span style=\"font-size: 10pt\"><strong>Jacques Georges Tower<\/strong><\/span><br \/>\n<span style=\"font-size: 10pt\"> R. Alm. Barroso, 2069 &#8211; Centro, Pelotas &#8211; RS, 96010-280<\/span><br \/>\n<span style=\"font-size: 10pt\"> (53) 3027-9100<\/span><br \/>\n<span style=\"font-size: 10pt\"><a href=\"http:\/\/www.jghotel.com.br\"> www.jghotel.com.br<\/a><\/span><\/p>\n<p><span style=\"font-size: 10pt\"><strong>Hotel Manta<\/strong><\/span><br \/>\n<span style=\"font-size: 10pt\"> R. Gen. Neto, 1131 &#8211; Centro, Pelotas &#8211; RS, 96015-280<\/span><br \/>\n<span style=\"font-size: 10pt\"> (53) 3225-2411<\/span><br \/>\n<span style=\"font-size: 10pt\"><a href=\"http:\/\/www.hoteismanta.com.br\"> www.hoteismanta.com.br<\/a><\/span><\/p>\n<p><span style=\"font-size: 10pt\"><strong>Curi Hotel<\/strong><\/span><br \/>\n<span style=\"font-size: 10pt\"> R. Gen. Os\u00f3rio, 719 &#8211; Centro, Pelotas &#8211; RS, 96020-000<\/span><br \/>\n<span style=\"font-size: 10pt\"> (53) 3227-9955<\/span><br \/>\n<span style=\"font-size: 10pt\"><a href=\"http:\/\/www.hotelcuri.com.br\"> www.hotelcuri.com.br<\/a><\/span><\/p>\n<p><span style=\"font-size: 10pt\"><strong>Hotel Flat7<\/strong><\/span><br \/>\n<span style=\"font-size: 10pt\"> R. Gon\u00e7alves Chaves, 707 &#8211; Centro, Pelotas &#8211; RS, 96015-560<\/span><br \/>\n<span style=\"font-size: 10pt\"> (53) 3027-7787<\/span><br \/>\n<span style=\"font-size: 10pt\"><a href=\"http:\/\/www.flat7.com.br\"> www.flat7.com.br<\/a><\/span><\/p>\n<p><span style=\"font-size: 10pt\"><strong>RESTAURANTES<\/strong><\/span><br \/>\n<span style=\"font-size: 10pt\"> Restaurante Cooperativa Teia Ecologica<\/span><br \/>\n<span style=\"font-size: 10pt\"> Restaurante Ecologico<\/span><br \/>\n<span style=\"font-size: 10pt\"> Circulu&#8217;s<\/span><br \/>\n<span style=\"font-size: 10pt\"> Grelhados Batuva<\/span><br \/>\n<span style=\"font-size: 10pt\"> Churrascaria Lob\u00e3o<\/span><br \/>\n<span style=\"font-size: 10pt\"> Chu<\/span><br \/>\n<span style=\"font-size: 10pt\"> Amor Amora Cozinha Artesanal<\/span><br \/>\n<span style=\"font-size: 10pt\"> Caf\u00e9 Aqu\u00e1rios<\/span><br \/>\n<span style=\"font-size: 10pt\"> Madre Mia Fusao Latina<\/span><br \/>\n<span style=\"font-size: 10pt\"> Cruz de Malta<\/span><br \/>\n<span style=\"font-size: 10pt\"> Dom Ot\u00e1vio<\/span><\/p>\n<p><span style=\"font-size: 10pt\"><strong>ALGUNS PONTOS TUR\u00cdSTICOS<\/strong><\/span><br \/>\n<span style=\"font-size: 10pt\"> Catedral S\u00e3o Franscico de Paula<\/span><br \/>\n<span style=\"font-size: 10pt\"> Pra\u00e7a Coronel Pedro Os\u00f3rio<\/span><br \/>\n<span style=\"font-size: 10pt\"> Biblioteca P\u00fablica<\/span><br \/>\n<span style=\"font-size: 10pt\"> Charqueada S\u00e3o Jo\u00e3o<\/span><br \/>\n<span style=\"font-size: 10pt\"> Museu Municpal Parque da Baronesa<\/span><br \/>\n<span style=\"font-size: 10pt\"> Charqueada Santa Rita<\/span><br \/>\n<span style=\"font-size: 10pt\"> Chafariz &#8220;As tr\u00eas meninas&#8221;<\/span><br \/>\n<span style=\"font-size: 10pt\"> Grande Hotel<\/span><br \/>\n<span style=\"font-size: 10pt\"> Catedral Anglicana do Redentor<\/span><br \/>\n<span style=\"font-size: 10pt\"> Teatro Guarany<\/span><br \/>\n<span style=\"font-size: 10pt\"> Casar\u00e3o 8 &#8211; Museu do Doce<\/span><br \/>\n<span style=\"font-size: 10pt\"> Praia do Laranjal<\/span><br \/>\n<span style=\"font-size: 10pt\"> Teatro Sete de Abril<\/span><br \/>\n<span style=\"font-size: 10pt\"> Mercado P\u00fablico<\/span><\/p>\n<p><span style=\"font-size: 10pt\"><strong>INFORMA\u00c7\u00d5ES TUR\u00cdSTICAS<\/strong><\/span><br \/>\n<span style=\"font-size: 10pt\"><strong> Secretaria de Desenvolvimento Econ\u00f4mico e Turismo<\/strong><\/span><br \/>\n<span style=\"font-size: 10pt\"> Rua F\u00e9lix da Cunha, 603 &#8211; Centro<\/span><br \/>\n<span style=\"font-size: 10pt\"> Hor\u00e1rio de Funcionamento: de segunda \u00e0 sexta das 08h \u00e0s 18:30h<\/span><br \/>\n<span style=\"font-size: 10pt\"> Fone: (53) 3222-0808<\/span><\/p>\n<p><span style=\"font-size: 10pt\"><strong>Posto do Mercado Central &#8211; Banca<\/strong><\/span><br \/>\n<span style=\"font-size: 10pt\"> Endere\u00e7o: Av. Pra\u00e7a Sete de Julh, 179 &#8211; Centro<\/span><br \/>\n<span style=\"font-size: 10pt\"> Hor\u00e1rio de Funcionamento: de segunda \u00e0 s\u00e1bado das 08h \u00e0s 18:30h<\/span><br \/>\n<span style=\"font-size: 10pt\"> Bancas: 10 e 11<\/span><\/p>\n<p><span style=\"font-size: 10pt\"><strong>Posto do Parque da Baronesa<\/strong><\/span><br \/>\n<span style=\"font-size: 10pt\"> Endere\u00e7o: Av. Domingos Jos\u00e9 de Almeida, 1490 &#8211; Centro<\/span><br \/>\n<span style=\"font-size: 10pt\"> Fone: (53) 3282 1001<\/span><br \/>\n<span style=\"font-size: 10pt\"> Hor\u00e1rio de Funcionamento: de segunda \u00e0 domingo das 08h \u00e0s 18:30h<\/span><\/p>\n","protected":false},"excerpt":{"rendered":"<p>H\u00d3TEIS Curi Palace Hotel R. Gen. Neto, 1279 &#8211; Centro, Pelotas &#8211; RS, 96015-280 (53) 3227-7377 www.curipalacehotel.com.br Jacques Georges Hotel R. Gon\u00e7alves Chaves, 512 &#8211; Centro, Pelotas &#8211; RS, 96015-560 (53) 3284-9000 www.jghotel.com.br Jacques Georges Tower R. Alm. Barroso, 2069 &#8211; Centro, Pelotas &#8211; RS, 96010-280 (53) 3027-9100 www.jghotel.com.br Hotel Manta R. Gen. Neto, 1131 [&hellip;]<\/p>\n","protected":false},"author":486,"featured_media":0,"parent":0,"menu_order":0,"comment_status":"closed","ping_status":"closed","template":"","meta":{"jetpack_post_was_ever_published":false,"footnotes":""},"class_list":["post-202","page","type-page","status-publish","hentry"],"jetpack_sharing_enabled":true,"jetpack_shortlink":"https:\/\/wp.me\/P6DF1D-3g","_links":{"self":[{"href":"https:\/\/wp.ufpel.edu.br\/seur\/wp-json\/wp\/v2\/pages\/202","targetHints":{"allow":["GET"]}}],"collection":[{"href":"https:\/\/wp.ufpel.edu.br\/seur\/wp-json\/wp\/v2\/pages"}],"about":[{"href":"https:\/\/wp.ufpel.edu.br\/seur\/wp-json\/wp\/v2\/types\/page"}],"author":[{"embeddable":true,"href":"https:\/\/wp.ufpel.edu.br\/seur\/wp-json\/wp\/v2\/users\/486"}],"replies":[{"embeddable":true,"href":"https:\/\/wp.ufpel.edu.br\/seur\/wp-json\/wp\/v2\/comments?post=202"}],"version-history":[{"count":15,"href":"https:\/\/wp.ufpel.edu.br\/seur\/wp-json\/wp\/v2\/pages\/202\/revisions"}],"predecessor-version":[{"id":539,"href":"https:\/\/wp.ufpel.edu.br\/seur\/wp-json\/wp\/v2\/pages\/202\/revisions\/539"}],"wp:attachment":[{"href":"https:\/\/wp.ufpel.edu.br\/seur\/wp-json\/wp\/v2\/media?parent=202"}],"curies":[{"name":"wp","href":"https:\/\/api.w.org\/{rel}","templated":true}]}}