{"id":193,"date":"2015-07-09T14:50:12","date_gmt":"2015-07-09T17:50:12","guid":{"rendered":"https:\/\/wp.ufpel.edu.br\/seur\/?page_id=193"},"modified":"2019-10-31T10:30:32","modified_gmt":"2019-10-31T13:30:32","slug":"historico-2","status":"publish","type":"page","link":"https:\/\/wp.ufpel.edu.br\/seur\/historico-2\/","title":{"rendered":"Conhe\u00e7a o SEUR"},"content":{"rendered":"<p style=\"text-align: justify\">O\u00a0<strong>SEUR<\/strong>\u00a0\u00e9 o\u00a0<strong>Semin\u00e1rio de Estudos Urbanos e Regionais<\/strong>, organizado anualmente pelo Laborat\u00f3rio de Estudos Urbanos e Regionais.<\/p>\n<p style=\"text-align: justify\">Atualmente, o\u00a0<strong>SEUR<\/strong>\u00a0se constituiu em um dos mais longevos eventos de Geografia no Rio Grande do Sul. Com isso, se conseguiu atingir o prop\u00f3sito inicial de manter um evento de sistematiza\u00e7\u00e3o dos trabalhos sobre o espa\u00e7o urbano, regional e temas correlatos, na metade sul do Rio Grande do Sul.<\/p>\n<p style=\"text-align: justify\">O Semin\u00e1rio de Estudos Urbanos e Regionais apesar de realizado pelo LEUR, conta em sua base com os trabalhos coletivos de alunos da gradua\u00e7\u00e3o, p\u00f3s-gradua\u00e7\u00e3o e professores do LEUR, mas tamb\u00e9m com colaboradores e parceiros que ano ap\u00f3s ano est\u00e3o envoltos em cada detalhe das edi\u00e7\u00f5es do SEUR. Por esse motivo (e por muitos outros) reafirmamos o compromisso acad\u00eamico e social da realiza\u00e7\u00e3o de cada novo SEUR, repleto de intera\u00e7\u00f5es e integra\u00e7\u00f5es e, principalmente, discuss\u00f5es que auxiliam nos trabalhos e no pensar geogr\u00e1ficos.<\/p>\n","protected":false},"excerpt":{"rendered":"<p>O\u00a0SEUR\u00a0\u00e9 o\u00a0Semin\u00e1rio de Estudos Urbanos e Regionais, organizado anualmente pelo Laborat\u00f3rio de Estudos Urbanos e Regionais. Atualmente, o\u00a0SEUR\u00a0se constituiu em um dos mais longevos eventos de Geografia no Rio Grande do Sul. Com isso, se conseguiu atingir o prop\u00f3sito inicial de manter um evento de sistematiza\u00e7\u00e3o dos trabalhos sobre o espa\u00e7o urbano, regional e temas [&hellip;]<\/p>\n","protected":false},"author":486,"featured_media":0,"parent":0,"menu_order":0,"comment_status":"closed","ping_status":"closed","template":"","meta":{"jetpack_post_was_ever_published":false,"footnotes":""},"class_list":["post-193","page","type-page","status-publish","hentry"],"jetpack_sharing_enabled":true,"jetpack_shortlink":"https:\/\/wp.me\/P6DF1D-37","_links":{"self":[{"href":"https:\/\/wp.ufpel.edu.br\/seur\/wp-json\/wp\/v2\/pages\/193","targetHints":{"allow":["GET"]}}],"collection":[{"href":"https:\/\/wp.ufpel.edu.br\/seur\/wp-json\/wp\/v2\/pages"}],"about":[{"href":"https:\/\/wp.ufpel.edu.br\/seur\/wp-json\/wp\/v2\/types\/page"}],"author":[{"embeddable":true,"href":"https:\/\/wp.ufpel.edu.br\/seur\/wp-json\/wp\/v2\/users\/486"}],"replies":[{"embeddable":true,"href":"https:\/\/wp.ufpel.edu.br\/seur\/wp-json\/wp\/v2\/comments?post=193"}],"version-history":[{"count":21,"href":"https:\/\/wp.ufpel.edu.br\/seur\/wp-json\/wp\/v2\/pages\/193\/revisions"}],"predecessor-version":[{"id":812,"href":"https:\/\/wp.ufpel.edu.br\/seur\/wp-json\/wp\/v2\/pages\/193\/revisions\/812"}],"wp:attachment":[{"href":"https:\/\/wp.ufpel.edu.br\/seur\/wp-json\/wp\/v2\/media?parent=193"}],"curies":[{"name":"wp","href":"https:\/\/api.w.org\/{rel}","templated":true}]}}