{"id":4,"date":"2016-02-11T21:46:53","date_gmt":"2016-02-11T23:46:53","guid":{"rendered":"https:\/\/wp.ufpel.edu.br\/sepsst\/?page_id=4"},"modified":"2016-11-11T11:45:22","modified_gmt":"2016-11-11T13:45:22","slug":"2016-ii-sepsst","status":"publish","type":"page","link":"https:\/\/wp.ufpel.edu.br\/sepsst\/2016-ii-sepsst\/","title":{"rendered":"2015 &#8211; II SEPSST"},"content":{"rendered":"<p><a title=\"inicio\" name=\"inicio\"><\/a><\/p>\n<tbody>\n<tr>\n<td width=\"645\"><img loading=\"lazy\" decoding=\"async\" class=\"size-full wp-image-75\" style=\"border: 0px;margin: 0px\" src=\"https:\/\/wp.ufpel.edu.br\/labserg\/files\/2015\/09\/ii_sepsst_banner_topo_website_645x504.jpg\" alt=\"1\u00ba SEPSST\" width=\"645\" height=\"504\" \/><\/td>\n<\/tr>\n<\/tbody>\n<div class=\"bodytext_justify\">Acontecer\u00e1 no pr\u00f3ximo dia 17 de Outubro o <strong>2\u00ba Semin\u00e1rio Estadual para Promo\u00e7\u00e3o da Sa\u00fade e Seguran\u00e7a do Trabalhador<\/strong> &#8211; <strong>2\u00ba SPSST<\/strong>, o qual ter\u00e1 como tema Contribui\u00e7\u00f5es para as Unidades de Beneficiamento de Gr\u00e3os e Sementes. O agroneg\u00f3cio brasileiro \u00e9 altamente rent\u00e1vel e contribui significativamente para o atual momento da economia nacional, gerando emprego e renda para milh\u00f5es de fam\u00edlias rurais. Paradoxalmente, o trabalho nas unidades agroindustriais no Brasil ainda carece de estrat\u00e9gias que visem \u00e0 avalia\u00e7\u00e3o das condi\u00e7\u00f5es de sa\u00fade e seguran\u00e7a dos trabalhadores. Neste sentido, o 2\u00ba SEPSST ter\u00e1 o objetivo de propagar a educa\u00e7\u00e3o de seguran\u00e7a para trabalhadores e empregadores das Unidades de Beneficiamento de Gr\u00e3os e Sementes (UBAGs).<\/div>\n<div class=\"bodytext_justify\">N\u00e3o perca a oportunidade de discutir e participar da constru\u00e7\u00e3o de caminhos para a promo\u00e7\u00e3o da melhoria nas condi\u00e7\u00f5es de Sa\u00fade e Seguran\u00e7a no Trabalho nas UBAGs.<\/br><\/br><\/div>\n<div class=\"bodytext_left\">.<\/div>\n<div class=\"bodytext_left\">1. <a href=\"#secao1\"><strong>Programa\u00e7\u00e3o<\/strong><\/a><\/div>\n<div class=\"bodytext_left\">2. <a href=\"#secao2\"><strong>Inscri\u00e7\u00f5es<\/strong><\/a><\/div>\n<div class=\"bodytext_left\">3. <a href=\"#secao3\"><strong>Dicas \u00fateis<\/strong><\/a><\/div>\n<div class=\"bodytext_left\">4. <a href=\"#secao4\"><strong>Local do evento<\/strong><\/a><\/div>\n<div class=\"bodytext_left\">5. <a href=\"#secao5\"><strong>Apoiadores<\/strong><\/a><\/div>\n<div class=\"bodytext_left\">5. <a href=\"#secao6\"><strong>\u00c1lbum de fotos<\/strong><\/a><\/div>\n<div class=\"bodytext_left\"><a title=\"secao1\" name=\"secao1\"><\/a>&#8230;&#8230;&#8230;&#8230;&#8230;&#8230;&#8230;&#8230;&#8230;&#8230;&#8230;&#8230;&#8230;&#8230;&#8230;&#8230;&#8230;&#8230;&#8230;&#8230;&#8230;&#8230;&#8230;&#8230;&#8230;&#8230;&#8230;&#8230;&#8230;&#8230;&#8230;&#8230;&#8230;&#8230;&#8230;&#8230;&#8230;&#8230;&#8230;&#8230;&#8230;&#8230;&#8230;&#8230;&#8230;&#8230;&#8230;&#8230;&#8230;&#8230;&#8230;&#8230;..<\/br><strong>PROGRAMA\u00c7\u00c3O<\/strong><\/div>\n<div class=\"bodytext_left\">\n<table>\n<tr>\n<td width=\"100\" height=\"30\"><strong>HOR\u00c1RIO<\/strong><\/td>\n<td width=\"540\" height=\"30\"><strong>ATIVIDADE<\/strong><\/td>\n<\/tr>\n<tr>\n<td width=\"100\" height=\"30\">08h30\/09h00<\/td>\n<td width=\"540\" height=\"30\">Credenciamento e inscri\u00e7\u00f5es<\/td>\n<\/tr>\n<tr>\n<td width=\"100\" height=\"55\">09h00\/10h00<\/td>\n<td width=\"540\" height=\"55\"><strong>O Fator Humano na preven\u00e7\u00e3o de acidentes<\/strong><\/br>Ministrante: Prof. Msc. Alex Leal de Oliveira (Professor do IF Farroupilha)<\/td>\n<\/tr>\n<tr>\n<td width=\"100\" height=\"60\">10h00\/11h30<\/td>\n<td width=\"540\" height=\"60\"><strong>Engenharia de Seguran\u00e7a em Unidade de Beneficiamento \u2013 experi\u00eancia pessoal<\/strong><\/br>Ministrante: Eng. Jos\u00e9 Francisco Costa (Safety Prod Engenharia de Seguran\u00e7a)<\/td>\n<\/tr>\n<tr>\n<td width=\"100\" height=\"30\">11h30\/13h30<\/td>\n<td width=\"540\" height=\"30\">Intervalo para almo\u00e7o<\/td>\n<\/tr>\n<tr>\n<td width=\"100\" height=\"55\">13h30\/14h30<\/td>\n<td width=\"540\" height=\"55\"><strong>Espa\u00e7o confinado em Unidades de Beneficiamento de Sementes<\/strong><\/br>Ministrante: Prof. Msc. Douglas Brombilla (IFRS\/Rio Grande)<\/td>\n<\/tr>\n<tr>\n<td width=\"100\" height=\"55\">14h30\/15h30<\/td>\n<td width=\"540\" height=\"55\"><strong>Sa\u00fade do trabalhador no Beneficiamento de Gr\u00e3os e Sementes<\/strong><\/br>Ministrante: Juliana Dode (CEREST\/Pelotas)<\/td>\n<\/tr>\n<tr>\n<td width=\"100\" height=\"55\">15h30\/16h30<\/td>\n<td width=\"540\" height=\"55\"><strong>Insalubridade e Periculosidade em Unidades de Beneficiamento<\/strong><\/br>Ministrante: Prof. Msc. Danilo Franchini (IFRS\/Porto Alegre)<\/td>\n<\/tr>\n<\/table>\n<p><\/br><\/br><\/div>\n<div class=\"bodytext_left\"><a title=\"secao2\" name=\"secao2\"><\/a>&#8230;&#8230;&#8230;&#8230;&#8230;&#8230;&#8230;&#8230;&#8230;&#8230;&#8230;&#8230;&#8230;&#8230;&#8230;&#8230;&#8230;&#8230;&#8230;&#8230;&#8230;&#8230;&#8230;&#8230;&#8230;&#8230;&#8230;&#8230;&#8230;&#8230;&#8230;&#8230;&#8230;&#8230;&#8230;&#8230;&#8230;&#8230;&#8230;&#8230;&#8230;&#8230;&#8230;&#8230;&#8230;&#8230;&#8230;&#8230;&#8230;&#8230;&#8230;&#8230;..<\/br><strong>INSCRI\u00c7\u00d5ES<\/strong><\/div>\n<div class=\"bodytext_justify\">A inscri\u00e7\u00e3o no evento custar\u00e1 <strong>R$ 20,00<\/strong> ou <strong>2kg de alimento n\u00e3o-perec\u00edvel<\/strong>.<\/div>\n<div class=\"bodytext_justify\">Ser\u00e3o disponibilizadas 60 vagas para os inscritos, as quais ser\u00e3o preenchidas primeiramente via inscri\u00e7\u00e3o on-line, atrav\u00e9s do formul\u00e1rio abaixo e, caso n\u00e3o tenham sido todas preenchidas, ser\u00e3o complementadas por meio de inscri\u00e7\u00e3o no local do evento.<\/br>O evento \u00e9 voltado a todos que tenham interesse em conhecer e discutir assuntos ligados \u00e0 tem\u00e1tica da SST no Trabalho em Unidade de Beneficiamento e Armazenagem de Gr\u00e3os e Sementes. Ser\u00e1 fornecer aos presentes um certificado de participa\u00e7\u00e3o com a carga hor\u00e1ria equivalente do evento.<\/br>As inscri\u00e7\u00f5es online devem realizadas por meio de formul\u00e1rio pr\u00f3prio dispon\u00edvel no link abaixo<\/br><\/div>\n<div class=\"bodytext_center\">\n<table>\n<tr>\n<td width=\"220\" height=\"35\"><\/td>\n<td width=\"200\" height=\"35\"><a href=\"https:\/\/wp.ufpel.edu.br\/sepsst\/\" title=\"inscri\u00e7\u00f5es aqui\"><img loading=\"lazy\" decoding=\"async\" class=\"size-full wp-image-75\" title=\"inscri\u00e7\u00f5es aqui\" src=\"https:\/\/wp.ufpel.edu.br\/labserg\/files\/2014\/10\/website_i_sepsst_botao_inscicoes.jpg\" width=\"200\" height=\"35\" \/><\/a><\/td>\n<td width=\"220\" height=\"35\"><\/td>\n<\/tr>\n<tr>\n<\/table>\n<\/div>\n<div class=\"bodytext_justify\">Eventuais d\u00favidas ou esclarecimentos referentes \u00e0s inscri\u00e7\u00f5es e evento podem ser dirimidas atrav\u00e9s do e-mail: labsergufpel@gmail.com<\/div>\n<p><\/br><\/br><\/div>\n<div class=\"bodytext_left\"><a title=\"secao3\" name=\"secao3\"><\/a>&#8230;&#8230;&#8230;&#8230;&#8230;&#8230;&#8230;&#8230;&#8230;&#8230;&#8230;&#8230;&#8230;&#8230;&#8230;&#8230;&#8230;&#8230;&#8230;&#8230;&#8230;&#8230;&#8230;&#8230;&#8230;&#8230;&#8230;&#8230;&#8230;&#8230;&#8230;&#8230;&#8230;&#8230;&#8230;&#8230;&#8230;&#8230;&#8230;&#8230;&#8230;&#8230;&#8230;&#8230;&#8230;&#8230;&#8230;&#8230;&#8230;&#8230;&#8230;&#8230;..<\/br><strong>LOCAL DO EVENTO<\/strong><\/div>\n<div class=\"bodytext_left\">Universidade Federal de Pelotas \u2013 UFPel &#8211; Campus Anglo<\/br>Audit\u00f3rio da Reitoria, 4\u00ba Andar &#8211; Pr\u00e9dio Campus Anglo<\/br>Rua Gomes Carneiro, 1, Bairro Centro<\/br>Pelotas &#8211; RS<\/br>CEP 96010-020<\/div>\n<div class=\"bodytext_center\"><\/br><\/br><\/div>\n<div class=\"bodytext_center\">\n<!-- iframe plugin v.6.0 wordpress.org\/plugins\/iframe\/ -->\n<iframe loading=\"lazy\" src=\"https:\/\/www.google.com\/maps\/embed?pb=!1m18!1m12!1m3!1d5783.218799796924!2d-52.323597700000064!3d-31.780220668331022!2m3!1f0!2f0!3f0!3m2!1i1024!2i768!4f13.1!3m3!1m2!1s0x9511b5d2004c432b%3A0x8399dc6d9e132088!2sR.+Gomes+Carneiro%2C+1+-+Centro%2C+Pelotas+-+RS!5e1!3m2!1spt-BR!2sbr!4v1442349064692\" width=\"600\" height=\"450\" frameborder=\"0\" style=\"border:0\" 0=\"allowfullscreen\" scrolling=\"yes\" class=\"iframe-class\"><\/iframe>\n<\/div>\n<div class=\"bodytext_left\"><a title=\"secao4\" name=\"secao4\"><\/a>&#8230;&#8230;&#8230;&#8230;&#8230;&#8230;&#8230;&#8230;&#8230;&#8230;&#8230;&#8230;&#8230;&#8230;&#8230;&#8230;&#8230;&#8230;&#8230;&#8230;&#8230;&#8230;&#8230;&#8230;&#8230;&#8230;&#8230;&#8230;&#8230;&#8230;&#8230;&#8230;&#8230;&#8230;&#8230;&#8230;&#8230;&#8230;&#8230;&#8230;&#8230;&#8230;&#8230;&#8230;&#8230;&#8230;&#8230;&#8230;&#8230;&#8230;&#8230;&#8230;..<\/br><strong>DICAS \u00daTEIS<\/strong><\/div>\n<div class=\"bodytext_justify\"><strong>Sobre a cidade de Pelotas<\/strong><\/div>\n<div class=\"bodytext_justify\">Pelotas \u00e9 considerada uma das capitais regionais do Brasil possuindo uma popula\u00e7\u00e3o de 327.778 habitantes, sendo uma das cidades mais populosa do Rio Grande do Sul. A cidade \u00e9 conhecida nacionalmente por suas iguarias, principalmente, os doces pelotenses, sabe-se que a origem dos doces teve influencia de Portugal. Os doces foram introduzidos pelos lusos por volta do in\u00edcio do s\u00e9culo XIX, quando come\u00e7ou o per\u00edodo de apogeu do munic\u00edpio. As mulheres da \u00e9poca se dedicavam entre outras atividades, \u00e0 culin\u00e1ria. Fato este que contribuiu para a intensa produ\u00e7\u00e3o de doces em Pelotas. O a\u00e7\u00facar utilizado nas mais variadas sobremesas, como os camafeus, bem-casados, fios de ovos, ninhos e os past\u00e9is de Santa Clara, era trazido do Nordeste em troca do charque. O nome da cidade originou-se das embarca\u00e7\u00f5es de varas de corticeira forradas de couro, usadas para a travessia dos rios na \u00e9poca das charqueadas chamadas pelota. Na pecu\u00e1ria a produ\u00e7\u00e3o de leite \u00e9 o grande destaque, constituindo a maior bacia leiteira do Estado. Al\u00e9m disso, a cidade apresenta um com\u00e9rcio \u00e1gil e diversificado com servi\u00e7os especializados e empresas de pequeno, m\u00e9dio e grande porte. Pelotas se destaca tamb\u00e9m, pelo seu grande centro hist\u00f3rico, com belas estruturas arquitet\u00f4nicas, como: o Grande Hotel, o Teatro Sete de Abril, o Museu da Baronesa, a Biblioteca pelotense, as in\u00fameras Charqueadas, a Fonte das Nereidas, a Catedral, entre outros. (fonte: http:\/\/www.pelotas.rs.gov.br)<\/br><\/br><\/div>\n<div class=\"bodytext_justify\"><strong>Perguntas frequentes sobre o evento (clique nas perguntas para visualizar as respostas)<\/strong><\/div>\n<div class=\"animated_box_titulo\">\n<table>\n<tr>\n<td width=\"600\" height=\"15\">\n<div class=\"bodytext_left\"><strong>1. H\u00e1 no local do evento espa\u00e7o para estacionar meu ve\u00edculo?<\/strong><\/div>\n<\/td>\n<td width=\"45\" height=\"15\" class=\"bodytext_center\">( + )<\/td>\n<\/tr>\n<\/table>\n<\/div>\n<div class=\"animated_box_texto\">\n<table>\n<tr>\n<td width=\"600\" colspan=\"3\" class=\"bodytext_justify\">O local onde se encontra o campus Anglo da UFPel consiste em um endere\u00e7o com amplo espa\u00e7o para estacionar seu ve\u00edculo. Por conta disso, n\u00e3o h\u00e1 pr\u00f3ximo ao local garagens coletivas com vagas para estacionamentos por hora ou pernoite.<\/div>\n<\/table>\n<\/div>\n<div class=\"animated_box_titulo\">\n<table>\n<tr>\n<td width=\"600\" height=\"15\">\n<div class=\"bodytext_left\"><strong>2. Em que locais posso realizar meu almo\u00e7o?<\/strong><\/div>\n<\/td>\n<td width=\"45\" height=\"15\" class=\"bodytext_center\">( + )<\/td>\n<\/tr>\n<\/table>\n<\/div>\n<div class=\"animated_box_texto\">Todos os estabelecimentos apresentados abaico ficam na cidade de Pelotas. Vale \u00e0 pena conferir com maior aten\u00e7\u00e3o o caso das docerias que em sua maioria ficam no centro da cidade e costumam oferecer iguarias deliciosas.<\/p>\n<table>\n<tr valign=\"top\">\n<td bgcolor=\"#e7e7e7\" width=\"190\" height=\"15\"><strong>Local<\/strong><\/td>\n<td bgcolor=\"#e7e7e7\" width=\"270\" height=\"15\"><strong>Endere\u00e7o<\/strong><\/td>\n<td bgcolor=\"#e7e7e7\" width=\"90\" height=\"15\"><strong>Op\u00e7\u00f5es de<br \/>Refei\u00e7\u00e3o<\/strong><\/td>\n<td bgcolor=\"#e7e7e7\" width=\"90\" height=\"15\"><strong>Contato<\/strong><\/td>\n<\/tr>\n<tr valign=\"top\">\n<td bgcolor=\"#e0e0e0\" width=\"190\" height=\"15\">Restaruante Cruz de Malta<\/td>\n<td bgcolor=\"#e0e0e0\" width=\"270\" height=\"15\">Parque Dom Ant\u00f4nio Zattera, 143 \u2013 Centro<br \/>www.restaurantecruzdemalta.com.br\/<\/td>\n<td bgcolor=\"#e0e0e0\" width=\"90\" height=\"15\">\u00e1 la carte<\/td>\n<td bgcolor=\"#e0e0e0\" width=\"90\" height=\"15\">(53) 3222.6835<\/td>\n<\/tr>\n<tr valign=\"top\">\n<td bgcolor=\"#ffffff\" width=\"190\" height=\"15\">Churrascaria Lob\u00e3o<\/td>\n<td bgcolor=\"#ffffff\" width=\"270\" height=\"15\">Avenida Bento Gon\u00e7alves, 3460 &#8211; Centro<\/td>\n<td bgcolor=\"#ffffff\" width=\"90\" height=\"15\">Rod\u00edzio de carnes<\/td>\n<td bgcolor=\"#ffffff\" width=\"90\" height=\"15\">(53) 3225.6197<\/td>\n<\/tr>\n<tr valign=\"top\">\n<td bgcolor=\"#e0e0e0\" width=\"190\" height=\"15\">Restaurante Alles Blau<\/td>\n<td bgcolor=\"#e0e0e0\" width=\"270\" height=\"15\">Rua Sete de Setembro, 354 &#8211; Centro<br \/>www.hotelallesblau.com.br\/restaurante.html<\/td>\n<td bgcolor=\"#e0e0e0\" width=\"90\" height=\"15\">Buffet Livre e por kg<\/td>\n<td bgcolor=\"#e0e0e0\" width=\"90\" height=\"15\">(53)3222.2223<\/td>\n<\/tr>\n<tr valign=\"top\">\n<td bgcolor=\"#ffffff\" width=\"190\" height=\"15\">Restaurante De Gula <\/td>\n<td bgcolor=\"#ffffff\" width=\"270\" height=\"15\">Gula Rua General Os\u00f3rio, 709 \u2013 Centro<br \/>http:\/\/www.olhasoaqui.com\/empresas-detalhes\/de-gula<\/td>\n<td bgcolor=\"#ffffff\" width=\"90\" height=\"15\">Buffet Livre e por Kg<\/td>\n<td bgcolor=\"#ffffff\" width=\"90\" height=\"15\">(53) 3225.1397 <\/td>\n<\/tr>\n<tr valign=\"top\">\n<td bgcolor=\"#e0e0e0\" width=\"190\" height=\"15\">Galeria de Arte e Restaurante Madre Mia<\/td>\n<td bgcolor=\"#e0e0e0\" width=\"270\" height=\"15\">Rua Santa Cruz, 2200 \u2013 Centro<\/td>\n<td bgcolor=\"#e0e0e0\" width=\"90\" height=\"15\">\u00e1 la carte<\/td>\n<td bgcolor=\"#e0e0e0\" width=\"90\" height=\"15\">(53) 3303.4075 <\/td>\n<\/tr>\n<tr valign=\"top\">\n<td bgcolor=\"#ffffff\" width=\"190\" height=\"15\">Caf\u00e9 Aqu\u00e1rios <\/td>\n<td bgcolor=\"#ffffff\" width=\"270\" height=\"15\">Rua Quinze de Novembro, 602 -Centro<br \/>http:\/\/www.cafeaquarios.com\/ <\/td>\n<td bgcolor=\"#ffffff\" width=\"90\" height=\"15\">Lanches em geral<\/td>\n<td bgcolor=\"#ffffff\" width=\"90\" height=\"15\">(53) 3222.6544  <\/td>\n<\/tr>\n<tr valign=\"top\">\n<td bgcolor=\"#e0e0e0\" width=\"190\" height=\"15\">Confeitaria Otto <\/td>\n<td bgcolor=\"#e0e0e0\" width=\"270\" height=\"15\">Rua Sete de Setembro, 304 \u2013 Centro<\/td>\n<td bgcolor=\"#e0e0e0\" width=\"90\" height=\"15\">Lanches em geral<\/td>\n<td bgcolor=\"#e0e0e0\" width=\"90\" height=\"15\">(53) 3225.7836 <\/td>\n<\/tr>\n<tr valign=\"top\">\n<td bgcolor=\"#ffffff\" width=\"190\" height=\"15\">Restaurante P\u00f3lo Norte <\/td>\n<td bgcolor=\"#ffffff\" width=\"270\" height=\"15\">Rua General Os\u00f3rio, 1380 \u2013 Centro<\/td>\n<td bgcolor=\"#ffffff\" width=\"90\" height=\"15\">Buffet por kg<\/td>\n<td bgcolor=\"#ffffff\" width=\"90\" height=\"15\">(53) 3227.3368 <\/td>\n<\/tr>\n<tr valign=\"top\">\n<td bgcolor=\"#e0e0e0\" width=\"190\" height=\"15\">Restaurante Pelotas <\/td>\n<td bgcolor=\"#e0e0e0\" width=\"270\" height=\"15\">Rua General Neto, 1279 \u2013 Centro (Dentro do Curi Palace Hotel) <\/td>\n<td bgcolor=\"#e0e0e0\" width=\"90\" height=\"15\">\u00e1 la carte<\/td>\n<td bgcolor=\"#e0e0e0\" width=\"90\" height=\"15\">(53) 3227.7377 <\/td>\n<\/tr>\n<tr valign=\"top\">\n<td bgcolor=\"#ffffff\" width=\"190\" height=\"15\">Restaurante Trem B\u00e3o Cozinha Mineira<\/td>\n<td bgcolor=\"#ffffff\" width=\"270\" height=\"15\">Rua General Os\u00f3rio, 461 &#8211; Centro<\/td>\n<td bgcolor=\"#ffffff\" width=\"90\" height=\"15\">Buffet por kg<\/td>\n<td bgcolor=\"#ffffff\" width=\"90\" height=\"15\">(53) 3272.2446 <\/td>\n<\/tr>\n<tr valign=\"top\">\n<td bgcolor=\"#e0e0e0\" width=\"190\" height=\"15\">Restaurante Shanghay Sushi Lounge  <\/td>\n<td bgcolor=\"#e0e0e0\" width=\"270\" height=\"15\">Rua Andrade Neves 2227 \u2013 Centro<br \/>http:\/\/shanghaysushi.com\/site\/<\/td>\n<td bgcolor=\"#e0e0e0\" width=\"90\" height=\"15\">Buffet por kg<\/td>\n<td bgcolor=\"#e0e0e0\" width=\"90\" height=\"15\">(53) 3228.7601 <\/td>\n<\/tr>\n<tr valign=\"top\">\n<td bgcolor=\"#ffffff\" width=\"190\" height=\"15\">Doceria M\u00e1rcia Aquino <\/td>\n<td bgcolor=\"#ffffff\" width=\"270\" height=\"15\">Quinze de Novembro, 541 \u2013 Centro<br \/>http:\/\/www.marciaaquino.com.br<\/td>\n<td bgcolor=\"#ffffff\" width=\"90\" height=\"15\">Refei\u00e7\u00f5es executivas\/ lanches<\/td>\n<td bgcolor=\"#ffffff\" width=\"90\" height=\"15\">(53)3025.7450<\/td>\n<\/tr>\n<tr valign=\"top\">\n<td bgcolor=\"#e0e0e0\" width=\"190\" height=\"15\">Restaurante Batuva<\/td>\n<td bgcolor=\"#e0e0e0\" width=\"270\" height=\"15\">Marechal Deodoro, 873 &#8211; Centro<br \/>http:\/\/www.batuva.com.br\/ <\/td>\n<td bgcolor=\"#e0e0e0\" width=\"90\" height=\"15\">\u00e1 la carte<\/td>\n<td bgcolor=\"#e0e0e0\" width=\"90\" height=\"15\">(53) 3222.0101 <\/td>\n<\/tr>\n<tr valign=\"top\">\n<td bgcolor=\"#ffffff\" width=\"190\" height=\"15\">Restaurante Intervalo<\/td>\n<td bgcolor=\"#ffffff\" width=\"270\" height=\"15\">Rua Gon\u00e7alves Chaves, 370, Centro<\/td>\n<td bgcolor=\"#ffffff\" width=\"90\" height=\"15\">Buffet por kg<\/td>\n<td bgcolor=\"#ffffff\" width=\"90\" height=\"15\">(53) 3225.3455 <\/td>\n<\/tr>\n<tr valign=\"top\">\n<td bgcolor=\"#e0e0e0\" width=\"190\" height=\"15\">Shopping Pelotas<\/td>\n<td bgcolor=\"#e0e0e0\" width=\"270\" height=\"15\">Av. Ferreira Viana, 1.526 \u2013 Areal<br \/>http:\/\/www.shoppingpelotas.com.br\/alimentacao.asp<\/td>\n<td bgcolor=\"#e0e0e0\" width=\"90\" height=\"15\"><\/td>\n<td bgcolor=\"#e0e0e0\" width=\"90\" height=\"15\">(53) 3026-4500 <\/td>\n<\/tr>\n<\/table>\n<\/div>\n<div class=\"bodytext_left\"><a title=\"secao5\" name=\"secao5\"><\/a>&#8230;&#8230;&#8230;&#8230;&#8230;&#8230;&#8230;&#8230;&#8230;&#8230;&#8230;&#8230;&#8230;&#8230;&#8230;&#8230;&#8230;&#8230;&#8230;&#8230;&#8230;&#8230;&#8230;&#8230;&#8230;&#8230;&#8230;&#8230;&#8230;&#8230;&#8230;&#8230;&#8230;&#8230;&#8230;&#8230;&#8230;&#8230;&#8230;&#8230;&#8230;&#8230;&#8230;&#8230;&#8230;&#8230;&#8230;&#8230;&#8230;&#8230;&#8230;&#8230;..<\/br><strong>REALIZADORES<\/strong><\/div>\n<div class=\"bodytext_center\">\n<table>\n<tr>\n<td width=\"15\" height=\"155\"><\/td>\n<td width=\"170\" height=\"155\"><a href=\"http:\/\/www.ufpel.edu.br\/\" title=\"UFPel\" target=\"_blank\"><img loading=\"lazy\" decoding=\"async\" class=\"size-full wp-image-75\" title=\"parceiros\" src=\"https:\/\/wp.ufpel.edu.br\/labserg\/files\/2014\/10\/website_i_sepsst_parceiros_logo_ufpel.jpg\" width=\"149\" height=\"149\" \/><\/a><\/td>\n<td width=\"230\" height=\"155\"><a href=\"https:\/\/wp.ufpel.edu.br\/ceng\/\" title=\"CEng - UFPel\" target=\"_blank\"><img loading=\"lazy\" decoding=\"async\" class=\"size-full wp-image-75\" title=\"parceiros\" src=\"https:\/\/wp.ufpel.edu.br\/labserg\/files\/2015\/09\/ii_sepsst_logo_ceng_230x149.jpg\" width=\"230\" height=\"149\" \/><\/a><\/td>\n<td width=\"170\" height=\"155\"><a href=\"https:\/\/wp.ufpel.edu.br\/labserg\" title=\"Labserg - EP - UFPel\" target=\"_blank\"><img loading=\"lazy\" decoding=\"async\" class=\"size-full wp-image-75\" title=\"parceiros\" src=\"https:\/\/wp.ufpel.edu.br\/labserg\/files\/2014\/10\/website_i_sepsst_parceiros_logo_labserg.jpg\" width=\"142\" height=\"142\" \/><\/a><\/td>\n<td width=\"15\" height=\"155\"><\/td>\n<\/tr>\n<tr>\n<\/table>\n<div class=\"bodytext_left\"><a title=\"secao6\" name=\"secao6\"><\/a>&#8230;&#8230;&#8230;&#8230;&#8230;&#8230;&#8230;&#8230;&#8230;&#8230;&#8230;&#8230;&#8230;&#8230;&#8230;&#8230;&#8230;&#8230;&#8230;&#8230;&#8230;&#8230;&#8230;&#8230;&#8230;&#8230;&#8230;&#8230;&#8230;&#8230;&#8230;&#8230;&#8230;&#8230;&#8230;&#8230;&#8230;&#8230;&#8230;&#8230;&#8230;&#8230;&#8230;&#8230;&#8230;&#8230;&#8230;&#8230;&#8230;&#8230;&#8230;&#8230;..<\/br><strong>\u00c1LBUM DE FOTOS<\/strong><\/div>\n<div class=\"bodytext_justify\">O hiperlink abaixo remete ao \u00e1lbun de imagens do evento. Clique e confira.<\/div>\n<div class=\"bodytext_left\">.<\/div>\n<div class=\"bodytext_left\">17.out.2015 &#8211; <a href=\"https:\/\/goo.gl\/photos\/1a46fNcM2g3EhGvQ8\" title=\"2\u00ba SEPSST - Pelotas - RS\" target=\"_blank\">2\u00ba SEPSST &#8211; Pelotas &#8211; RS<\/a><\/div>\n<\/div>\n<div class=\"bodytext_right\"><a href=\"#inicio\"> &lt;&lt; <\/a><\/div>\n","protected":false},"excerpt":{"rendered":"<p>Acontecer\u00e1 no pr\u00f3ximo dia 17 de Outubro o 2\u00ba Semin\u00e1rio Estadual para Promo\u00e7\u00e3o da Sa\u00fade e Seguran\u00e7a do Trabalhador &#8211; 2\u00ba SPSST, o qual ter\u00e1 como tema Contribui\u00e7\u00f5es para as Unidades de Beneficiamento de Gr\u00e3os e Sementes. O agroneg\u00f3cio brasileiro \u00e9 altamente rent\u00e1vel e contribui significativamente para o atual momento da economia nacional, gerando emprego &hellip; <\/p>\n<p><a class=\"more-link btn\" href=\"https:\/\/wp.ufpel.edu.br\/sepsst\/2016-ii-sepsst\/\">Continue lendo<\/a><\/p>\n","protected":false},"author":840,"featured_media":0,"parent":0,"menu_order":2,"comment_status":"closed","ping_status":"closed","template":"","meta":{"footnotes":""},"class_list":["post-4","page","type-page","status-publish","hentry","nodate","item-wrap"],"jetpack_sharing_enabled":true,"_links":{"self":[{"href":"https:\/\/wp.ufpel.edu.br\/sepsst\/wp-json\/wp\/v2\/pages\/4","targetHints":{"allow":["GET"]}}],"collection":[{"href":"https:\/\/wp.ufpel.edu.br\/sepsst\/wp-json\/wp\/v2\/pages"}],"about":[{"href":"https:\/\/wp.ufpel.edu.br\/sepsst\/wp-json\/wp\/v2\/types\/page"}],"author":[{"embeddable":true,"href":"https:\/\/wp.ufpel.edu.br\/sepsst\/wp-json\/wp\/v2\/users\/840"}],"replies":[{"embeddable":true,"href":"https:\/\/wp.ufpel.edu.br\/sepsst\/wp-json\/wp\/v2\/comments?post=4"}],"version-history":[{"count":8,"href":"https:\/\/wp.ufpel.edu.br\/sepsst\/wp-json\/wp\/v2\/pages\/4\/revisions"}],"predecessor-version":[{"id":137,"href":"https:\/\/wp.ufpel.edu.br\/sepsst\/wp-json\/wp\/v2\/pages\/4\/revisions\/137"}],"wp:attachment":[{"href":"https:\/\/wp.ufpel.edu.br\/sepsst\/wp-json\/wp\/v2\/media?parent=4"}],"curies":[{"name":"wp","href":"https:\/\/api.w.org\/{rel}","templated":true}]}}