{"id":512,"date":"2023-02-15T10:17:03","date_gmt":"2023-02-15T13:17:03","guid":{"rendered":"https:\/\/wp.ufpel.edu.br\/sensorial\/?page_id=512"},"modified":"2026-02-10T14:13:08","modified_gmt":"2026-02-10T17:13:08","slug":"reservas","status":"publish","type":"page","link":"https:\/\/wp.ufpel.edu.br\/sensorial\/reservas\/","title":{"rendered":"Reservas"},"content":{"rendered":"<p>Todas as reservas para atividades dever\u00e3o ser feitas atrav\u00e9s do formul\u00e1rio (link disponibilizado abaixo), com no m\u00ednimo uma 48 horas de anteced\u00eancia ou se houver dispon\u00edvel, m\u00ednimo de 12 horas de anteced\u00eancia. A reserva ser\u00e1 confirmada por e-mail com os respectivos dados pertinentes \u00e0 solicita\u00e7\u00e3o.<\/p>\n<p>Disponibilizamos diversas vidrarias e equipamentos para realiza\u00e7\u00e3o de atividades, quando solicitados, informar a quantidade e quais equipamentos e\/ou vidrarias ser\u00e3o utilizadas.<\/p>\n<p>Preencha o formul\u00e1rio corretamente com todos os dados solicitados!<\/p>\n<p>LINK:\u00a0<a href=\"https:\/\/docs.google.com\/forms\/d\/e\/1FAIpQLSdRUeKrwuPZ6QoEClWwTK575nshAYzr1jnuvufIbkpAsWDhww\/viewform\" target=\"_blank\" rel=\"noopener\">FORMUL\u00c1RIO DE RESERVAS<\/a><\/p>\n","protected":false},"excerpt":{"rendered":"<p>Todas as reservas para atividades dever\u00e3o ser feitas atrav\u00e9s do formul\u00e1rio (link disponibilizado abaixo), com no m\u00ednimo uma 48 horas de anteced\u00eancia ou se houver dispon\u00edvel, m\u00ednimo de 12 horas de anteced\u00eancia. A reserva ser\u00e1 confirmada por e-mail com os respectivos dados pertinentes \u00e0 solicita\u00e7\u00e3o. Disponibilizamos diversas vidrarias e equipamentos para realiza\u00e7\u00e3o de atividades, quando [&hellip;]<\/p>\n","protected":false},"author":28,"featured_media":0,"parent":0,"menu_order":0,"comment_status":"closed","ping_status":"closed","template":"","meta":{"footnotes":""},"class_list":["post-512","page","type-page","status-publish","hentry"],"_links":{"self":[{"href":"https:\/\/wp.ufpel.edu.br\/sensorial\/wp-json\/wp\/v2\/pages\/512","targetHints":{"allow":["GET"]}}],"collection":[{"href":"https:\/\/wp.ufpel.edu.br\/sensorial\/wp-json\/wp\/v2\/pages"}],"about":[{"href":"https:\/\/wp.ufpel.edu.br\/sensorial\/wp-json\/wp\/v2\/types\/page"}],"author":[{"embeddable":true,"href":"https:\/\/wp.ufpel.edu.br\/sensorial\/wp-json\/wp\/v2\/users\/28"}],"replies":[{"embeddable":true,"href":"https:\/\/wp.ufpel.edu.br\/sensorial\/wp-json\/wp\/v2\/comments?post=512"}],"version-history":[{"count":3,"href":"https:\/\/wp.ufpel.edu.br\/sensorial\/wp-json\/wp\/v2\/pages\/512\/revisions"}],"predecessor-version":[{"id":696,"href":"https:\/\/wp.ufpel.edu.br\/sensorial\/wp-json\/wp\/v2\/pages\/512\/revisions\/696"}],"wp:attachment":[{"href":"https:\/\/wp.ufpel.edu.br\/sensorial\/wp-json\/wp\/v2\/media?parent=512"}],"curies":[{"name":"wp","href":"https:\/\/api.w.org\/{rel}","templated":true}]}}