{"id":3,"date":"2009-09-29T11:46:41","date_gmt":"2009-09-29T14:46:41","guid":{"rendered":"https:\/\/wp.ufpel.edu.br\/sensorial\/?page_id=3"},"modified":"2026-02-11T09:41:13","modified_gmt":"2026-02-11T12:41:13","slug":"contato","status":"publish","type":"page","link":"https:\/\/wp.ufpel.edu.br\/sensorial\/contato\/","title":{"rendered":"Contato"},"content":{"rendered":"<p>Centro de Ci\u00eancias Qu\u00edmicas, Farmac\u00eauticas e de Alimentos &#8211; Universidade Federal de Pelotas, RS, Brasil<\/p>\n<p>Campus Univesit\u00e1rio, Cx.P. 354, CEP 96010-900<\/p>\n<p><strong>E-mail:<\/strong> labsensorialufpel@hotmail.com<\/p>\n<p><strong>Instagram:<\/strong> <a href=\"https:\/\/www.instagram.com\/lab.sensorial\/\">@lab.sensorial<\/a><\/p>\n<p><strong>Facebook:<\/strong> <a href=\"https:\/\/www.facebook.com\/labsenufpel\">Laborat\u00f3rio de An\u00e1lise Sensorial &#8211; UFPel<\/a><\/p>\n<p><strong>YouTube: <\/strong> <a href=\"https:\/\/www.youtube.com\/channel\/UCYts1B2W621NtOpXKBYWCWw\">Laboratorio de An\u00e1lise Sensorial &#8211; UFPEL<\/a><\/p>\n<p>&nbsp;<\/p>\n","protected":false},"excerpt":{"rendered":"<p>Centro de Ci\u00eancias Qu\u00edmicas, Farmac\u00eauticas e de Alimentos &#8211; Universidade Federal de Pelotas, RS, Brasil Campus Univesit\u00e1rio, Cx.P. 354, CEP 96010-900 E-mail: labsensorialufpel@hotmail.com Instagram: @lab.sensorial Facebook: Laborat\u00f3rio de An\u00e1lise Sensorial &#8211; UFPel YouTube: Laboratorio de An\u00e1lise Sensorial &#8211; UFPEL &nbsp;<\/p>\n","protected":false},"author":28,"featured_media":0,"parent":0,"menu_order":0,"comment_status":"closed","ping_status":"closed","template":"","meta":{"footnotes":""},"class_list":["post-3","page","type-page","status-publish","hentry"],"_links":{"self":[{"href":"https:\/\/wp.ufpel.edu.br\/sensorial\/wp-json\/wp\/v2\/pages\/3","targetHints":{"allow":["GET"]}}],"collection":[{"href":"https:\/\/wp.ufpel.edu.br\/sensorial\/wp-json\/wp\/v2\/pages"}],"about":[{"href":"https:\/\/wp.ufpel.edu.br\/sensorial\/wp-json\/wp\/v2\/types\/page"}],"author":[{"embeddable":true,"href":"https:\/\/wp.ufpel.edu.br\/sensorial\/wp-json\/wp\/v2\/users\/28"}],"replies":[{"embeddable":true,"href":"https:\/\/wp.ufpel.edu.br\/sensorial\/wp-json\/wp\/v2\/comments?post=3"}],"version-history":[{"count":4,"href":"https:\/\/wp.ufpel.edu.br\/sensorial\/wp-json\/wp\/v2\/pages\/3\/revisions"}],"predecessor-version":[{"id":706,"href":"https:\/\/wp.ufpel.edu.br\/sensorial\/wp-json\/wp\/v2\/pages\/3\/revisions\/706"}],"wp:attachment":[{"href":"https:\/\/wp.ufpel.edu.br\/sensorial\/wp-json\/wp\/v2\/media?parent=3"}],"curies":[{"name":"wp","href":"https:\/\/api.w.org\/{rel}","templated":true}]}}