{"id":7,"date":"2021-02-18T21:38:55","date_gmt":"2021-02-19T00:38:55","guid":{"rendered":"https:\/\/wp.ufpel.edu.br\/senseofplace\/?page_id=7"},"modified":"2021-02-19T11:36:20","modified_gmt":"2021-02-19T14:36:20","slug":"projeto","status":"publish","type":"page","link":"https:\/\/wp.ufpel.edu.br\/senseofplace\/projeto\/","title":{"rendered":"Projeto"},"content":{"rendered":"<p style=\"text-align: justify\"><img loading=\"lazy\" decoding=\"async\" class=\"size-full wp-image-30 aligncenter\" src=\"https:\/\/wp.ufpel.edu.br\/senseofplace\/files\/2021\/02\/amsterdam-4167026_1280.png\" alt=\"\" width=\"1280\" height=\"732\" srcset=\"https:\/\/wp.ufpel.edu.br\/senseofplace\/files\/2021\/02\/amsterdam-4167026_1280.png 1280w, https:\/\/wp.ufpel.edu.br\/senseofplace\/files\/2021\/02\/amsterdam-4167026_1280-400x229.png 400w, https:\/\/wp.ufpel.edu.br\/senseofplace\/files\/2021\/02\/amsterdam-4167026_1280-1024x586.png 1024w, https:\/\/wp.ufpel.edu.br\/senseofplace\/files\/2021\/02\/amsterdam-4167026_1280-768x439.png 768w, https:\/\/wp.ufpel.edu.br\/senseofplace\/files\/2021\/02\/amsterdam-4167026_1280-350x200.png 350w\" sizes=\"auto, (max-width: 1280px) 100vw, 1280px\" \/><\/p>\n<p style=\"text-align: justify\">O Projeto SENSO DE LUGAR COMO POL\u00cdTICA P\u00daBLICA PARA PROMOVER CIDADES SAUD\u00c1VEIS visa compilar a\u00e7\u00f5es que est\u00e3o sendo desenvolvidas no <a href=\"https:\/\/wp.ufpel.edu.br\/labcom\/pt\/pagina-inicial\/\">Laborat\u00f3rio de Estudos Comportamentais<\/a> da <a href=\"https:\/\/portal.ufpel.edu.br\/\">Universidade Federal de Pelotas<\/a>, no Brasil, visando o estudo da percep\u00e7\u00e3o do usu\u00e1rio, considerando a qualidade visual e sensorial da cidade, do patrim\u00f4nio e do ambiente escolar para a cria\u00e7\u00e3o de metodologias participativas e diretrizes para pol\u00edticas p\u00fablicas baseadas no <strong>Senso de Lugar.<\/strong><\/p>\n<p style=\"text-align: justify\"><strong>Senso de Lugar<\/strong> se refere aos la\u00e7os e liga\u00e7\u00f5es emocionais que as pessoas desenvolvem ou vivenciam em locais e ambientes espec\u00edficos, em escalas que v\u00e3o do lar \u00e0 na\u00e7\u00e3o. Senso de lugar tamb\u00e9m \u00e9 usado para descrever a distin\u00e7\u00e3o ou o car\u00e1ter \u00fanico de determinadas localidades e regi\u00f5es. Senso de lugar pode se referir a la\u00e7os positivos de conforto, seguran\u00e7a e bem-estar gerados pelo lugar, casa e moradia, bem como sentimentos negativos de medo, disforia e falta de lugar. Uma sensa\u00e7\u00e3o de lugar \u00e9 uma cole\u00e7\u00e3o \u00fanica de qualidades e caracter\u00edsticas &#8211; visuais, culturais, sociais e ambientais &#8211; que fornecem significado a um local. O Senso de Lugar \u00e9 o que torna uma cidade diferente de outra, mas tamb\u00e9m \u00e9 o que torna nosso ambiente f\u00edsico digno de considera\u00e7\u00e3o. Esses preceitos devem fundamentar qualquer pol\u00edtica p\u00fablica urbana que busque cidades mais saud\u00e1veis. O conceito de sentido de lugar desempenhou um papel importante no debate na geografia humana nos \u00faltimos 30 anos. Quando introduzido pela primeira vez, o conceito chamou a aten\u00e7\u00e3o para a natureza muitas vezes subjetiva da experi\u00eancia ambiental humana, bem como para as dimens\u00f5es perceptivas e cognitivas dessas experi\u00eancias. O Senso de Lugar continua sendo uma ponte entre uma s\u00e9rie de subdisciplinas, bem como um elo entre as geografias human\u00edsticas e positivistas.<\/p>\n<p style=\"text-align: justify\">Os estudos que abordam <strong>Senso de Lugar<\/strong> muitas vezes s\u00e3o compreendidos como abstratos e desconectados do desenvolvimento pr\u00e1tico de pol\u00edticas p\u00fablicas de promo\u00e7\u00e3o de cidades saud\u00e1veis. Este Projeto v\u00eam para demonstrar que \u00e9 poss\u00edvel desenvolver a\u00e7\u00f5es focadas na produ\u00e7\u00e3o de pol\u00edticas p\u00fablicas para a cidade baseadas em resultados alcan\u00e7ados a partir da percep\u00e7\u00e3o do Senso de Lugar em parceria com institui\u00e7\u00f5es governamentais e acad\u00eamicas.<\/p>\n","protected":false},"excerpt":{"rendered":"<p>O Projeto SENSO DE LUGAR COMO POL\u00cdTICA P\u00daBLICA PARA PROMOVER CIDADES SAUD\u00c1VEIS visa compilar a\u00e7\u00f5es que est\u00e3o sendo desenvolvidas no Laborat\u00f3rio de Estudos Comportamentais da Universidade Federal&hellip; <span class=\"read-more\"><a class=\"more-link\" href=\"https:\/\/wp.ufpel.edu.br\/senseofplace\/projeto\/\" rel=\"bookmark\">Leia Mais <span class=\"screen-reader-text\">&#8220;Projeto&#8221;<\/span><\/a><\/span><\/p>\n","protected":false},"author":956,"featured_media":0,"parent":0,"menu_order":0,"comment_status":"closed","ping_status":"closed","template":"","meta":{"footnotes":""},"class_list":["post-7","page","type-page","status-publish","hentry"],"_links":{"self":[{"href":"https:\/\/wp.ufpel.edu.br\/senseofplace\/wp-json\/wp\/v2\/pages\/7","targetHints":{"allow":["GET"]}}],"collection":[{"href":"https:\/\/wp.ufpel.edu.br\/senseofplace\/wp-json\/wp\/v2\/pages"}],"about":[{"href":"https:\/\/wp.ufpel.edu.br\/senseofplace\/wp-json\/wp\/v2\/types\/page"}],"author":[{"embeddable":true,"href":"https:\/\/wp.ufpel.edu.br\/senseofplace\/wp-json\/wp\/v2\/users\/956"}],"replies":[{"embeddable":true,"href":"https:\/\/wp.ufpel.edu.br\/senseofplace\/wp-json\/wp\/v2\/comments?post=7"}],"version-history":[{"count":8,"href":"https:\/\/wp.ufpel.edu.br\/senseofplace\/wp-json\/wp\/v2\/pages\/7\/revisions"}],"predecessor-version":[{"id":122,"href":"https:\/\/wp.ufpel.edu.br\/senseofplace\/wp-json\/wp\/v2\/pages\/7\/revisions\/122"}],"wp:attachment":[{"href":"https:\/\/wp.ufpel.edu.br\/senseofplace\/wp-json\/wp\/v2\/media?parent=7"}],"curies":[{"name":"wp","href":"https:\/\/api.w.org\/{rel}","templated":true}]}}