{"id":16,"date":"2021-02-18T21:39:22","date_gmt":"2021-02-19T00:39:22","guid":{"rendered":"https:\/\/wp.ufpel.edu.br\/senseofplace\/?page_id=16"},"modified":"2021-02-19T00:26:44","modified_gmt":"2021-02-19T03:26:44","slug":"futuro","status":"publish","type":"page","link":"https:\/\/wp.ufpel.edu.br\/senseofplace\/futuro\/","title":{"rendered":"Futuro"},"content":{"rendered":"<p><img loading=\"lazy\" decoding=\"async\" class=\"size-full wp-image-95 aligncenter\" src=\"https:\/\/wp.ufpel.edu.br\/senseofplace\/files\/2021\/02\/elephant-684600_1920.jpg\" alt=\"\" width=\"1920\" height=\"1280\" srcset=\"https:\/\/wp.ufpel.edu.br\/senseofplace\/files\/2021\/02\/elephant-684600_1920.jpg 1920w, https:\/\/wp.ufpel.edu.br\/senseofplace\/files\/2021\/02\/elephant-684600_1920-400x267.jpg 400w, https:\/\/wp.ufpel.edu.br\/senseofplace\/files\/2021\/02\/elephant-684600_1920-1024x683.jpg 1024w, https:\/\/wp.ufpel.edu.br\/senseofplace\/files\/2021\/02\/elephant-684600_1920-768x512.jpg 768w, https:\/\/wp.ufpel.edu.br\/senseofplace\/files\/2021\/02\/elephant-684600_1920-1536x1024.jpg 1536w, https:\/\/wp.ufpel.edu.br\/senseofplace\/files\/2021\/02\/elephant-684600_1920-300x200.jpg 300w\" sizes=\"auto, (max-width: 1920px) 100vw, 1920px\" \/><\/p>\n<p style=\"text-align: justify\"><span style=\"font-size: 14pt\">Nosso Projeto e a\u00e7\u00f5es buscam definir diretrizes que ajudem governos locais, estaduais e federais no Brasil, e tamb\u00e9m internacionalmente, a criar pol\u00edticas p\u00fablicas de inclus\u00e3o social, de diversidade e human\u00edsticas, voltadas ao desenvolvimento de cidades saud\u00e1veis para todos.<\/span><\/p>\n<p style=\"text-align: justify\"><span style=\"font-size: 14pt\">Queremos um mundo formado por <strong>Elmers*<\/strong>, que todos se sintam inclu\u00eddos no desenho da cidade e nas propostas de desenvolvimento urbano sustent\u00e1vel.<\/span><\/p>\n<p style=\"text-align: justify\"><span style=\"font-size: 14pt\">* Elmer \u00e9 um cl\u00e1ssico da literatura, publicado originalmente na Inglaterra em 1968 de autoria de David McKee. Atrav\u00e9s do alegre personagem Elmer, o elefante colorido, David McKee passa a importante mensagem: ser diferente \u00e9 maravilhoso e divertido e todos devem se respeitar no ambiente que vivem, ser parceiros e amigos. Viva a diferen\u00e7a e a diversidade!<\/span><\/p>\n<p>&nbsp;<\/p>\n","protected":false},"excerpt":{"rendered":"<p>Nosso Projeto e a\u00e7\u00f5es buscam definir diretrizes que ajudem governos locais, estaduais e federais no Brasil, e tamb\u00e9m internacionalmente, a criar pol\u00edticas p\u00fablicas de inclus\u00e3o social, de&hellip; <span class=\"read-more\"><a class=\"more-link\" href=\"https:\/\/wp.ufpel.edu.br\/senseofplace\/futuro\/\" rel=\"bookmark\">Leia Mais <span class=\"screen-reader-text\">&#8220;Futuro&#8221;<\/span><\/a><\/span><\/p>\n","protected":false},"author":956,"featured_media":0,"parent":0,"menu_order":0,"comment_status":"closed","ping_status":"closed","template":"","meta":{"footnotes":""},"class_list":["post-16","page","type-page","status-publish","hentry"],"_links":{"self":[{"href":"https:\/\/wp.ufpel.edu.br\/senseofplace\/wp-json\/wp\/v2\/pages\/16","targetHints":{"allow":["GET"]}}],"collection":[{"href":"https:\/\/wp.ufpel.edu.br\/senseofplace\/wp-json\/wp\/v2\/pages"}],"about":[{"href":"https:\/\/wp.ufpel.edu.br\/senseofplace\/wp-json\/wp\/v2\/types\/page"}],"author":[{"embeddable":true,"href":"https:\/\/wp.ufpel.edu.br\/senseofplace\/wp-json\/wp\/v2\/users\/956"}],"replies":[{"embeddable":true,"href":"https:\/\/wp.ufpel.edu.br\/senseofplace\/wp-json\/wp\/v2\/comments?post=16"}],"version-history":[{"count":12,"href":"https:\/\/wp.ufpel.edu.br\/senseofplace\/wp-json\/wp\/v2\/pages\/16\/revisions"}],"predecessor-version":[{"id":114,"href":"https:\/\/wp.ufpel.edu.br\/senseofplace\/wp-json\/wp\/v2\/pages\/16\/revisions\/114"}],"wp:attachment":[{"href":"https:\/\/wp.ufpel.edu.br\/senseofplace\/wp-json\/wp\/v2\/media?parent=16"}],"curies":[{"name":"wp","href":"https:\/\/api.w.org\/{rel}","templated":true}]}}