{"id":137,"date":"2021-03-01T15:00:00","date_gmt":"2021-03-01T18:00:00","guid":{"rendered":"https:\/\/wp.ufpel.edu.br\/senseofplace\/?page_id=137"},"modified":"2021-03-01T15:00:54","modified_gmt":"2021-03-01T18:00:54","slug":"repercussao-turistica-e-social-causada-por-revitalizacoes-em-zonas-portuarias","status":"publish","type":"page","link":"https:\/\/wp.ufpel.edu.br\/senseofplace\/repercussao-turistica-e-social-causada-por-revitalizacoes-em-zonas-portuarias\/","title":{"rendered":"Repercuss\u00e3o Tur\u00edstica e Social causada por Revitaliza\u00e7\u00f5es em Zonas Portu\u00e1rias"},"content":{"rendered":"<p><img loading=\"lazy\" decoding=\"async\" class=\"size-full wp-image-141 aligncenter\" src=\"https:\/\/wp.ufpel.edu.br\/senseofplace\/files\/2021\/03\/porto-alegre-5378451_1280.jpg\" alt=\"\" width=\"1280\" height=\"853\" srcset=\"https:\/\/wp.ufpel.edu.br\/senseofplace\/files\/2021\/03\/porto-alegre-5378451_1280.jpg 1280w, https:\/\/wp.ufpel.edu.br\/senseofplace\/files\/2021\/03\/porto-alegre-5378451_1280-400x267.jpg 400w, https:\/\/wp.ufpel.edu.br\/senseofplace\/files\/2021\/03\/porto-alegre-5378451_1280-1024x682.jpg 1024w, https:\/\/wp.ufpel.edu.br\/senseofplace\/files\/2021\/03\/porto-alegre-5378451_1280-768x512.jpg 768w, https:\/\/wp.ufpel.edu.br\/senseofplace\/files\/2021\/03\/porto-alegre-5378451_1280-300x200.jpg 300w\" sizes=\"auto, (max-width: 1280px) 100vw, 1280px\" \/><\/p>\n<p style=\"text-align: justify\">Esta a\u00e7\u00e3o tem como objetivo analisar \u00e1reas portu\u00e1rias que passaram por projetos de requalifica\u00e7\u00e3o no Brasil, a fim de identificar a repercuss\u00e3o tur\u00edstica, social e comercial dessas interven\u00e7\u00f5es sobre a percep\u00e7\u00e3o de senso de lugar dos moradores. Essa an\u00e1lise se justifica pela import\u00e2ncia hist\u00f3rico-cultural das \u00e1reas portu\u00e1rias para a estrutura\u00e7\u00e3o urbana e econ\u00f4mica de diversas cidades do pa\u00eds.<\/p>\n<h5>Pesquisadores<\/h5>\n<p style=\"text-align: justify\">Tailline Maiara Webber Rauta, Faculdade de Arquitetura e Urbanismo, Universidade Federal de Pelotas, Brasil.<\/p>\n<p style=\"text-align: justify\">Adriana Portella, Faculdade de Arquitetura e Urbanismo, Universidade Federal de Pelotas, Brasil. adrianaportella@yahoo.com.br<\/p>\n<p style=\"text-align: justify\">Gisele Pereira, Faculdade de Turismo, Centro de Ci\u00eancias Socio-Organizacionais, Universidade Federal de Pelotas, Brasil. gisele_pereira@hotmail.com<\/p>\n","protected":false},"excerpt":{"rendered":"<p>Esta a\u00e7\u00e3o tem como objetivo analisar \u00e1reas portu\u00e1rias que passaram por projetos de requalifica\u00e7\u00e3o no Brasil, a fim de identificar a repercuss\u00e3o tur\u00edstica, social e comercial dessas&hellip; <span class=\"read-more\"><a class=\"more-link\" href=\"https:\/\/wp.ufpel.edu.br\/senseofplace\/repercussao-turistica-e-social-causada-por-revitalizacoes-em-zonas-portuarias\/\" rel=\"bookmark\">Leia Mais <span class=\"screen-reader-text\">&#8220;Repercuss\u00e3o Tur\u00edstica e Social causada por Revitaliza\u00e7\u00f5es em Zonas Portu\u00e1rias&#8221;<\/span><\/a><\/span><\/p>\n","protected":false},"author":956,"featured_media":0,"parent":0,"menu_order":0,"comment_status":"closed","ping_status":"closed","template":"","meta":{"footnotes":""},"class_list":["post-137","page","type-page","status-publish","hentry"],"_links":{"self":[{"href":"https:\/\/wp.ufpel.edu.br\/senseofplace\/wp-json\/wp\/v2\/pages\/137","targetHints":{"allow":["GET"]}}],"collection":[{"href":"https:\/\/wp.ufpel.edu.br\/senseofplace\/wp-json\/wp\/v2\/pages"}],"about":[{"href":"https:\/\/wp.ufpel.edu.br\/senseofplace\/wp-json\/wp\/v2\/types\/page"}],"author":[{"embeddable":true,"href":"https:\/\/wp.ufpel.edu.br\/senseofplace\/wp-json\/wp\/v2\/users\/956"}],"replies":[{"embeddable":true,"href":"https:\/\/wp.ufpel.edu.br\/senseofplace\/wp-json\/wp\/v2\/comments?post=137"}],"version-history":[{"count":4,"href":"https:\/\/wp.ufpel.edu.br\/senseofplace\/wp-json\/wp\/v2\/pages\/137\/revisions"}],"predecessor-version":[{"id":143,"href":"https:\/\/wp.ufpel.edu.br\/senseofplace\/wp-json\/wp\/v2\/pages\/137\/revisions\/143"}],"wp:attachment":[{"href":"https:\/\/wp.ufpel.edu.br\/senseofplace\/wp-json\/wp\/v2\/media?parent=137"}],"curies":[{"name":"wp","href":"https:\/\/api.w.org\/{rel}","templated":true}]}}