{"id":13,"date":"2021-02-18T21:39:14","date_gmt":"2021-02-19T00:39:14","guid":{"rendered":"https:\/\/wp.ufpel.edu.br\/senseofplace\/?page_id=13"},"modified":"2021-02-19T00:41:41","modified_gmt":"2021-02-19T03:41:41","slug":"acoes","status":"publish","type":"page","link":"https:\/\/wp.ufpel.edu.br\/senseofplace\/acoes\/","title":{"rendered":"A\u00e7\u00f5es"},"content":{"rendered":"<p style=\"text-align: justify\">Nosso Projeto \u00e9 composto por v\u00e1rias a\u00e7\u00f5es com tem\u00e1ticas diferentes que se interligam pela busca da percep\u00e7\u00e3o de <strong>Senso de Lugar<\/strong>.<\/p>\n<p><img loading=\"lazy\" decoding=\"async\" class=\"size-full wp-image-84 aligncenter\" src=\"https:\/\/wp.ufpel.edu.br\/senseofplace\/files\/2021\/02\/smile-5128742_1920.jpg\" alt=\"\" width=\"1920\" height=\"1280\" srcset=\"https:\/\/wp.ufpel.edu.br\/senseofplace\/files\/2021\/02\/smile-5128742_1920.jpg 1920w, https:\/\/wp.ufpel.edu.br\/senseofplace\/files\/2021\/02\/smile-5128742_1920-400x267.jpg 400w, https:\/\/wp.ufpel.edu.br\/senseofplace\/files\/2021\/02\/smile-5128742_1920-1024x683.jpg 1024w, https:\/\/wp.ufpel.edu.br\/senseofplace\/files\/2021\/02\/smile-5128742_1920-768x512.jpg 768w, https:\/\/wp.ufpel.edu.br\/senseofplace\/files\/2021\/02\/smile-5128742_1920-1536x1024.jpg 1536w, https:\/\/wp.ufpel.edu.br\/senseofplace\/files\/2021\/02\/smile-5128742_1920-300x200.jpg 300w\" sizes=\"auto, (max-width: 1920px) 100vw, 1920px\" \/><\/p>\n<p>&nbsp;<\/p>\n","protected":false},"excerpt":{"rendered":"<p>Nosso Projeto \u00e9 composto por v\u00e1rias a\u00e7\u00f5es com tem\u00e1ticas diferentes que se interligam pela busca da percep\u00e7\u00e3o de Senso de Lugar. &nbsp;<\/p>\n","protected":false},"author":956,"featured_media":0,"parent":0,"menu_order":0,"comment_status":"closed","ping_status":"closed","template":"","meta":{"footnotes":""},"class_list":["post-13","page","type-page","status-publish","hentry"],"_links":{"self":[{"href":"https:\/\/wp.ufpel.edu.br\/senseofplace\/wp-json\/wp\/v2\/pages\/13","targetHints":{"allow":["GET"]}}],"collection":[{"href":"https:\/\/wp.ufpel.edu.br\/senseofplace\/wp-json\/wp\/v2\/pages"}],"about":[{"href":"https:\/\/wp.ufpel.edu.br\/senseofplace\/wp-json\/wp\/v2\/types\/page"}],"author":[{"embeddable":true,"href":"https:\/\/wp.ufpel.edu.br\/senseofplace\/wp-json\/wp\/v2\/users\/956"}],"replies":[{"embeddable":true,"href":"https:\/\/wp.ufpel.edu.br\/senseofplace\/wp-json\/wp\/v2\/comments?post=13"}],"version-history":[{"count":4,"href":"https:\/\/wp.ufpel.edu.br\/senseofplace\/wp-json\/wp\/v2\/pages\/13\/revisions"}],"predecessor-version":[{"id":121,"href":"https:\/\/wp.ufpel.edu.br\/senseofplace\/wp-json\/wp\/v2\/pages\/13\/revisions\/121"}],"wp:attachment":[{"href":"https:\/\/wp.ufpel.edu.br\/senseofplace\/wp-json\/wp\/v2\/media?parent=13"}],"curies":[{"name":"wp","href":"https:\/\/api.w.org\/{rel}","templated":true}]}}