{"id":10,"date":"2021-02-18T21:39:05","date_gmt":"2021-02-19T00:39:05","guid":{"rendered":"https:\/\/wp.ufpel.edu.br\/senseofplace\/?page_id=10"},"modified":"2021-03-01T15:25:48","modified_gmt":"2021-03-01T18:25:48","slug":"quem-somos","status":"publish","type":"page","link":"https:\/\/wp.ufpel.edu.br\/senseofplace\/quem-somos\/","title":{"rendered":"Quem somos"},"content":{"rendered":"<p><img loading=\"lazy\" decoding=\"async\" class=\"size-full wp-image-37 aligncenter\" src=\"https:\/\/wp.ufpel.edu.br\/senseofplace\/files\/2021\/02\/cheers-839865_1920.jpg\" alt=\"\" width=\"1920\" height=\"1280\" srcset=\"https:\/\/wp.ufpel.edu.br\/senseofplace\/files\/2021\/02\/cheers-839865_1920.jpg 1920w, https:\/\/wp.ufpel.edu.br\/senseofplace\/files\/2021\/02\/cheers-839865_1920-400x267.jpg 400w, https:\/\/wp.ufpel.edu.br\/senseofplace\/files\/2021\/02\/cheers-839865_1920-1024x683.jpg 1024w, https:\/\/wp.ufpel.edu.br\/senseofplace\/files\/2021\/02\/cheers-839865_1920-768x512.jpg 768w, https:\/\/wp.ufpel.edu.br\/senseofplace\/files\/2021\/02\/cheers-839865_1920-1536x1024.jpg 1536w, https:\/\/wp.ufpel.edu.br\/senseofplace\/files\/2021\/02\/cheers-839865_1920-300x200.jpg 300w\" sizes=\"auto, (max-width: 1920px) 100vw, 1920px\" \/><\/p>\n<p style=\"text-align: justify\">Somos um time multidisciplinar, bem animado, que entende que para promover cidades saud\u00e1veis \u00e9 necess\u00e1rio investigar as percep\u00e7\u00f5es das pessoas sobre os lugares que moram, e a partir desses resultados definir diretrizes urban\u00edsticas e pol\u00edticas p\u00fablicas para uma cidade mais inclusiva e humanit\u00e1ria.<\/p>\n<p><img loading=\"lazy\" decoding=\"async\" class=\"wp-image-35 alignnone\" src=\"https:\/\/wp.ufpel.edu.br\/senseofplace\/files\/2021\/02\/adri.jpg\" alt=\"\" width=\"247\" height=\"247\" srcset=\"https:\/\/wp.ufpel.edu.br\/senseofplace\/files\/2021\/02\/adri.jpg 1372w, https:\/\/wp.ufpel.edu.br\/senseofplace\/files\/2021\/02\/adri-400x400.jpg 400w, https:\/\/wp.ufpel.edu.br\/senseofplace\/files\/2021\/02\/adri-1024x1024.jpg 1024w, https:\/\/wp.ufpel.edu.br\/senseofplace\/files\/2021\/02\/adri-200x200.jpg 200w, https:\/\/wp.ufpel.edu.br\/senseofplace\/files\/2021\/02\/adri-768x768.jpg 768w, https:\/\/wp.ufpel.edu.br\/senseofplace\/files\/2021\/02\/adri-280x280.jpg 280w, https:\/\/wp.ufpel.edu.br\/senseofplace\/files\/2021\/02\/adri-100x100.jpg 100w\" sizes=\"auto, (max-width: 247px) 100vw, 247px\" \/><\/p>\n<p style=\"text-align: left\"><strong>Dra. Adriana Portella, Professora Associada<\/strong><\/p>\n<p style=\"text-align: left\">Faculdade de Arquitetura e Urbanismo<\/p>\n<p style=\"text-align: left\">Universidade Federal de Pelotas<\/p>\n<p style=\"text-align: left\">adrianaportella@yahoo.com.br<\/p>\n<p><img loading=\"lazy\" decoding=\"async\" class=\"alignnone wp-image-148\" src=\"https:\/\/wp.ufpel.edu.br\/senseofplace\/files\/2021\/03\/gisele-1-e1614622155755.jpg\" alt=\"\" width=\"242\" height=\"255\" srcset=\"https:\/\/wp.ufpel.edu.br\/senseofplace\/files\/2021\/03\/gisele-1-e1614622155755.jpg 381w, https:\/\/wp.ufpel.edu.br\/senseofplace\/files\/2021\/03\/gisele-1-e1614622155755-379x400.jpg 379w, https:\/\/wp.ufpel.edu.br\/senseofplace\/files\/2021\/03\/gisele-1-e1614622155755-190x200.jpg 190w\" sizes=\"auto, (max-width: 242px) 100vw, 242px\" \/><\/p>\n<p style=\"text-align: left\"><strong>Dra. Gisele Pereira, Professora Adjunta<\/strong><\/p>\n<p style=\"text-align: left\">Centro de Ci\u00eancias S\u00f3cio-Organizacionais<\/p>\n<p style=\"text-align: left\">Universidade Federal de Pelotas<\/p>\n<p style=\"text-align: left\">gisele_pereira@hotmail.com<\/p>\n<p style=\"text-align: left\"><img loading=\"lazy\" decoding=\"async\" class=\"wp-image-36 alignnone\" src=\"https:\/\/wp.ufpel.edu.br\/senseofplace\/files\/2021\/02\/barbara.jpg\" alt=\"\" width=\"242\" height=\"242\" srcset=\"https:\/\/wp.ufpel.edu.br\/senseofplace\/files\/2021\/02\/barbara.jpg 1440w, https:\/\/wp.ufpel.edu.br\/senseofplace\/files\/2021\/02\/barbara-400x400.jpg 400w, https:\/\/wp.ufpel.edu.br\/senseofplace\/files\/2021\/02\/barbara-1024x1024.jpg 1024w, https:\/\/wp.ufpel.edu.br\/senseofplace\/files\/2021\/02\/barbara-200x200.jpg 200w, https:\/\/wp.ufpel.edu.br\/senseofplace\/files\/2021\/02\/barbara-768x768.jpg 768w, https:\/\/wp.ufpel.edu.br\/senseofplace\/files\/2021\/02\/barbara-280x280.jpg 280w, https:\/\/wp.ufpel.edu.br\/senseofplace\/files\/2021\/02\/barbara-100x100.jpg 100w\" sizes=\"auto, (max-width: 242px) 100vw, 242px\" \/><\/p>\n<p style=\"text-align: justify\"><strong>B\u00e1rbara Ribeiro Couto, mestranda no <a href=\"https:\/\/wp.ufpel.edu.br\/prograu\/\">PROGRAU<\/a><\/strong><\/p>\n<p style=\"text-align: left\">Faculdade de Arquitetura e Urbanismo<\/p>\n<p style=\"text-align: left\">Universidade Federal de Pelotas<\/p>\n<p style=\"text-align: left\">bfribeiro.au@gmail.com<\/p>\n<p><img loading=\"lazy\" decoding=\"async\" class=\"alignnone wp-image-34\" src=\"https:\/\/wp.ufpel.edu.br\/senseofplace\/files\/2021\/02\/jose-e1613697870323.jpg\" alt=\"\" width=\"244\" height=\"278\" srcset=\"https:\/\/wp.ufpel.edu.br\/senseofplace\/files\/2021\/02\/jose-e1613697870323.jpg 534w, https:\/\/wp.ufpel.edu.br\/senseofplace\/files\/2021\/02\/jose-e1613697870323-351x400.jpg 351w, https:\/\/wp.ufpel.edu.br\/senseofplace\/files\/2021\/02\/jose-e1613697870323-176x200.jpg 176w\" sizes=\"auto, (max-width: 244px) 100vw, 244px\" \/><\/p>\n<p style=\"text-align: justify\"><strong>Jos\u00e9 Henrique Carl\u00facio Cordeiro, mestrando no <a href=\"https:\/\/wp.ufpel.edu.br\/prograu\/\">PROGRAU<\/a><\/strong><\/p>\n<p style=\"text-align: left\">Faculdade de Arquitetura e Urbanismo<\/p>\n<p style=\"text-align: left\">Universidade Federal de Pelotas<\/p>\n<p style=\"text-align: left\">joseccordeiro@yahoo.com.br<\/p>\n<p style=\"text-align: left\"><img loading=\"lazy\" decoding=\"async\" class=\"wp-image-33 alignnone\" src=\"https:\/\/wp.ufpel.edu.br\/senseofplace\/files\/2021\/02\/giovane.jpg\" alt=\"\" width=\"243\" height=\"243\" srcset=\"https:\/\/wp.ufpel.edu.br\/senseofplace\/files\/2021\/02\/giovane.jpg 1365w, https:\/\/wp.ufpel.edu.br\/senseofplace\/files\/2021\/02\/giovane-400x400.jpg 400w, https:\/\/wp.ufpel.edu.br\/senseofplace\/files\/2021\/02\/giovane-1024x1024.jpg 1024w, https:\/\/wp.ufpel.edu.br\/senseofplace\/files\/2021\/02\/giovane-200x200.jpg 200w, https:\/\/wp.ufpel.edu.br\/senseofplace\/files\/2021\/02\/giovane-768x768.jpg 768w, https:\/\/wp.ufpel.edu.br\/senseofplace\/files\/2021\/02\/giovane-280x280.jpg 280w, https:\/\/wp.ufpel.edu.br\/senseofplace\/files\/2021\/02\/giovane-100x100.jpg 100w\" sizes=\"auto, (max-width: 243px) 100vw, 243px\" \/><\/p>\n<p style=\"text-align: justify\"><strong>Giovanni Rotta, mestrando no <a href=\"https:\/\/wp.ufpel.edu.br\/prograu\/\">PROGRAU<\/a><\/strong><\/p>\n<p style=\"text-align: left\">Faculdade de Arquitetura e Urbanismo<\/p>\n<p style=\"text-align: left\">Universidade Federal de Pelotas<\/p>\n<p style=\"text-align: left\">gioorotta@gmail.com<\/p>\n<p><img loading=\"lazy\" decoding=\"async\" class=\"wp-image-152 alignnone\" src=\"https:\/\/wp.ufpel.edu.br\/senseofplace\/files\/2021\/03\/aracele.jpg\" alt=\"\" width=\"236\" height=\"237\" srcset=\"https:\/\/wp.ufpel.edu.br\/senseofplace\/files\/2021\/03\/aracele.jpg 1371w, https:\/\/wp.ufpel.edu.br\/senseofplace\/files\/2021\/03\/aracele-400x400.jpg 400w, https:\/\/wp.ufpel.edu.br\/senseofplace\/files\/2021\/03\/aracele-1024x1024.jpg 1024w, https:\/\/wp.ufpel.edu.br\/senseofplace\/files\/2021\/03\/aracele-200x200.jpg 200w, https:\/\/wp.ufpel.edu.br\/senseofplace\/files\/2021\/03\/aracele-768x769.jpg 768w, https:\/\/wp.ufpel.edu.br\/senseofplace\/files\/2021\/03\/aracele-280x280.jpg 280w, https:\/\/wp.ufpel.edu.br\/senseofplace\/files\/2021\/03\/aracele-100x100.jpg 100w\" sizes=\"auto, (max-width: 236px) 100vw, 236px\" \/><\/p>\n<p><strong>Aracele Rocha Mahfuz, mestranda no <a href=\"https:\/\/wp.ufpel.edu.br\/prograu\/\">PROGRAU<\/a><\/strong><\/p>\n<p>Faculdade de Arquitetura e Urbanismo<\/p>\n<p>Universidade Federal de Pelotas<\/p>\n<p>araceleceu@gmail.com<\/p>\n<p><img loading=\"lazy\" decoding=\"async\" class=\"alignnone wp-image-153\" src=\"https:\/\/wp.ufpel.edu.br\/senseofplace\/files\/2021\/03\/tailli-e1614623030410.jpg\" alt=\"\" width=\"235\" height=\"250\" srcset=\"https:\/\/wp.ufpel.edu.br\/senseofplace\/files\/2021\/03\/tailli-e1614623030410.jpg 861w, https:\/\/wp.ufpel.edu.br\/senseofplace\/files\/2021\/03\/tailli-e1614623030410-375x400.jpg 375w, https:\/\/wp.ufpel.edu.br\/senseofplace\/files\/2021\/03\/tailli-e1614623030410-768x819.jpg 768w, https:\/\/wp.ufpel.edu.br\/senseofplace\/files\/2021\/03\/tailli-e1614623030410-188x200.jpg 188w\" sizes=\"auto, (max-width: 235px) 100vw, 235px\" \/><\/p>\n<p><strong>Tailline Maiara Webber Rauta, mestranda no <a href=\"https:\/\/wp.ufpel.edu.br\/prograu\/\">PROGRAU<\/a><\/strong><\/p>\n<p>Faculdade de Arquitetura e Urbanismo<\/p>\n<p>Universidade Federal de Pelotas<\/p>\n<p><img loading=\"lazy\" decoding=\"async\" class=\"alignnone wp-image-154\" src=\"https:\/\/wp.ufpel.edu.br\/senseofplace\/files\/2021\/03\/mateus.jpg\" alt=\"\" width=\"233\" height=\"284\" srcset=\"https:\/\/wp.ufpel.edu.br\/senseofplace\/files\/2021\/03\/mateus.jpg 1027w, https:\/\/wp.ufpel.edu.br\/senseofplace\/files\/2021\/03\/mateus-328x400.jpg 328w, https:\/\/wp.ufpel.edu.br\/senseofplace\/files\/2021\/03\/mateus-839x1024.jpg 839w, https:\/\/wp.ufpel.edu.br\/senseofplace\/files\/2021\/03\/mateus-768x938.jpg 768w, https:\/\/wp.ufpel.edu.br\/senseofplace\/files\/2021\/03\/mateus-164x200.jpg 164w\" sizes=\"auto, (max-width: 233px) 100vw, 233px\" \/><\/p>\n<p><strong>Mateus Romualdo, mestrando no <a href=\"https:\/\/wp.ufpel.edu.br\/prograu\/\">PROGRAU<\/a><\/strong><\/p>\n<p>Faculdade de Arquitetura e Urbanismo<\/p>\n<p>Universidade Federal de Pelotas<\/p>\n<p>mateusromualdoteles@gmail.com<\/p>\n","protected":false},"excerpt":{"rendered":"<p>Somos um time multidisciplinar, bem animado, que entende que para promover cidades saud\u00e1veis \u00e9 necess\u00e1rio investigar as percep\u00e7\u00f5es das pessoas sobre os lugares que moram, e a&hellip; <span class=\"read-more\"><a class=\"more-link\" href=\"https:\/\/wp.ufpel.edu.br\/senseofplace\/quem-somos\/\" rel=\"bookmark\">Leia Mais <span class=\"screen-reader-text\">&#8220;Quem somos&#8221;<\/span><\/a><\/span><\/p>\n","protected":false},"author":956,"featured_media":0,"parent":0,"menu_order":0,"comment_status":"closed","ping_status":"closed","template":"","meta":{"footnotes":""},"class_list":["post-10","page","type-page","status-publish","hentry"],"_links":{"self":[{"href":"https:\/\/wp.ufpel.edu.br\/senseofplace\/wp-json\/wp\/v2\/pages\/10","targetHints":{"allow":["GET"]}}],"collection":[{"href":"https:\/\/wp.ufpel.edu.br\/senseofplace\/wp-json\/wp\/v2\/pages"}],"about":[{"href":"https:\/\/wp.ufpel.edu.br\/senseofplace\/wp-json\/wp\/v2\/types\/page"}],"author":[{"embeddable":true,"href":"https:\/\/wp.ufpel.edu.br\/senseofplace\/wp-json\/wp\/v2\/users\/956"}],"replies":[{"embeddable":true,"href":"https:\/\/wp.ufpel.edu.br\/senseofplace\/wp-json\/wp\/v2\/comments?post=10"}],"version-history":[{"count":9,"href":"https:\/\/wp.ufpel.edu.br\/senseofplace\/wp-json\/wp\/v2\/pages\/10\/revisions"}],"predecessor-version":[{"id":147,"href":"https:\/\/wp.ufpel.edu.br\/senseofplace\/wp-json\/wp\/v2\/pages\/10\/revisions\/147"}],"wp:attachment":[{"href":"https:\/\/wp.ufpel.edu.br\/senseofplace\/wp-json\/wp\/v2\/media?parent=10"}],"curies":[{"name":"wp","href":"https:\/\/api.w.org\/{rel}","templated":true}]}}