{"id":112,"date":"2023-04-26T11:12:52","date_gmt":"2023-04-26T14:12:52","guid":{"rendered":"https:\/\/wp.ufpel.edu.br\/sempias2023\/?page_id=112"},"modified":"2023-08-22T09:53:53","modified_gmt":"2023-08-22T12:53:53","slug":"equipe","status":"publish","type":"page","link":"https:\/\/wp.ufpel.edu.br\/sempias2023\/apresentacao\/equipe\/","title":{"rendered":""},"content":{"rendered":"<p><!DOCTYPE html><\/p>\n<h1 id=\"equipe\" style=\"text-align: center;\"><span style=\"font-family: helvetica, arial, sans-serif;\"><strong><span style=\"font-size: 36pt;\"><span style=\"color: #915273; font-style: normal;\">Equipe<\/span><\/span><\/strong><\/span><\/h1>\n<p style=\"text-align: justify;\"><span style=\"font-family: helvetica, arial, sans-serif;\">Nossa equipe \u00e9 composta por profissionais e acad\u00eamicos do mais alto grau acad\u00eamico, de diferentes \u00e1reas do saber e de grandes institui\u00e7\u00f5es nacionais e internacionais. trazendo pluraridade e diversidade para composi\u00e7\u00e3o dos comit\u00eas que possuem integrantes em difentes n\u00edveis acad\u00eamicos. Conhe\u00e7a a composi\u00e7\u00e3o de nossa equipe a seguir.<\/span><\/p>\n<h2 id=\"comit\u00ea-cient\u00edfico\" style=\"text-align: center;\"><strong><span style=\"font-family: helvetica, arial, sans-serif;\">Comit\u00ea Cient\u00edfico<\/span><\/strong><\/h2>\n<ul class=\"equipe-lista\">\n<li class=\"equipe-item\">\n<div class=\"equipe-card\">\n<p><span style=\"font-family: helvetica, arial, sans-serif;\"><img decoding=\"async\" class=\"equipe-imagem\" src=\"https:\/\/wp.ufpel.edu.br\/sempias2023\/files\/2023\/06\/Antonio-Diaz-Aguilar-400x400.jpg\" alt=\"Antonio Lu\u00eds Diaz Aguilar - Universidade Pablo de Olavide (Es)\" \/><\/span><\/p>\n<div class=\"equipe-nome\"><span style=\"font-family: helvetica, arial, sans-serif;\">Antonio Lu\u00eds Diaz Aguilar<\/span><\/div>\n<div class=\"equipe-instituicao\"><span style=\"font-family: helvetica, arial, sans-serif;\">Universidade Pablo de Olavide (Es)<\/span><\/div>\n<\/div>\n<\/li>\n<li class=\"equipe-item\">\n<div class=\"equipe-card\">\n<p><span style=\"font-family: helvetica, arial, sans-serif;\"><img decoding=\"async\" class=\"equipe-imagem\" src=\"https:\/\/wp.ufpel.edu.br\/sempias2023\/files\/2023\/06\/Francisca-Michelon_-400x295.jpg\" alt=\"Francisca Ferreira Michelon - UFPel\" \/><\/span><\/p>\n<div class=\"equipe-nome\"><span style=\"font-family: helvetica, arial, sans-serif;\">Francisca Ferreira Michelon<\/span><\/div>\n<div class=\"equipe-instituicao\"><span style=\"font-family: helvetica, arial, sans-serif;\">Universidade Federal de Pelotas<\/span><\/div>\n<\/div>\n<\/li>\n<li class=\"equipe-item\">\n<div class=\"equipe-card\">\n<p><img decoding=\"async\" class=\"equipe-imagem\" src=\"https:\/\/wp.ufpel.edu.br\/sempias2023\/files\/2023\/06\/Fernando-2-300x300-1.jpg\" \/><\/p>\n<div class=\"equipe-nome\"><span style=\"font-family: helvetica, arial, sans-serif;\">Jo\u00e3o Fernando Igansi Nunes<\/span><\/div>\n<div class=\"equipe-instituicao\"><span style=\"font-family: helvetica, arial, sans-serif;\">Universidade Federal de Pelotas<\/span><\/div>\n<\/div>\n<\/li>\n<li class=\"equipe-item\">\n<div class=\"equipe-card\">\n<p><span style=\"font-family: helvetica, arial, sans-serif;\"><img decoding=\"async\" class=\"equipe-imagem\" src=\"https:\/\/wp.ufpel.edu.br\/sempias2023\/files\/2023\/06\/Jossana-Peil-Coelho-304x400.jpg\" alt=\"Jossana Peil Coelho - UFPel\" \/><\/span><\/p>\n<div class=\"equipe-nome\"><span style=\"font-family: helvetica, arial, sans-serif;\">Jossana Peil Coelho<\/span><\/div>\n<div class=\"equipe-instituicao\"><span style=\"font-family: helvetica, arial, sans-serif;\">Universidade Federal de Pelotas<\/span><\/div>\n<\/div>\n<\/li>\n<li class=\"equipe-item\">\n<div class=\"equipe-card\">\n<p><span style=\"font-family: helvetica, arial, sans-serif;\"><img decoding=\"async\" class=\"equipe-imagem\" src=\"https:\/\/wp.ufpel.edu.br\/sempias2023\/files\/2023\/06\/Katia-Michelan-327x400.jpg\" alt=\"K\u00e1tia Brasilino Michelan - Instituto do Patrim\u00f4nio Hist\u00f3rico e Art\u00edstico Nacional (IPHAN)\" \/><\/span><\/p>\n<div class=\"equipe-nome\"><span style=\"font-family: helvetica, arial, sans-serif;\">K\u00e1tia Brasilino Michelan<\/span><\/div>\n<div class=\"equipe-instituicao\"><span style=\"font-family: helvetica, arial, sans-serif;\">Instituto do Patrim\u00f4nio Hist\u00f3rico e Art\u00edstico Nacional (IPHAN)<\/span><\/div>\n<\/div>\n<\/li>\n<li class=\"equipe-item\">\n<div class=\"equipe-card\">\n<p><img loading=\"lazy\" decoding=\"async\" class=\"equipe-imagem\" src=\"https:\/\/wp.ufpel.edu.br\/sempias2023\/files\/2023\/06\/Maria-Isabel-Alba-Dorado_-foto-b-n-400x364.jpg\" alt=\"\" width=\"400\" height=\"364\" \/><\/p>\n<div class=\"equipe-nome\"><span style=\"font-family: helvetica, arial, sans-serif;\">Maria Isabel Alba Dorado<\/span><\/div>\n<div class=\"equipe-instituicao\"><span style=\"font-family: helvetica, arial, sans-serif;\">Universidade de M\u00e1laga (Es)<\/span><\/div>\n<\/div>\n<\/li>\n<li class=\"equipe-item\">\n<div class=\"equipe-card\">\n<p><img decoding=\"async\" class=\"equipe-imagem\" src=\"https:\/\/wp.ufpel.edu.br\/sempias2023\/files\/2023\/06\/santiago-300x300-2.png\" \/><\/p>\n<div class=\"equipe-nome\"><span style=\"font-family: helvetica, arial, sans-serif;\">Santiago Amaya-Corchuelo<\/span><\/div>\n<div class=\"equipe-instituicao\"><span style=\"font-family: helvetica, arial, sans-serif;\">Universidade de C\u00e1diz (Es)<\/span><\/div>\n<\/div>\n<\/li>\n<li class=\"equipe-item\">\n<div class=\"equipe-card\">\n<p><img loading=\"lazy\" decoding=\"async\" class=\"equipe-imagem\" src=\"https:\/\/wp.ufpel.edu.br\/sempias2023\/files\/2023\/06\/Sidney-Goncalves-Vieira-364x400.jpg\" alt=\"\" width=\"364\" height=\"400\" \/><\/p>\n<div class=\"equipe-nome\"><span style=\"font-family: helvetica, arial, sans-serif;\">Sidney Gon\u00e7alves Vieira<\/span><\/div>\n<div class=\"equipe-instituicao\"><span style=\"font-family: helvetica, arial, sans-serif;\">Universidade Federal de Pelotas<\/span><\/div>\n<\/div>\n<\/li>\n<li class=\"equipe-item\">\n<div class=\"equipe-card\">\n<p><img loading=\"lazy\" decoding=\"async\" class=\"equipe-imagem\" src=\"https:\/\/wp.ufpel.edu.br\/sempias2023\/files\/2023\/06\/Vania-Grim-Thies-400x400.jpg\" alt=\"\" width=\"400\" height=\"400\" \/><\/p>\n<div class=\"equipe-nome\"><span style=\"font-family: helvetica, arial, sans-serif;\">Vania GrimThies<\/span><\/div>\n<div class=\"equipe-instituicao\"><span style=\"font-family: helvetica, arial, sans-serif;\">Universidade Federal de Pelotas<\/span><\/div>\n<\/div>\n<\/li>\n<li class=\"equipe-item\">\n<div class=\"equipe-card\">\n<p><img loading=\"lazy\" decoding=\"async\" class=\"equipe-imagem\" src=\"https:\/\/wp.ufpel.edu.br\/sempias2023\/files\/2023\/06\/Vicente-Julian-Sobrino-Simal-400x400.jpg\" alt=\"\" width=\"400\" height=\"400\" \/><\/p>\n<div class=\"equipe-nome\"><span style=\"font-family: helvetica, arial, sans-serif;\">Vicente Juli\u00e1n Sobrino Simal<\/span><\/div>\n<div class=\"equipe-instituicao\"><span style=\"font-family: helvetica, arial, sans-serif;\">Universidade de Sevilha (Es)<\/span><\/div>\n<\/div>\n<\/li>\n<\/ul>\n<h2 id=\"comit\u00ea-cient\u00edfico\" style=\"text-align: center;\"><strong><span style=\"font-family: helvetica, arial, sans-serif;\">Comiss\u00e3o Organizadora<\/span><\/strong><\/h2>\n<h3><span style=\"font-family: helvetica, arial, sans-serif;\">Coordenadores<\/span><\/h3>\n<ul class=\"equipe-lista\">\n<li class=\"equipe-item\">\n<div class=\"equipe-card\">\n<p><img decoding=\"async\" class=\"equipe-imagem\" src=\"https:\/\/wp.ufpel.edu.br\/sempias2023\/files\/2023\/06\/Francisca-Michelon_-400x295.jpg\" \/><\/p>\n<div class=\"equipe-nome\"><span style=\"font-family: helvetica, arial, sans-serif;\">Francisca Ferreira Michelon<\/span><\/div>\n<div class=\"equipe-instituicao\"><span style=\"font-family: helvetica, arial, sans-serif;\">Universidade Federal de Pelotas<\/span><\/div>\n<\/div>\n<\/li>\n<li class=\"equipe-item\">\n<div class=\"equipe-card\">\n<p><img decoding=\"async\" class=\"equipe-imagem\" src=\"https:\/\/wp.ufpel.edu.br\/sempias2023\/files\/2023\/06\/Fernando-2-300x300-1.jpg\" \/><\/p>\n<div class=\"equipe-nome\"><span style=\"font-family: helvetica, arial, sans-serif;\">Jo\u00e3o Fernando Igansi Nunes<\/span><\/div>\n<div class=\"equipe-instituicao\"><span style=\"font-family: helvetica, arial, sans-serif;\">Universidade Federal de Pelotas<\/span><\/div>\n<\/div>\n<\/li>\n<li class=\"equipe-item\">\n<div class=\"equipe-card\">\n<p><img decoding=\"async\" class=\"equipe-imagem\" src=\"https:\/\/wp.ufpel.edu.br\/sempias2023\/files\/2023\/06\/Jossana-Peil-Coelho-304x400.jpg\" \/><\/p>\n<div class=\"equipe-nome\"><span style=\"font-family: helvetica, arial, sans-serif;\">Jossana Peil Coelho<\/span><\/div>\n<div class=\"equipe-instituicao\"><span style=\"font-family: helvetica, arial, sans-serif;\">Universidade Federal de Pelotas<\/span><\/div>\n<\/div>\n<\/li>\n<\/ul>\n<h3><span style=\"font-family: helvetica, arial, sans-serif;\">Equipe<\/span><\/h3>\n<blockquote>\n<ul class=\"equipe-lista\">\n<li style=\"list-style-type: none;\">\n<ul class=\"equipe-lista\">\n<li class=\"equipe-item\">\n<div class=\"equipe-card\"><span style=\"font-family: helvetica, arial, sans-serif;\"><br \/>\n<img decoding=\"async\" class=\"equipe-imagem\" src=\"https:\/\/wp.ufpel.edu.br\/sempias2023\/files\/2023\/06\/Amanda-Mensch-Eltz-300x400.jpg\" \/><br \/>\n<\/span><\/p>\n<div class=\"equipe-nome\"><span style=\"font-family: helvetica, arial, sans-serif;\">Amanda Mensch Eltz<\/span><\/div>\n<\/div>\n<\/li>\n<li class=\"equipe-item\">\n<div class=\"equipe-card\"><span style=\"font-family: helvetica, arial, sans-serif;\"><br \/>\n<img loading=\"lazy\" decoding=\"async\" class=\"equipe-imagem\" src=\"https:\/\/wp.ufpel.edu.br\/sempias2023\/files\/2023\/06\/Claudia-da-Silva-Nogueira-400x400.jpg\" alt=\"\" width=\"400\" height=\"400\" \/><br \/>\n<\/span><\/p>\n<div class=\"equipe-nome\"><span style=\"font-family: helvetica, arial, sans-serif;\">Claudia da Silva Nogueira<\/span><\/div>\n<\/div>\n<\/li>\n<li class=\"equipe-item\">\n<div class=\"equipe-card\"><span style=\"font-family: helvetica, arial, sans-serif;\"><br \/>\n<img decoding=\"async\" class=\"equipe-imagem\" src=\"https:\/\/wp.ufpel.edu.br\/sempias2023\/files\/2023\/06\/Danielli-Saboia-225x400.jpg\" \/><br \/>\n<\/span><\/p>\n<div class=\"equipe-nome\"><span style=\"font-family: helvetica, arial, sans-serif;\">Danielli Saboia da Silva<\/span><\/div>\n<\/div>\n<\/li>\n<li class=\"equipe-item\">\n<div class=\"equipe-card\"><span style=\"font-family: helvetica, arial, sans-serif;\"><br \/>\n<img decoding=\"async\" class=\"equipe-imagem\" src=\"https:\/\/wp.ufpel.edu.br\/sempias2023\/files\/2023\/06\/Denise-Prado-Costa-315x400.jpg\" \/><br \/>\n<\/span><\/p>\n<div class=\"equipe-nome\"><span style=\"font-family: helvetica, arial, sans-serif;\">Denise Prado Costa<\/span><\/div>\n<\/div>\n<\/li>\n<li class=\"equipe-item\">\n<div class=\"equipe-card\"><span style=\"font-family: helvetica, arial, sans-serif;\"><br \/>\n<img decoding=\"async\" class=\"equipe-imagem\" src=\"https:\/\/wp.ufpel.edu.br\/sempias2023\/files\/2023\/06\/186551629_4522777754416263_4430938971637227325_n-400x400.jpg\" \/><br \/>\n<\/span><\/p>\n<div class=\"equipe-nome\"><span style=\"font-family: helvetica, arial, sans-serif;\">Eduardo Vetromille<\/span><\/div>\n<\/div>\n<\/li>\n<li class=\"equipe-item\">\n<div class=\"equipe-card\"><span style=\"font-family: helvetica, arial, sans-serif;\"><br \/>\n<img loading=\"lazy\" decoding=\"async\" class=\"equipe-imagem\" src=\"https:\/\/wp.ufpel.edu.br\/sempias2023\/files\/2023\/06\/Edward-Dutra-dos-Anjos-267x400.jpg\" alt=\"\" width=\"267\" height=\"400\" \/><br \/>\n<\/span><\/p>\n<div class=\"equipe-nome\"><span style=\"font-family: helvetica, arial, sans-serif;\">Edward Dutra dos Anjos<\/span><\/div>\n<\/div>\n<\/li>\n<li class=\"equipe-item\">\n<div class=\"equipe-card\"><span style=\"font-family: helvetica, arial, sans-serif;\"><br \/>\n<img decoding=\"async\" class=\"equipe-imagem\" src=\"https:\/\/wp.ufpel.edu.br\/sempias2023\/files\/2023\/06\/Giane-Trovo-Belmonte-300x400.jpg\" \/><br \/>\n<\/span><\/p>\n<div class=\"equipe-nome\"><span style=\"font-family: helvetica, arial, sans-serif;\">Giane Trovo Belmonte<\/span><\/div>\n<\/div>\n<\/li>\n<li class=\"equipe-item\">\n<div class=\"equipe-card\"><span style=\"font-family: helvetica, arial, sans-serif;\"><br \/>\n<img loading=\"lazy\" decoding=\"async\" class=\"equipe-imagem\" src=\"https:\/\/wp.ufpel.edu.br\/sempias2023\/files\/2023\/06\/Isis-Pinheiro-Corvello-400x267.jpg\" alt=\"\" width=\"400\" height=\"267\" \/><br \/>\n<\/span><\/p>\n<div class=\"equipe-nome\"><span style=\"font-family: helvetica, arial, sans-serif;\">\u00cdsis Pinheiro Corvello<\/span><\/div>\n<\/div>\n<\/li>\n<li class=\"equipe-item\">\n<div class=\"equipe-card\"><span style=\"font-family: helvetica, arial, sans-serif;\"><br \/>\n<img loading=\"lazy\" decoding=\"async\" class=\"equipe-imagem\" src=\"https:\/\/wp.ufpel.edu.br\/sempias2023\/files\/2023\/06\/Jennifer-Paola-Pisso-Concha-253x400.jpg\" alt=\"\" width=\"253\" height=\"400\" \/><br \/>\n<\/span><\/p>\n<div class=\"equipe-nome\"><span style=\"font-family: helvetica, arial, sans-serif;\">Jennifer Paola Pisso Concha<\/span><\/div>\n<\/div>\n<\/li>\n<li class=\"equipe-item\">\n<div class=\"equipe-card\"><span style=\"font-family: helvetica, arial, sans-serif;\"><br \/>\n<img decoding=\"async\" class=\"equipe-imagem\" src=\"https:\/\/wp.ufpel.edu.br\/sempias2023\/files\/2023\/06\/Juliana-Mohr-dos-Santos-300x400.jpg\" \/><br \/>\n<\/span><\/p>\n<div class=\"equipe-nome\"><span style=\"font-family: helvetica, arial, sans-serif;\">Juliana Mohr dos Santos<\/span><\/div>\n<\/div>\n<\/li>\n<li class=\"equipe-item\">\n<div class=\"equipe-card\"><span style=\"font-family: helvetica, arial, sans-serif;\"><br \/>\n<img loading=\"lazy\" decoding=\"async\" class=\"equipe-imagem\" src=\"https:\/\/wp.ufpel.edu.br\/sempias2023\/files\/2023\/06\/Laiana-Pereira-da-Silveira-400x300-1-rotated.jpg\" alt=\"\" width=\"300\" height=\"400\" \/><br \/>\n<\/span><\/p>\n<div class=\"equipe-nome\"><span style=\"font-family: helvetica, arial, sans-serif;\">Laiana Pereira da Silveira<\/span><\/div>\n<\/div>\n<\/li>\n<li class=\"equipe-item\">\n<div class=\"equipe-card\"><span style=\"font-family: helvetica, arial, sans-serif;\"><br \/>\n<img loading=\"lazy\" decoding=\"async\" class=\"equipe-imagem\" src=\"https:\/\/wp.ufpel.edu.br\/sempias2023\/files\/2023\/06\/Rayza-Roveda-Ataides--400x388.jpeg\" alt=\"\" width=\"400\" height=\"388\" \/><br \/>\n<\/span><\/p>\n<div class=\"equipe-nome\">Rayza Roveda Ataides<\/div>\n<\/div>\n<\/li>\n<li class=\"equipe-item\">\n<div class=\"equipe-card\"><span style=\"font-family: helvetica, arial, sans-serif;\"><br \/>\n<img decoding=\"async\" class=\"equipe-imagem\" src=\"https:\/\/wp.ufpel.edu.br\/sempias2023\/files\/2023\/08\/20221206_173251-300x400.jpg\" \/><br \/>\n<\/span><\/p>\n<div class=\"equipe-nome\"><span style=\"font-family: helvetica, arial, sans-serif;\">Victor de Souza<\/span><\/div>\n<\/div>\n<\/li>\n<li class=\"equipe-item\">\n<div class=\"equipe-card\"><span style=\"font-family: helvetica, arial, sans-serif;\"><br \/>\n<img decoding=\"async\" class=\"equipe-imagem\" src=\"https:\/\/wp.ufpel.edu.br\/sempias2023\/files\/2023\/08\/Wagner-Halmenschlager-300x400.jpg\" \/><br \/>\n<\/span><\/p>\n<div class=\"equipe-nome\"><span style=\"font-family: helvetica, arial, sans-serif;\">Wagner Halmenschlager<\/span><\/div>\n<\/div>\n<\/li>\n<\/ul>\n<\/li>\n<\/ul>\n<\/blockquote>\n","protected":false},"excerpt":{"rendered":"<p>Equipe Nossa equipe \u00e9 composta por profissionais e acad\u00eamicos do mais alto grau acad\u00eamico, de diferentes \u00e1reas do saber e de grandes institui\u00e7\u00f5es nacionais e internacionais. trazendo pluraridade e diversidade para composi\u00e7\u00e3o dos comit\u00eas que possuem integrantes em difentes n\u00edveis acad\u00eamicos. Conhe\u00e7a a composi\u00e7\u00e3o de nossa equipe a seguir. Comit\u00ea Cient\u00edfico Antonio Lu\u00eds Diaz Aguilar &hellip; <\/p>\n<p class=\"link-more\"><a href=\"https:\/\/wp.ufpel.edu.br\/sempias2023\/apresentacao\/equipe\/\" class=\"more-link\">Continue lendo<span class=\"screen-reader-text\"> &#8220;&#8221;<\/span><\/a><\/p>\n","protected":false},"author":616,"featured_media":512,"parent":189,"menu_order":1,"comment_status":"closed","ping_status":"closed","template":"","meta":{"footnotes":""},"class_list":["post-112","page","type-page","status-publish","has-post-thumbnail","hentry"],"yoast_head":"<!-- This site is optimized with the Yoast SEO plugin v26.7 - https:\/\/yoast.com\/wordpress\/plugins\/seo\/ -->\n<title>- SEMPIAS 2023 | Semin\u00e1rio Internacional Patrim\u00f4nio Industrial, Alimento e Sustentabilidade<\/title>\n<meta name=\"robots\" content=\"index, follow, max-snippet:-1, max-image-preview:large, max-video-preview:-1\" \/>\n<link rel=\"canonical\" href=\"https:\/\/wp.ufpel.edu.br\/sempias2023\/apresentacao\/equipe\/\" \/>\n<meta property=\"og:locale\" content=\"pt_BR\" \/>\n<meta property=\"og:type\" content=\"article\" \/>\n<meta property=\"og:title\" content=\"- SEMPIAS 2023 | Semin\u00e1rio Internacional Patrim\u00f4nio Industrial, Alimento e Sustentabilidade\" \/>\n<meta property=\"og:description\" content=\"Equipe Nossa equipe \u00e9 composta por profissionais e acad\u00eamicos do mais alto grau acad\u00eamico, de diferentes \u00e1reas do saber e de grandes institui\u00e7\u00f5es nacionais e internacionais. trazendo pluraridade e diversidade para composi\u00e7\u00e3o dos comit\u00eas que possuem integrantes em difentes n\u00edveis acad\u00eamicos. Conhe\u00e7a a composi\u00e7\u00e3o de nossa equipe a seguir. Comit\u00ea Cient\u00edfico Antonio Lu\u00eds Diaz Aguilar &hellip; Continue lendo &quot;&quot;\" \/>\n<meta property=\"og:url\" content=\"https:\/\/wp.ufpel.edu.br\/sempias2023\/apresentacao\/equipe\/\" \/>\n<meta property=\"og:site_name\" content=\"SEMPIAS 2023 | Semin\u00e1rio Internacional Patrim\u00f4nio Industrial, Alimento e Sustentabilidade\" \/>\n<meta property=\"article:modified_time\" content=\"2023-08-22T12:53:53+00:00\" \/>\n<meta property=\"og:image\" content=\"https:\/\/wp.ufpel.edu.br\/sempias2023\/files\/2023\/05\/cards-instaArtboard-28.png\" \/>\n\t<meta property=\"og:image:width\" content=\"5670\" \/>\n\t<meta property=\"og:image:height\" content=\"3402\" \/>\n\t<meta property=\"og:image:type\" content=\"image\/png\" \/>\n<meta name=\"twitter:card\" content=\"summary_large_image\" \/>\n<meta name=\"twitter:label1\" content=\"Est. tempo de leitura\" \/>\n\t<meta name=\"twitter:data1\" content=\"4 minutos\" \/>\n<script type=\"application\/ld+json\" class=\"yoast-schema-graph\">{\"@context\":\"https:\/\/schema.org\",\"@graph\":[{\"@type\":\"WebPage\",\"@id\":\"https:\/\/wp.ufpel.edu.br\/sempias2023\/apresentacao\/equipe\/\",\"url\":\"https:\/\/wp.ufpel.edu.br\/sempias2023\/apresentacao\/equipe\/\",\"name\":\"- SEMPIAS 2023 | Semin\u00e1rio Internacional Patrim\u00f4nio Industrial, Alimento e Sustentabilidade\",\"isPartOf\":{\"@id\":\"https:\/\/wp.ufpel.edu.br\/sempias2023\/#website\"},\"primaryImageOfPage\":{\"@id\":\"https:\/\/wp.ufpel.edu.br\/sempias2023\/apresentacao\/equipe\/#primaryimage\"},\"image\":{\"@id\":\"https:\/\/wp.ufpel.edu.br\/sempias2023\/apresentacao\/equipe\/#primaryimage\"},\"thumbnailUrl\":\"https:\/\/wp.ufpel.edu.br\/sempias2023\/files\/2023\/05\/cards-instaArtboard-28.png\",\"datePublished\":\"2023-04-26T14:12:52+00:00\",\"dateModified\":\"2023-08-22T12:53:53+00:00\",\"inLanguage\":\"pt-BR\",\"potentialAction\":[{\"@type\":\"ReadAction\",\"target\":[\"https:\/\/wp.ufpel.edu.br\/sempias2023\/apresentacao\/equipe\/\"]}]},{\"@type\":\"ImageObject\",\"inLanguage\":\"pt-BR\",\"@id\":\"https:\/\/wp.ufpel.edu.br\/sempias2023\/apresentacao\/equipe\/#primaryimage\",\"url\":\"https:\/\/wp.ufpel.edu.br\/sempias2023\/files\/2023\/05\/cards-instaArtboard-28.png\",\"contentUrl\":\"https:\/\/wp.ufpel.edu.br\/sempias2023\/files\/2023\/05\/cards-instaArtboard-28.png\",\"width\":5670,\"height\":3402},{\"@type\":\"WebSite\",\"@id\":\"https:\/\/wp.ufpel.edu.br\/sempias2023\/#website\",\"url\":\"https:\/\/wp.ufpel.edu.br\/sempias2023\/\",\"name\":\"SEMPIAS 2023 | Semin\u00e1rio Internacional Patrim\u00f4nio Industrial, Alimento e Sustentabilidade\",\"description\":\"Projeto F\u00e1brica de Mem\u00f3rias apresenta: Semin\u00e1rio Internacional Patrim\u00f4nio Industrial Alimento Sustentabilidade \u2013 FAPERGS \u2013 UFPEL \u2013 2023\",\"potentialAction\":[{\"@type\":\"SearchAction\",\"target\":{\"@type\":\"EntryPoint\",\"urlTemplate\":\"https:\/\/wp.ufpel.edu.br\/sempias2023\/?s={search_term_string}\"},\"query-input\":{\"@type\":\"PropertyValueSpecification\",\"valueRequired\":true,\"valueName\":\"search_term_string\"}}],\"inLanguage\":\"pt-BR\"}]}<\/script>\n<!-- \/ Yoast SEO plugin. -->","yoast_head_json":{"title":"- SEMPIAS 2023 | Semin\u00e1rio Internacional Patrim\u00f4nio Industrial, Alimento e Sustentabilidade","robots":{"index":"index","follow":"follow","max-snippet":"max-snippet:-1","max-image-preview":"max-image-preview:large","max-video-preview":"max-video-preview:-1"},"canonical":"https:\/\/wp.ufpel.edu.br\/sempias2023\/apresentacao\/equipe\/","og_locale":"pt_BR","og_type":"article","og_title":"- SEMPIAS 2023 | Semin\u00e1rio Internacional Patrim\u00f4nio Industrial, Alimento e Sustentabilidade","og_description":"Equipe Nossa equipe \u00e9 composta por profissionais e acad\u00eamicos do mais alto grau acad\u00eamico, de diferentes \u00e1reas do saber e de grandes institui\u00e7\u00f5es nacionais e internacionais. trazendo pluraridade e diversidade para composi\u00e7\u00e3o dos comit\u00eas que possuem integrantes em difentes n\u00edveis acad\u00eamicos. Conhe\u00e7a a composi\u00e7\u00e3o de nossa equipe a seguir. Comit\u00ea Cient\u00edfico Antonio Lu\u00eds Diaz Aguilar &hellip; Continue lendo \"\"","og_url":"https:\/\/wp.ufpel.edu.br\/sempias2023\/apresentacao\/equipe\/","og_site_name":"SEMPIAS 2023 | Semin\u00e1rio Internacional Patrim\u00f4nio Industrial, Alimento e Sustentabilidade","article_modified_time":"2023-08-22T12:53:53+00:00","og_image":[{"width":5670,"height":3402,"url":"https:\/\/wp.ufpel.edu.br\/sempias2023\/files\/2023\/05\/cards-instaArtboard-28.png","type":"image\/png"}],"twitter_card":"summary_large_image","twitter_misc":{"Est. tempo de leitura":"4 minutos"},"schema":{"@context":"https:\/\/schema.org","@graph":[{"@type":"WebPage","@id":"https:\/\/wp.ufpel.edu.br\/sempias2023\/apresentacao\/equipe\/","url":"https:\/\/wp.ufpel.edu.br\/sempias2023\/apresentacao\/equipe\/","name":"- SEMPIAS 2023 | Semin\u00e1rio Internacional Patrim\u00f4nio Industrial, Alimento e Sustentabilidade","isPartOf":{"@id":"https:\/\/wp.ufpel.edu.br\/sempias2023\/#website"},"primaryImageOfPage":{"@id":"https:\/\/wp.ufpel.edu.br\/sempias2023\/apresentacao\/equipe\/#primaryimage"},"image":{"@id":"https:\/\/wp.ufpel.edu.br\/sempias2023\/apresentacao\/equipe\/#primaryimage"},"thumbnailUrl":"https:\/\/wp.ufpel.edu.br\/sempias2023\/files\/2023\/05\/cards-instaArtboard-28.png","datePublished":"2023-04-26T14:12:52+00:00","dateModified":"2023-08-22T12:53:53+00:00","inLanguage":"pt-BR","potentialAction":[{"@type":"ReadAction","target":["https:\/\/wp.ufpel.edu.br\/sempias2023\/apresentacao\/equipe\/"]}]},{"@type":"ImageObject","inLanguage":"pt-BR","@id":"https:\/\/wp.ufpel.edu.br\/sempias2023\/apresentacao\/equipe\/#primaryimage","url":"https:\/\/wp.ufpel.edu.br\/sempias2023\/files\/2023\/05\/cards-instaArtboard-28.png","contentUrl":"https:\/\/wp.ufpel.edu.br\/sempias2023\/files\/2023\/05\/cards-instaArtboard-28.png","width":5670,"height":3402},{"@type":"WebSite","@id":"https:\/\/wp.ufpel.edu.br\/sempias2023\/#website","url":"https:\/\/wp.ufpel.edu.br\/sempias2023\/","name":"SEMPIAS 2023 | Semin\u00e1rio Internacional Patrim\u00f4nio Industrial, Alimento e Sustentabilidade","description":"Projeto F\u00e1brica de Mem\u00f3rias apresenta: Semin\u00e1rio Internacional Patrim\u00f4nio Industrial Alimento Sustentabilidade \u2013 FAPERGS \u2013 UFPEL \u2013 2023","potentialAction":[{"@type":"SearchAction","target":{"@type":"EntryPoint","urlTemplate":"https:\/\/wp.ufpel.edu.br\/sempias2023\/?s={search_term_string}"},"query-input":{"@type":"PropertyValueSpecification","valueRequired":true,"valueName":"search_term_string"}}],"inLanguage":"pt-BR"}]}},"jetpack_sharing_enabled":true,"publishpress_future_action":{"enabled":false,"date":"2026-04-22 21:23:57","action":"change-status","newStatus":"draft","terms":[],"taxonomy":"language","extraData":[]},"publishpress_future_workflow_manual_trigger":{"enabledWorkflows":[]},"_links":{"self":[{"href":"https:\/\/wp.ufpel.edu.br\/sempias2023\/wp-json\/wp\/v2\/pages\/112","targetHints":{"allow":["GET"]}}],"collection":[{"href":"https:\/\/wp.ufpel.edu.br\/sempias2023\/wp-json\/wp\/v2\/pages"}],"about":[{"href":"https:\/\/wp.ufpel.edu.br\/sempias2023\/wp-json\/wp\/v2\/types\/page"}],"author":[{"embeddable":true,"href":"https:\/\/wp.ufpel.edu.br\/sempias2023\/wp-json\/wp\/v2\/users\/616"}],"replies":[{"embeddable":true,"href":"https:\/\/wp.ufpel.edu.br\/sempias2023\/wp-json\/wp\/v2\/comments?post=112"}],"version-history":[{"count":59,"href":"https:\/\/wp.ufpel.edu.br\/sempias2023\/wp-json\/wp\/v2\/pages\/112\/revisions"}],"predecessor-version":[{"id":883,"href":"https:\/\/wp.ufpel.edu.br\/sempias2023\/wp-json\/wp\/v2\/pages\/112\/revisions\/883"}],"up":[{"embeddable":true,"href":"https:\/\/wp.ufpel.edu.br\/sempias2023\/wp-json\/wp\/v2\/pages\/189"}],"wp:featuredmedia":[{"embeddable":true,"href":"https:\/\/wp.ufpel.edu.br\/sempias2023\/wp-json\/wp\/v2\/media\/512"}],"wp:attachment":[{"href":"https:\/\/wp.ufpel.edu.br\/sempias2023\/wp-json\/wp\/v2\/media?parent=112"}],"curies":[{"name":"wp","href":"https:\/\/api.w.org\/{rel}","templated":true}]}}