{"id":60,"date":"2021-09-11T04:11:59","date_gmt":"2021-09-11T07:11:59","guid":{"rendered":"https:\/\/wp.ufpel.edu.br\/sempgeoufpel\/?page_id=60"},"modified":"2023-05-28T19:12:13","modified_gmt":"2023-05-28T22:12:13","slug":"contato","status":"publish","type":"page","link":"https:\/\/wp.ufpel.edu.br\/sempgeoufpel\/contato\/","title":{"rendered":"Contato"},"content":{"rendered":"<h3 style=\"text-align: justify;\">Para mais informa\u00e7\u00f5es sobre a oitava edi\u00e7\u00e3o do Semin\u00e1rio do Programa de P\u00f3s-Gradua\u00e7\u00e3o em Geografia (SEMPGEO), envie um e-mail para <a href=\"seminariodoppgeo@gmail.com\">seminariodoppgeo@gmail.com<\/a>\u00a0 ou conhe\u00e7a nossas redes sociais<\/h3>\n<h3 style=\"text-align: justify;\"><strong>Instagram<\/strong><br \/>\n<a href=\"https:\/\/www.instagram.com\/sempgeo.ufpel\">https:\/\/www.instagram.com\/sempgeo.ufpel<\/a><\/h3>\n<h3 style=\"text-align: justify;\"><strong>Facebook<\/strong><br \/>\n<a href=\"https:\/\/www.facebook.com\/sempgeo\">https:\/\/www.facebook.com\/sempgeo<\/a><\/h3>\n<h3><\/h3>\n","protected":false},"excerpt":{"rendered":"<p>Para mais informa\u00e7\u00f5es sobre a oitava edi\u00e7\u00e3o do Semin\u00e1rio do Programa de P\u00f3s-Gradua\u00e7\u00e3o em Geografia (SEMPGEO), envie um e-mail para seminariodoppgeo@gmail.com\u00a0 ou conhe\u00e7a nossas redes sociais Instagram https:\/\/www.instagram.com\/sempgeo.ufpel Facebook https:\/\/www.facebook.com\/sempgeo<\/p>\n","protected":false},"author":202,"featured_media":0,"parent":0,"menu_order":4,"comment_status":"closed","ping_status":"closed","template":"","meta":{"footnotes":""},"class_list":["post-60","page","type-page","status-publish","hentry","post"],"jetpack-related-posts":[],"jetpack_sharing_enabled":true,"_links":{"self":[{"href":"https:\/\/wp.ufpel.edu.br\/sempgeoufpel\/wp-json\/wp\/v2\/pages\/60","targetHints":{"allow":["GET"]}}],"collection":[{"href":"https:\/\/wp.ufpel.edu.br\/sempgeoufpel\/wp-json\/wp\/v2\/pages"}],"about":[{"href":"https:\/\/wp.ufpel.edu.br\/sempgeoufpel\/wp-json\/wp\/v2\/types\/page"}],"author":[{"embeddable":true,"href":"https:\/\/wp.ufpel.edu.br\/sempgeoufpel\/wp-json\/wp\/v2\/users\/202"}],"replies":[{"embeddable":true,"href":"https:\/\/wp.ufpel.edu.br\/sempgeoufpel\/wp-json\/wp\/v2\/comments?post=60"}],"version-history":[{"count":6,"href":"https:\/\/wp.ufpel.edu.br\/sempgeoufpel\/wp-json\/wp\/v2\/pages\/60\/revisions"}],"predecessor-version":[{"id":803,"href":"https:\/\/wp.ufpel.edu.br\/sempgeoufpel\/wp-json\/wp\/v2\/pages\/60\/revisions\/803"}],"wp:attachment":[{"href":"https:\/\/wp.ufpel.edu.br\/sempgeoufpel\/wp-json\/wp\/v2\/media?parent=60"}],"curies":[{"name":"wp","href":"https:\/\/api.w.org\/{rel}","templated":true}]}}