{"id":56,"date":"2021-09-11T03:47:22","date_gmt":"2021-09-11T06:47:22","guid":{"rendered":"https:\/\/wp.ufpel.edu.br\/sempgeoufpel\/?page_id=56"},"modified":"2025-07-01T17:16:56","modified_gmt":"2025-07-01T20:16:56","slug":"comissao-organizadora","status":"publish","type":"page","link":"https:\/\/wp.ufpel.edu.br\/sempgeoufpel\/comissao-organizadora\/","title":{"rendered":"Comiss\u00e3o organizadora"},"content":{"rendered":"<p><strong>Representa\u00e7\u00e3o docente:<br \/>\n<\/strong>Dra. Edvania Aparecida Corr\u00eaa<br \/>\nDr. Maur\u00edcio Rizzatti<br \/>\nDr. Roberto Luiz dos Santos Antunes<br \/>\nDra. Rosangela Lurdes Spironello<\/p>\n<p><strong>Discentes<br \/>\n<\/strong><strong>Coordena\u00e7\u00e3o Geral:<br \/>\n<\/strong>Cassiely da Roza Pacheco (Mestrado PPGeo)<br \/>\nDenise da Rocha Luz (Mestrado PPGeo)<br \/>\nGabriel Veloso da Rocha Lemos (Mestrado PPGeo)<br \/>\nPedro Henrique Gon\u00e7alves da Luz (Mestrado PPGeo)<br \/>\nRaul Cunha Fonseca Fiori (Mestrado PPGeo)<\/p>\n<p><strong>Comiss\u00e3o de Divulga\u00e7\u00e3o:<br \/>\n<\/strong>Raul Cunha Fonseca Fiori (Mestrado PPGeo)<br \/>\nRobson Braga da Rosa (Mestrado PPGeo)<br \/>\nCarolina Borba (Mestrado PPGeo)<br \/>\nPedro Henrique Gon\u00e7alves da Luz (Mestrado PPGeo)<\/p>\n<p><strong>Comiss\u00e3o Cient\u00edfica:<br \/>\n<\/strong>Denise da Rocha Luz (Mestrado PPGeo)<br \/>\nCarolina Minozzo (Mestrado PPGeo)<br \/>\nStephanie Bohorquez (Mestrado PPGeo)<br \/>\nVinicius Albuquerque de Lima (Aluno Especial PPGeo)<strong><br \/>\n<\/strong><\/p>\n<p><strong>Comiss\u00e3o Estrutural:<\/strong><br \/>\nIuri de Almeida Costa (representa\u00e7\u00e3o discente- CAGeo)<br \/>\nMarcelo Boabaid Pereira Filho (representa\u00e7\u00e3o discente- CAGeo)<br \/>\nRovany Gonzales Soares (Mestrado PPGeo)<br \/>\nGabriel Veloso da Rocha Lemos (Mestrado PPGeo)<br \/>\nJorge Cedrez Verneti (Mestrado PPGeo)<br \/>\nMichel da Silva Knuth (Mestrado PPGeo)<\/p>\n<p><strong>Comiss\u00e3o de Certifica\u00e7\u00e3o e Secretaria:<br \/>\n<\/strong>Cassiely da Roza Pacheco (Mestrado PPGeo)<br \/>\nGiane Silva da Silva (Mestrado PPGeo)<br \/>\nMatheus Midon dos Passos (Mestrado PPGeo)<\/p>\n<p><strong>Comiss\u00e3o de Finan\u00e7as:<br \/>\n<\/strong>Adriane do Amaral Sampaio (Graduanda- bach. em Geografia)<br \/>\nAlexandra Luize Spironello (Graduanda- lic. em Geografia)<br \/>\nLaidiner Rutz Trettin (Mestrando PPGeo)<\/p>\n","protected":false},"excerpt":{"rendered":"<p>Representa\u00e7\u00e3o docente: Dra. Edvania Aparecida Corr\u00eaa Dr. Maur\u00edcio Rizzatti Dr. Roberto Luiz dos Santos Antunes Dra. Rosangela Lurdes Spironello Discentes Coordena\u00e7\u00e3o Geral: Cassiely da Roza Pacheco (Mestrado PPGeo) Denise da Rocha Luz (Mestrado PPGeo) Gabriel Veloso da Rocha Lemos (Mestrado PPGeo) Pedro Henrique Gon\u00e7alves da Luz (Mestrado PPGeo) Raul Cunha Fonseca Fiori (Mestrado PPGeo) Comiss\u00e3o [&hellip;]<\/p>\n","protected":false},"author":202,"featured_media":0,"parent":0,"menu_order":3,"comment_status":"closed","ping_status":"closed","template":"","meta":{"footnotes":""},"class_list":["post-56","page","type-page","status-publish","hentry","post"],"jetpack-related-posts":[],"jetpack_sharing_enabled":true,"_links":{"self":[{"href":"https:\/\/wp.ufpel.edu.br\/sempgeoufpel\/wp-json\/wp\/v2\/pages\/56","targetHints":{"allow":["GET"]}}],"collection":[{"href":"https:\/\/wp.ufpel.edu.br\/sempgeoufpel\/wp-json\/wp\/v2\/pages"}],"about":[{"href":"https:\/\/wp.ufpel.edu.br\/sempgeoufpel\/wp-json\/wp\/v2\/types\/page"}],"author":[{"embeddable":true,"href":"https:\/\/wp.ufpel.edu.br\/sempgeoufpel\/wp-json\/wp\/v2\/users\/202"}],"replies":[{"embeddable":true,"href":"https:\/\/wp.ufpel.edu.br\/sempgeoufpel\/wp-json\/wp\/v2\/comments?post=56"}],"version-history":[{"count":14,"href":"https:\/\/wp.ufpel.edu.br\/sempgeoufpel\/wp-json\/wp\/v2\/pages\/56\/revisions"}],"predecessor-version":[{"id":1186,"href":"https:\/\/wp.ufpel.edu.br\/sempgeoufpel\/wp-json\/wp\/v2\/pages\/56\/revisions\/1186"}],"wp:attachment":[{"href":"https:\/\/wp.ufpel.edu.br\/sempgeoufpel\/wp-json\/wp\/v2\/media?parent=56"}],"curies":[{"name":"wp","href":"https:\/\/api.w.org\/{rel}","templated":true}]}}