{"id":525,"date":"2021-11-18T13:18:16","date_gmt":"2021-11-18T16:18:16","guid":{"rendered":"https:\/\/wp.ufpel.edu.br\/sempgeoufpel\/?page_id=525"},"modified":"2021-11-19T12:08:14","modified_gmt":"2021-11-19T15:08:14","slug":"analise-territorial-2","status":"publish","type":"page","link":"https:\/\/wp.ufpel.edu.br\/sempgeoufpel\/analise-territorial-2\/","title":{"rendered":"An\u00e1lise Territorial"},"content":{"rendered":"<p><a href=\"https:\/\/wp.ufpel.edu.br\/sempgeoufpel\/2021\/11\/19\/reflexoes-da-nova-economia-no-brasil-o-caso-da-economia-criativa-ferreira-oliveira-2021\/\" target=\"_blank\" rel=\"noopener\"><img loading=\"lazy\" decoding=\"async\" class=\"aligncenter wp-image-555 size-medium\" src=\"https:\/\/wp.ufpel.edu.br\/sempgeoufpel\/files\/2021\/11\/4-285x400.png\" alt=\"\" width=\"285\" height=\"400\" srcset=\"https:\/\/wp.ufpel.edu.br\/sempgeoufpel\/files\/2021\/11\/4-285x400.png 285w, https:\/\/wp.ufpel.edu.br\/sempgeoufpel\/files\/2021\/11\/4-728x1024.png 728w, https:\/\/wp.ufpel.edu.br\/sempgeoufpel\/files\/2021\/11\/4-768x1080.png 768w, https:\/\/wp.ufpel.edu.br\/sempgeoufpel\/files\/2021\/11\/4.png 941w\" sizes=\"auto, (max-width: 285px) 100vw, 285px\" \/><\/a><\/p>\n<p style=\"text-align: center\">Reflex\u00f5es da Nova Economia no Brasil: O caso da Economia Criativa.<\/p>\n<p style=\"text-align: center\">FERREIRA; OLIVEIRA. 2021<\/p>\n<p><a href=\"https:\/\/wp.ufpel.edu.br\/sempgeoufpel\/2021\/11\/19\/a-pandemia-do-sars-cov-2-uma-analise-da-difusao-do-virus-nos-continentes-a-partir-da-otica-do-meio-tecnico-cientifico-informacional-schumann-duarte-2021\/\" target=\"_blank\" rel=\"noopener\"><img loading=\"lazy\" decoding=\"async\" class=\"aligncenter wp-image-557 size-medium\" src=\"https:\/\/wp.ufpel.edu.br\/sempgeoufpel\/files\/2021\/11\/18-1-284x400.png\" alt=\"\" width=\"284\" height=\"400\" srcset=\"https:\/\/wp.ufpel.edu.br\/sempgeoufpel\/files\/2021\/11\/18-1-284x400.png 284w, https:\/\/wp.ufpel.edu.br\/sempgeoufpel\/files\/2021\/11\/18-1-728x1024.png 728w, https:\/\/wp.ufpel.edu.br\/sempgeoufpel\/files\/2021\/11\/18-1-768x1080.png 768w, https:\/\/wp.ufpel.edu.br\/sempgeoufpel\/files\/2021\/11\/18-1-1092x1536.png 1092w, https:\/\/wp.ufpel.edu.br\/sempgeoufpel\/files\/2021\/11\/18-1-1456x2048.png 1456w, https:\/\/wp.ufpel.edu.br\/sempgeoufpel\/files\/2021\/11\/18-1.png 1959w\" sizes=\"auto, (max-width: 284px) 100vw, 284px\" \/><\/a><\/p>\n<p style=\"text-align: center\">A PANDEMIA DO SARS-COV-2: UMA AN\u00c1LISE DA DIFUS\u00c3O DO V\u00cdRUS NOS CONTINENTES A PARTIR DA \u00d3TICA DO MEIO T\u00c9CNICO-CIENT\u00cdFICO-INFORMACIONAL.<\/p>\n<p style=\"text-align: center\">SCHUMANN; DUARTE. 2021<\/p>\n<p><a href=\"https:\/\/wp.ufpel.edu.br\/sempgeoufpel\/2021\/11\/19\/o-conceito-de-desenvolvimento-territorial-na-geografia-um-estudo-sobre-a-producao-bibliografica-na-plataforma-scientific-electronic-library-lourenco-queiroz-duarte-2021\/\" target=\"_blank\" rel=\"noopener\"><img loading=\"lazy\" decoding=\"async\" class=\"aligncenter wp-image-559 size-medium\" src=\"https:\/\/wp.ufpel.edu.br\/sempgeoufpel\/files\/2021\/11\/20-1-285x400.png\" alt=\"\" width=\"285\" height=\"400\" srcset=\"https:\/\/wp.ufpel.edu.br\/sempgeoufpel\/files\/2021\/11\/20-1-285x400.png 285w, https:\/\/wp.ufpel.edu.br\/sempgeoufpel\/files\/2021\/11\/20-1-729x1024.png 729w, https:\/\/wp.ufpel.edu.br\/sempgeoufpel\/files\/2021\/11\/20-1-768x1079.png 768w, https:\/\/wp.ufpel.edu.br\/sempgeoufpel\/files\/2021\/11\/20-1-1093x1536.png 1093w, https:\/\/wp.ufpel.edu.br\/sempgeoufpel\/files\/2021\/11\/20-1-1457x2048.png 1457w, https:\/\/wp.ufpel.edu.br\/sempgeoufpel\/files\/2021\/11\/20-1.png 1961w\" sizes=\"auto, (max-width: 285px) 100vw, 285px\" \/><\/a><\/p>\n<p style=\"text-align: center\">O conceito de desenvolvimento territorial na geografia: um estudo sobre a produ\u00e7\u00e3o bibliogr\u00e1fica na plataforma Scientific Electronic Library.<\/p>\n<p style=\"text-align: center\">LOUREN\u00c7O; QUEIROZ; DUARTE. 2021<\/p>\n<p><a href=\"https:\/\/wp.ufpel.edu.br\/sempgeoufpel\/2021\/11\/19\/o-trafico-de-drogas-fronteira-e-seguranca-publica-uma-analise-da-producao-bibliografica-da-geografia-no-xi-enanpege-catalogo-de-teses-dissertacoes-capes-e-plataforma-scielo-queiroz-louren\/\" target=\"_blank\" rel=\"noopener\"><img loading=\"lazy\" decoding=\"async\" class=\"aligncenter wp-image-561 size-medium\" src=\"https:\/\/wp.ufpel.edu.br\/sempgeoufpel\/files\/2021\/11\/21-285x400.png\" alt=\"\" width=\"285\" height=\"400\" srcset=\"https:\/\/wp.ufpel.edu.br\/sempgeoufpel\/files\/2021\/11\/21-285x400.png 285w, https:\/\/wp.ufpel.edu.br\/sempgeoufpel\/files\/2021\/11\/21-728x1024.png 728w, https:\/\/wp.ufpel.edu.br\/sempgeoufpel\/files\/2021\/11\/21-768x1080.png 768w, https:\/\/wp.ufpel.edu.br\/sempgeoufpel\/files\/2021\/11\/21.png 941w\" sizes=\"auto, (max-width: 285px) 100vw, 285px\" \/><\/a><\/p>\n<p style=\"text-align: center\">O TR\u00c1FICO DE DROGAS, FRONTEIRA E SEGURAN\u00c7A P\u00daBLICA: UMA AN\u00c1LISE DA PRODU\u00c7\u00c3O BIBLIOGR\u00c1FICA DA GEOGRAFIA NO XI ENANPEGE, CAT\u00c1LOGO DE TESES &amp; DISSERTA\u00c7\u00d5ES CAPES E PLATAFORMA SCIELO.<\/p>\n<p style=\"text-align: center\">QUEIROZ; LOUREN\u00c7O; DUARTE. 2021<\/p>\n<p><a href=\"https:\/\/wp.ufpel.edu.br\/sempgeoufpel\/2021\/11\/19\/repercussoes-dos-mercados-curtos-indiretos-do-paae-pnae-na-serra-dos-tapes-rsdiversificacao-produtiva-e-autoconsumo-wassmansdorf-salamoni-2021\/\" target=\"_blank\" rel=\"noopener\"><img loading=\"lazy\" decoding=\"async\" class=\"aligncenter wp-image-563 size-medium\" src=\"https:\/\/wp.ufpel.edu.br\/sempgeoufpel\/files\/2021\/11\/23-285x400.png\" alt=\"\" width=\"285\" height=\"400\" srcset=\"https:\/\/wp.ufpel.edu.br\/sempgeoufpel\/files\/2021\/11\/23-285x400.png 285w, https:\/\/wp.ufpel.edu.br\/sempgeoufpel\/files\/2021\/11\/23-728x1024.png 728w, https:\/\/wp.ufpel.edu.br\/sempgeoufpel\/files\/2021\/11\/23-768x1080.png 768w, https:\/\/wp.ufpel.edu.br\/sempgeoufpel\/files\/2021\/11\/23.png 941w\" sizes=\"auto, (max-width: 285px) 100vw, 285px\" \/><\/a><\/p>\n<p style=\"text-align: center\">REPERCUSS\u00d5ES DOS MERCADOS CURTOS INDIRETOS DO PAAE PNAE NA SERRA DOS TAPES\/RS:DIVERSIFICA\u00c7\u00c3O PRODUTIVA E AUTOCONSUMO.<\/p>\n<p style=\"text-align: center\">WASSMANSDORF; SALAMONI. 2021<\/p>\n","protected":false},"excerpt":{"rendered":"<p>Reflex\u00f5es da Nova Economia no Brasil: O caso da Economia Criativa. FERREIRA; OLIVEIRA. 2021 A PANDEMIA DO SARS-COV-2: UMA AN\u00c1LISE DA DIFUS\u00c3O DO V\u00cdRUS NOS CONTINENTES A PARTIR DA \u00d3TICA DO MEIO T\u00c9CNICO-CIENT\u00cdFICO-INFORMACIONAL. SCHUMANN; DUARTE. 2021 O conceito de desenvolvimento territorial na geografia: um estudo sobre a produ\u00e7\u00e3o bibliogr\u00e1fica na plataforma Scientific Electronic Library. LOUREN\u00c7O; [&hellip;]<\/p>\n","protected":false},"author":202,"featured_media":0,"parent":0,"menu_order":0,"comment_status":"closed","ping_status":"closed","template":"","meta":{"footnotes":""},"class_list":["post-525","page","type-page","status-publish","hentry","post"],"jetpack-related-posts":[],"jetpack_sharing_enabled":true,"_links":{"self":[{"href":"https:\/\/wp.ufpel.edu.br\/sempgeoufpel\/wp-json\/wp\/v2\/pages\/525","targetHints":{"allow":["GET"]}}],"collection":[{"href":"https:\/\/wp.ufpel.edu.br\/sempgeoufpel\/wp-json\/wp\/v2\/pages"}],"about":[{"href":"https:\/\/wp.ufpel.edu.br\/sempgeoufpel\/wp-json\/wp\/v2\/types\/page"}],"author":[{"embeddable":true,"href":"https:\/\/wp.ufpel.edu.br\/sempgeoufpel\/wp-json\/wp\/v2\/users\/202"}],"replies":[{"embeddable":true,"href":"https:\/\/wp.ufpel.edu.br\/sempgeoufpel\/wp-json\/wp\/v2\/comments?post=525"}],"version-history":[{"count":3,"href":"https:\/\/wp.ufpel.edu.br\/sempgeoufpel\/wp-json\/wp\/v2\/pages\/525\/revisions"}],"predecessor-version":[{"id":580,"href":"https:\/\/wp.ufpel.edu.br\/sempgeoufpel\/wp-json\/wp\/v2\/pages\/525\/revisions\/580"}],"wp:attachment":[{"href":"https:\/\/wp.ufpel.edu.br\/sempgeoufpel\/wp-json\/wp\/v2\/media?parent=525"}],"curies":[{"name":"wp","href":"https:\/\/api.w.org\/{rel}","templated":true}]}}