{"id":47,"date":"2024-09-25T12:10:19","date_gmt":"2024-09-25T15:10:19","guid":{"rendered":"https:\/\/wp.ufpel.edu.br\/seminariodiscenteppgs\/?page_id=47"},"modified":"2024-12-02T17:14:56","modified_gmt":"2024-12-02T20:14:56","slug":"informacoes","status":"publish","type":"page","link":"https:\/\/wp.ufpel.edu.br\/seminariodiscenteppgs\/informacoes\/","title":{"rendered":"Informa\u00e7\u00f5es"},"content":{"rendered":"<p>As inscri\u00e7\u00f5es para submiss\u00e3o de resumos no IV Semin\u00e1rio Discente est\u00e3o abertas para graduados\/as, p\u00f3s-graduandos\/as, mestres e doutores\/as, com a possibilidade de os\/as graduandos\/as se inscreverem exclusivamente no GT reservado para a gradua\u00e7\u00e3o. Cada participante poder\u00e1 submeter um trabalho como autor\/a principal e\/ou como coautor\/a. As propostas devem ser enviadas entre 03 de outubro e 11 de novembro de 2024, atrav\u00e9s do formul\u00e1rio dispon\u00edvel na aba de inscri\u00e7\u00f5es. A lista dos trabalhos selecionados ser\u00e1 divulgada no dia 21 de novembro no site do evento e por e-mail.<\/p>\n<p>O Semin\u00e1rio contar\u00e1 com diferentes atividades, como:<\/p>\n<h3>Grupos de Trabalho (GTs):<\/h3>\n<ul>\n<li><strong>GT 1<\/strong> \u2013 Abordagens sociol\u00f3gicas da sociedade e do indiv\u00edduo<\/li>\n<li><strong>GT 2<\/strong> \u2013 Reconfigura\u00e7\u00f5es do mundo do trabalho<\/li>\n<li><strong>GT 4<\/strong> \u2013 Economia, moralidades e desigualdades<\/li>\n<li><strong>GT 5<\/strong> \u2013 Estado, pol\u00edticas p\u00fablicas e a dissemina\u00e7\u00e3o da ideia de empresa<\/li>\n<li><strong>GT 6<\/strong> \u2013 Movimentos sociais e contramovimentos na Am\u00e9rica Latina<\/li>\n<li><strong>GT 7<\/strong> \u2013 Seguran\u00e7a p\u00fablica e novos ilegalismos<\/li>\n<li><strong>GT 8<\/strong> \u2013 Interseccionalidades: entre articula\u00e7\u00f5es te\u00f3ricas e mobiliza\u00e7\u00f5es pr\u00e1ticas<\/li>\n<li><strong>GT 9<\/strong> \u2013 Democracias e emerg\u00eancias clim\u00e1ticas na Am\u00e9rica Latina: os desafios e limita\u00e7\u00f5es das sociedades modernas diante do crescimento do autoritarismo, da extrema-direita e do negacionismo<\/li>\n<li><strong>GT 10<\/strong> \u2013 Gradua\u00e7\u00e3o e inicia\u00e7\u00e3o cient\u00edfica<\/li>\n<\/ul>\n<h3>Mesas-Redondas:<\/h3>\n<ul>\n<li>An\u00e1lise geom\u00e9trica de dados e suas aplica\u00e7\u00f5es nas ci\u00eancias sociais<\/li>\n<\/ul>\n<ul>\n<li>O fazer cient\u00edfico: de que Sociologia tratamos?<\/li>\n<\/ul>\n<h3>Oficinas:<\/h3>\n<ul>\n<li>Oficina de Peri\u00f3dicos CAPES<\/li>\n<li>Oficina de Curr\u00edculo Lattes<\/li>\n<\/ul>\n<h3>Palestras:<\/h3>\n<ul>\n<li>&#8220;Ubuntu como um projeto alternativo de sociedade frente \u00e0s crises sociais, econ\u00f4micas, pol\u00edticas e ambientais&#8221;<\/li>\n<li>&#8220;O papel do sistema de justi\u00e7a no enfrentamento das viol\u00eancias e conflitualidades na sociedade contempor\u00e2nea&#8221;<\/li>\n<\/ul>\n<p><strong>Roda de Conversa com os egressados<\/strong><\/p>\n<p>Para mais informa\u00e7\u00f5es ou para ver o detalhamento de cada atividade, acesse a aba de Atividades.<\/p>\n<p>Cronograma do evento:<\/p>\n<table width=\"566\">\n<tbody>\n<tr>\n<td width=\"355\">Abertura da chamada para submiss\u00e3o de resumos:<\/td>\n<td width=\"211\">3 de outubro de 2024<\/td>\n<\/tr>\n<tr>\n<td width=\"355\">Encerramento da chamada para submiss\u00e3o de resumos:<\/td>\n<td width=\"211\">11 de novembro de 2024<\/td>\n<\/tr>\n<tr>\n<td width=\"355\">Divulga\u00e7\u00e3o dos resumos aceitos:<\/td>\n<td width=\"211\">21 de novembro de 2024<\/td>\n<\/tr>\n<tr>\n<td width=\"355\">Semin\u00e1rio discente<\/td>\n<td width=\"211\">4, 5 e 6 de dezembro de 2024<\/td>\n<\/tr>\n<\/tbody>\n<\/table>\n<p>&nbsp;<\/p>\n","protected":false},"excerpt":{"rendered":"<p>As inscri\u00e7\u00f5es para submiss\u00e3o de resumos no IV Semin\u00e1rio Discente est\u00e3o abertas para graduados\/as, p\u00f3s-graduandos\/as, mestres e doutores\/as, com a possibilidade de os\/as graduandos\/as se inscreverem exclusivamente no GT reservado para a gradua\u00e7\u00e3o. Cada participante poder\u00e1 submeter um trabalho como autor\/a principal e\/ou como coautor\/a. As propostas devem ser enviadas entre 03 de outubro e [&hellip;]<\/p>\n","protected":false},"author":1400,"featured_media":0,"parent":0,"menu_order":2,"comment_status":"closed","ping_status":"closed","template":"","meta":{"footnotes":""},"class_list":["post-47","page","type-page","status-publish","hentry"],"_links":{"self":[{"href":"https:\/\/wp.ufpel.edu.br\/seminariodiscenteppgs\/wp-json\/wp\/v2\/pages\/47","targetHints":{"allow":["GET"]}}],"collection":[{"href":"https:\/\/wp.ufpel.edu.br\/seminariodiscenteppgs\/wp-json\/wp\/v2\/pages"}],"about":[{"href":"https:\/\/wp.ufpel.edu.br\/seminariodiscenteppgs\/wp-json\/wp\/v2\/types\/page"}],"author":[{"embeddable":true,"href":"https:\/\/wp.ufpel.edu.br\/seminariodiscenteppgs\/wp-json\/wp\/v2\/users\/1400"}],"replies":[{"embeddable":true,"href":"https:\/\/wp.ufpel.edu.br\/seminariodiscenteppgs\/wp-json\/wp\/v2\/comments?post=47"}],"version-history":[{"count":26,"href":"https:\/\/wp.ufpel.edu.br\/seminariodiscenteppgs\/wp-json\/wp\/v2\/pages\/47\/revisions"}],"predecessor-version":[{"id":376,"href":"https:\/\/wp.ufpel.edu.br\/seminariodiscenteppgs\/wp-json\/wp\/v2\/pages\/47\/revisions\/376"}],"wp:attachment":[{"href":"https:\/\/wp.ufpel.edu.br\/seminariodiscenteppgs\/wp-json\/wp\/v2\/media?parent=47"}],"curies":[{"name":"wp","href":"https:\/\/api.w.org\/{rel}","templated":true}]}}