{"id":33,"date":"2024-09-23T17:23:43","date_gmt":"2024-09-23T20:23:43","guid":{"rendered":"https:\/\/wp.ufpel.edu.br\/seminariodiscenteppgs\/?page_id=33"},"modified":"2024-12-05T07:08:00","modified_gmt":"2024-12-05T10:08:00","slug":"palestras","status":"publish","type":"page","link":"https:\/\/wp.ufpel.edu.br\/seminariodiscenteppgs\/atividades\/palestras\/","title":{"rendered":"Palestras"},"content":{"rendered":"<p><img class=\"wp-image-247 alignleft\" style=\"color: var(--cor-texto); font-family: var(--fonte-corpo);\" src=\"https:\/\/wp.ufpel.edu.br\/seminariodiscenteppgs\/files\/2024\/10\/palestra_apertura1-400x400.jpg\" alt=\"\" width=\"500\" height=\"500\" srcset=\"https:\/\/wp.ufpel.edu.br\/seminariodiscenteppgs\/files\/2024\/10\/palestra_apertura1-400x400.jpg 400w, https:\/\/wp.ufpel.edu.br\/seminariodiscenteppgs\/files\/2024\/10\/palestra_apertura1-1024x1024.jpg 1024w, https:\/\/wp.ufpel.edu.br\/seminariodiscenteppgs\/files\/2024\/10\/palestra_apertura1-200x200.jpg 200w, https:\/\/wp.ufpel.edu.br\/seminariodiscenteppgs\/files\/2024\/10\/palestra_apertura1-768x768.jpg 768w, https:\/\/wp.ufpel.edu.br\/seminariodiscenteppgs\/files\/2024\/10\/palestra_apertura1.jpg 1080w\" sizes=\"(max-width: 500px) 100vw, 500px\" \/>Dr. Bas\u2019llele Malomalo (UNILAB)<\/p>\n<p>P\u00f3s-doutor em Seguran\u00e7a Alimentar e Nutricional pela Universidade Estadual Paulista J\u00falio Mesquista\/UNESP (2022), Doutor em Sociologia pela UNESP (2010), Especialista em Psican\u00e1lise e Psicologia (2022), em Terapia Cognitiva Comportamental (2023) e Terapias Alternativas pela Faculdade Metropolitana (2023), \u00e9 docente no curso de Bacharel em Rela\u00e7\u00f5es Internacionais, Licenciatura em Ci\u00eancias sociais, Mestrado Interdisciplinar em Humanidades (MIH) do Instituto de Humanidades e Letras (IHL) da Universidade da Integra\u00e7\u00e3o Internacional da Lusofonia Afro-Brasileira (UNILAB). Pesquisador do Instituto EthikAl, do Centro dos Estudos das Culturas e L\u00ednguas Africanas e da Di\u00e1spora Negra (CLADIN-UNESP); do INTERSSAN\/UNESP; do Centro Internacional de Civiliza\u00e7\u00e3o Bantu (CICIBA), da Rede para o Constitucionalismo Democr\u00e1tico Latino-Americano, pesquisador e membro do Comit\u00e9 Internacional da Cadeira da Unesco Educa\u00e7\u00e3o Transformadora, Democracia e Cidadania Mundial, da UQO, Canad\u00e1, e expert da plataforma Harmony With Nature\/ONU.<\/p>\n<p><img class=\"alignnone wp-image-399 alignleft\" style=\"color: var(--cor-texto); font-family: var(--fonte-corpo);\" src=\"https:\/\/wp.ufpel.edu.br\/seminariodiscenteppgs\/files\/2024\/12\/nota_mudancaprogramacao.jpg\" alt=\"\" width=\"500\" height=\"500\" srcset=\"https:\/\/wp.ufpel.edu.br\/seminariodiscenteppgs\/files\/2024\/12\/nota_mudancaprogramacao.jpg 1080w, https:\/\/wp.ufpel.edu.br\/seminariodiscenteppgs\/files\/2024\/12\/nota_mudancaprogramacao-400x400.jpg 400w, https:\/\/wp.ufpel.edu.br\/seminariodiscenteppgs\/files\/2024\/12\/nota_mudancaprogramacao-1024x1024.jpg 1024w, https:\/\/wp.ufpel.edu.br\/seminariodiscenteppgs\/files\/2024\/12\/nota_mudancaprogramacao-200x200.jpg 200w, https:\/\/wp.ufpel.edu.br\/seminariodiscenteppgs\/files\/2024\/12\/nota_mudancaprogramacao-768x768.jpg 768w\" sizes=\"(max-width: 500px) 100vw, 500px\" \/>Biografia Dra. Cassiane de Freitas (FURG)<\/p>\n<p>Professora associada da Universidade Federal do Rio Grande. Tutora do Programa de Educa\u00e7\u00e3o Tutorial Conex\u00f5es de Saberes da Educa\u00e7\u00e3o Popular e Saberes Acad\u00eamicos. Professora permanente do Programa de Educa\u00e7\u00e3o da Universidade Federal do Rio Grande, Linha 3 &#8211; Educa\u00e7\u00e3o, culturas, identidades e diferen\u00e7as. Desenvolve pesquisas sobre mulheres negras, quest\u00f5es \u00e9tnico-raciais no sul do Rio Grande do Sul, a\u00e7\u00f5es afirmativas , clubes sociais negros, pol\u00edticas educacionais para comunidade negra e povos tradicionais.<\/p>\n<p>&nbsp;<\/p>\n<p>&nbsp;<\/p>\n<p>&nbsp;<\/p>\n<p>&nbsp;<\/p>\n<p>&nbsp;<\/p>\n<p>&nbsp;<\/p>\n<p><img class=\"alignleft wp-image-249\" src=\"https:\/\/wp.ufpel.edu.br\/seminariodiscenteppgs\/files\/2024\/10\/palestra_encerramento1.jpg\" alt=\"\" width=\"500\" height=\"500\" srcset=\"https:\/\/wp.ufpel.edu.br\/seminariodiscenteppgs\/files\/2024\/10\/palestra_encerramento1.jpg 1080w, https:\/\/wp.ufpel.edu.br\/seminariodiscenteppgs\/files\/2024\/10\/palestra_encerramento1-400x400.jpg 400w, https:\/\/wp.ufpel.edu.br\/seminariodiscenteppgs\/files\/2024\/10\/palestra_encerramento1-1024x1024.jpg 1024w, https:\/\/wp.ufpel.edu.br\/seminariodiscenteppgs\/files\/2024\/10\/palestra_encerramento1-200x200.jpg 200w, https:\/\/wp.ufpel.edu.br\/seminariodiscenteppgs\/files\/2024\/10\/palestra_encerramento1-768x768.jpg 768w\" sizes=\"(max-width: 500px) 100vw, 500px\" \/><\/p>\n<p>Dra. Rochele Fellini Fachinetto (UFRGS)<\/p>\n<p>Professora Adjunta do Departamento de Sociologia, do Programa de P\u00f3s-gradua\u00e7\u00e3o em Sociologia e do Programa de P\u00f3s-gradua\u00e7\u00e3o em Seguran\u00e7a Cidad\u00e3 da Universidade Federal do Rio Grande do Sul (UFRGS). Coordenadora do Grupo de Pesquisa Viol\u00eancia e Cidadania &#8211; UFRGS\/CNPq. Pesquisadora vinculada ao INCT Viol\u00eancia, Poder e Seguran\u00e7a P\u00fablica (INVIPS\/CNPq). Coordenadora do Grupo de Trabalho da Clacso &#8211; Violencias, Gobiernos y Democracia (2023-2025). E Bacharel (2006) e Licenciada (2005) em Ci\u00eancias Sociais pela Universidade Federal do Rio Grande do Sul. Possui Mestrado (2008) e Doutorado (2012) em Sociologia pela mesma Universidade. Tem experi\u00eancia na \u00e1rea de Sociologia, com \u00eanfase na Sociologia da Viol\u00eancia e das conflitualidades, atuando principalmente sobre a tem\u00e1tica dos conflitos de g\u00e9nero e o sistema de justi\u00e7a criminal, viol\u00eancias de g\u00e9nero, viol\u00eancia letal contra mulheres, feminic\u00eddios, viol\u00eancias contra a popula\u00e7\u00e3o LGEBTAIAP+, viol\u00eancias e conflitualidades na sociedade contempor\u00e2nea.<\/p>\n","protected":false},"excerpt":{"rendered":"<p>Dr. Bas\u2019llele Malomalo (UNILAB) P\u00f3s-doutor em Seguran\u00e7a Alimentar e Nutricional pela Universidade Estadual Paulista J\u00falio Mesquista\/UNESP (2022), Doutor em Sociologia pela UNESP (2010), Especialista em Psican\u00e1lise e Psicologia (2022), em Terapia Cognitiva Comportamental (2023) e Terapias Alternativas pela Faculdade Metropolitana (2023), \u00e9 docente no curso de Bacharel em Rela\u00e7\u00f5es Internacionais, Licenciatura em Ci\u00eancias sociais, Mestrado [&hellip;]<\/p>\n","protected":false},"author":1400,"featured_media":0,"parent":18,"menu_order":0,"comment_status":"closed","ping_status":"closed","template":"","meta":{"footnotes":""},"class_list":["post-33","page","type-page","status-publish","hentry"],"_links":{"self":[{"href":"https:\/\/wp.ufpel.edu.br\/seminariodiscenteppgs\/wp-json\/wp\/v2\/pages\/33","targetHints":{"allow":["GET"]}}],"collection":[{"href":"https:\/\/wp.ufpel.edu.br\/seminariodiscenteppgs\/wp-json\/wp\/v2\/pages"}],"about":[{"href":"https:\/\/wp.ufpel.edu.br\/seminariodiscenteppgs\/wp-json\/wp\/v2\/types\/page"}],"author":[{"embeddable":true,"href":"https:\/\/wp.ufpel.edu.br\/seminariodiscenteppgs\/wp-json\/wp\/v2\/users\/1400"}],"replies":[{"embeddable":true,"href":"https:\/\/wp.ufpel.edu.br\/seminariodiscenteppgs\/wp-json\/wp\/v2\/comments?post=33"}],"version-history":[{"count":9,"href":"https:\/\/wp.ufpel.edu.br\/seminariodiscenteppgs\/wp-json\/wp\/v2\/pages\/33\/revisions"}],"predecessor-version":[{"id":407,"href":"https:\/\/wp.ufpel.edu.br\/seminariodiscenteppgs\/wp-json\/wp\/v2\/pages\/33\/revisions\/407"}],"up":[{"embeddable":true,"href":"https:\/\/wp.ufpel.edu.br\/seminariodiscenteppgs\/wp-json\/wp\/v2\/pages\/18"}],"wp:attachment":[{"href":"https:\/\/wp.ufpel.edu.br\/seminariodiscenteppgs\/wp-json\/wp\/v2\/media?parent=33"}],"curies":[{"name":"wp","href":"https:\/\/api.w.org\/{rel}","templated":true}]}}