{"id":276,"date":"2024-11-13T10:33:59","date_gmt":"2024-11-13T13:33:59","guid":{"rendered":"https:\/\/wp.ufpel.edu.br\/seminariodiscenteppgs\/?page_id=276"},"modified":"2024-11-26T21:45:25","modified_gmt":"2024-11-27T00:45:25","slug":"oficinas","status":"publish","type":"page","link":"https:\/\/wp.ufpel.edu.br\/seminariodiscenteppgs\/atividades\/oficinas\/","title":{"rendered":"Oficinas"},"content":{"rendered":"<p><img class=\"alignleft wp-image-323\" src=\"https:\/\/wp.ufpel.edu.br\/seminariodiscenteppgs\/files\/2024\/11\/Oficina_Lattes_Simone.jpg\" alt=\"\" width=\"600\" height=\"600\" srcset=\"https:\/\/wp.ufpel.edu.br\/seminariodiscenteppgs\/files\/2024\/11\/Oficina_Lattes_Simone.jpg 1080w, https:\/\/wp.ufpel.edu.br\/seminariodiscenteppgs\/files\/2024\/11\/Oficina_Lattes_Simone-400x400.jpg 400w, https:\/\/wp.ufpel.edu.br\/seminariodiscenteppgs\/files\/2024\/11\/Oficina_Lattes_Simone-1024x1024.jpg 1024w, https:\/\/wp.ufpel.edu.br\/seminariodiscenteppgs\/files\/2024\/11\/Oficina_Lattes_Simone-200x200.jpg 200w, https:\/\/wp.ufpel.edu.br\/seminariodiscenteppgs\/files\/2024\/11\/Oficina_Lattes_Simone-768x768.jpg 768w\" sizes=\"(max-width: 600px) 100vw, 600px\" \/><img class=\"wp-image-278 alignleft\" src=\"https:\/\/wp.ufpel.edu.br\/seminariodiscenteppgs\/files\/2024\/11\/Oficina_Periodicos.jpg\" alt=\"\" width=\"600\" height=\"600\" srcset=\"https:\/\/wp.ufpel.edu.br\/seminariodiscenteppgs\/files\/2024\/11\/Oficina_Periodicos.jpg 1080w, https:\/\/wp.ufpel.edu.br\/seminariodiscenteppgs\/files\/2024\/11\/Oficina_Periodicos-400x400.jpg 400w, https:\/\/wp.ufpel.edu.br\/seminariodiscenteppgs\/files\/2024\/11\/Oficina_Periodicos-1024x1024.jpg 1024w, https:\/\/wp.ufpel.edu.br\/seminariodiscenteppgs\/files\/2024\/11\/Oficina_Periodicos-200x200.jpg 200w, https:\/\/wp.ufpel.edu.br\/seminariodiscenteppgs\/files\/2024\/11\/Oficina_Periodicos-768x768.jpg 768w\" sizes=\"(max-width: 600px) 100vw, 600px\" \/>O Curr\u00edculo Lattes faz parte da Plataforma Lattes, uma base de dados criada pelo CNPq para centralizar e organizar as informa\u00e7\u00f5es acad\u00eamicas e profissionais de pesquisadores em todo o Brasil. Ele se tornou um elemento indispens\u00e1vel e compuls\u00f3rio \u00e0 an\u00e1lise de m\u00e9rito e compet\u00eancia dos pleitos de financiamentos na \u00e1rea de ci\u00eancia e tecnologia, portanto, seu preenchimento adequado \u00e9 fundamental para pessoas que almejam construir uma trajet\u00f3ria cient\u00edfica.<\/p>\n<p>&nbsp;<\/p>\n<p>&nbsp;<\/p>\n<p>&nbsp;<\/p>\n<p>&nbsp;<\/p>\n<p>&nbsp;<\/p>\n<p>&nbsp;<\/p>\n<p>&nbsp;<\/p>\n<p>A oficina \u201cPeri\u00f3dicos CAPES\u201d tem como objetivo oportunizar o acesso \u00e0 biblioteca virtual Portal de Peri\u00f3dicos da Coordena\u00e7\u00e3o de Aperfei\u00e7oamento de Pessoal de N\u00edvel Superior (CAPES), por meio da resolu\u00e7\u00e3o de d\u00favidas e da descri\u00e7\u00e3o dos procedimentos necess\u00e1rios para acessar conte\u00fados produzidos no Brasil e no exterior, em portugu\u00eas e em outras l\u00ednguas. Considera-se que o pesquisador aprender\u00e1 a realizar consultas em bases de dados diversificadas, a conhecer in\u00fameros peri\u00f3dicos cient\u00edficos em texto completo, bem como teses, disserta\u00e7\u00f5es, livros, patentes, material audiovisual, entre outros.<\/p>\n","protected":false},"excerpt":{"rendered":"<p>O Curr\u00edculo Lattes faz parte da Plataforma Lattes, uma base de dados criada pelo CNPq para centralizar e organizar as informa\u00e7\u00f5es acad\u00eamicas e profissionais de pesquisadores em todo o Brasil. Ele se tornou um elemento indispens\u00e1vel e compuls\u00f3rio \u00e0 an\u00e1lise de m\u00e9rito e compet\u00eancia dos pleitos de financiamentos na \u00e1rea de ci\u00eancia e tecnologia, portanto, [&hellip;]<\/p>\n","protected":false},"author":1400,"featured_media":0,"parent":18,"menu_order":0,"comment_status":"closed","ping_status":"closed","template":"","meta":{"footnotes":""},"class_list":["post-276","page","type-page","status-publish","hentry"],"_links":{"self":[{"href":"https:\/\/wp.ufpel.edu.br\/seminariodiscenteppgs\/wp-json\/wp\/v2\/pages\/276","targetHints":{"allow":["GET"]}}],"collection":[{"href":"https:\/\/wp.ufpel.edu.br\/seminariodiscenteppgs\/wp-json\/wp\/v2\/pages"}],"about":[{"href":"https:\/\/wp.ufpel.edu.br\/seminariodiscenteppgs\/wp-json\/wp\/v2\/types\/page"}],"author":[{"embeddable":true,"href":"https:\/\/wp.ufpel.edu.br\/seminariodiscenteppgs\/wp-json\/wp\/v2\/users\/1400"}],"replies":[{"embeddable":true,"href":"https:\/\/wp.ufpel.edu.br\/seminariodiscenteppgs\/wp-json\/wp\/v2\/comments?post=276"}],"version-history":[{"count":7,"href":"https:\/\/wp.ufpel.edu.br\/seminariodiscenteppgs\/wp-json\/wp\/v2\/pages\/276\/revisions"}],"predecessor-version":[{"id":356,"href":"https:\/\/wp.ufpel.edu.br\/seminariodiscenteppgs\/wp-json\/wp\/v2\/pages\/276\/revisions\/356"}],"up":[{"embeddable":true,"href":"https:\/\/wp.ufpel.edu.br\/seminariodiscenteppgs\/wp-json\/wp\/v2\/pages\/18"}],"wp:attachment":[{"href":"https:\/\/wp.ufpel.edu.br\/seminariodiscenteppgs\/wp-json\/wp\/v2\/media?parent=276"}],"curies":[{"name":"wp","href":"https:\/\/api.w.org\/{rel}","templated":true}]}}