{"id":24,"date":"2024-09-23T16:18:35","date_gmt":"2024-09-23T19:18:35","guid":{"rendered":"https:\/\/wp.ufpel.edu.br\/seminariodiscenteppgs\/?page_id=24"},"modified":"2024-12-03T10:20:08","modified_gmt":"2024-12-03T13:20:08","slug":"inscricoes","status":"publish","type":"page","link":"https:\/\/wp.ufpel.edu.br\/seminariodiscenteppgs\/inscricoes\/","title":{"rendered":"Inscri\u00e7\u00f5es"},"content":{"rendered":"<p>As inscri\u00e7\u00f5es para o IV Semin\u00e1rio Discente est\u00e3o abertas! H\u00e1 duas op\u00e7\u00f5es de participa\u00e7\u00e3o:<\/p>\n<h3>Inscri\u00e7\u00e3o como Ouvinte:<\/h3>\n<p>Os\/as interessados\/as em participar como ouvintes devem se inscrever at\u00e9 um dia antes do evento. Os\/as ouvintes poder\u00e3o assistir a todas as atividades, incluindo mesas-redondas, mini oficinas e palestras. Para garantir sua participa\u00e7\u00e3o, preencha o formul\u00e1rio dispon\u00edvel abaixo. Todos\/as os\/as ouvintes receber\u00e3o um certificado de participa\u00e7\u00e3o do IV Semin\u00e1rio Discente.<\/p>\n<p><a href=\"https:\/\/docs.google.com\/forms\/d\/1_hKzcrT0hDbL8uUq2INFaJeM7qDDidxe4RAbfy-nDos\/viewform?edit_requested=true\"><strong>[Clique aqui para acessar o formul\u00e1rio para Ouvintes]<\/strong><\/a><\/p>\n<h3>Submiss\u00e3o e Apresenta\u00e7\u00e3o de Trabalhos:<\/h3>\n<p>Os\/as interessados\/as em submeter trabalhos devem enviar seus resumos entre <strong>03 de outubro<\/strong> e <strong>11 de novembro de 2024.<\/strong>\u00a0atrav\u00e9s do formul\u00e1rio dispon\u00edvel abaixo. Cada participante poder\u00e1 submeter um trabalho como autor\/a principal e\/ou como coautor\/a. A lista dos trabalhos selecionados ser\u00e1 divulgada no dia 18 de novembro, tanto no site do evento quanto por e-mail. Para ver detalhes sobre os Grupos de Trabalho (GTs), acesse a aba de <strong>Atividades<\/strong> e clique em <strong>Grupos de Trabalho<\/strong>. Todos\/as os\/as participantes que apresentarem trabalhos tamb\u00e9m receber\u00e3o certificados de participa\u00e7\u00e3o do IV Semin\u00e1rio Discente.<\/p>\n<p><a href=\"https:\/\/docs.google.com\/forms\/d\/e\/1FAIpQLSfWlxuBRA48fFWV5r9f3WNiOuBFFPe3-10rtlb4bYGpHMISew\/viewform\"><strong>[Clique aqui para acessar o formul\u00e1rio para Submiss\u00e3o de Trabalhos]<\/strong><\/a><\/p>\n<div class=\"flex max-w-full flex-col flex-grow\">\n<div class=\"min-h-8 text-message flex w-full flex-col items-end gap-2 whitespace-normal break-words [.text-message+&amp;]:mt-5\" dir=\"auto\" data-message-author-role=\"assistant\" data-message-id=\"5df3a074-f11d-494c-b6a1-1254266a9c10\" data-message-model-slug=\"gpt-4o\">\n<div class=\"flex w-full flex-col gap-1 empty:hidden first:pt-[3px]\">\n<div class=\"markdown prose w-full break-words dark:prose-invert light\">\n<p><strong>Inscri\u00e7\u00e3o na Oficina de Peri\u00f3dicos CAPES:<\/strong><\/p>\n<\/div>\n<\/div>\n<\/div>\n<\/div>\n<p data-pm-slice=\"1 1 []\">Os\/as interessados\/as em participar da <strong>Oficina de Peri\u00f3dicos CAPES<\/strong> devem se inscrever antecipadamente para garantir sua vaga. A oficina \u201cPeri\u00f3dicos CAPES\u201d tem como objetivo oportunizar o acesso \u00e0 biblioteca virtual Portal de Peri\u00f3dicos da Coordena\u00e7\u00e3o de Aperfei\u00e7oamento de Pessoal de N\u00edvel Superior (CAPES), por meio da resolu\u00e7\u00e3o de d\u00favidas e da descri\u00e7\u00e3o dos procedimentos necess\u00e1rios para acessar conte\u00fados produzidos no Brasil e no exterior. Para participar, preencha o formul\u00e1rio dispon\u00edvel no link abaixo. Todos\/as os\/as participantes receber\u00e3o um certificado exclusivo.<\/p>\n<p data-pm-slice=\"1 1 []\"><a href=\"https:\/\/docs.google.com\/forms\/d\/e\/1FAIpQLSepWol-03z-McPlbfWud4KLd7NioijDokOdYIVL1rRQGJn28g\/viewform\"><strong>[Clique aqui para acessar o formul\u00e1rio de inscri\u00e7\u00e3o na Oficina de Peri\u00f3dicos CAPES]<\/strong><\/a><\/p>\n<p data-pm-slice=\"1 1 []\"><strong>Inscri\u00e7\u00e3o na Oficina de Curr\u00edculo Lattes:<\/strong><\/p>\n<p data-pm-slice=\"1 1 []\">Os\/as interessados\/as em participar da Oficina de Curr\u00edculo Lattes devem se inscrever antecipadamente para garantir sua vaga. A oficina \u201cCurr\u00edculo Lattes\u201d tem como objetivo apresentar a Plataforma Lattes, uma base de dados criada pelo CNPq para centralizar e organizar as informa\u00e7\u00f5es acad\u00eamicas e profissionais de pesquisadores em todo o Brasil. Durante a atividade, ser\u00e3o resolvidas d\u00favidas e descritos os procedimentos necess\u00e1rios para criar e atualizar o curr\u00edculo, garantindo a correta inser\u00e7\u00e3o das informa\u00e7\u00f5es acad\u00eamicas e profissionais. Para participar, preencha o formul\u00e1rio dispon\u00edvel no link abaixo. Todos\/as os\/as participantes receber\u00e3o um certificado exclusivo.<\/p>\n<p data-pm-slice=\"1 1 []\"><a href=\"https:\/\/docs.google.com\/forms\/d\/e\/1FAIpQLSd1oOAk_1oEiV2121eEc53pEmG_NqNh2_hFc-QWhJ5VGo9U_A\/viewform\"><strong>[Clique aqui para acessar o formul\u00e1rio de inscri\u00e7\u00e3o na Oficina de Curr\u00edculo Lattes]<\/strong><\/a><\/p>\n<h3>Para mais informa\u00e7\u00f5es:<\/h3>\n<p><a href=\"https:\/\/wp.ufpel.edu.br\/seminariodiscenteppgs\/files\/2024\/11\/Edital-de-submissao-de-resumos.pdf\"><strong>[Clique aqui para acessar o edital de submiss\u00e3o de resumos]<\/strong><\/a><\/p>\n<p><strong><a href=\"https:\/\/wp.ufpel.edu.br\/seminariodiscenteppgs\/files\/2024\/10\/Template_submissao_GT-1.docx\">[Clique aqui para acessar o Template de submiss\u00e3o dos GTs]<\/a><\/strong><\/p>\n<p><strong><a href=\"https:\/\/wp.ufpel.edu.br\/seminariodiscenteppgs\/files\/2024\/12\/Template_apresentacao.pptx\">[Clique aqui para acessar o Template de apresenta\u00e7\u00e3o dos GTs]<\/a><\/strong><\/p>\n<p>&nbsp;<\/p>\n<p>&nbsp;<\/p>\n","protected":false},"excerpt":{"rendered":"<p>As inscri\u00e7\u00f5es para o IV Semin\u00e1rio Discente est\u00e3o abertas! H\u00e1 duas op\u00e7\u00f5es de participa\u00e7\u00e3o: Inscri\u00e7\u00e3o como Ouvinte: Os\/as interessados\/as em participar como ouvintes devem se inscrever at\u00e9 um dia antes do evento. Os\/as ouvintes poder\u00e3o assistir a todas as atividades, incluindo mesas-redondas, mini oficinas e palestras. Para garantir sua participa\u00e7\u00e3o, preencha o formul\u00e1rio dispon\u00edvel abaixo. [&hellip;]<\/p>\n","protected":false},"author":1400,"featured_media":0,"parent":0,"menu_order":4,"comment_status":"closed","ping_status":"closed","template":"","meta":{"footnotes":""},"class_list":["post-24","page","type-page","status-publish","hentry"],"_links":{"self":[{"href":"https:\/\/wp.ufpel.edu.br\/seminariodiscenteppgs\/wp-json\/wp\/v2\/pages\/24","targetHints":{"allow":["GET"]}}],"collection":[{"href":"https:\/\/wp.ufpel.edu.br\/seminariodiscenteppgs\/wp-json\/wp\/v2\/pages"}],"about":[{"href":"https:\/\/wp.ufpel.edu.br\/seminariodiscenteppgs\/wp-json\/wp\/v2\/types\/page"}],"author":[{"embeddable":true,"href":"https:\/\/wp.ufpel.edu.br\/seminariodiscenteppgs\/wp-json\/wp\/v2\/users\/1400"}],"replies":[{"embeddable":true,"href":"https:\/\/wp.ufpel.edu.br\/seminariodiscenteppgs\/wp-json\/wp\/v2\/comments?post=24"}],"version-history":[{"count":19,"href":"https:\/\/wp.ufpel.edu.br\/seminariodiscenteppgs\/wp-json\/wp\/v2\/pages\/24\/revisions"}],"predecessor-version":[{"id":379,"href":"https:\/\/wp.ufpel.edu.br\/seminariodiscenteppgs\/wp-json\/wp\/v2\/pages\/24\/revisions\/379"}],"wp:attachment":[{"href":"https:\/\/wp.ufpel.edu.br\/seminariodiscenteppgs\/wp-json\/wp\/v2\/media?parent=24"}],"curies":[{"name":"wp","href":"https:\/\/api.w.org\/{rel}","templated":true}]}}