{"id":90,"date":"2016-07-01T08:23:17","date_gmt":"2016-07-01T11:23:17","guid":{"rendered":"https:\/\/wp.ufpel.edu.br\/semhpv\/?page_id=90"},"modified":"2016-07-03T20:15:29","modified_gmt":"2016-07-03T23:15:29","slug":"aprenda-baixar-video","status":"publish","type":"page","link":"https:\/\/wp.ufpel.edu.br\/semhpv\/aprenda-baixar-video\/","title":{"rendered":"Aprenda baixar v\u00eddeo"},"content":{"rendered":"<p>Aqui voc\u00ea vai aprender a baixar v\u00eddeos do you tube para poder assistir o filme na sala de aula com seus alunos ou em casa de forma simples e f\u00e1cil!<\/p>\n<div class=\"embed-container\"><iframe loading=\"lazy\" width=\"750\" height=\"422\" src=\"https:\/\/www.youtube.com\/embed\/5JqtBxyQooI?feature=oembed\" frameborder=\"0\" gesture=\"media\" allow=\"encrypted-media\" allowfullscreen><\/iframe><\/div>\n<p>&nbsp;<\/p>\n","protected":false},"excerpt":{"rendered":"<p>Aqui voc\u00ea vai aprender a baixar v\u00eddeos do you tube para poder assistir o filme na sala de aula com seus alunos ou em casa de forma simples e f\u00e1cil! &nbsp;<\/p>\n","protected":false},"author":578,"featured_media":0,"parent":0,"menu_order":0,"comment_status":"closed","ping_status":"closed","template":"","meta":{"footnotes":""},"class_list":["post-90","page","type-page","status-publish","hentry","nodate","item-wrap"],"_links":{"self":[{"href":"https:\/\/wp.ufpel.edu.br\/semhpv\/wp-json\/wp\/v2\/pages\/90","targetHints":{"allow":["GET"]}}],"collection":[{"href":"https:\/\/wp.ufpel.edu.br\/semhpv\/wp-json\/wp\/v2\/pages"}],"about":[{"href":"https:\/\/wp.ufpel.edu.br\/semhpv\/wp-json\/wp\/v2\/types\/page"}],"author":[{"embeddable":true,"href":"https:\/\/wp.ufpel.edu.br\/semhpv\/wp-json\/wp\/v2\/users\/578"}],"replies":[{"embeddable":true,"href":"https:\/\/wp.ufpel.edu.br\/semhpv\/wp-json\/wp\/v2\/comments?post=90"}],"version-history":[{"count":3,"href":"https:\/\/wp.ufpel.edu.br\/semhpv\/wp-json\/wp\/v2\/pages\/90\/revisions"}],"predecessor-version":[{"id":134,"href":"https:\/\/wp.ufpel.edu.br\/semhpv\/wp-json\/wp\/v2\/pages\/90\/revisions\/134"}],"wp:attachment":[{"href":"https:\/\/wp.ufpel.edu.br\/semhpv\/wp-json\/wp\/v2\/media?parent=90"}],"curies":[{"name":"wp","href":"https:\/\/api.w.org\/{rel}","templated":true}]}}