{"id":80,"date":"2016-07-01T07:46:59","date_gmt":"2016-07-01T10:46:59","guid":{"rendered":"https:\/\/wp.ufpel.edu.br\/semhpv\/?page_id=80"},"modified":"2016-07-04T04:11:07","modified_gmt":"2016-07-04T07:11:07","slug":"baixar-a-serie","status":"publish","type":"page","link":"https:\/\/wp.ufpel.edu.br\/semhpv\/baixar-a-serie\/","title":{"rendered":"Baixar a Serie"},"content":{"rendered":"<p>Aqui voc\u00ea vai assistir a serie dividida em 7 epis\u00f3dios de 22 minutos<\/p>\n<p>Boa serie!<\/p>\n<p>Episodio 1<\/p>\n<div class=\"embed-container\"><iframe loading=\"lazy\" width=\"750\" height=\"422\" src=\"https:\/\/www.youtube.com\/embed\/wEh3oRcXqB0?feature=oembed\" frameborder=\"0\" gesture=\"media\" allow=\"encrypted-media\" allowfullscreen><\/iframe><\/div>\n<p>&nbsp;<\/p>\n<p>Episodio 2<\/p>\n<div class=\"embed-container\"><iframe loading=\"lazy\" width=\"750\" height=\"422\" src=\"https:\/\/www.youtube.com\/embed\/GULePSNfWTk?feature=oembed\" frameborder=\"0\" gesture=\"media\" allow=\"encrypted-media\" allowfullscreen><\/iframe><\/div>\n<p>Epis\u00f3dio 3<\/p>\n<div class=\"embed-container\"><iframe loading=\"lazy\" width=\"750\" height=\"422\" src=\"https:\/\/www.youtube.com\/embed\/XE3l8tsxg6Y?feature=oembed\" frameborder=\"0\" gesture=\"media\" allow=\"encrypted-media\" allowfullscreen><\/iframe><\/div>\n<p>Epis\u00f3dio 4<\/p>\n<div class=\"embed-container\"><iframe loading=\"lazy\" width=\"750\" height=\"422\" src=\"https:\/\/www.youtube.com\/embed\/gpLw_QGcgic?feature=oembed\" frameborder=\"0\" gesture=\"media\" allow=\"encrypted-media\" allowfullscreen><\/iframe><\/div>\n<p>Epis\u00f3dio 5<\/p>\n<div class=\"embed-container\"><iframe loading=\"lazy\" width=\"750\" height=\"422\" src=\"https:\/\/www.youtube.com\/embed\/N42kznp3sHI?feature=oembed\" frameborder=\"0\" gesture=\"media\" allow=\"encrypted-media\" allowfullscreen><\/iframe><\/div>\n<p>Episodio 6<\/p>\n<div class=\"embed-container\"><iframe loading=\"lazy\" width=\"750\" height=\"422\" src=\"https:\/\/www.youtube.com\/embed\/5pxvOCiKdJs?feature=oembed\" frameborder=\"0\" gesture=\"media\" allow=\"encrypted-media\" allowfullscreen><\/iframe><\/div>\n<p>Epis\u00f3dio 7<\/p>\n<div class=\"embed-container\"><iframe loading=\"lazy\" width=\"750\" height=\"422\" src=\"https:\/\/www.youtube.com\/embed\/boOXrbfUi8Y?feature=oembed\" frameborder=\"0\" gesture=\"media\" allow=\"encrypted-media\" allowfullscreen><\/iframe><\/div>\n","protected":false},"excerpt":{"rendered":"<p>Aqui voc\u00ea vai assistir a serie dividida em 7 epis\u00f3dios de 22 minutos Boa serie! Episodio 1 &nbsp; Episodio 2 Epis\u00f3dio 3 Epis\u00f3dio 4 Epis\u00f3dio 5 Episodio 6 Epis\u00f3dio 7<\/p>\n","protected":false},"author":578,"featured_media":0,"parent":0,"menu_order":0,"comment_status":"closed","ping_status":"closed","template":"","meta":{"footnotes":""},"class_list":["post-80","page","type-page","status-publish","hentry","nodate","item-wrap"],"_links":{"self":[{"href":"https:\/\/wp.ufpel.edu.br\/semhpv\/wp-json\/wp\/v2\/pages\/80","targetHints":{"allow":["GET"]}}],"collection":[{"href":"https:\/\/wp.ufpel.edu.br\/semhpv\/wp-json\/wp\/v2\/pages"}],"about":[{"href":"https:\/\/wp.ufpel.edu.br\/semhpv\/wp-json\/wp\/v2\/types\/page"}],"author":[{"embeddable":true,"href":"https:\/\/wp.ufpel.edu.br\/semhpv\/wp-json\/wp\/v2\/users\/578"}],"replies":[{"embeddable":true,"href":"https:\/\/wp.ufpel.edu.br\/semhpv\/wp-json\/wp\/v2\/comments?post=80"}],"version-history":[{"count":8,"href":"https:\/\/wp.ufpel.edu.br\/semhpv\/wp-json\/wp\/v2\/pages\/80\/revisions"}],"predecessor-version":[{"id":172,"href":"https:\/\/wp.ufpel.edu.br\/semhpv\/wp-json\/wp\/v2\/pages\/80\/revisions\/172"}],"wp:attachment":[{"href":"https:\/\/wp.ufpel.edu.br\/semhpv\/wp-json\/wp\/v2\/media?parent=80"}],"curies":[{"name":"wp","href":"https:\/\/api.w.org\/{rel}","templated":true}]}}