{"id":536,"date":"2019-06-10T18:31:44","date_gmt":"2019-06-10T21:31:44","guid":{"rendered":"https:\/\/wp.ufpel.edu.br\/semanamatematica\/?page_id=536"},"modified":"2019-06-16T17:42:55","modified_gmt":"2019-06-16T20:42:55","slug":"programacao-2019","status":"publish","type":"page","link":"https:\/\/wp.ufpel.edu.br\/semanamatematica\/programacao-2019\/","title":{"rendered":"Programa\u00e7\u00e3o"},"content":{"rendered":"<p>ACESSE A PROGRAMA\u00c7\u00c3O CLICANDO <a href=\"https:\/\/wp.ufpel.edu.br\/semanamatematica\/files\/2019\/06\/Programa\u00e7\u00e3o-Semana-2019-Word-1.pdf\"><span style=\"color: #3366ff\">AQUI<\/span><\/a><\/p>\n","protected":false},"excerpt":{"rendered":"<p>ACESSE A PROGRAMA\u00c7\u00c3O CLICANDO AQUI<\/p>\n","protected":false},"author":734,"featured_media":0,"parent":0,"menu_order":0,"comment_status":"closed","ping_status":"closed","template":"","meta":{"footnotes":""},"class_list":["post-536","page","type-page","status-publish","hentry"],"jetpack_sharing_enabled":true,"_links":{"self":[{"href":"https:\/\/wp.ufpel.edu.br\/semanamatematica\/wp-json\/wp\/v2\/pages\/536","targetHints":{"allow":["GET"]}}],"collection":[{"href":"https:\/\/wp.ufpel.edu.br\/semanamatematica\/wp-json\/wp\/v2\/pages"}],"about":[{"href":"https:\/\/wp.ufpel.edu.br\/semanamatematica\/wp-json\/wp\/v2\/types\/page"}],"author":[{"embeddable":true,"href":"https:\/\/wp.ufpel.edu.br\/semanamatematica\/wp-json\/wp\/v2\/users\/734"}],"replies":[{"embeddable":true,"href":"https:\/\/wp.ufpel.edu.br\/semanamatematica\/wp-json\/wp\/v2\/comments?post=536"}],"version-history":[{"count":13,"href":"https:\/\/wp.ufpel.edu.br\/semanamatematica\/wp-json\/wp\/v2\/pages\/536\/revisions"}],"predecessor-version":[{"id":564,"href":"https:\/\/wp.ufpel.edu.br\/semanamatematica\/wp-json\/wp\/v2\/pages\/536\/revisions\/564"}],"wp:attachment":[{"href":"https:\/\/wp.ufpel.edu.br\/semanamatematica\/wp-json\/wp\/v2\/media?parent=536"}],"curies":[{"name":"wp","href":"https:\/\/api.w.org\/{rel}","templated":true}]}}