{"id":36,"date":"2017-05-17T12:27:44","date_gmt":"2017-05-17T15:27:44","guid":{"rendered":"https:\/\/wp.ufpel.edu.br\/semanamatematica\/?page_id=36"},"modified":"2019-06-06T16:40:19","modified_gmt":"2019-06-06T19:40:19","slug":"programacao-2","status":"publish","type":"page","link":"https:\/\/wp.ufpel.edu.br\/semanamatematica\/2018-2\/programacao-2\/","title":{"rendered":"Programa\u00e7\u00e3o"},"content":{"rendered":"<table class=\"aligncenter\" dir=\"ltr\" style=\"height: 1275px\" border=\"1\" width=\"739\" cellspacing=\"0\" cellpadding=\"0\">\n<colgroup>\n<col width=\"170\" \/>\n<col width=\"55\" \/>\n<col width=\"92\" \/>\n<col width=\"243\" \/><\/colgroup>\n<tbody>\n<tr style=\"height: 33px\">\n<td style=\"width: 729px;height: 33px;text-align: center\" colspan=\"4\" rowspan=\"1\"><strong><span style=\"font-family: 'arial black', sans-serif;font-size: 14pt\">PROGRAMA\u00c7\u00c3O XIX SEMANA ACAD\u00caMICA DA MATEM\u00c1TICA<\/span><\/strong><\/td>\n<\/tr>\n<tr style=\"height: 28px;text-align: justify\">\n<td style=\"width: 729px;height: 28px\" colspan=\"4\" rowspan=\"1\"><\/td>\n<\/tr>\n<tr style=\"height: 29px;text-align: justify\">\n<td style=\"width: 166px;height: 333px\" colspan=\"1\" rowspan=\"9\">\n<div><strong><span style=\"font-family: arial, helvetica, sans-serif\">12\/11 &#8211; segunda-feira<\/span><\/strong><\/div>\n<\/td>\n<td style=\"width: 68px;height: 164px\" colspan=\"1\" rowspan=\"4\">\n<div><strong><span style=\"font-family: arial, helvetica, sans-serif\">\u00a0Tarde<\/span><\/strong><\/div>\n<\/td>\n<td style=\"width: 120px;height: 29px\"><strong><span style=\"font-family: arial, helvetica, sans-serif\">14h &#8211; 15h<\/span><\/strong><\/td>\n<td style=\"width: 375px;height: 29px\"><strong><span style=\"font-family: arial, helvetica, sans-serif\">Credenciamento 1<\/span><\/strong><\/td>\n<\/tr>\n<tr style=\"height: 29px;text-align: justify\">\n<td style=\"width: 120px;height: 29px\"><strong><span style=\"font-family: arial, helvetica, sans-serif\">15h &#8211; 15h30<\/span><\/strong><\/td>\n<td style=\"width: 375px;height: 29px\"><strong><span style=\"font-family: arial, helvetica, sans-serif\">Mesa oficial de abertura 1<\/span><\/strong><\/td>\n<\/tr>\n<tr style=\"height: 53px;text-align: justify\">\n<td style=\"width: 120px;height: 53px\"><strong><span style=\"font-family: arial, helvetica, sans-serif\">15h30 &#8211; 15h50<\/span><\/strong><\/td>\n<td style=\"width: 375px;height: 53px\"><strong><span style=\"font-family: arial, helvetica, sans-serif\">Pausa para o caf\u00e9<\/span><\/strong><\/td>\n<\/tr>\n<tr style=\"height: 53px;text-align: justify\">\n<td style=\"width: 120px;height: 53px\"><strong><span style=\"font-family: arial, helvetica, sans-serif\">15h50 &#8211; 17h50<\/span><\/strong><\/td>\n<td style=\"width: 375px;height: 53px\"><strong><span style=\"font-family: arial, helvetica, sans-serif\">Mesa Redonda: Egressos e sua trajet\u00f3ria at\u00e9 a p\u00f3s-gradua\u00e7\u00e3o &#8211; Christian Garcia, Ma. Gl\u00e1ucia Soares,\u00a0 Roberto D\u00e9cio Jr<\/span><\/strong><\/td>\n<\/tr>\n<tr style=\"height: 29px;text-align: justify\">\n<td style=\"width: 563px;height: 29px\" colspan=\"3\" rowspan=\"1\"><\/td>\n<\/tr>\n<tr style=\"height: 53px;text-align: justify\">\n<td style=\"width: 68px;height: 140px\" colspan=\"1\" rowspan=\"4\">\n<div><strong><span style=\"font-family: arial, helvetica, sans-serif\">\u00a0Noite<\/span><\/strong><\/div>\n<\/td>\n<td style=\"width: 120px;height: 53px\"><strong><span style=\"font-family: arial, helvetica, sans-serif\">18h30 &#8211; 19h30<\/span><\/strong><\/td>\n<td style=\"width: 375px;height: 53px\"><strong><span style=\"font-family: arial, helvetica, sans-serif\">Credenciamento 2<\/span><\/strong><\/td>\n<\/tr>\n<tr style=\"height: 29px;text-align: justify\">\n<td style=\"width: 120px;height: 29px\"><strong><span style=\"font-family: arial, helvetica, sans-serif\">19h30 &#8211; 20h<\/span><\/strong><\/td>\n<td style=\"width: 375px;height: 29px\"><strong><span style=\"font-family: arial, helvetica, sans-serif\">Mesa oficial de abertura 2<\/span><\/strong><\/td>\n<\/tr>\n<tr style=\"height: 29px;text-align: justify\">\n<td style=\"width: 120px;height: 29px\"><strong><span style=\"font-family: arial, helvetica, sans-serif\">20h &#8211; 20h20<\/span><\/strong><\/td>\n<td style=\"width: 375px;height: 29px\"><strong><span style=\"font-family: arial, helvetica, sans-serif\">Pausa para o caf\u00e9<\/span><\/strong><\/td>\n<\/tr>\n<tr style=\"height: 29px;text-align: justify\">\n<td style=\"width: 120px;height: 29px\"><strong><span style=\"font-family: arial, helvetica, sans-serif\">20h20 &#8211; 22h<\/span><\/strong><\/td>\n<td style=\"width: 375px;height: 29px\"><strong><span style=\"font-family: arial, helvetica, sans-serif\">Apresenta\u00e7\u00e3o dos PPGs do IFM &#8211; Coord. PPGEMat Rozane Alves, coord. PPGMMat R\u00e9gis Quadros, coord. PPGFis M\u00e1rio Lucio Moreira<\/span><\/strong><\/td>\n<\/tr>\n<tr style=\"height: 29px;text-align: justify\">\n<td style=\"width: 729px;height: 29px\" colspan=\"4\" rowspan=\"1\"><\/td>\n<\/tr>\n<tr style=\"height: 29px;text-align: justify\">\n<td style=\"width: 166px;height: 344.28px\" colspan=\"1\" rowspan=\"8\">\n<div><strong><span style=\"font-family: arial, helvetica, sans-serif\">13\/11 &#8211; ter\u00e7a-feira<\/span><\/strong><\/div>\n<\/td>\n<td style=\"width: 68px;height: 143.28px\" colspan=\"1\" rowspan=\"4\">\n<div><strong><span style=\"font-family: arial, helvetica, sans-serif\">\u00a0Tarde<\/span><\/strong><\/div>\n<\/td>\n<td style=\"width: 120px;height: 29px\"><span style=\"font-family: arial,helvetica,sans-serif\"><strong>14h &#8211; 15h20<\/strong><\/span><\/td>\n<td style=\"width: 375px;height: 29px\"><span style=\"font-family: arial,helvetica,sans-serif\"><strong>Palestra: Matem\u00e1tica Escolar no Brasil &#8211; Dr. Diogo Rios<\/strong><\/span><\/td>\n<\/tr>\n<tr style=\"height: 53px;text-align: justify\">\n<td style=\"width: 120px;height: 53px\"><span style=\"font-family: arial,helvetica,sans-serif\"><strong>15h20 &#8211; 15h40<\/strong><\/span><\/td>\n<td style=\"width: 375px;height: 53px\"><span style=\"font-family: arial,helvetica,sans-serif\"><strong>\u00a0Pausa para o caf\u00e9<\/strong><\/span><\/td>\n<\/tr>\n<tr style=\"height: 5px;text-align: justify\">\n<td style=\"width: 120px;height: 61.28px\" colspan=\"1\" rowspan=\"2\">\n<div><strong><span style=\"font-family: arial,helvetica,sans-serif\">15h40 &#8211; 17h40<\/span><\/strong><\/div>\n<div><\/div>\n<div><strong><span style=\"font-family: arial,helvetica,sans-serif\">17h40 &#8211; 19h<\/span><\/strong><\/div>\n<\/td>\n<td style=\"width: 375px;height: 61.28px\" colspan=\"1\" rowspan=\"2\">\n<div><strong><span style=\"font-family: arial, helvetica, sans-serif\">Mesa Redonda: BNCC e o Novo Ensino M\u00e9dio &#8211;<\/span><\/strong><strong><span style=\"font-family: arial, helvetica, sans-serif\"> M<\/span><\/strong><strong><span style=\"font-family: arial, helvetica, sans-serif\">a. Patr\u00edcia Faria Ferr<\/span><span style=\"font-family: arial, helvetica, sans-serif\">eira e Dr \u00c1lvaro Hyp\u00f3lito<\/span><\/strong><\/div>\n<div><\/div>\n<div><span style=\"color: #333333\"><strong><span style=\"font-family: arial,helvetica,sans-serif\">Mostra de trabalhos\/exposi\u00e7\u00e3o de banners- equipe LAM<\/span><\/strong><\/span><\/div>\n<\/td>\n<\/tr>\n<tr style=\"height: 53px;text-align: justify\">\n<td style=\"width: 30px;height: 53px\" colspan=\"3\" rowspan=\"1\">\n<p>&nbsp;<\/p>\n<p>&nbsp;<\/td>\n<\/tr>\n<tr style=\"height: 29px;text-align: justify\">\n<td style=\"width: 68px;height: 172px\" colspan=\"1\" rowspan=\"3\">\n<div><strong><span style=\"font-family: arial, helvetica, sans-serif\">\u00a0Noite<\/span><\/strong><\/div>\n<\/td>\n<td style=\"width: 120px;height: 29px\"><strong><span style=\"font-family: arial, helvetica, sans-serif\">19h &#8211; 20h20<\/span><\/strong><\/td>\n<td style=\"width: 375px;height: 29px\">\n<p><strong><span style=\"font-family: arial, helvetica, sans-serif\">Oficina : Conceitos geom\u00e9tricos em Libras &#8211; Ma. Fabiane Bohm <\/span><\/strong><\/p>\n<p><strong><span style=\"font-family: arial, helvetica, sans-serif\">Oficina: \u00c2ngulos e Dist\u00e2ncias para Orienta\u00e7\u00e3o atrav\u00e9s da B\u00fassola &#8211; Dra. Patricia Fantinel e Dr. Neide \u00c2ngelo <\/span><\/strong><\/td>\n<\/tr>\n<tr style=\"height: 53px;text-align: justify\">\n<td style=\"width: 120px;height: 53px\"><strong><span style=\"font-family: arial, helvetica, sans-serif\">20h20 &#8211; 20h40<\/span><\/strong><\/td>\n<td style=\"width: 375px;height: 53px\"><strong><span style=\"font-family: arial, helvetica, sans-serif\">Pausa para o caf\u00e9<\/span><\/strong><\/td>\n<\/tr>\n<tr style=\"height: 90px;text-align: justify\">\n<td style=\"width: 120px;height: 90px\"><strong><span style=\"font-family: arial, helvetica, sans-serif\">20h40 &#8211; 22h<\/span><\/strong><\/td>\n<td style=\"width: 375px;height: 90px\">\n<p><strong><span style=\"font-family: arial, helvetica, sans-serif\">Oficina: \u00c2ngulos e Dist\u00e2ncias para Orienta\u00e7\u00e3o atrav\u00e9s da B\u00fassola &#8211; Dra. Patr\u00edcia Fantinel e Dr. Neide \u00c2ngelo <\/span><\/strong><\/p>\n<p><strong><span style=\"font-family: arial, helvetica, sans-serif\">Oficina: Conceitos geom\u00e9tricos em Libras &#8211; Ma. Fabiane Bohm <\/span><\/strong><\/p>\n<p>&nbsp;<\/td>\n<\/tr>\n<tr style=\"height: 29px;text-align: justify\">\n<td style=\"width: 573px;height: 29px\" colspan=\"4\" rowspan=\"1\"><\/td>\n<\/tr>\n<tr style=\"height: 54px;text-align: justify\">\n<td style=\"width: 166px;height: 432px\" colspan=\"1\" rowspan=\"7\">\n<div><strong><span style=\"font-family: arial, helvetica, sans-serif\">14\/11 &#8211; quarta-feira<\/span><\/strong><\/div>\n<\/td>\n<td style=\"width: 68px;height: 264px\" colspan=\"1\" rowspan=\"4\">\n<div><strong><span style=\"font-family: arial, helvetica, sans-serif\">\u00a0Tarde<\/span><\/strong><\/div>\n<\/td>\n<td style=\"width: 120px;height: 54px\"><strong><span style=\"font-family: arial, helvetica, sans-serif\">14h &#8211; 15h20<\/span><\/strong><\/td>\n<td style=\"width: 375px;height: 54px\"><strong><span style=\"font-family: arial, helvetica, sans-serif\">Palestra: A Energia das Esferas: Dr. Giovanni Nunes<\/span><\/strong><\/td>\n<\/tr>\n<tr style=\"height: 54px;text-align: justify\">\n<td style=\"width: 120px;height: 54px\"><strong><span style=\"font-family: arial, helvetica, sans-serif\">15h20 &#8211; 15h40<\/span><\/strong><\/td>\n<td style=\"width: 375px;height: 54px\"><strong><span style=\"font-family: arial, helvetica, sans-serif\">Pausa para o caf\u00e9<\/span><\/strong><\/td>\n<\/tr>\n<tr style=\"height: 78px;text-align: justify\">\n<td style=\"width: 120px;height: 78px\"><strong><span style=\"font-family: arial, helvetica, sans-serif\">15h40 &#8211; 17h<\/span><\/strong><\/td>\n<td style=\"width: 375px;height: 78px\">\n<p><strong><span style=\"font-family: arial, helvetica, sans-serif\">Oficina: QR Code: potencialidades para o ensino e aprendizagem da Matem\u00e1tica &#8211; Ma. Carla Felcher<\/span><\/strong><\/p>\n<p><b>Palestra: Sobre onde moramos: a Geometria da Terra &#8211; Dra. Lisandra Sauer<\/b><\/td>\n<\/tr>\n<tr style=\"height: 78px;text-align: justify\">\n<td style=\"width: 120px;height: 78px\"><strong><span style=\"font-family: arial, helvetica, sans-serif\">17h &#8211; 18h20<\/span><\/strong><\/td>\n<td style=\"width: 375px;height: 78px\"><strong><span style=\"font-family: arial, helvetica, sans-serif\">Palestra: O foco pode trazer resultados extraordin\u00e1rios para sua vida &#8211; Dr. Claudio Petersen<\/span><\/strong><\/td>\n<\/tr>\n<tr style=\"height: 30px;text-align: justify\">\n<td style=\"width: 563px;height: 30px;text-align: justify\" colspan=\"3\" rowspan=\"1\"><\/td>\n<\/tr>\n<tr style=\"height: 102px;text-align: justify\">\n<td style=\"width: 68px;height: 138px;text-align: justify\" colspan=\"1\" rowspan=\"2\">\n<div><strong><span style=\"font-family: arial, helvetica, sans-serif\">\u00a0Noite<\/span><\/strong><\/div>\n<\/td>\n<td style=\"width: 120px;height: 102px;text-align: justify\"><strong><span style=\"font-family: arial, helvetica, sans-serif\">19h &#8211; 21h<\/span><\/strong><\/td>\n<td style=\"width: 375px;height: 102px;text-align: justify\"><strong><span style=\"font-family: arial, helvetica, sans-serif\">Mesa Redonda: &#8220;Matem\u00e1tica na Escola: experi\u00eancias e desafios- (profa, Bruna Leitzke, profa. Maristel Tunas, profa. Andr\u00e9a Dobke, prof. Gabriel Germann)<\/span><\/strong><\/td>\n<\/tr>\n<tr style=\"height: 36px;text-align: justify\">\n<td style=\"width: 120px;height: 36px\"><strong><span style=\"font-family: arial, helvetica, sans-serif\">21h<\/span><\/strong><\/td>\n<td style=\"width: 375px;height: 36px;text-align: justify\"><a href=\"https:\/\/wp.ufpel.edu.br\/semanamatematica\/2018\/10\/15\/inscricoes-abertas\/\"><strong><span style=\"font-family: arial, helvetica, sans-serif\">Encerramento e coquetel<\/span><\/strong><\/a><\/td>\n<\/tr>\n<\/tbody>\n<\/table>\n<p>&nbsp;<\/p>\n<p>&nbsp;<\/p>\n<p>&nbsp;<\/p>\n<p>&nbsp;<\/p>\n<p>&nbsp;<\/p>\n<p>&nbsp;<\/p>\n<p>&nbsp;<\/p>\n<p>&nbsp;<\/p>\n<p>&nbsp;<\/p>\n<p>&nbsp;<\/p>\n<p>&nbsp;<\/p>\n","protected":false},"excerpt":{"rendered":"<p>PROGRAMA\u00c7\u00c3O XIX SEMANA ACAD\u00caMICA DA MATEM\u00c1TICA 12\/11 &#8211; segunda-feira \u00a0Tarde 14h &#8211; 15h Credenciamento 1 15h &#8211; 15h30 Mesa oficial de abertura 1 15h30 &#8211; 15h50 Pausa para o caf\u00e9 15h50 &#8211; 17h50 Mesa Redonda: Egressos e sua trajet\u00f3ria at\u00e9 a p\u00f3s-gradua\u00e7\u00e3o &#8211; Christian Garcia, Ma. Gl\u00e1ucia Soares,\u00a0 Roberto D\u00e9cio Jr \u00a0Noite 18h30 &#8211; 19h30 [&hellip;]<\/p>\n","protected":false},"author":734,"featured_media":0,"parent":361,"menu_order":0,"comment_status":"closed","ping_status":"closed","template":"","meta":{"footnotes":""},"class_list":["post-36","page","type-page","status-publish","hentry"],"jetpack_sharing_enabled":true,"_links":{"self":[{"href":"https:\/\/wp.ufpel.edu.br\/semanamatematica\/wp-json\/wp\/v2\/pages\/36","targetHints":{"allow":["GET"]}}],"collection":[{"href":"https:\/\/wp.ufpel.edu.br\/semanamatematica\/wp-json\/wp\/v2\/pages"}],"about":[{"href":"https:\/\/wp.ufpel.edu.br\/semanamatematica\/wp-json\/wp\/v2\/types\/page"}],"author":[{"embeddable":true,"href":"https:\/\/wp.ufpel.edu.br\/semanamatematica\/wp-json\/wp\/v2\/users\/734"}],"replies":[{"embeddable":true,"href":"https:\/\/wp.ufpel.edu.br\/semanamatematica\/wp-json\/wp\/v2\/comments?post=36"}],"version-history":[{"count":19,"href":"https:\/\/wp.ufpel.edu.br\/semanamatematica\/wp-json\/wp\/v2\/pages\/36\/revisions"}],"predecessor-version":[{"id":298,"href":"https:\/\/wp.ufpel.edu.br\/semanamatematica\/wp-json\/wp\/v2\/pages\/36\/revisions\/298"}],"up":[{"embeddable":true,"href":"https:\/\/wp.ufpel.edu.br\/semanamatematica\/wp-json\/wp\/v2\/pages\/361"}],"wp:attachment":[{"href":"https:\/\/wp.ufpel.edu.br\/semanamatematica\/wp-json\/wp\/v2\/media?parent=36"}],"curies":[{"name":"wp","href":"https:\/\/api.w.org\/{rel}","templated":true}]}}