{"id":118,"date":"2017-05-17T14:16:55","date_gmt":"2017-05-17T17:16:55","guid":{"rendered":"https:\/\/wp.ufpel.edu.br\/semanamatematica\/?page_id=118"},"modified":"2018-11-13T15:40:19","modified_gmt":"2018-11-13T17:40:19","slug":"patrocinadores","status":"publish","type":"page","link":"https:\/\/wp.ufpel.edu.br\/semanamatematica\/patrocinadores\/","title":{"rendered":"Patrocinadores"},"content":{"rendered":"<h3><span style=\"font-family: arial,helvetica,sans-serif\">Oferecendo muito mais do que recursos, os patrocinadores e apoiadores, demonstram que acreditam e incentivam esta ideia. \u00a0<\/span><\/h3>\n<p><span style=\"font-family: arial,helvetica,sans-serif\">Nada se faz sem apoio, sem recursos e sem cr\u00e9dito. Desses tr\u00eas elementos, o mais dif\u00edcil de conquistar \u00e9 o cr\u00e9dito. N\u00e3o um cr\u00e9dito banc\u00e1rio, mas um cr\u00e9dito que v\u00eam da confian\u00e7a depositada em uma institui\u00e7\u00e3o.<\/span><br \/>\n<span style=\"font-family: arial,helvetica,sans-serif\">\u00c9 pelo cr\u00e9dito e pela confian\u00e7a demonstrada em nosso trabalho, e por compartilharem conosco este sonho, que agradecemos as empresas:<\/span><\/p>\n<p><span style=\"font-family: arial,helvetica,sans-serif\">PATROCINADORES:<\/span><\/p>\n<p><img class=\"alignnone wp-image-304\" src=\"https:\/\/wp.ufpel.edu.br\/semanamatematica\/files\/2018\/11\/zeze-2-400x275.jpg\" alt=\"\" width=\"215\" height=\"148\" srcset=\"https:\/\/wp.ufpel.edu.br\/semanamatematica\/files\/2018\/11\/zeze-2-400x275.jpg 400w, https:\/\/wp.ufpel.edu.br\/semanamatematica\/files\/2018\/11\/zeze-2-768x528.jpg 768w, https:\/\/wp.ufpel.edu.br\/semanamatematica\/files\/2018\/11\/zeze-2.jpg 984w\" sizes=\"(max-width: 215px) 100vw, 215px\" \/>\u00a0<img class=\"alignnone wp-image-316\" src=\"https:\/\/wp.ufpel.edu.br\/semanamatematica\/files\/2018\/11\/Screenshot_2018-03-12-10-16-00-1-400x394.png\" alt=\"\" width=\"170\" height=\"167\" srcset=\"https:\/\/wp.ufpel.edu.br\/semanamatematica\/files\/2018\/11\/Screenshot_2018-03-12-10-16-00-1-400x394.png 400w, https:\/\/wp.ufpel.edu.br\/semanamatematica\/files\/2018\/11\/Screenshot_2018-03-12-10-16-00-1.png 720w\" sizes=\"(max-width: 170px) 100vw, 170px\" \/><img class=\"alignnone wp-image-305\" src=\"https:\/\/wp.ufpel.edu.br\/semanamatematica\/files\/2018\/11\/destaque-400x226.jpg\" alt=\"\" width=\"225\" height=\"127\" srcset=\"https:\/\/wp.ufpel.edu.br\/semanamatematica\/files\/2018\/11\/destaque-400x226.jpg 400w, https:\/\/wp.ufpel.edu.br\/semanamatematica\/files\/2018\/11\/destaque-768x433.jpg 768w, https:\/\/wp.ufpel.edu.br\/semanamatematica\/files\/2018\/11\/destaque.jpg 810w\" sizes=\"(max-width: 225px) 100vw, 225px\" \/><img class=\"alignnone wp-image-306\" src=\"https:\/\/wp.ufpel.edu.br\/semanamatematica\/files\/2018\/11\/thHX1QPLCY-400x400.jpg\" alt=\"\" width=\"151\" height=\"151\" srcset=\"https:\/\/wp.ufpel.edu.br\/semanamatematica\/files\/2018\/11\/thHX1QPLCY-400x400.jpg 400w, https:\/\/wp.ufpel.edu.br\/semanamatematica\/files\/2018\/11\/thHX1QPLCY-200x200.jpg 200w, https:\/\/wp.ufpel.edu.br\/semanamatematica\/files\/2018\/11\/thHX1QPLCY.jpg 474w\" sizes=\"(max-width: 151px) 100vw, 151px\" \/><\/p>\n<p><img class=\"alignnone wp-image-307\" src=\"https:\/\/wp.ufpel.edu.br\/semanamatematica\/files\/2018\/11\/PERUZZO.png\" alt=\"\" width=\"241\" height=\"164\" \/>\u00a0 <img class=\"alignnone size-full wp-image-308\" src=\"https:\/\/wp.ufpel.edu.br\/semanamatematica\/files\/2018\/11\/untitled.png\" alt=\"\" width=\"225\" height=\"225\" srcset=\"https:\/\/wp.ufpel.edu.br\/semanamatematica\/files\/2018\/11\/untitled.png 225w, https:\/\/wp.ufpel.edu.br\/semanamatematica\/files\/2018\/11\/untitled-200x200.png 200w\" sizes=\"(max-width: 225px) 100vw, 225px\" \/> \u00a0 <img class=\"alignnone wp-image-311\" src=\"https:\/\/wp.ufpel.edu.br\/semanamatematica\/files\/2018\/11\/FAMILIA-400x246.jpg\" alt=\"\" width=\"171\" height=\"105\" srcset=\"https:\/\/wp.ufpel.edu.br\/semanamatematica\/files\/2018\/11\/FAMILIA-400x246.jpg 400w, https:\/\/wp.ufpel.edu.br\/semanamatematica\/files\/2018\/11\/FAMILIA.jpg 627w\" sizes=\"(max-width: 171px) 100vw, 171px\" \/> <img class=\"alignnone wp-image-312\" src=\"https:\/\/wp.ufpel.edu.br\/semanamatematica\/files\/2018\/11\/F5.png\" alt=\"\" width=\"147\" height=\"147\" srcset=\"https:\/\/wp.ufpel.edu.br\/semanamatematica\/files\/2018\/11\/F5.png 225w, https:\/\/wp.ufpel.edu.br\/semanamatematica\/files\/2018\/11\/F5-200x200.png 200w\" sizes=\"(max-width: 147px) 100vw, 147px\" \/> <img class=\"alignnone wp-image-313\" src=\"https:\/\/wp.ufpel.edu.br\/semanamatematica\/files\/2018\/11\/VOVO-400x142.jpg\" alt=\"\" width=\"254\" height=\"90\" srcset=\"https:\/\/wp.ufpel.edu.br\/semanamatematica\/files\/2018\/11\/VOVO-400x142.jpg 400w, https:\/\/wp.ufpel.edu.br\/semanamatematica\/files\/2018\/11\/VOVO.jpg 720w\" sizes=\"(max-width: 254px) 100vw, 254px\" \/><img class=\"alignnone wp-image-309\" src=\"https:\/\/wp.ufpel.edu.br\/semanamatematica\/files\/2018\/11\/18275126_955747561195660_8077916654020259442_n-400x157.jpg\" alt=\"\" width=\"224\" height=\"88\" srcset=\"https:\/\/wp.ufpel.edu.br\/semanamatematica\/files\/2018\/11\/18275126_955747561195660_8077916654020259442_n-400x157.jpg 400w, https:\/\/wp.ufpel.edu.br\/semanamatematica\/files\/2018\/11\/18275126_955747561195660_8077916654020259442_n.jpg 564w\" sizes=\"(max-width: 224px) 100vw, 224px\" \/><\/p>\n<p><img class=\"alignnone wp-image-314\" src=\"https:\/\/wp.ufpel.edu.br\/semanamatematica\/files\/2018\/11\/Senac-quadrado-400x400.jpg\" alt=\"\" width=\"156\" height=\"156\" srcset=\"https:\/\/wp.ufpel.edu.br\/semanamatematica\/files\/2018\/11\/Senac-quadrado-400x400.jpg 400w, https:\/\/wp.ufpel.edu.br\/semanamatematica\/files\/2018\/11\/Senac-quadrado-200x200.jpg 200w, https:\/\/wp.ufpel.edu.br\/semanamatematica\/files\/2018\/11\/Senac-quadrado-768x768.jpg 768w, https:\/\/wp.ufpel.edu.br\/semanamatematica\/files\/2018\/11\/Senac-quadrado.jpg 960w\" sizes=\"(max-width: 156px) 100vw, 156px\" \/><\/p>\n<p><span style=\"font-family: arial,helvetica,sans-serif;font-size: 14pt\">APOIO:<\/span><\/p>\n<p><span style=\"font: bold 36pt 'Gotham',Helvetica,Arial,sans-serif;text-align: right;color: #666666;text-indent: 0px;letter-spacing: -1px;text-decoration: none;float: none;background-color: transparent\"><span style=\"font-family: arial black,sans-serif\">DME<\/span> &#8211; UFPEL \u00a0 \u00a0 \u00a0\u00a0 <img class=\"alignnone size-medium wp-image-318\" src=\"https:\/\/wp.ufpel.edu.br\/semanamatematica\/files\/2018\/11\/banner-lam-01-984x220-400x89.png\" alt=\"\" width=\"400\" height=\"89\" srcset=\"https:\/\/wp.ufpel.edu.br\/semanamatematica\/files\/2018\/11\/banner-lam-01-984x220-400x89.png 400w, https:\/\/wp.ufpel.edu.br\/semanamatematica\/files\/2018\/11\/banner-lam-01-984x220-768x172.png 768w, https:\/\/wp.ufpel.edu.br\/semanamatematica\/files\/2018\/11\/banner-lam-01-984x220.png 984w\" sizes=\"(max-width: 400px) 100vw, 400px\" \/><\/span><\/p>\n<p><img class=\"alignnone wp-image-319\" src=\"https:\/\/wp.ufpel.edu.br\/semanamatematica\/files\/2018\/11\/IFM-Simples-400x283.png\" alt=\"\" width=\"165\" height=\"117\" srcset=\"https:\/\/wp.ufpel.edu.br\/semanamatematica\/files\/2018\/11\/IFM-Simples-400x283.png 400w, https:\/\/wp.ufpel.edu.br\/semanamatematica\/files\/2018\/11\/IFM-Simples.png 710w\" sizes=\"(max-width: 165px) 100vw, 165px\" \/> \u00a0 \u00a0 \u00a0 \u00a0 \u00a0 \u00a0 \u00a0 \u00a0 \u00a0 \u00a0 \u00a0 \u00a0 \u00a0 \u00a0 \u00a0 \u00a0 \u00a0 \u00a0 \u00a0 \u00a0 \u00a0\u00a0 <img class=\"alignnone wp-image-320\" src=\"https:\/\/wp.ufpel.edu.br\/semanamatematica\/files\/2018\/11\/LEIVAS.png\" alt=\"\" width=\"128\" height=\"128\" srcset=\"https:\/\/wp.ufpel.edu.br\/semanamatematica\/files\/2018\/11\/LEIVAS.png 225w, https:\/\/wp.ufpel.edu.br\/semanamatematica\/files\/2018\/11\/LEIVAS-200x200.png 200w\" sizes=\"(max-width: 128px) 100vw, 128px\" \/> \u00a0 \u00a0 \u00a0 \u00a0 \u00a0 \u00a0 \u00a0 \u00a0 \u00a0 \u00a0 \u00a0 \u00a0 \u00a0 \u00a0 \u00a0 \u00a0 \u00a0 \u00a0 \u00a0 \u00a0\u00a0 <img class=\"alignnone size-full wp-image-321\" src=\"https:\/\/wp.ufpel.edu.br\/semanamatematica\/files\/2018\/11\/VERTICAL.jpg\" alt=\"\" width=\"142\" height=\"180\" \/><\/p>\n<p>&nbsp;<\/p>\n<p>&nbsp;<\/p>\n<p>&nbsp;<\/p>\n","protected":false},"excerpt":{"rendered":"<p>Oferecendo muito mais do que recursos, os patrocinadores e apoiadores, demonstram que acreditam e incentivam esta ideia. \u00a0 Nada se faz sem apoio, sem recursos e sem cr\u00e9dito. Desses tr\u00eas elementos, o mais dif\u00edcil de conquistar \u00e9 o cr\u00e9dito. N\u00e3o um cr\u00e9dito banc\u00e1rio, mas um cr\u00e9dito que v\u00eam da confian\u00e7a depositada em uma institui\u00e7\u00e3o. \u00c9 [&hellip;]<\/p>\n","protected":false},"author":734,"featured_media":0,"parent":0,"menu_order":0,"comment_status":"closed","ping_status":"closed","template":"","meta":{"footnotes":""},"class_list":["post-118","page","type-page","status-publish","hentry"],"jetpack_sharing_enabled":true,"_links":{"self":[{"href":"https:\/\/wp.ufpel.edu.br\/semanamatematica\/wp-json\/wp\/v2\/pages\/118","targetHints":{"allow":["GET"]}}],"collection":[{"href":"https:\/\/wp.ufpel.edu.br\/semanamatematica\/wp-json\/wp\/v2\/pages"}],"about":[{"href":"https:\/\/wp.ufpel.edu.br\/semanamatematica\/wp-json\/wp\/v2\/types\/page"}],"author":[{"embeddable":true,"href":"https:\/\/wp.ufpel.edu.br\/semanamatematica\/wp-json\/wp\/v2\/users\/734"}],"replies":[{"embeddable":true,"href":"https:\/\/wp.ufpel.edu.br\/semanamatematica\/wp-json\/wp\/v2\/comments?post=118"}],"version-history":[{"count":11,"href":"https:\/\/wp.ufpel.edu.br\/semanamatematica\/wp-json\/wp\/v2\/pages\/118\/revisions"}],"predecessor-version":[{"id":324,"href":"https:\/\/wp.ufpel.edu.br\/semanamatematica\/wp-json\/wp\/v2\/pages\/118\/revisions\/324"}],"wp:attachment":[{"href":"https:\/\/wp.ufpel.edu.br\/semanamatematica\/wp-json\/wp\/v2\/media?parent=118"}],"curies":[{"name":"wp","href":"https:\/\/api.w.org\/{rel}","templated":true}]}}