{"id":47,"date":"2018-07-11T12:28:30","date_gmt":"2018-07-11T15:28:30","guid":{"rendered":"https:\/\/wp.ufpel.edu.br\/semanaconservacaorestauracao\/?page_id=47"},"modified":"2024-09-04T11:04:27","modified_gmt":"2024-09-04T14:04:27","slug":"contato","status":"publish","type":"page","link":"https:\/\/wp.ufpel.edu.br\/semanaconservacaorestauracao\/contato\/","title":{"rendered":"Contato"},"content":{"rendered":"<p style=\"text-align: justify;\">Para esclarecimentos e orienta\u00e7\u00f5es voc\u00ea poder\u00e1 entrar em contato com as pessoas que integram o grupo PET-CR via e-mail e nas Redes Sociais do PET-CR, como o Facebook, o Instagram e o Grupo de WhatsApp PET Sala Aberta.<\/p>\n<p>E-mail:\u00a0<a href=\"mailto:petconservacaoerestauro@gmail.com\">petconservacaoerestauro@gmail.com<\/a><\/p>\n<p style=\"text-align: justify;\">Para entrar no Grupo de WhatsApp PET Sala Aberta do PET-CR basta entrar no \u00edcone a seguir:<\/p>\n<p style=\"text-align: center;\"><a href=\"https:\/\/chat.whatsapp.com\/GG8vDOqipcnGkZFyyawToh\u00a0\"><img loading=\"lazy\" decoding=\"async\" class=\"alignnone wp-image-251\" src=\"https:\/\/wp.ufpel.edu.br\/semanaconservacaorestauracao\/files\/2023\/06\/Imagem-do-WhatsApp-de-2023-06-22-as-19.11.56-400x400.jpg\" alt=\"\" width=\"129\" height=\"129\" srcset=\"https:\/\/wp.ufpel.edu.br\/semanaconservacaorestauracao\/files\/2023\/06\/Imagem-do-WhatsApp-de-2023-06-22-as-19.11.56-400x400.jpg 400w, https:\/\/wp.ufpel.edu.br\/semanaconservacaorestauracao\/files\/2023\/06\/Imagem-do-WhatsApp-de-2023-06-22-as-19.11.56-1024x1024.jpg 1024w, https:\/\/wp.ufpel.edu.br\/semanaconservacaorestauracao\/files\/2023\/06\/Imagem-do-WhatsApp-de-2023-06-22-as-19.11.56-200x200.jpg 200w, https:\/\/wp.ufpel.edu.br\/semanaconservacaorestauracao\/files\/2023\/06\/Imagem-do-WhatsApp-de-2023-06-22-as-19.11.56-768x768.jpg 768w, https:\/\/wp.ufpel.edu.br\/semanaconservacaorestauracao\/files\/2023\/06\/Imagem-do-WhatsApp-de-2023-06-22-as-19.11.56-619x619.jpg 619w, https:\/\/wp.ufpel.edu.br\/semanaconservacaorestauracao\/files\/2023\/06\/Imagem-do-WhatsApp-de-2023-06-22-as-19.11.56.jpg 1072w\" sizes=\"auto, (max-width: 129px) 100vw, 129px\" \/><\/a><\/p>\n<p style=\"text-align: center;\"><strong>Entre em contato atrav\u00e9s das nossas redes sociais:\u00a0<\/strong><\/p>\n<p style=\"text-align: center;\"><a href=\"https:\/\/www.facebook.com\/petconservacaorestauroufpel\/?ref=bookmarks\" target=\"_blank\" rel=\"noopener noreferrer\"><img loading=\"lazy\" decoding=\"async\" class=\"alignnone wp-image-48\" src=\"https:\/\/wp.ufpel.edu.br\/semanaconservacaorestauracao\/files\/2018\/07\/face.jpg\" alt=\"\" width=\"61\" height=\"60\" srcset=\"https:\/\/wp.ufpel.edu.br\/semanaconservacaorestauracao\/files\/2018\/07\/face.jpg 227w, https:\/\/wp.ufpel.edu.br\/semanaconservacaorestauracao\/files\/2018\/07\/face-200x200.jpg 200w\" sizes=\"auto, (max-width: 61px) 100vw, 61px\" \/><\/a> \u00a0\u00a0 \u00a0<a href=\"https:\/\/www.instagram.com\/petconservacaoerestauro\/?hl=en\" target=\"_blank\" rel=\"noopener noreferrer\"><img loading=\"lazy\" decoding=\"async\" class=\"alignnone wp-image-248\" src=\"https:\/\/wp.ufpel.edu.br\/semanaconservacaorestauracao\/files\/2023\/06\/Sem-titulo-400x370.png\" alt=\"\" width=\"71\" height=\"65\" srcset=\"https:\/\/wp.ufpel.edu.br\/semanaconservacaorestauracao\/files\/2023\/06\/Sem-titulo-400x370.png 400w, https:\/\/wp.ufpel.edu.br\/semanaconservacaorestauracao\/files\/2023\/06\/Sem-titulo.png 527w\" sizes=\"auto, (max-width: 71px) 100vw, 71px\" \/><\/a><\/p>\n<p style=\"text-align: center;\"><strong>Tamb\u00e9m estamos nos sites:<\/strong><\/p>\n<p style=\"text-align: center;\"><a href=\"https:\/\/wp.ufpel.edu.br\/crbensmoveis\/\"><img loading=\"lazy\" decoding=\"async\" class=\"alignnone wp-image-38\" src=\"https:\/\/wp.ufpel.edu.br\/semanaconservacaorestauracao\/files\/2018\/07\/cropped-logoCR-400x400.jpg\" alt=\"\" width=\"90\" height=\"90\" srcset=\"https:\/\/wp.ufpel.edu.br\/semanaconservacaorestauracao\/files\/2018\/07\/cropped-logoCR-400x400.jpg 400w, https:\/\/wp.ufpel.edu.br\/semanaconservacaorestauracao\/files\/2018\/07\/cropped-logoCR-200x200.jpg 200w, https:\/\/wp.ufpel.edu.br\/semanaconservacaorestauracao\/files\/2018\/07\/cropped-logoCR-270x270.jpg 270w, https:\/\/wp.ufpel.edu.br\/semanaconservacaorestauracao\/files\/2018\/07\/cropped-logoCR-192x192.jpg 192w, https:\/\/wp.ufpel.edu.br\/semanaconservacaorestauracao\/files\/2018\/07\/cropped-logoCR-180x180.jpg 180w, https:\/\/wp.ufpel.edu.br\/semanaconservacaorestauracao\/files\/2018\/07\/cropped-logoCR-32x32.jpg 32w, https:\/\/wp.ufpel.edu.br\/semanaconservacaorestauracao\/files\/2018\/07\/cropped-logoCR.jpg 512w\" sizes=\"auto, (max-width: 90px) 100vw, 90px\" \/><\/a>\u00a0 \u00a0 \u00a0 \u00a0 \u00a0<a href=\"https:\/\/wp.ufpel.edu.br\/petconservacaoerestauro\/\"><img loading=\"lazy\" decoding=\"async\" class=\"alignnone wp-image-52\" src=\"https:\/\/wp.ufpel.edu.br\/semanaconservacaorestauracao\/files\/2018\/07\/PET2.png\" alt=\"\" width=\"163\" height=\"96\" \/><\/a><\/p>\n","protected":false},"excerpt":{"rendered":"<p>Para esclarecimentos e orienta\u00e7\u00f5es voc\u00ea poder\u00e1 entrar em contato com as pessoas que integram o grupo PET-CR via e-mail e nas Redes Sociais do PET-CR, como o Facebook, o Instagram e o Grupo de WhatsApp PET Sala Aberta. E-mail:\u00a0petconservacaoerestauro@gmail.com Para entrar no Grupo de WhatsApp PET Sala Aberta do PET-CR basta entrar no \u00edcone a [&hellip;]<\/p>\n","protected":false},"author":864,"featured_media":0,"parent":0,"menu_order":0,"comment_status":"closed","ping_status":"closed","template":"","meta":{"footnotes":""},"class_list":["post-47","page","type-page","status-publish","hentry"],"_links":{"self":[{"href":"https:\/\/wp.ufpel.edu.br\/semanaconservacaorestauracao\/wp-json\/wp\/v2\/pages\/47","targetHints":{"allow":["GET"]}}],"collection":[{"href":"https:\/\/wp.ufpel.edu.br\/semanaconservacaorestauracao\/wp-json\/wp\/v2\/pages"}],"about":[{"href":"https:\/\/wp.ufpel.edu.br\/semanaconservacaorestauracao\/wp-json\/wp\/v2\/types\/page"}],"author":[{"embeddable":true,"href":"https:\/\/wp.ufpel.edu.br\/semanaconservacaorestauracao\/wp-json\/wp\/v2\/users\/864"}],"replies":[{"embeddable":true,"href":"https:\/\/wp.ufpel.edu.br\/semanaconservacaorestauracao\/wp-json\/wp\/v2\/comments?post=47"}],"version-history":[{"count":11,"href":"https:\/\/wp.ufpel.edu.br\/semanaconservacaorestauracao\/wp-json\/wp\/v2\/pages\/47\/revisions"}],"predecessor-version":[{"id":304,"href":"https:\/\/wp.ufpel.edu.br\/semanaconservacaorestauracao\/wp-json\/wp\/v2\/pages\/47\/revisions\/304"}],"wp:attachment":[{"href":"https:\/\/wp.ufpel.edu.br\/semanaconservacaorestauracao\/wp-json\/wp\/v2\/media?parent=47"}],"curies":[{"name":"wp","href":"https:\/\/api.w.org\/{rel}","templated":true}]}}