{"id":27,"date":"2018-07-04T11:55:57","date_gmt":"2018-07-04T14:55:57","guid":{"rendered":"https:\/\/wp.ufpel.edu.br\/semanaconservacaorestauracao\/?page_id=27"},"modified":"2024-09-06T22:12:32","modified_gmt":"2024-09-07T01:12:32","slug":"inscricao","status":"publish","type":"page","link":"https:\/\/wp.ufpel.edu.br\/semanaconservacaorestauracao\/inscricao\/","title":{"rendered":"Inscri\u00e7\u00e3o"},"content":{"rendered":"<p style=\"text-align: center;\"><strong>Oficinas da VII Semana Acad\u00eamica da Conserva\u00e7\u00e3o e Restaura\u00e7\u00e3o<\/strong><\/p>\n<p style=\"text-align: center;\"><em>&#8220;Caminhos da profiss\u00e3o Conservador-Restaurador&#8221;<\/em><\/p>\n<p style=\"text-align: justify;\"><strong><em>\u00a0<\/em><\/strong><\/p>\n<p style=\"text-align: justify;\">\u00c9 com muita alegria que o grupo PET Conserva\u00e7\u00e3o e Restauro juntamente com o Centro Acad\u00eamico do curso de Conserva\u00e7\u00e3o e Restaura\u00e7\u00e3o de Bens Culturais M\u00f3veis da Universidade Federal de Pelotas abre as inscri\u00e7\u00f5es para a VII Semana Acad\u00eamica de Conserva\u00e7\u00e3o e Restaura\u00e7\u00e3o, o tema do evento este ano ser\u00e1 os <em>&#8220;Caminhos da profiss\u00e3o Conservador-Restaurador&#8221;, <\/em>dentre palestras e atividades variadas gostar\u00edamos de te convidar a refletir sobre as possibilidades e desafios que a forma\u00e7\u00e3o de Conservador-Restaurador proporciona.<\/p>\n<p>O evento acontecer\u00e1 entre os dias <strong>09 e 13 de setembro<\/strong>, abaixo voc\u00ea encontrar\u00e1 a programa\u00e7\u00e3o e os formul\u00e1rios de inscri\u00e7\u00e3o para as oficinas, mesas redondas e visitas guiadas!<\/p>\n<hr \/>\n<p>Fique atento ao se inscrever:<\/p>\n<ul>\n<li>As palestras n\u00e3o precisam de inscri\u00e7\u00e3o pr\u00e9via, abaixo informamos o hor\u00e1rio e local onde acontecer\u00e3o;<\/li>\n<li>Observe que algumas oficinas acontecem em hor\u00e1rios concomitantes, mas se repetem ao longo da programa\u00e7\u00e3o, preste aten\u00e7\u00e3o nos hor\u00e1rios e escolha o dia que melhor funciona na sua programa\u00e7\u00e3o;<\/li>\n<li><span style=\"text-align: justify;\"><span style=\"text-align: justify;\"><span style=\"text-align: justify;\">Algumas oficinas solicitam que as pessoas levem materiais espec\u00edficos;<\/span><\/span><\/span><\/li>\n<li>Caso n\u00e3o possa comparecer em alguma das oficinas em que se inscreveu, por favor, nos avise com anteced\u00eancia, atrav\u00e9s de nossas redes sociais ou pelo e-mail \u201cpetconservacaoerestauro@gmail.com\u201d, com seu nome completo e a oficina em que se inscreveu, assim podemos disponibilizar sua vaga.<\/li>\n<li>Caso tenha se inscrito em uma oficina ap\u00f3s o preenchimento das vagas voc\u00ea ficar\u00e1 na lista de espera e, no caso de n\u00e3o preenchimento da turma, entraremos em contato com voc\u00ea via e-mail;<\/li>\n<li><strong>A homologa\u00e7\u00e3o das vagas ir\u00e1 acontecer no dia 09\/09 at\u00e9 as 12hrs<\/strong>, consulte este site e seu e-mail para confirma\u00e7\u00e3o da sua inscri\u00e7\u00e3o.<\/li>\n<\/ul>\n<p style=\"text-align: center;\"><span style=\"font-size: 14pt;\"><em><strong>Segue abaixo a rela\u00e7\u00e3o de oficinas, com seus locais, dias, hor\u00e1rios, quantidade de vagas, requisitos e\u00a0 o link de inscri\u00e7\u00e3o.<\/strong><\/em><\/span><\/p>\n<p>&nbsp;<\/p>\n<p style=\"text-align: left;\"><span style=\"font-size: 14pt; color: #ff0000;\"><strong>Segunda-feira \u2013 09\/09<\/strong><\/span><\/p>\n<p style=\"padding-left: 40px;\">NOITE:<\/p>\n<p><strong>Palestra de Abertura:<\/strong> Leis de incentivo e financiamento p\u00fablico \u00e0 cultura<\/p>\n<p>Ministrante: Roberta Araujo Manaa<br \/>\nLocal: Audit\u00f3rio ICH II<br \/>\nHor\u00e1rio: 19:00 at\u00e9 21:30<br \/>\nVagas: Aberto a todos<\/p>\n<hr \/>\n<p><span style=\"font-size: 14pt; color: #ff0000;\"><strong>Ter\u00e7a-feira \u2013 10\/09<\/strong><\/span><\/p>\n<p style=\"padding-left: 40px;\">TARDE:<\/p>\n<p><strong>Oficina:<\/strong> Como usar as plataformas Cobalto e E-aula<br \/>\nMinistrante: Filipe Wessely<br \/>\nLocal: Laborat\u00f3rio de Documenta\u00e7\u00e3o Cient\u00edfica<br \/>\nHor\u00e1rio: 13:30 at\u00e9 15:30<br \/>\n20 vagas<br \/>\nMateriais: Se poss\u00edvel traga seu notebook, tablet e afins.<br \/>\nFormul\u00e1rio de inscri\u00e7\u00e3o: <a href=\"https:\/\/forms.gle\/G5T3p3zq2yVp8nZK8\">https:\/\/forms.gle\/G5T3p3zq2yVp8nZK8<\/a><\/p>\n<p><strong>Oficina:<\/strong> Recupera\u00e7\u00e3o de Pinc\u00e9is Danificados<br \/>\nMinistrante: Ingrid Lapuente<br \/>\nLocal: Laborat\u00f3rio de Pintura<br \/>\nHor\u00e1rio: 13:30 at\u00e9 15:30<br \/>\n20 vagas<br \/>\nFormul\u00e1rio de inscri\u00e7\u00e3o: <a href=\"https:\/\/forms.gle\/XuQqPyKgjL4jo15Y8\">https:\/\/forms.gle\/XuQqPyKgjL4jo15Y8<\/a><\/p>\n<p><strong>Oficina:<\/strong> Editais de Incentivo \u00e0 Cultura &#8211; Mnemosine<br \/>\nMinistrantes: Jossana Peil Coelho; Degli Quevedo; Rosaura Rocha; Nat\u00e1lia Couto<br \/>\nLocal: Laborat\u00f3rio de Papel<br \/>\nHor\u00e1rio: 16:00 At\u00e9 17:30<br \/>\n15 vagas<br \/>\nFormul\u00e1rio de inscri\u00e7\u00e3o: <a href=\"https:\/\/forms.gle\/UnQ6M4XssYPS7b76A\">https:\/\/forms.gle\/UnQ6M4XssYPS7b76A<\/a><\/p>\n<p style=\"padding-left: 40px;\">NOITE:<\/p>\n<p><strong>Oficina:<\/strong> Ci\u00eancia das cores e Qu\u00edmica dos pigmentos<br \/>\nMinistrante: Lucas de Souza Lima Pereira<br \/>\nLocal: Laborat\u00f3rio de Qu\u00edmica<br \/>\nHor\u00e1rio: 19:00 at\u00e9 20:30<br \/>\n14 vagas<br \/>\nFormul\u00e1rio de inscri\u00e7\u00e3o: <a href=\"https:\/\/forms.gle\/tB2tGDTyGi9aSwya7\">https:\/\/forms.gle\/tB2tGDTyGi9aSwya7<\/a><\/p>\n<p><strong>Oficina:<\/strong> Plataforma Lattes<br \/>\nMinistrante: Ant\u00f4nio Ramos<br \/>\nLocal: Laborat\u00f3rio de Documenta\u00e7\u00e3o Cient\u00edfica<br \/>\nHor\u00e1rio: 19:00 at\u00e9 20:30<br \/>\n20 vagas<br \/>\nObserva\u00e7\u00f5es: Se poss\u00edvel traga seu notebook, tablet e afins. Os inscritos precisam estar com sua conta no site Gov.com atualizado, caso n\u00e3o tenha conta, realizar cadastro antes da oficina.<br \/>\nFormul\u00e1rio de inscri\u00e7\u00e3o: <a href=\"https:\/\/forms.gle\/kxHmHX4KGJxZvUAL8\">https:\/\/forms.gle\/kxHmHX4KGJxZvUAL8<\/a><\/p>\n<p><strong>Oficina:<\/strong> Colorimetria<br \/>\nMinistrante: Ant\u00f4nia Rocha<br \/>\nLocal: Laborat\u00f3rio de Pintura<br \/>\nHor\u00e1rio: 19:00 at\u00e9 20:30<br \/>\n20 vagas<br \/>\nMateriais: Papel Sulfite (gramatura m\u00e9dia, se poss\u00edvel), tinta aquarela ou guache, pinc\u00e9is.<br \/>\nFormul\u00e1rio de inscri\u00e7\u00e3o: <a href=\"https:\/\/forms.gle\/GnFtqptPe2NxgSeD8\">https:\/\/forms.gle\/GnFtqptPe2NxgSeD8<\/a><\/p>\n<p><strong>Oficina:<\/strong> Or\u00e7amento<br \/>\nMinistrantes: Magda Villanova Nunez; Paola Rotter; Luiza Couto<br \/>\nLocal: Laborat\u00f3rio de Documenta\u00e7\u00e3o Cient\u00edfica<br \/>\nHor\u00e1rio: 20:30 at\u00e9 22:00<br \/>\n15 vagas<br \/>\nFormul\u00e1rio de inscri\u00e7\u00e3o: <a href=\"https:\/\/forms.gle\/qy74augez1hpNfis5\">https:\/\/forms.gle\/qy74augez1hpNfis5<\/a><\/p>\n<p><strong>Oficina:<\/strong> Recupera\u00e7\u00e3o de Pinc\u00e9is Danificados<br \/>\nMinistrante: Ingrid Lapuente<br \/>\nLocal: Laborat\u00f3rio de Pintura<br \/>\nHor\u00e1rio: 20:30 at\u00e9 22:00<br \/>\n20 vagas<br \/>\nFormul\u00e1rio de inscri\u00e7\u00e3o: <a href=\"https:\/\/forms.gle\/AFKJ5FzJu9ASQ1c59\">https:\/\/forms.gle\/AFKJ5FzJu9ASQ1c59<\/a><\/p>\n<hr \/>\n<p><span style=\"font-size: 14pt; color: #ff0000;\"><strong>Quarta-feira \u2013 11\/09<\/strong><\/span><\/p>\n<p style=\"padding-left: 40px;\">TARDE:<\/p>\n<p><strong>Oficina:<\/strong> Plataforma Lattes<br \/>\nMinistrante: Ant\u00f4nio Ramos<br \/>\nLocal: Laborat\u00f3rio de Documenta\u00e7\u00e3o Cient\u00edfica<br \/>\nHor\u00e1rio: 13:30 at\u00e9 15:30<br \/>\n20 vagas<br \/>\nObserva\u00e7\u00f5es: Se poss\u00edvel traga seu notebook, tablet e afins. Os inscritos precisam estar com sua conta no site Gov.com atualizado, caso n\u00e3o tenha conta, realizar cadastro antes da oficina.<br \/>\nFormul\u00e1rio de inscri\u00e7\u00e3o: <a href=\"https:\/\/forms.gle\/yf2qYdCQoqg29D6v5\">https:\/\/forms.gle\/yf2qYdCQoqg29D6v5<\/a><\/p>\n<p><strong>Roda de conversa:<\/strong> Dores Discentes<br \/>\nMinistrantes: Jullieinny Sedrez; D\u00e9bora Oliveira; Juliana Souza; Ta\u00eds dos Santos<br \/>\nLocal: Laborat\u00f3rio Aberto<br \/>\nHor\u00e1rio: 13:30 at\u00e9 15:30<br \/>\nFormul\u00e1rio de inscri\u00e7\u00e3o: <a href=\"https:\/\/forms.gle\/eFKYAPF9bgqVxi1v5\">https:\/\/forms.gle\/eFKYAPF9bgqVxi1v5<\/a><\/p>\n<p><strong>Oficina:<\/strong> Gravura<br \/>\nMinistrante: Ana Beatriz<br \/>\nLocal: Laborat\u00f3rio de Pintura<br \/>\nHor\u00e1rio: 16:00 at\u00e9 17:30<br \/>\n15 vagas<br \/>\nMateriais: Borracha escolar (de prefer\u00eancia para as com aspecto liso e brilhoso, pois s\u00e3o melhores de cortar e n\u00e3o esfarelam); Instrumento para corte: bisturi, estilete, ou ainda goivas pr\u00f3prias para a t\u00e9cnica.<br \/>\nFormul\u00e1rio de inscri\u00e7\u00e3o: <a href=\"https:\/\/forms.gle\/GNyKvAz7e1Hi13Bk8\">https:\/\/forms.gle\/GNyKvAz7e1Hi13Bk8<\/a><\/p>\n<p><strong>Oficina:<\/strong> Compreendendo Editais<br \/>\nMinistrante: Filipe Wessely<br \/>\nLocal: Lamtec<br \/>\nHor\u00e1rio: 16:00 at\u00e9 17:30<br \/>\n20 vagas<br \/>\nFormul\u00e1rio de inscri\u00e7\u00e3o: <a href=\"https:\/\/forms.gle\/ygC86A3ZKSJbmRQb6\">https:\/\/forms.gle\/ygC86A3ZKSJbmRQb6<\/a><\/p>\n<p style=\"padding-left: 40px;\">NOITE:<\/p>\n<p><strong>Oficina:<\/strong> Ci\u00eancia das cores e Qu\u00edmica dos pigmentos &#8211; <em>CONTINUA\u00c7\u00c3O<br \/>\n<\/em>Ministrante: Lucas de Souza Lima Pereira<br \/>\nLocal: Laborat\u00f3rio de Qu\u00edmica<br \/>\nHor\u00e1rio: 19:00 at\u00e9 20:30<\/p>\n<p><strong>Oficina:<\/strong> Gravura<br \/>\nMinistrante: Ana Beatriz<br \/>\nLocal: Laborat\u00f3rio de Pintura<br \/>\nHor\u00e1rio: 19:00 at\u00e9 20:30<br \/>\n15 vagas<br \/>\nMateriais: Borracha escolar (de prefer\u00eancia para as com aspecto liso e brilhoso, pois s\u00e3o melhores de cortar e n\u00e3o esfarelam); Instrumento para corte: bisturi, estilete, ou ainda goivas pr\u00f3prias para a t\u00e9cnica.<br \/>\nFormul\u00e1rio de inscri\u00e7\u00e3o: <a href=\"https:\/\/forms.gle\/Wnfe1JgQ8jdfNUdP9\">https:\/\/forms.gle\/Wnfe1JgQ8jdfNUdP9<\/a><\/p>\n<p><strong>Oficina:<\/strong> Editais de Incentivo \u00e0 Cultura &#8211; Mnemosine<br \/>\nMinistrantes: Jossana Peil Coelho; Degli Quevedo; Rosaura Rocha; Nat\u00e1lia Couto<br \/>\nLocal: Laborat\u00f3rio de Papel<br \/>\nHor\u00e1rio: 19:00 at\u00e9 20:30<br \/>\n15 vagas<br \/>\nFormul\u00e1rio de inscri\u00e7\u00e3o: <a href=\"https:\/\/forms.gle\/gHVQoKbh7y7dhxP87\">https:\/\/forms.gle\/gHVQoKbh7y7dhxP87<\/a><\/p>\n<p><strong>Oficina:<\/strong> Colorimetria<br \/>\nMinistrante: Ant\u00f4nia Rocha<br \/>\nLocal: Laborat\u00f3rio de Pintura<br \/>\nHor\u00e1rio: 20:30 at\u00e9 22:00<br \/>\n20 vagas<br \/>\nMateriais: Papel Sulfite (gramatura m\u00e9dia, se poss\u00edvel), tinta aquarela ou guache, pinc\u00e9is.<br \/>\nFormul\u00e1rio de inscri\u00e7\u00e3o: <a href=\"https:\/\/forms.gle\/cKTWGBi3VvhtAxn39\">https:\/\/forms.gle\/cKTWGBi3VvhtAxn39<\/a><\/p>\n<p><strong>Oficina:<\/strong> Como usar as plataformas Cobalto e E-aula<br \/>\nMinistrante: Filipe Wessely<br \/>\nLocal: Laborat\u00f3rio de Documenta\u00e7\u00e3o Cient\u00edfica<br \/>\nHor\u00e1rio: 20:30 at\u00e9 22:00<br \/>\n20 vagas<br \/>\nFormul\u00e1rio de inscri\u00e7\u00e3o: <a href=\"https:\/\/forms.gle\/oyzvByCj9EUQU7vq5\">https:\/\/forms.gle\/oyzvByCj9EUQU7vq5<\/a><\/p>\n<hr \/>\n<p><span style=\"font-size: 14pt; color: #ff0000;\"><strong>Quinta-feira \u2013 12\/09<\/strong><\/span><\/p>\n<p style=\"padding-left: 40px;\">TARDE:<\/p>\n<p><strong>Oficina:<\/strong> Escrita cient\u00edfica<br \/>\nMinistrante: Mirella Borba<br \/>\nLocal: Laborat\u00f3rio de Papel<br \/>\nHor\u00e1rio: 13:30 at\u00e9 15:30<br \/>\n30 vagas<br \/>\nFormul\u00e1rio de inscri\u00e7\u00e3o: <a href=\"https:\/\/forms.gle\/zM2rErfbAmjm3Ro8A\">https:\/\/forms.gle\/zM2rErfbAmjm3Ro8A<\/a><\/p>\n<p><strong>Oficina:<\/strong> Introdu\u00e7\u00e3o \u00e0 aquarela<br \/>\nMinistrante: Andreia Salvadori<br \/>\nLocal: Laborat\u00f3rio de Pintura<br \/>\nHor\u00e1rio: 13:30 at\u00e9 15:30<br \/>\n10 vagas<br \/>\nMaterial: Papel para aquarela, tinta aquarela, pinc\u00e9is e acess\u00f3rios auxiliares.<br \/>\nFormul\u00e1rio de inscri\u00e7\u00e3o: <a href=\"https:\/\/forms.gle\/5ymbYdEcnJZV8kdp8\">https:\/\/forms.gle\/5ymbYdEcnJZV8kdp8<\/a><\/p>\n<p><strong>Oficina:<\/strong> Or\u00e7amento<br \/>\nMinistrante: Magda Villanova Nunez; Paola Rotter; Luiza Couto<br \/>\nLocal: Laborat\u00f3rio de Documenta\u00e7\u00e3o Cient\u00edfica<br \/>\nHor\u00e1rio: 16:00 at\u00e9 17:30<br \/>\n15 vagas<br \/>\nFormul\u00e1rio de inscri\u00e7\u00e3o: <a href=\"https:\/\/forms.gle\/MiUAMzTTAp5v7SUbA\">https:\/\/forms.gle\/MiUAMzTTAp5v7SUbA<\/a><\/p>\n<p style=\"padding-left: 40px;\">NOITE:<\/p>\n<p><strong>Oficina:<\/strong> Introdu\u00e7\u00e3o \u00e0 aquarela<br \/>\nMinistrante: Andreia Salvadori<br \/>\nLocal: Laborat\u00f3rio de Pintura<br \/>\nHor\u00e1rio: 19:00 at\u00e9 20:30<br \/>\n10 vagas<br \/>\nMaterial: Papel para aquarela, tinta aquarela, pinc\u00e9is e acess\u00f3rios auxiliares.<br \/>\nFormul\u00e1rio de inscri\u00e7\u00e3o: <a href=\"https:\/\/forms.gle\/ohYX692ZudRohg6z6\">https:\/\/forms.gle\/ohYX692ZudRohg6z6<\/a><\/p>\n<p><strong>Roda de conversa:<\/strong> Dores Discentes<br \/>\nMinistrantes: Jullieinny Sedrez; D\u00e9bora Oliveira; Juliana Souza; Ta\u00eds dos Santos<br \/>\nLocal: Laborat\u00f3rio Aberto<br \/>\nHor\u00e1rio: 19:00 at\u00e9 20:30<br \/>\nFormul\u00e1rio de inscri\u00e7\u00e3o: <a href=\"https:\/\/forms.gle\/jKzmBzUerybkzyjP9\">https:\/\/forms.gle\/jKzmBzUerybkzyjP9<\/a><\/p>\n<p><strong>Oficina: <\/strong>Compreendendo Editais<br \/>\nMinistrante: Filipe Wessely<br \/>\nLocal: Lamtec<br \/>\nHor\u00e1rio: 20:30 at\u00e9 22:00<br \/>\n20 vagas<br \/>\nFormul\u00e1rio de inscri\u00e7\u00e3o: <a href=\"https:\/\/forms.gle\/4s8VruQxaWmp7h6R6\">https:\/\/forms.gle\/4s8VruQxaWmp7h6R6<\/a><\/p>\n<p><strong>Oficina:<\/strong> Colorimetria<br \/>\nMinistrante: Ant\u00f4nia Rocha<br \/>\nLocal: Laborat\u00f3rio de Pintura<br \/>\nHor\u00e1rio: 20:30 at\u00e9 22:00<br \/>\n20 vagas<br \/>\nMateriais: Papel Sulfite (gramatura m\u00e9dia, se poss\u00edvel), tinta aquarela ou guache, pinc\u00e9is.<br \/>\nFormul\u00e1rio de inscri\u00e7\u00e3o: <a href=\"https:\/\/forms.gle\/KZoQ6RB2tR5c4dCA8\">https:\/\/forms.gle\/KZoQ6RB2tR5c4dCA8<\/a><\/p>\n<p><strong>Oficina:<\/strong> Escrita cient\u00edfica<br \/>\nMinistrante: Mirella Borba<br \/>\nLocal: Laborat\u00f3rio de Papel<br \/>\nHor\u00e1rio: 20:30 at\u00e9 22:00<br \/>\n30 vagas<br \/>\nFormul\u00e1rio de inscri\u00e7\u00e3o: <a href=\"https:\/\/forms.gle\/bU9LCtEcAUiN9cKF6\">https:\/\/forms.gle\/bU9LCtEcAUiN9cKF6<\/a><\/p>\n<hr \/>\n<p><span style=\"font-size: 14pt; color: #ff0000;\"><strong>Sexta-feira \u2013 13\/09<\/strong><\/span><\/p>\n<p style=\"padding-left: 40px;\">\u00a0TARDE:<\/p>\n<p><strong>Visita Guiada:<\/strong> Cemit\u00e9rio S\u00e3o Francisco de Paula<br \/>\nMinistrante: Filipe Wessely<br \/>\nLocal: Cemit\u00e9rio S\u00e3o Francisco de Paula<br \/>\nHor\u00e1rio: 15:00<br \/>\n30 vagas<br \/>\nFormul\u00e1rio de inscri\u00e7\u00e3o: <a href=\"https:\/\/forms.gle\/4vZ6mAQS2f1vok2NA\">https:\/\/forms.gle\/4vZ6mAQS2f1vok2NA<\/a><\/p>\n<p style=\"padding-left: 40px;\">NOITE:<\/p>\n<p><strong>Palestra de Encerramento:<\/strong> Relatos das a\u00e7\u00f5es de salvamento dos acervos da SEDAC<br \/>\nMinistrante: Isis F\u00f3fano Gama<br \/>\nLocal: Audit\u00f3rio ICH II<br \/>\nHor\u00e1rio: 19:00 at\u00e9 21:30<br \/>\nVagas: Aberto a todos<\/p>\n<hr \/>\n<p>&nbsp;<\/p>\n<p>Desde j\u00e1 agradecemos sua participa\u00e7\u00e3o, n\u00e3o deixe de aproveitar esse momento de integra\u00e7\u00e3o, troca de saberes e de novos aprendizados!<\/p>\n<p>Um forte abra\u00e7o.<\/p>\n<p>PET-CR.<\/p>\n","protected":false},"excerpt":{"rendered":"<p>Oficinas da VII Semana Acad\u00eamica da Conserva\u00e7\u00e3o e Restaura\u00e7\u00e3o &#8220;Caminhos da profiss\u00e3o Conservador-Restaurador&#8221; \u00a0 \u00c9 com muita alegria que o grupo PET Conserva\u00e7\u00e3o e Restauro juntamente com o Centro Acad\u00eamico do curso de Conserva\u00e7\u00e3o e Restaura\u00e7\u00e3o de Bens Culturais M\u00f3veis da Universidade Federal de Pelotas abre as inscri\u00e7\u00f5es para a VII Semana Acad\u00eamica de Conserva\u00e7\u00e3o [&hellip;]<\/p>\n","protected":false},"author":864,"featured_media":0,"parent":0,"menu_order":0,"comment_status":"closed","ping_status":"closed","template":"","meta":{"footnotes":""},"class_list":["post-27","page","type-page","status-publish","hentry"],"_links":{"self":[{"href":"https:\/\/wp.ufpel.edu.br\/semanaconservacaorestauracao\/wp-json\/wp\/v2\/pages\/27","targetHints":{"allow":["GET"]}}],"collection":[{"href":"https:\/\/wp.ufpel.edu.br\/semanaconservacaorestauracao\/wp-json\/wp\/v2\/pages"}],"about":[{"href":"https:\/\/wp.ufpel.edu.br\/semanaconservacaorestauracao\/wp-json\/wp\/v2\/types\/page"}],"author":[{"embeddable":true,"href":"https:\/\/wp.ufpel.edu.br\/semanaconservacaorestauracao\/wp-json\/wp\/v2\/users\/864"}],"replies":[{"embeddable":true,"href":"https:\/\/wp.ufpel.edu.br\/semanaconservacaorestauracao\/wp-json\/wp\/v2\/comments?post=27"}],"version-history":[{"count":28,"href":"https:\/\/wp.ufpel.edu.br\/semanaconservacaorestauracao\/wp-json\/wp\/v2\/pages\/27\/revisions"}],"predecessor-version":[{"id":331,"href":"https:\/\/wp.ufpel.edu.br\/semanaconservacaorestauracao\/wp-json\/wp\/v2\/pages\/27\/revisions\/331"}],"wp:attachment":[{"href":"https:\/\/wp.ufpel.edu.br\/semanaconservacaorestauracao\/wp-json\/wp\/v2\/media?parent=27"}],"curies":[{"name":"wp","href":"https:\/\/api.w.org\/{rel}","templated":true}]}}