{"id":21,"date":"2018-07-04T11:45:59","date_gmt":"2018-07-04T14:45:59","guid":{"rendered":"https:\/\/wp.ufpel.edu.br\/semanaconservacaorestauracao\/?page_id=21"},"modified":"2024-09-10T11:57:56","modified_gmt":"2024-09-10T14:57:56","slug":"organizacao","status":"publish","type":"page","link":"https:\/\/wp.ufpel.edu.br\/semanaconservacaorestauracao\/organizacao\/","title":{"rendered":"Organiza\u00e7\u00e3o"},"content":{"rendered":"<p style=\"text-align: justify;\">A <strong>VII Semana Acad\u00eamica da Conserva\u00e7\u00e3o e Restaura\u00e7\u00e3o <\/strong>\u00e9 organizada pelo grupo PET Conserva\u00e7\u00e3o e Restauro em parceria com o Centro Acad\u00eamico do Curso de Conserva\u00e7\u00e3o e Restaura\u00e7\u00e3o de Bens Culturais M\u00f3veis:<\/p>\n<p style=\"text-align: center;\"><strong>TUTORA DO PET-CR:<\/strong><\/p>\n<p style=\"text-align: center;\">Andr\u00e9a Lacerda Bachettini<\/p>\n<p style=\"text-align: center;\"><strong><br \/>\nPETIANOS:<\/strong><\/p>\n<p style=\"text-align: center;\">Alessandra Samara Bernardino dos Santos<br \/>\nAline Duval da Cunha<br \/>\nAna Beatriz Moreira de Lima<br \/>\nAndreia Salvadori<br \/>\nAnt\u00f4nio Ramos<br \/>\nCamila Borges Coelho<br \/>\nClarissa Martins Neutzling<br \/>\nD\u00e9bora da Silva Oliveira<br \/>\nEmanoele Marques Souza<br \/>\nIngrid Lapuente Cavalheiro<br \/>\nJoyce Freitas Sousa<br \/>\nJullieinny Machado Sedrez<br \/>\nKetlin Vitoria Menegusse<br \/>\nLuisa da Rosa Canez<br \/>\nLuiza da Silva Couto<br \/>\nPaola Loureiro Rotter<br \/>\nSaywa Yolanda Almaraz Flores<\/p>\n<p style=\"text-align: center;\"><strong><br \/>\nCENTRO ACAD\u00caMICO C&amp;R:<\/strong><\/p>\n<p style=\"text-align: center;\">Alessandra Samara Bernardino dos Santos<br \/>\nAndreia Salvadori<br \/>\nAnt\u00f4nia Jeronimo Rocha da Silva<br \/>\nElisabete Barbosa Cardoso<br \/>\nFilipe Wessely<br \/>\nJullieinny Machado Sedrez<br \/>\nMaristela Zluhan Fenzke<br \/>\nTeilor do Carmo da Silva<br \/>\nVit\u00f3ria de Oliveira Soares<\/p>\n<p>Para esclarecimentos e orienta\u00e7\u00f5es entre em contato diretamente com os membros ou pelo e-mail \u201c<a href=\"mailto:petconservacaoerestauro@gmail.com\">petconservacaoerestauro@gmail.com<\/a>\u201d.<\/p>\n<p style=\"text-align: center;\">\n","protected":false},"excerpt":{"rendered":"<p>A VII Semana Acad\u00eamica da Conserva\u00e7\u00e3o e Restaura\u00e7\u00e3o \u00e9 organizada pelo grupo PET Conserva\u00e7\u00e3o e Restauro em parceria com o Centro Acad\u00eamico do Curso de Conserva\u00e7\u00e3o e Restaura\u00e7\u00e3o de Bens Culturais M\u00f3veis: TUTORA DO PET-CR: Andr\u00e9a Lacerda Bachettini PETIANOS: Alessandra Samara Bernardino dos Santos Aline Duval da Cunha Ana Beatriz Moreira de Lima Andreia Salvadori [&hellip;]<\/p>\n","protected":false},"author":864,"featured_media":0,"parent":0,"menu_order":0,"comment_status":"closed","ping_status":"closed","template":"","meta":{"footnotes":""},"class_list":["post-21","page","type-page","status-publish","hentry"],"_links":{"self":[{"href":"https:\/\/wp.ufpel.edu.br\/semanaconservacaorestauracao\/wp-json\/wp\/v2\/pages\/21","targetHints":{"allow":["GET"]}}],"collection":[{"href":"https:\/\/wp.ufpel.edu.br\/semanaconservacaorestauracao\/wp-json\/wp\/v2\/pages"}],"about":[{"href":"https:\/\/wp.ufpel.edu.br\/semanaconservacaorestauracao\/wp-json\/wp\/v2\/types\/page"}],"author":[{"embeddable":true,"href":"https:\/\/wp.ufpel.edu.br\/semanaconservacaorestauracao\/wp-json\/wp\/v2\/users\/864"}],"replies":[{"embeddable":true,"href":"https:\/\/wp.ufpel.edu.br\/semanaconservacaorestauracao\/wp-json\/wp\/v2\/comments?post=21"}],"version-history":[{"count":17,"href":"https:\/\/wp.ufpel.edu.br\/semanaconservacaorestauracao\/wp-json\/wp\/v2\/pages\/21\/revisions"}],"predecessor-version":[{"id":338,"href":"https:\/\/wp.ufpel.edu.br\/semanaconservacaorestauracao\/wp-json\/wp\/v2\/pages\/21\/revisions\/338"}],"wp:attachment":[{"href":"https:\/\/wp.ufpel.edu.br\/semanaconservacaorestauracao\/wp-json\/wp\/v2\/media?parent=21"}],"curies":[{"name":"wp","href":"https:\/\/api.w.org\/{rel}","templated":true}]}}