{"id":2,"date":"2018-07-04T10:18:33","date_gmt":"2018-07-04T13:18:33","guid":{"rendered":"https:\/\/wp.ufpel.edu.br\/semanaconservacaorestauracao\/?page_id=2"},"modified":"2024-09-06T22:13:42","modified_gmt":"2024-09-07T01:13:42","slug":"programacao","status":"publish","type":"page","link":"https:\/\/wp.ufpel.edu.br\/semanaconservacaorestauracao\/programacao\/","title":{"rendered":"Programa\u00e7\u00e3o"},"content":{"rendered":"<p style=\"text-align: center;\"><span style=\"font-size: 12pt;\"><strong>PROGRAMA\u00c7\u00c3O DA VII SEMANA ACAD\u00caMICA DA CONSERVA\u00c7\u00c3O E RESTAURA\u00c7\u00c3O<br \/>\n<\/strong><em>&#8220;Caminhos da Profiss\u00e3o de Conservador-Restaurador&#8221;<\/em><\/span><\/p>\n<p>Confira na imagem abaixo o cronograma da nossa programa\u00e7\u00e3o:<\/p>\n<p><img loading=\"lazy\" decoding=\"async\" class=\"aligncenter wp-image-332 size-full\" src=\"https:\/\/wp.ufpel.edu.br\/semanaconservacaorestauracao\/files\/2024\/09\/WhatsApp-Image-2024-09-06-at-21.20.35.jpeg\" alt=\"\" width=\"1600\" height=\"1131\" srcset=\"https:\/\/wp.ufpel.edu.br\/semanaconservacaorestauracao\/files\/2024\/09\/WhatsApp-Image-2024-09-06-at-21.20.35.jpeg 1600w, https:\/\/wp.ufpel.edu.br\/semanaconservacaorestauracao\/files\/2024\/09\/WhatsApp-Image-2024-09-06-at-21.20.35-400x283.jpeg 400w, https:\/\/wp.ufpel.edu.br\/semanaconservacaorestauracao\/files\/2024\/09\/WhatsApp-Image-2024-09-06-at-21.20.35-1024x724.jpeg 1024w, https:\/\/wp.ufpel.edu.br\/semanaconservacaorestauracao\/files\/2024\/09\/WhatsApp-Image-2024-09-06-at-21.20.35-768x543.jpeg 768w, https:\/\/wp.ufpel.edu.br\/semanaconservacaorestauracao\/files\/2024\/09\/WhatsApp-Image-2024-09-06-at-21.20.35-1536x1086.jpeg 1536w, https:\/\/wp.ufpel.edu.br\/semanaconservacaorestauracao\/files\/2024\/09\/WhatsApp-Image-2024-09-06-at-21.20.35-619x438.jpeg 619w\" sizes=\"auto, (max-width: 1600px) 100vw, 1600px\" \/><\/p>\n","protected":false},"excerpt":{"rendered":"<p>PROGRAMA\u00c7\u00c3O DA VII SEMANA ACAD\u00caMICA DA CONSERVA\u00c7\u00c3O E RESTAURA\u00c7\u00c3O &#8220;Caminhos da Profiss\u00e3o de Conservador-Restaurador&#8221; Confira na imagem abaixo o cronograma da nossa programa\u00e7\u00e3o:<\/p>\n","protected":false},"author":864,"featured_media":0,"parent":0,"menu_order":0,"comment_status":"closed","ping_status":"closed","template":"","meta":{"footnotes":""},"class_list":["post-2","page","type-page","status-publish","hentry"],"_links":{"self":[{"href":"https:\/\/wp.ufpel.edu.br\/semanaconservacaorestauracao\/wp-json\/wp\/v2\/pages\/2","targetHints":{"allow":["GET"]}}],"collection":[{"href":"https:\/\/wp.ufpel.edu.br\/semanaconservacaorestauracao\/wp-json\/wp\/v2\/pages"}],"about":[{"href":"https:\/\/wp.ufpel.edu.br\/semanaconservacaorestauracao\/wp-json\/wp\/v2\/types\/page"}],"author":[{"embeddable":true,"href":"https:\/\/wp.ufpel.edu.br\/semanaconservacaorestauracao\/wp-json\/wp\/v2\/users\/864"}],"replies":[{"embeddable":true,"href":"https:\/\/wp.ufpel.edu.br\/semanaconservacaorestauracao\/wp-json\/wp\/v2\/comments?post=2"}],"version-history":[{"count":17,"href":"https:\/\/wp.ufpel.edu.br\/semanaconservacaorestauracao\/wp-json\/wp\/v2\/pages\/2\/revisions"}],"predecessor-version":[{"id":333,"href":"https:\/\/wp.ufpel.edu.br\/semanaconservacaorestauracao\/wp-json\/wp\/v2\/pages\/2\/revisions\/333"}],"wp:attachment":[{"href":"https:\/\/wp.ufpel.edu.br\/semanaconservacaorestauracao\/wp-json\/wp\/v2\/media?parent=2"}],"curies":[{"name":"wp","href":"https:\/\/api.w.org\/{rel}","templated":true}]}}