{"id":18,"date":"2018-07-04T11:41:23","date_gmt":"2018-07-04T14:41:23","guid":{"rendered":"https:\/\/wp.ufpel.edu.br\/semanaconservacaorestauracao\/?page_id=18"},"modified":"2024-09-04T11:03:09","modified_gmt":"2024-09-04T14:03:09","slug":"atestados","status":"publish","type":"page","link":"https:\/\/wp.ufpel.edu.br\/semanaconservacaorestauracao\/atestados\/","title":{"rendered":"Atestados"},"content":{"rendered":"<p style=\"text-align: center;\"><strong>VII Semana Acad\u00eamica da Conserva\u00e7\u00e3o e Restaura\u00e7\u00e3o<\/strong><\/p>\n<p style=\"text-align: center;\"><span style=\"font-size: 10pt;\"><em>&#8220;Caminhos da profiss\u00e3o Conservador-Restaurador&#8221;<\/em><\/span><\/p>\n<p>&nbsp;<\/p>\n<p style=\"text-align: justify;\">Os atestados de horas e presen\u00e7a na Semana Acad\u00eamica, s\u00e3o emitidos pela plataforma Cobalto e podem ser consultados na mesma. Qualquer d\u00favida entre em contato conosco pessoalmente atrav\u00e9s dos membros do grupo, pelo nosso e-mail ou pelo grupo de Whatsapp PET Sala Aberta.<\/p>\n<p>&nbsp;<\/p>\n<p><strong>Email PET-CR:<\/strong><\/p>\n<p><span style=\"font-weight: 400;\">petconservacaoerestauro@gmail.com\u00a0<\/span><\/p>\n<p><strong>Grupo de Whatsapp &#8220;PET Sala Aberta&#8221;:<\/strong><\/p>\n<p><a href=\"https:\/\/chat.whatsapp.com\/GG8vDOqipcnGkZFyyawToh\">https:\/\/chat.whatsapp.com\/GG8vDOqipcnGkZFyyawToh\u00a0<\/a><\/p>\n","protected":false},"excerpt":{"rendered":"<p>VII Semana Acad\u00eamica da Conserva\u00e7\u00e3o e Restaura\u00e7\u00e3o &#8220;Caminhos da profiss\u00e3o Conservador-Restaurador&#8221; &nbsp; Os atestados de horas e presen\u00e7a na Semana Acad\u00eamica, s\u00e3o emitidos pela plataforma Cobalto e podem ser consultados na mesma. Qualquer d\u00favida entre em contato conosco pessoalmente atrav\u00e9s dos membros do grupo, pelo nosso e-mail ou pelo grupo de Whatsapp PET Sala Aberta. [&hellip;]<\/p>\n","protected":false},"author":864,"featured_media":0,"parent":0,"menu_order":0,"comment_status":"closed","ping_status":"closed","template":"","meta":{"footnotes":""},"class_list":["post-18","page","type-page","status-publish","hentry"],"_links":{"self":[{"href":"https:\/\/wp.ufpel.edu.br\/semanaconservacaorestauracao\/wp-json\/wp\/v2\/pages\/18","targetHints":{"allow":["GET"]}}],"collection":[{"href":"https:\/\/wp.ufpel.edu.br\/semanaconservacaorestauracao\/wp-json\/wp\/v2\/pages"}],"about":[{"href":"https:\/\/wp.ufpel.edu.br\/semanaconservacaorestauracao\/wp-json\/wp\/v2\/types\/page"}],"author":[{"embeddable":true,"href":"https:\/\/wp.ufpel.edu.br\/semanaconservacaorestauracao\/wp-json\/wp\/v2\/users\/864"}],"replies":[{"embeddable":true,"href":"https:\/\/wp.ufpel.edu.br\/semanaconservacaorestauracao\/wp-json\/wp\/v2\/comments?post=18"}],"version-history":[{"count":19,"href":"https:\/\/wp.ufpel.edu.br\/semanaconservacaorestauracao\/wp-json\/wp\/v2\/pages\/18\/revisions"}],"predecessor-version":[{"id":303,"href":"https:\/\/wp.ufpel.edu.br\/semanaconservacaorestauracao\/wp-json\/wp\/v2\/pages\/18\/revisions\/303"}],"wp:attachment":[{"href":"https:\/\/wp.ufpel.edu.br\/semanaconservacaorestauracao\/wp-json\/wp\/v2\/media?parent=18"}],"curies":[{"name":"wp","href":"https:\/\/api.w.org\/{rel}","templated":true}]}}